{"id":55983,"date":"2021-02-18T08:41:55","date_gmt":"2021-02-18T07:41:55","guid":{"rendered":"https:\/\/staging.lucky-hunter.com\/product\/attratec-no2-anis-ultra-50-ml\/"},"modified":"2023-03-28T10:01:44","modified_gmt":"2023-03-28T08:01:44","slug":"attratec-no2-anis-ultra-50-ml","status":"publish","type":"product","link":"https:\/\/staging.lucky-hunter.com\/fr\/product\/attratec-no2-anis-ultra-50-ml\/","title":{"rendered":"AttraTec N\u00b02 Anis Ultra &#8211; 50 ml"},"content":{"rendered":"<h2><strong><span class=\"VIiyi\" lang=\"en\"><span class=\"JLqJ4b ChMk0b\" data-language-for-alternatives=\"en\" data-language-to-translate-into=\"da\" data-phrase-index=\"0\">AttraTec N\u00b02 Anis Ultra &#8211; app\u00e2t \u00e0 base d&#8217;huile d&#8217;anis, avec une odeur intense et persistante<\/span><\/span><\/strong><\/h2>\n<p><span class=\"VIiyi\" lang=\"en\"><span class=\"JLqJ4b ChMk0b\" data-language-for-alternatives=\"en\" data-language-to-translate-into=\"da\" data-phrase-index=\"2\">L&#8217;huile d&#8217;anis est une substance bien connue pour sa capacit\u00e9 \u00e0 attirer de nombreuses esp\u00e8ces de gibier.<\/span><\/span><\/p>\n<p><span class=\"VIiyi\" lang=\"en\"><span class=\"JLqJ4b ChMk0b\" data-language-for-alternatives=\"en\" data-language-to-translate-into=\"da\" data-phrase-index=\"4\">AttraTec N\u00b02 Anis Ultra pr\u00e9sente un certain nombre d&#8217;avantages par rapport \u00e0 l&#8217;huile d&#8217;anis conventionnelle, qui s\u2019obtient en m\u00e9langeant divers composants et qui comporte plusieurs inconv\u00e9nients.<\/span> <\/span><\/p>\n<p><span class=\"VIiyi\" lang=\"en\"><span class=\"JLqJ4b ChMk0b\" data-language-for-alternatives=\"en\" data-language-to-translate-into=\"da\" data-phrase-index=\"5\">L&#8217;huile d&#8217;anis est tr\u00e8s sensible \u00e0 l&#8217;oxyg\u00e8ne atmosph\u00e9rique, son effet attractif et sa durabilit\u00e9 sont donc facilement affect\u00e9s.<\/span> <span class=\"JLqJ4b ChMk0b\" data-language-for-alternatives=\"en\" data-language-to-translate-into=\"da\" data-phrase-index=\"6\">L&#8217;huile d&#8217;anis conventionnelle a \u00e9galement tendance \u00e0 se solidifier \u00e0 basse temp\u00e9rature, il peut donc \u00eatre difficile de la manipuler et d\u2019obtenir l&#8217;effet d\u00e9sir\u00e9.<\/span><\/span><\/p>\n<p><span class=\"VIiyi\" lang=\"en\"><span class=\"JLqJ4b ChMk0b\" data-language-for-alternatives=\"en\" data-language-to-translate-into=\"da\" data-phrase-index=\"0\">AttraTec N\u00b02 Anis Ultra a \u00e9t\u00e9 d\u00e9velopp\u00e9 pour conserver les b\u00e9n\u00e9fices de l\u2019huile d\u2019anis tout en supprimant ses faiblesses.<\/span> <span class=\"JLqJ4b ChMk0b\" data-language-for-alternatives=\"en\" data-language-to-translate-into=\"da\" data-phrase-index=\"1\">Anis Ultra se caract\u00e9rise par une odeur d&#8217;anis tr\u00e8s intense qui se d\u00e9gage apr\u00e8s environ<\/span> <span class=\"JLqJ4b ChMk0b\" data-language-for-alternatives=\"en\" data-language-to-translate-into=\"da\" data-phrase-index=\"2\">1 minute et dure tr\u00e8s longtemps.<\/span> <\/span><\/p>\n<p><span class=\"VIiyi\" lang=\"en\"><span class=\"JLqJ4b ChMk0b\" data-language-for-alternatives=\"en\" data-language-to-translate-into=\"da\" data-phrase-index=\"3\">Cet effet intensif et durable est obtenu, d&#8217;une part, gr\u00e2ce \u00e0 des mol\u00e9cules naturelles protectrices qui ralentissent la d\u00e9gradation du principe actif due \u00e0 l&#8217;oxyg\u00e8ne atmosph\u00e9rique et, d&#8217;autre part, gr\u00e2ce \u00e0 un agent formant un d\u00e9p\u00f4t qui r\u00e9duit l&#8217;\u00e9vaporation du produit.<\/span><\/span><\/p>\n<p><span class=\"VIiyi\" lang=\"en\"><span class=\"JLqJ4b ChMk0b\" data-language-for-alternatives=\"en\" data-language-to-translate-into=\"da\" data-phrase-index=\"0\">AttraTec N\u00b02 Anis Ultra se pr\u00e9sente sous la forme d\u2019un petit flacon pulv\u00e9risateur de 50 ml. Il est facile \u00e0 transporter dans votre poche et le produit reste liquide m\u00eame \u00e0 basse temp\u00e9rature.<\/span> <\/span><\/p>\n<h4><strong><span class=\"VIiyi\" lang=\"en\"><span class=\"JLqJ4b ChMk0b\" data-language-for-alternatives=\"en\" data-language-to-translate-into=\"da\" data-phrase-index=\"2\">Dosage :<\/span> <\/span><\/strong><\/h4>\n<p><span class=\"VIiyi\" lang=\"en\"><span class=\"JLqJ4b ChMk0b\" data-language-for-alternatives=\"en\" data-language-to-translate-into=\"da\" data-phrase-index=\"4\">Pulv\u00e9risez bri\u00e8vement 1 \u00e0 2 fois, puis retournez le flacon et pulv\u00e9risez jusqu&#8217;\u00e0 ce qu&#8217;il n&#8217;y ait plus de liquide qui sorte.<\/span> <\/span><\/p>\n<p><span class=\"VIiyi\" lang=\"en\"><span class=\"JLqJ4b ChMk0b\" data-language-for-alternatives=\"en\" data-language-to-translate-into=\"da\" data-phrase-index=\"5\">Le contenu du flacon suffit pour 75 \u00e0 100 doses.<\/span><\/span><\/p>\n<h4><strong>Danger :<\/strong><\/h4>\n<ul>\n<li>A\u00e9rosol extr\u00eamement inflammable.<\/li>\n<li>R\u00e9cipient sous pression\u00a0: Peut \u00e9clater sous l\u2019effet de la chaleur.<\/li>\n<li>Provoque une s\u00e9v\u00e8re irritation des yeux.<\/li>\n<li>Nocif pour les organismes aquatiques, entra\u00eene des effets n\u00e9fastes \u00e0 long terme.<\/li>\n<li>Tenir \u00e0 l&#8217;\u00e9cart de la chaleur, des surfaces chaudes, des \u00e9tincelles, des flammes nues et de toute autre source d&#8217;inflammation.<\/li>\n<li>Ne pas fumer.<\/li>\n<li>Ne pas vaporiser sur une flamme nue ou sur toute autre source d\u2019ignition.<\/li>\n<li>Ne pas perforer, ni br\u00fbler, m\u00eame apr\u00e8s usage.<\/li>\n<li>Porter des gants de protection\/des v\u00eatements de protection \/ un \u00e9quipement de protection des yeux \/ du visage.<\/li>\n<li>Si l&#8217;irritation oculaire persiste : demander un avis m\u00e9dical \/ consulter un m\u00e9decin.<\/li>\n<li>Prot\u00e9ger du rayonnement solaire.<\/li>\n<li>Ne pas exposer \u00e0 des temp\u00e9ratures sup\u00e9rieures \u00e0 50\u00b0C \/ 122\u00b0F.<\/li>\n<\/ul>\n","protected":false},"excerpt":{"rendered":"<p><span class=\"VIiyi\" lang=\"en\"><span class=\"JLqJ4b ChMk0b\" data-language-for-alternatives=\"en\" data-language-to-translate-into=\"da\" data-phrase-index=\"0\">AttraTec N\u00b02 Anis Ultra se pr\u00e9sente sous la forme d\u2019un petit flacon pulv\u00e9risateur de 50 ml. Il est facile \u00e0 transporter dans votre poche et le produit reste liquide m\u00eame \u00e0 basse temp\u00e9rature.<\/span><\/span><\/p>\n","protected":false},"featured_media":30114,"template":"","meta":[],"product_brand":[],"product_cat":[8276],"product_tag":[],"yoast_head":"<!-- This site is optimized with the Yoast SEO plugin v24.3 - https:\/\/yoast.com\/wordpress\/plugins\/seo\/ -->\n<title>AttraTec N\u00b02 Anis Ultra - 50 ml Leurre intensif longue dur\u00e9e | Chasseur chanceux<\/title>\n<meta name=\"description\" content=\"Attratec No2 Anis Ultra est un spray leurre intense et longue dur\u00e9e. Sie compact, parfait pour transporter dans un sac pour une application facile.\" \/>\n<meta name=\"robots\" content=\"noindex, follow, max-snippet:-1, max-image-preview:large, max-video-preview:-1\" \/>\n<meta property=\"og:locale\" content=\"fr_FR\" \/>\n<meta property=\"og:type\" content=\"article\" \/>\n<meta property=\"og:title\" content=\"AttraTec N\u00b02 Anis Ultra - 50 ml Leurre intensif longue dur\u00e9e | Chasseur chanceux\" \/>\n<meta property=\"og:description\" content=\"Attratec No2 Anis Ultra est un spray leurre intense et longue dur\u00e9e. Sie compact, parfait pour transporter dans un sac pour une application facile.\" \/>\n<meta property=\"og:url\" content=\"https:\/\/staging.lucky-hunter.com\/fr\/product\/attratec-no2-anis-ultra-50-ml\/\" \/>\n<meta property=\"og:site_name\" content=\"Lucky-Hunter\" \/>\n<meta property=\"article:modified_time\" content=\"2023-03-28T08:01:44+00:00\" \/>\n<meta property=\"og:image\" content=\"https:\/\/staging.lucky-hunter.com\/wp-content\/uploads\/2021\/02\/590203.png\" \/>\n\t<meta property=\"og:image:width\" content=\"1000\" \/>\n\t<meta property=\"og:image:height\" content=\"1000\" \/>\n\t<meta property=\"og:image:type\" content=\"image\/png\" \/>\n<meta name=\"twitter:card\" content=\"summary_large_image\" \/>\n<meta name=\"twitter:label1\" content=\"Dur\u00e9e de lecture estim\u00e9e\" \/>\n\t<meta name=\"twitter:data1\" content=\"2 minutes\" \/>\n<script type=\"application\/ld+json\" class=\"yoast-schema-graph\">{\"@context\":\"https:\/\/schema.org\",\"@graph\":[{\"@type\":\"WebPage\",\"@id\":\"https:\/\/staging.lucky-hunter.com\/fr\/product\/attratec-no2-anis-ultra-50-ml\/\",\"url\":\"https:\/\/staging.lucky-hunter.com\/fr\/product\/attratec-no2-anis-ultra-50-ml\/\",\"name\":\"AttraTec N\u00b02 Anis Ultra - 50 ml Leurre intensif longue dur\u00e9e | Chasseur chanceux\",\"isPartOf\":{\"@id\":\"https:\/\/staging.lucky-hunter.com\/#website\"},\"primaryImageOfPage\":{\"@id\":\"https:\/\/staging.lucky-hunter.com\/fr\/product\/attratec-no2-anis-ultra-50-ml\/#primaryimage\"},\"image\":{\"@id\":\"https:\/\/staging.lucky-hunter.com\/fr\/product\/attratec-no2-anis-ultra-50-ml\/#primaryimage\"},\"thumbnailUrl\":\"https:\/\/staging.lucky-hunter.com\/wp-content\/uploads\/2021\/02\/590203.png\",\"datePublished\":\"2021-02-18T07:41:55+00:00\",\"dateModified\":\"2023-03-28T08:01:44+00:00\",\"description\":\"Attratec No2 Anis Ultra est un spray leurre intense et longue dur\u00e9e. Sie compact, parfait pour transporter dans un sac pour une application facile.\",\"breadcrumb\":{\"@id\":\"https:\/\/staging.lucky-hunter.com\/fr\/product\/attratec-no2-anis-ultra-50-ml\/#breadcrumb\"},\"inLanguage\":\"fr-FR\",\"potentialAction\":[{\"@type\":\"ReadAction\",\"target\":[\"https:\/\/staging.lucky-hunter.com\/fr\/product\/attratec-no2-anis-ultra-50-ml\/\"]}]},{\"@type\":\"ImageObject\",\"inLanguage\":\"fr-FR\",\"@id\":\"https:\/\/staging.lucky-hunter.com\/fr\/product\/attratec-no2-anis-ultra-50-ml\/#primaryimage\",\"url\":\"https:\/\/staging.lucky-hunter.com\/wp-content\/uploads\/2021\/02\/590203.png\",\"contentUrl\":\"https:\/\/staging.lucky-hunter.com\/wp-content\/uploads\/2021\/02\/590203.png\",\"width\":1000,\"height\":1000,\"caption\":\"Image of the AttraTec No2 Anis Ultra canister\"},{\"@type\":\"BreadcrumbList\",\"@id\":\"https:\/\/staging.lucky-hunter.com\/fr\/product\/attratec-no2-anis-ultra-50-ml\/#breadcrumb\",\"itemListElement\":[{\"@type\":\"ListItem\",\"position\":1,\"name\":\"Home\",\"item\":\"https:\/\/staging.lucky-hunter.com\/fr\/\"},{\"@type\":\"ListItem\",\"position\":2,\"name\":\"Boutique\",\"item\":\"https:\/\/staging.lucky-hunter.com\/fr\/shop\/\"},{\"@type\":\"ListItem\",\"position\":3,\"name\":\"AttraTec N\u00b02 Anis Ultra &#8211; 50 ml\"}]},{\"@type\":\"WebSite\",\"@id\":\"https:\/\/staging.lucky-hunter.com\/#website\",\"url\":\"https:\/\/staging.lucky-hunter.com\/\",\"name\":\"Lucky-Hunter\",\"description\":\"Gear Up or Give Up\",\"potentialAction\":[{\"@type\":\"SearchAction\",\"target\":{\"@type\":\"EntryPoint\",\"urlTemplate\":\"https:\/\/staging.lucky-hunter.com\/?s={search_term_string}\"},\"query-input\":{\"@type\":\"PropertyValueSpecification\",\"valueRequired\":true,\"valueName\":\"search_term_string\"}}],\"inLanguage\":\"fr-FR\"}]}<\/script>\n<!-- \/ Yoast SEO plugin. -->","yoast_head_json":{"title":"AttraTec N\u00b02 Anis Ultra - 50 ml Leurre intensif longue dur\u00e9e | Chasseur chanceux","description":"Attratec No2 Anis Ultra est un spray leurre intense et longue dur\u00e9e. Sie compact, parfait pour transporter dans un sac pour une application facile.","robots":{"index":"noindex","follow":"follow","max-snippet":"max-snippet:-1","max-image-preview":"max-image-preview:large","max-video-preview":"max-video-preview:-1"},"og_locale":"fr_FR","og_type":"article","og_title":"AttraTec N\u00b02 Anis Ultra - 50 ml Leurre intensif longue dur\u00e9e | Chasseur chanceux","og_description":"Attratec No2 Anis Ultra est un spray leurre intense et longue dur\u00e9e. Sie compact, parfait pour transporter dans un sac pour une application facile.","og_url":"https:\/\/staging.lucky-hunter.com\/fr\/product\/attratec-no2-anis-ultra-50-ml\/","og_site_name":"Lucky-Hunter","article_modified_time":"2023-03-28T08:01:44+00:00","og_image":[{"width":1000,"height":1000,"url":"https:\/\/staging.lucky-hunter.com\/wp-content\/uploads\/2021\/02\/590203.png","type":"image\/png"}],"twitter_card":"summary_large_image","twitter_misc":{"Dur\u00e9e de lecture estim\u00e9e":"2 minutes"},"schema":{"@context":"https:\/\/schema.org","@graph":[{"@type":"WebPage","@id":"https:\/\/staging.lucky-hunter.com\/fr\/product\/attratec-no2-anis-ultra-50-ml\/","url":"https:\/\/staging.lucky-hunter.com\/fr\/product\/attratec-no2-anis-ultra-50-ml\/","name":"AttraTec N\u00b02 Anis Ultra - 50 ml Leurre intensif longue dur\u00e9e | Chasseur chanceux","isPartOf":{"@id":"https:\/\/staging.lucky-hunter.com\/#website"},"primaryImageOfPage":{"@id":"https:\/\/staging.lucky-hunter.com\/fr\/product\/attratec-no2-anis-ultra-50-ml\/#primaryimage"},"image":{"@id":"https:\/\/staging.lucky-hunter.com\/fr\/product\/attratec-no2-anis-ultra-50-ml\/#primaryimage"},"thumbnailUrl":"https:\/\/staging.lucky-hunter.com\/wp-content\/uploads\/2021\/02\/590203.png","datePublished":"2021-02-18T07:41:55+00:00","dateModified":"2023-03-28T08:01:44+00:00","description":"Attratec No2 Anis Ultra est un spray leurre intense et longue dur\u00e9e. Sie compact, parfait pour transporter dans un sac pour une application facile.","breadcrumb":{"@id":"https:\/\/staging.lucky-hunter.com\/fr\/product\/attratec-no2-anis-ultra-50-ml\/#breadcrumb"},"inLanguage":"fr-FR","potentialAction":[{"@type":"ReadAction","target":["https:\/\/staging.lucky-hunter.com\/fr\/product\/attratec-no2-anis-ultra-50-ml\/"]}]},{"@type":"ImageObject","inLanguage":"fr-FR","@id":"https:\/\/staging.lucky-hunter.com\/fr\/product\/attratec-no2-anis-ultra-50-ml\/#primaryimage","url":"https:\/\/staging.lucky-hunter.com\/wp-content\/uploads\/2021\/02\/590203.png","contentUrl":"https:\/\/staging.lucky-hunter.com\/wp-content\/uploads\/2021\/02\/590203.png","width":1000,"height":1000,"caption":"Image of the AttraTec No2 Anis Ultra canister"},{"@type":"BreadcrumbList","@id":"https:\/\/staging.lucky-hunter.com\/fr\/product\/attratec-no2-anis-ultra-50-ml\/#breadcrumb","itemListElement":[{"@type":"ListItem","position":1,"name":"Home","item":"https:\/\/staging.lucky-hunter.com\/fr\/"},{"@type":"ListItem","position":2,"name":"Boutique","item":"https:\/\/staging.lucky-hunter.com\/fr\/shop\/"},{"@type":"ListItem","position":3,"name":"AttraTec N\u00b02 Anis Ultra &#8211; 50 ml"}]},{"@type":"WebSite","@id":"https:\/\/staging.lucky-hunter.com\/#website","url":"https:\/\/staging.lucky-hunter.com\/","name":"Lucky-Hunter","description":"Gear Up or Give Up","potentialAction":[{"@type":"SearchAction","target":{"@type":"EntryPoint","urlTemplate":"https:\/\/staging.lucky-hunter.com\/?s={search_term_string}"},"query-input":{"@type":"PropertyValueSpecification","valueRequired":true,"valueName":"search_term_string"}}],"inLanguage":"fr-FR"}]}},"_links":{"self":[{"href":"https:\/\/staging.lucky-hunter.com\/fr\/wp-json\/wp\/v2\/product\/55983"}],"collection":[{"href":"https:\/\/staging.lucky-hunter.com\/fr\/wp-json\/wp\/v2\/product"}],"about":[{"href":"https:\/\/staging.lucky-hunter.com\/fr\/wp-json\/wp\/v2\/types\/product"}],"wp:featuredmedia":[{"embeddable":true,"href":"https:\/\/staging.lucky-hunter.com\/fr\/wp-json\/wp\/v2\/media\/30114"}],"wp:attachment":[{"href":"https:\/\/staging.lucky-hunter.com\/fr\/wp-json\/wp\/v2\/media?parent=55983"}],"wp:term":[{"taxonomy":"product_brand","embeddable":true,"href":"https:\/\/staging.lucky-hunter.com\/fr\/wp-json\/wp\/v2\/product_brand?post=55983"},{"taxonomy":"product_cat","embeddable":true,"href":"https:\/\/staging.lucky-hunter.com\/fr\/wp-json\/wp\/v2\/product_cat?post=55983"},{"taxonomy":"product_tag","embeddable":true,"href":"https:\/\/staging.lucky-hunter.com\/fr\/wp-json\/wp\/v2\/product_tag?post=55983"}],"curies":[{"name":"wp","href":"https:\/\/api.w.org\/{rel}","templated":true}]}}