{"id":55982,"date":"2021-10-26T10:31:11","date_gmt":"2021-10-26T08:31:11","guid":{"rendered":"https:\/\/staging.lucky-hunter.com\/product\/attratec-no16-mineral-salt-vitamin-2-kg\/"},"modified":"2025-06-24T15:33:52","modified_gmt":"2025-06-24T13:33:52","slug":"attratec-no16-mineral-salt-vitamin-2-kg","status":"publish","type":"product","link":"https:\/\/staging.lucky-hunter.com\/fr\/product\/attratec-no16-mineral-salt-vitamin-2-kg\/","title":{"rendered":"AttraTec No16 Sel Min\u00e9ral et Vitamine &#8211; 2 kg"},"content":{"rendered":"<h2><strong>App\u00e2ts et compl\u00e9ments alimentaires pour gibier sauvage<\/strong><\/h2>\n<p>AttraTec No16 est un sel min\u00e9ral de premi\u00e8re qualit\u00e9 qui ajoute des min\u00e9raux importants et de la vitamine B12 \u00e0 l\u2019alimentation des sangliers et des cerfs.<\/p>\n<p>Le sel min\u00e9ral se pr\u00e9sente sous forme de gros grains faciles \u00e0 disperser dans la zone d&#8217;agrainage.<\/p>\n<p>Vous pouvez \u00e9galement m\u00e9langer le produit avec de l&#8217;eau pour obtenir une p\u00e2te sal\u00e9e \u00e0 appliquer sur les arbres et sur les souches. Le gibier fouillera naturellement le site \u00e0 la recherche de ces min\u00e9raux vitaux.<\/p>\n<p>M\u00e9langez la quantit\u00e9 d\u00e9sir\u00e9e de p\u00e2te de sel juste avant utilisation.<\/p>\n<p><strong>Comment utiliser AttraTec No16\u00a0:<\/strong><\/p>\n<p><strong>M\u00e9thode 1\u00a0:<\/strong><\/p>\n<p>Saupoudrez le produits directement sur les aliments ou simplement dans la zone d\u2019agrainage. 100 grammes suffiront pour une surface de \u200b10 m\u00e8tres carr\u00e9s. R\u00e9p\u00e9tez le processus toutes les 2 \u00e0 4 semaines en fonction de l&#8217;activit\u00e9 dans la zone d\u2019agrainage.<\/p>\n<p><strong>M\u00e9thode 2\u00a0:<\/strong><\/p>\n<p>Commencez par bien m\u00e9langer le produit puis ajoutez 25 ml d&#8217;eau pour 100 grammes de sel min\u00e9ral. Pour un seau rempli, utilisez 500 ml d&#8217;eau. La p\u00e2te de sel est pr\u00eate \u00e0 l&#8217;emploi apr\u00e8s quelques minutes et elle peut \u00eatre appliqu\u00e9e sur les arbres et les souches appropri\u00e9s.<\/p>\n<p><strong>Ingr\u00e9dients :<\/strong><\/p>\n<ul>\n<li>Sodium (Na) 36,7 %<\/li>\n<li>Potassium (K) 0,5 %<\/li>\n<li>Calcium (Ca) 0,8 %<\/li>\n<li>Magn\u00e9sium (Mg) 0,1 %<\/li>\n<li>Vitamines B12 (qualit\u00e9 alimentaire stabilis\u00e9e aux UV, 1 % Vitamines B12) 0,1 %<\/li>\n<li>Polysaccharides 3,0 %<\/li>\n<\/ul>\n","protected":false},"excerpt":{"rendered":"<p>AttraTec No16 est un sel min\u00e9ral tr\u00e8s recherch\u00e9 qui ajoute des min\u00e9raux importants et de la vitamine B12 \u00e0 l\u2019alimentation du sanglier et du cerf.<\/p>\n","protected":false},"featured_media":30366,"template":"","meta":[],"product_brand":[8228],"product_cat":[8255],"product_tag":[9151,9444,9442],"yoast_head":"<!-- This site is optimized with the Yoast SEO plugin v24.3 - https:\/\/yoast.com\/wordpress\/plugins\/seo\/ -->\n<title>AttraTec No16 Sel Min\u00e9ral et Vitamine - 2 kg<\/title>\n<meta name=\"description\" content=\"AttraTec No16 est un sel min\u00e9ral tr\u00e8s recherch\u00e9 qui ajoute des min\u00e9raux importants et de la vitamine B12 \u00e0 l\u2019alimentation du sanglier et du cerf.\" \/>\n<meta name=\"robots\" content=\"noindex, follow, max-snippet:-1, max-image-preview:large, max-video-preview:-1\" \/>\n<meta property=\"og:locale\" content=\"fr_FR\" \/>\n<meta property=\"og:type\" content=\"article\" \/>\n<meta property=\"og:title\" content=\"AttraTec No16 Sel Min\u00e9ral et Vitamine - 2 kg\" \/>\n<meta property=\"og:description\" content=\"AttraTec No16 est un sel min\u00e9ral tr\u00e8s recherch\u00e9 qui ajoute des min\u00e9raux importants et de la vitamine B12 \u00e0 l\u2019alimentation du sanglier et du cerf.\" \/>\n<meta property=\"og:url\" content=\"https:\/\/staging.lucky-hunter.com\/fr\/product\/attratec-no16-mineral-salt-vitamin-2-kg\/\" \/>\n<meta property=\"og:site_name\" content=\"Lucky-Hunter\" \/>\n<meta property=\"article:modified_time\" content=\"2025-06-24T13:33:52+00:00\" \/>\n<meta property=\"og:image\" content=\"https:\/\/staging.lucky-hunter.com\/wp-content\/uploads\/2021\/10\/LM-515.png\" \/>\n\t<meta property=\"og:image:width\" content=\"1000\" \/>\n\t<meta property=\"og:image:height\" content=\"1000\" \/>\n\t<meta property=\"og:image:type\" content=\"image\/png\" \/>\n<meta name=\"twitter:card\" content=\"summary_large_image\" \/>\n<meta name=\"twitter:label1\" content=\"Dur\u00e9e de lecture estim\u00e9e\" \/>\n\t<meta name=\"twitter:data1\" content=\"2 minutes\" \/>\n<script type=\"application\/ld+json\" class=\"yoast-schema-graph\">{\"@context\":\"https:\/\/schema.org\",\"@graph\":[{\"@type\":\"WebPage\",\"@id\":\"https:\/\/staging.lucky-hunter.com\/fr\/product\/attratec-no16-mineral-salt-vitamin-2-kg\/\",\"url\":\"https:\/\/staging.lucky-hunter.com\/fr\/product\/attratec-no16-mineral-salt-vitamin-2-kg\/\",\"name\":\"AttraTec No16 Sel Min\u00e9ral et Vitamine - 2 kg\",\"isPartOf\":{\"@id\":\"https:\/\/staging.lucky-hunter.com\/#website\"},\"primaryImageOfPage\":{\"@id\":\"https:\/\/staging.lucky-hunter.com\/fr\/product\/attratec-no16-mineral-salt-vitamin-2-kg\/#primaryimage\"},\"image\":{\"@id\":\"https:\/\/staging.lucky-hunter.com\/fr\/product\/attratec-no16-mineral-salt-vitamin-2-kg\/#primaryimage\"},\"thumbnailUrl\":\"https:\/\/staging.lucky-hunter.com\/wp-content\/uploads\/2021\/10\/LM-515.png\",\"datePublished\":\"2021-10-26T08:31:11+00:00\",\"dateModified\":\"2025-06-24T13:33:52+00:00\",\"description\":\"AttraTec No16 est un sel min\u00e9ral tr\u00e8s recherch\u00e9 qui ajoute des min\u00e9raux importants et de la vitamine B12 \u00e0 l\u2019alimentation du sanglier et du cerf.\",\"breadcrumb\":{\"@id\":\"https:\/\/staging.lucky-hunter.com\/fr\/product\/attratec-no16-mineral-salt-vitamin-2-kg\/#breadcrumb\"},\"inLanguage\":\"fr-FR\",\"potentialAction\":[{\"@type\":\"ReadAction\",\"target\":[\"https:\/\/staging.lucky-hunter.com\/fr\/product\/attratec-no16-mineral-salt-vitamin-2-kg\/\"]}]},{\"@type\":\"ImageObject\",\"inLanguage\":\"fr-FR\",\"@id\":\"https:\/\/staging.lucky-hunter.com\/fr\/product\/attratec-no16-mineral-salt-vitamin-2-kg\/#primaryimage\",\"url\":\"https:\/\/staging.lucky-hunter.com\/wp-content\/uploads\/2021\/10\/LM-515.png\",\"contentUrl\":\"https:\/\/staging.lucky-hunter.com\/wp-content\/uploads\/2021\/10\/LM-515.png\",\"width\":1000,\"height\":1000},{\"@type\":\"BreadcrumbList\",\"@id\":\"https:\/\/staging.lucky-hunter.com\/fr\/product\/attratec-no16-mineral-salt-vitamin-2-kg\/#breadcrumb\",\"itemListElement\":[{\"@type\":\"ListItem\",\"position\":1,\"name\":\"Home\",\"item\":\"https:\/\/staging.lucky-hunter.com\/fr\/\"},{\"@type\":\"ListItem\",\"position\":2,\"name\":\"Boutique\",\"item\":\"https:\/\/staging.lucky-hunter.com\/fr\/shop\/\"},{\"@type\":\"ListItem\",\"position\":3,\"name\":\"AttraTec No16 Sel Min\u00e9ral et Vitamine &#8211; 2 kg\"}]},{\"@type\":\"WebSite\",\"@id\":\"https:\/\/staging.lucky-hunter.com\/#website\",\"url\":\"https:\/\/staging.lucky-hunter.com\/\",\"name\":\"Lucky-Hunter\",\"description\":\"Gear Up or Give Up\",\"potentialAction\":[{\"@type\":\"SearchAction\",\"target\":{\"@type\":\"EntryPoint\",\"urlTemplate\":\"https:\/\/staging.lucky-hunter.com\/?s={search_term_string}\"},\"query-input\":{\"@type\":\"PropertyValueSpecification\",\"valueRequired\":true,\"valueName\":\"search_term_string\"}}],\"inLanguage\":\"fr-FR\"}]}<\/script>\n<!-- \/ Yoast SEO plugin. -->","yoast_head_json":{"title":"AttraTec No16 Sel Min\u00e9ral et Vitamine - 2 kg","description":"AttraTec No16 est un sel min\u00e9ral tr\u00e8s recherch\u00e9 qui ajoute des min\u00e9raux importants et de la vitamine B12 \u00e0 l\u2019alimentation du sanglier et du cerf.","robots":{"index":"noindex","follow":"follow","max-snippet":"max-snippet:-1","max-image-preview":"max-image-preview:large","max-video-preview":"max-video-preview:-1"},"og_locale":"fr_FR","og_type":"article","og_title":"AttraTec No16 Sel Min\u00e9ral et Vitamine - 2 kg","og_description":"AttraTec No16 est un sel min\u00e9ral tr\u00e8s recherch\u00e9 qui ajoute des min\u00e9raux importants et de la vitamine B12 \u00e0 l\u2019alimentation du sanglier et du cerf.","og_url":"https:\/\/staging.lucky-hunter.com\/fr\/product\/attratec-no16-mineral-salt-vitamin-2-kg\/","og_site_name":"Lucky-Hunter","article_modified_time":"2025-06-24T13:33:52+00:00","og_image":[{"width":1000,"height":1000,"url":"https:\/\/staging.lucky-hunter.com\/wp-content\/uploads\/2021\/10\/LM-515.png","type":"image\/png"}],"twitter_card":"summary_large_image","twitter_misc":{"Dur\u00e9e de lecture estim\u00e9e":"2 minutes"},"schema":{"@context":"https:\/\/schema.org","@graph":[{"@type":"WebPage","@id":"https:\/\/staging.lucky-hunter.com\/fr\/product\/attratec-no16-mineral-salt-vitamin-2-kg\/","url":"https:\/\/staging.lucky-hunter.com\/fr\/product\/attratec-no16-mineral-salt-vitamin-2-kg\/","name":"AttraTec No16 Sel Min\u00e9ral et Vitamine - 2 kg","isPartOf":{"@id":"https:\/\/staging.lucky-hunter.com\/#website"},"primaryImageOfPage":{"@id":"https:\/\/staging.lucky-hunter.com\/fr\/product\/attratec-no16-mineral-salt-vitamin-2-kg\/#primaryimage"},"image":{"@id":"https:\/\/staging.lucky-hunter.com\/fr\/product\/attratec-no16-mineral-salt-vitamin-2-kg\/#primaryimage"},"thumbnailUrl":"https:\/\/staging.lucky-hunter.com\/wp-content\/uploads\/2021\/10\/LM-515.png","datePublished":"2021-10-26T08:31:11+00:00","dateModified":"2025-06-24T13:33:52+00:00","description":"AttraTec No16 est un sel min\u00e9ral tr\u00e8s recherch\u00e9 qui ajoute des min\u00e9raux importants et de la vitamine B12 \u00e0 l\u2019alimentation du sanglier et du cerf.","breadcrumb":{"@id":"https:\/\/staging.lucky-hunter.com\/fr\/product\/attratec-no16-mineral-salt-vitamin-2-kg\/#breadcrumb"},"inLanguage":"fr-FR","potentialAction":[{"@type":"ReadAction","target":["https:\/\/staging.lucky-hunter.com\/fr\/product\/attratec-no16-mineral-salt-vitamin-2-kg\/"]}]},{"@type":"ImageObject","inLanguage":"fr-FR","@id":"https:\/\/staging.lucky-hunter.com\/fr\/product\/attratec-no16-mineral-salt-vitamin-2-kg\/#primaryimage","url":"https:\/\/staging.lucky-hunter.com\/wp-content\/uploads\/2021\/10\/LM-515.png","contentUrl":"https:\/\/staging.lucky-hunter.com\/wp-content\/uploads\/2021\/10\/LM-515.png","width":1000,"height":1000},{"@type":"BreadcrumbList","@id":"https:\/\/staging.lucky-hunter.com\/fr\/product\/attratec-no16-mineral-salt-vitamin-2-kg\/#breadcrumb","itemListElement":[{"@type":"ListItem","position":1,"name":"Home","item":"https:\/\/staging.lucky-hunter.com\/fr\/"},{"@type":"ListItem","position":2,"name":"Boutique","item":"https:\/\/staging.lucky-hunter.com\/fr\/shop\/"},{"@type":"ListItem","position":3,"name":"AttraTec No16 Sel Min\u00e9ral et Vitamine &#8211; 2 kg"}]},{"@type":"WebSite","@id":"https:\/\/staging.lucky-hunter.com\/#website","url":"https:\/\/staging.lucky-hunter.com\/","name":"Lucky-Hunter","description":"Gear Up or Give Up","potentialAction":[{"@type":"SearchAction","target":{"@type":"EntryPoint","urlTemplate":"https:\/\/staging.lucky-hunter.com\/?s={search_term_string}"},"query-input":{"@type":"PropertyValueSpecification","valueRequired":true,"valueName":"search_term_string"}}],"inLanguage":"fr-FR"}]}},"_links":{"self":[{"href":"https:\/\/staging.lucky-hunter.com\/fr\/wp-json\/wp\/v2\/product\/55982"}],"collection":[{"href":"https:\/\/staging.lucky-hunter.com\/fr\/wp-json\/wp\/v2\/product"}],"about":[{"href":"https:\/\/staging.lucky-hunter.com\/fr\/wp-json\/wp\/v2\/types\/product"}],"wp:featuredmedia":[{"embeddable":true,"href":"https:\/\/staging.lucky-hunter.com\/fr\/wp-json\/wp\/v2\/media\/30366"}],"wp:attachment":[{"href":"https:\/\/staging.lucky-hunter.com\/fr\/wp-json\/wp\/v2\/media?parent=55982"}],"wp:term":[{"taxonomy":"product_brand","embeddable":true,"href":"https:\/\/staging.lucky-hunter.com\/fr\/wp-json\/wp\/v2\/product_brand?post=55982"},{"taxonomy":"product_cat","embeddable":true,"href":"https:\/\/staging.lucky-hunter.com\/fr\/wp-json\/wp\/v2\/product_cat?post=55982"},{"taxonomy":"product_tag","embeddable":true,"href":"https:\/\/staging.lucky-hunter.com\/fr\/wp-json\/wp\/v2\/product_tag?post=55982"}],"curies":[{"name":"wp","href":"https:\/\/api.w.org\/{rel}","templated":true}]}}