{"id":55981,"date":"2021-10-12T12:00:51","date_gmt":"2021-10-12T10:00:51","guid":{"rendered":"https:\/\/staging.lucky-hunter.com\/product\/skull-plate-screw-roe-deer-2-pack\/"},"modified":"2025-06-24T15:42:20","modified_gmt":"2025-06-24T13:42:20","slug":"vis-decusson-pour-crane-de-chevreuil-pack-de-2","status":"publish","type":"product","link":"https:\/\/staging.lucky-hunter.com\/fr\/product\/vis-decusson-pour-crane-de-chevreuil-pack-de-2\/","title":{"rendered":"Vis d\u2019\u00c9cusson pour Cr\u00e2ne de Chevreuil &#8211; pack de 2"},"content":{"rendered":"<h2><strong>Fixation solide pour Cr\u00e2ne de chevreuil<\/strong><\/h2>\n<p>Ce double pack de fixations se compose de deux mandrins expansibles en m\u00e9tal et de deux vis de maintien.<\/p>\n<p><strong>Montage :<\/strong><\/p>\n<ul>\n<li>Ins\u00e9rez le support dans le cr\u00e2ne et vissez jusqu&#8217;\u00e0 ce que les extr\u00e9mit\u00e9s pointues soient serr\u00e9es.<\/li>\n<li>Ins\u00e9rez la vis \u00e0 travers l\u2019\u00e9cusson, par l\u2019arri\u00e8re.<\/li>\n<li>Vissez le cr\u00e2ne sur la vis jusqu\u2019\u00e0 ce qu\u2019il soit serr\u00e9.<\/li>\n<\/ul>\n","protected":false},"excerpt":{"rendered":"<p>Ce double pack de fixations se compose de deux mandrins expansibles en m\u00e9tal et de deux vis de maintien.<\/p>\n","protected":false},"featured_media":30338,"template":"","meta":[],"product_brand":[8196],"product_cat":[9390],"product_tag":[9444],"yoast_head":"<!-- This site is optimized with the Yoast SEO plugin v24.3 - https:\/\/yoast.com\/wordpress\/plugins\/seo\/ -->\n<title>Vis d\u2019\u00c9cusson pour Cr\u00e2ne de Chevreuil - pack de 2<\/title>\n<meta name=\"description\" content=\"Fixation solide pour troph\u00e9e de chevreuil Ce double pack de fixations se compose de deux mandrins expansibles en m\u00e9tal et de deux vis de maintien.\" \/>\n<meta name=\"robots\" content=\"noindex, follow, max-snippet:-1, max-image-preview:large, max-video-preview:-1\" \/>\n<meta property=\"og:locale\" content=\"fr_FR\" \/>\n<meta property=\"og:type\" content=\"article\" \/>\n<meta property=\"og:title\" content=\"Vis d\u2019\u00c9cusson pour Cr\u00e2ne de Chevreuil - pack de 2\" \/>\n<meta property=\"og:description\" content=\"Fixation solide pour troph\u00e9e de chevreuil Ce double pack de fixations se compose de deux mandrins expansibles en m\u00e9tal et de deux vis de maintien.\" \/>\n<meta property=\"og:url\" content=\"https:\/\/staging.lucky-hunter.com\/fr\/product\/vis-decusson-pour-crane-de-chevreuil-pack-de-2\/\" \/>\n<meta property=\"og:site_name\" content=\"Lucky-Hunter\" \/>\n<meta property=\"article:modified_time\" content=\"2025-06-24T13:42:20+00:00\" \/>\n<meta property=\"og:image\" content=\"https:\/\/staging.lucky-hunter.com\/wp-content\/uploads\/2021\/10\/560896.png\" \/>\n\t<meta property=\"og:image:width\" content=\"1000\" \/>\n\t<meta property=\"og:image:height\" content=\"1000\" \/>\n\t<meta property=\"og:image:type\" content=\"image\/png\" \/>\n<meta name=\"twitter:card\" content=\"summary_large_image\" \/>\n<meta name=\"twitter:label1\" content=\"Dur\u00e9e de lecture estim\u00e9e\" \/>\n\t<meta name=\"twitter:data1\" content=\"1 minute\" \/>\n<script type=\"application\/ld+json\" class=\"yoast-schema-graph\">{\"@context\":\"https:\/\/schema.org\",\"@graph\":[{\"@type\":\"WebPage\",\"@id\":\"https:\/\/staging.lucky-hunter.com\/fr\/product\/vis-decusson-pour-crane-de-chevreuil-pack-de-2\/\",\"url\":\"https:\/\/staging.lucky-hunter.com\/fr\/product\/vis-decusson-pour-crane-de-chevreuil-pack-de-2\/\",\"name\":\"Vis d\u2019\u00c9cusson pour Cr\u00e2ne de Chevreuil - pack de 2\",\"isPartOf\":{\"@id\":\"https:\/\/staging.lucky-hunter.com\/#website\"},\"primaryImageOfPage\":{\"@id\":\"https:\/\/staging.lucky-hunter.com\/fr\/product\/vis-decusson-pour-crane-de-chevreuil-pack-de-2\/#primaryimage\"},\"image\":{\"@id\":\"https:\/\/staging.lucky-hunter.com\/fr\/product\/vis-decusson-pour-crane-de-chevreuil-pack-de-2\/#primaryimage\"},\"thumbnailUrl\":\"https:\/\/staging.lucky-hunter.com\/wp-content\/uploads\/2021\/10\/560896.png\",\"datePublished\":\"2021-10-12T10:00:51+00:00\",\"dateModified\":\"2025-06-24T13:42:20+00:00\",\"description\":\"Fixation solide pour troph\u00e9e de chevreuil Ce double pack de fixations se compose de deux mandrins expansibles en m\u00e9tal et de deux vis de maintien.\",\"breadcrumb\":{\"@id\":\"https:\/\/staging.lucky-hunter.com\/fr\/product\/vis-decusson-pour-crane-de-chevreuil-pack-de-2\/#breadcrumb\"},\"inLanguage\":\"fr-FR\",\"potentialAction\":[{\"@type\":\"ReadAction\",\"target\":[\"https:\/\/staging.lucky-hunter.com\/fr\/product\/vis-decusson-pour-crane-de-chevreuil-pack-de-2\/\"]}]},{\"@type\":\"ImageObject\",\"inLanguage\":\"fr-FR\",\"@id\":\"https:\/\/staging.lucky-hunter.com\/fr\/product\/vis-decusson-pour-crane-de-chevreuil-pack-de-2\/#primaryimage\",\"url\":\"https:\/\/staging.lucky-hunter.com\/wp-content\/uploads\/2021\/10\/560896.png\",\"contentUrl\":\"https:\/\/staging.lucky-hunter.com\/wp-content\/uploads\/2021\/10\/560896.png\",\"width\":1000,\"height\":1000},{\"@type\":\"BreadcrumbList\",\"@id\":\"https:\/\/staging.lucky-hunter.com\/fr\/product\/vis-decusson-pour-crane-de-chevreuil-pack-de-2\/#breadcrumb\",\"itemListElement\":[{\"@type\":\"ListItem\",\"position\":1,\"name\":\"Home\",\"item\":\"https:\/\/staging.lucky-hunter.com\/fr\/\"},{\"@type\":\"ListItem\",\"position\":2,\"name\":\"Boutique\",\"item\":\"https:\/\/staging.lucky-hunter.com\/fr\/shop\/\"},{\"@type\":\"ListItem\",\"position\":3,\"name\":\"Vis d\u2019\u00c9cusson pour Cr\u00e2ne de Chevreuil &#8211; pack de 2\"}]},{\"@type\":\"WebSite\",\"@id\":\"https:\/\/staging.lucky-hunter.com\/#website\",\"url\":\"https:\/\/staging.lucky-hunter.com\/\",\"name\":\"Lucky-Hunter\",\"description\":\"Gear Up or Give Up\",\"potentialAction\":[{\"@type\":\"SearchAction\",\"target\":{\"@type\":\"EntryPoint\",\"urlTemplate\":\"https:\/\/staging.lucky-hunter.com\/?s={search_term_string}\"},\"query-input\":{\"@type\":\"PropertyValueSpecification\",\"valueRequired\":true,\"valueName\":\"search_term_string\"}}],\"inLanguage\":\"fr-FR\"}]}<\/script>\n<!-- \/ Yoast SEO plugin. -->","yoast_head_json":{"title":"Vis d\u2019\u00c9cusson pour Cr\u00e2ne de Chevreuil - pack de 2","description":"Fixation solide pour troph\u00e9e de chevreuil Ce double pack de fixations se compose de deux mandrins expansibles en m\u00e9tal et de deux vis de maintien.","robots":{"index":"noindex","follow":"follow","max-snippet":"max-snippet:-1","max-image-preview":"max-image-preview:large","max-video-preview":"max-video-preview:-1"},"og_locale":"fr_FR","og_type":"article","og_title":"Vis d\u2019\u00c9cusson pour Cr\u00e2ne de Chevreuil - pack de 2","og_description":"Fixation solide pour troph\u00e9e de chevreuil Ce double pack de fixations se compose de deux mandrins expansibles en m\u00e9tal et de deux vis de maintien.","og_url":"https:\/\/staging.lucky-hunter.com\/fr\/product\/vis-decusson-pour-crane-de-chevreuil-pack-de-2\/","og_site_name":"Lucky-Hunter","article_modified_time":"2025-06-24T13:42:20+00:00","og_image":[{"width":1000,"height":1000,"url":"https:\/\/staging.lucky-hunter.com\/wp-content\/uploads\/2021\/10\/560896.png","type":"image\/png"}],"twitter_card":"summary_large_image","twitter_misc":{"Dur\u00e9e de lecture estim\u00e9e":"1 minute"},"schema":{"@context":"https:\/\/schema.org","@graph":[{"@type":"WebPage","@id":"https:\/\/staging.lucky-hunter.com\/fr\/product\/vis-decusson-pour-crane-de-chevreuil-pack-de-2\/","url":"https:\/\/staging.lucky-hunter.com\/fr\/product\/vis-decusson-pour-crane-de-chevreuil-pack-de-2\/","name":"Vis d\u2019\u00c9cusson pour Cr\u00e2ne de Chevreuil - pack de 2","isPartOf":{"@id":"https:\/\/staging.lucky-hunter.com\/#website"},"primaryImageOfPage":{"@id":"https:\/\/staging.lucky-hunter.com\/fr\/product\/vis-decusson-pour-crane-de-chevreuil-pack-de-2\/#primaryimage"},"image":{"@id":"https:\/\/staging.lucky-hunter.com\/fr\/product\/vis-decusson-pour-crane-de-chevreuil-pack-de-2\/#primaryimage"},"thumbnailUrl":"https:\/\/staging.lucky-hunter.com\/wp-content\/uploads\/2021\/10\/560896.png","datePublished":"2021-10-12T10:00:51+00:00","dateModified":"2025-06-24T13:42:20+00:00","description":"Fixation solide pour troph\u00e9e de chevreuil Ce double pack de fixations se compose de deux mandrins expansibles en m\u00e9tal et de deux vis de maintien.","breadcrumb":{"@id":"https:\/\/staging.lucky-hunter.com\/fr\/product\/vis-decusson-pour-crane-de-chevreuil-pack-de-2\/#breadcrumb"},"inLanguage":"fr-FR","potentialAction":[{"@type":"ReadAction","target":["https:\/\/staging.lucky-hunter.com\/fr\/product\/vis-decusson-pour-crane-de-chevreuil-pack-de-2\/"]}]},{"@type":"ImageObject","inLanguage":"fr-FR","@id":"https:\/\/staging.lucky-hunter.com\/fr\/product\/vis-decusson-pour-crane-de-chevreuil-pack-de-2\/#primaryimage","url":"https:\/\/staging.lucky-hunter.com\/wp-content\/uploads\/2021\/10\/560896.png","contentUrl":"https:\/\/staging.lucky-hunter.com\/wp-content\/uploads\/2021\/10\/560896.png","width":1000,"height":1000},{"@type":"BreadcrumbList","@id":"https:\/\/staging.lucky-hunter.com\/fr\/product\/vis-decusson-pour-crane-de-chevreuil-pack-de-2\/#breadcrumb","itemListElement":[{"@type":"ListItem","position":1,"name":"Home","item":"https:\/\/staging.lucky-hunter.com\/fr\/"},{"@type":"ListItem","position":2,"name":"Boutique","item":"https:\/\/staging.lucky-hunter.com\/fr\/shop\/"},{"@type":"ListItem","position":3,"name":"Vis d\u2019\u00c9cusson pour Cr\u00e2ne de Chevreuil &#8211; pack de 2"}]},{"@type":"WebSite","@id":"https:\/\/staging.lucky-hunter.com\/#website","url":"https:\/\/staging.lucky-hunter.com\/","name":"Lucky-Hunter","description":"Gear Up or Give Up","potentialAction":[{"@type":"SearchAction","target":{"@type":"EntryPoint","urlTemplate":"https:\/\/staging.lucky-hunter.com\/?s={search_term_string}"},"query-input":{"@type":"PropertyValueSpecification","valueRequired":true,"valueName":"search_term_string"}}],"inLanguage":"fr-FR"}]}},"_links":{"self":[{"href":"https:\/\/staging.lucky-hunter.com\/fr\/wp-json\/wp\/v2\/product\/55981"}],"collection":[{"href":"https:\/\/staging.lucky-hunter.com\/fr\/wp-json\/wp\/v2\/product"}],"about":[{"href":"https:\/\/staging.lucky-hunter.com\/fr\/wp-json\/wp\/v2\/types\/product"}],"wp:featuredmedia":[{"embeddable":true,"href":"https:\/\/staging.lucky-hunter.com\/fr\/wp-json\/wp\/v2\/media\/30338"}],"wp:attachment":[{"href":"https:\/\/staging.lucky-hunter.com\/fr\/wp-json\/wp\/v2\/media?parent=55981"}],"wp:term":[{"taxonomy":"product_brand","embeddable":true,"href":"https:\/\/staging.lucky-hunter.com\/fr\/wp-json\/wp\/v2\/product_brand?post=55981"},{"taxonomy":"product_cat","embeddable":true,"href":"https:\/\/staging.lucky-hunter.com\/fr\/wp-json\/wp\/v2\/product_cat?post=55981"},{"taxonomy":"product_tag","embeddable":true,"href":"https:\/\/staging.lucky-hunter.com\/fr\/wp-json\/wp\/v2\/product_tag?post=55981"}],"curies":[{"name":"wp","href":"https:\/\/api.w.org\/{rel}","templated":true}]}}