{"id":55949,"date":"2021-10-12T11:16:12","date_gmt":"2021-10-12T09:16:12","guid":{"rendered":"https:\/\/staging.lucky-hunter.com\/product\/mounting-clamps-roe-deer\/"},"modified":"2025-06-24T15:44:21","modified_gmt":"2025-06-24T13:44:21","slug":"fixations-pour-trophee-de-chevreuil-5-pieces","status":"publish","type":"product","link":"https:\/\/staging.lucky-hunter.com\/fr\/product\/fixations-pour-trophee-de-chevreuil-5-pieces\/","title":{"rendered":"Fixations pour Troph\u00e9e de Chevreuil &#8211; 5 pi\u00e8ces"},"content":{"rendered":"<p>Fixation de qualit\u00e9 pour un montage fiable et invisible du troph\u00e9e sur l\u2019\u00e9cusson.<\/p>\n<p>5 pi\u00e8ces par paquet.<\/p>\n<p>.<\/p>\n","protected":false},"excerpt":{"rendered":"<p>Fixation de qualit\u00e9 pour un montage fiable et invisible du troph\u00e9e sur l\u2019\u00e9cusson. 5 pi\u00e8ces par paquet.<\/p>\n","protected":false},"featured_media":30332,"template":"","meta":[],"product_brand":[8196],"product_cat":[9390],"product_tag":[9151],"yoast_head":"<!-- This site is optimized with the Yoast SEO plugin v24.3 - https:\/\/yoast.com\/wordpress\/plugins\/seo\/ -->\n<title>Fixations pour Troph\u00e9e de Chevreuil - 5 pi\u00e8ces<\/title>\n<meta name=\"description\" content=\"Fixation de qualit\u00e9 pour un montage fiable et invisible du troph\u00e9e sur l\u2019\u00e9cusson. 5 pi\u00e8ces par paquet.\" \/>\n<meta name=\"robots\" content=\"noindex, follow, max-snippet:-1, max-image-preview:large, max-video-preview:-1\" \/>\n<meta property=\"og:locale\" content=\"fr_FR\" \/>\n<meta property=\"og:type\" content=\"article\" \/>\n<meta property=\"og:title\" content=\"Fixations pour Troph\u00e9e de Chevreuil - 5 pi\u00e8ces\" \/>\n<meta property=\"og:description\" content=\"Fixation de qualit\u00e9 pour un montage fiable et invisible du troph\u00e9e sur l\u2019\u00e9cusson. 5 pi\u00e8ces par paquet.\" \/>\n<meta property=\"og:url\" content=\"https:\/\/staging.lucky-hunter.com\/fr\/product\/fixations-pour-trophee-de-chevreuil-5-pieces\/\" \/>\n<meta property=\"og:site_name\" content=\"Lucky-Hunter\" \/>\n<meta property=\"article:modified_time\" content=\"2025-06-24T13:44:21+00:00\" \/>\n<meta property=\"og:image\" content=\"https:\/\/staging.lucky-hunter.com\/wp-content\/uploads\/2021\/10\/560781-1.png\" \/>\n\t<meta property=\"og:image:width\" content=\"1000\" \/>\n\t<meta property=\"og:image:height\" content=\"1000\" \/>\n\t<meta property=\"og:image:type\" content=\"image\/png\" \/>\n<meta name=\"twitter:card\" content=\"summary_large_image\" \/>\n<meta name=\"twitter:label1\" content=\"Dur\u00e9e de lecture estim\u00e9e\" \/>\n\t<meta name=\"twitter:data1\" content=\"1 minute\" \/>\n<script type=\"application\/ld+json\" class=\"yoast-schema-graph\">{\"@context\":\"https:\/\/schema.org\",\"@graph\":[{\"@type\":\"WebPage\",\"@id\":\"https:\/\/staging.lucky-hunter.com\/fr\/product\/fixations-pour-trophee-de-chevreuil-5-pieces\/\",\"url\":\"https:\/\/staging.lucky-hunter.com\/fr\/product\/fixations-pour-trophee-de-chevreuil-5-pieces\/\",\"name\":\"Fixations pour Troph\u00e9e de Chevreuil - 5 pi\u00e8ces\",\"isPartOf\":{\"@id\":\"https:\/\/staging.lucky-hunter.com\/#website\"},\"primaryImageOfPage\":{\"@id\":\"https:\/\/staging.lucky-hunter.com\/fr\/product\/fixations-pour-trophee-de-chevreuil-5-pieces\/#primaryimage\"},\"image\":{\"@id\":\"https:\/\/staging.lucky-hunter.com\/fr\/product\/fixations-pour-trophee-de-chevreuil-5-pieces\/#primaryimage\"},\"thumbnailUrl\":\"https:\/\/staging.lucky-hunter.com\/wp-content\/uploads\/2021\/10\/560781-1.png\",\"datePublished\":\"2021-10-12T09:16:12+00:00\",\"dateModified\":\"2025-06-24T13:44:21+00:00\",\"description\":\"Fixation de qualit\u00e9 pour un montage fiable et invisible du troph\u00e9e sur l\u2019\u00e9cusson. 5 pi\u00e8ces par paquet.\",\"breadcrumb\":{\"@id\":\"https:\/\/staging.lucky-hunter.com\/fr\/product\/fixations-pour-trophee-de-chevreuil-5-pieces\/#breadcrumb\"},\"inLanguage\":\"fr-FR\",\"potentialAction\":[{\"@type\":\"ReadAction\",\"target\":[\"https:\/\/staging.lucky-hunter.com\/fr\/product\/fixations-pour-trophee-de-chevreuil-5-pieces\/\"]}]},{\"@type\":\"ImageObject\",\"inLanguage\":\"fr-FR\",\"@id\":\"https:\/\/staging.lucky-hunter.com\/fr\/product\/fixations-pour-trophee-de-chevreuil-5-pieces\/#primaryimage\",\"url\":\"https:\/\/staging.lucky-hunter.com\/wp-content\/uploads\/2021\/10\/560781-1.png\",\"contentUrl\":\"https:\/\/staging.lucky-hunter.com\/wp-content\/uploads\/2021\/10\/560781-1.png\",\"width\":1000,\"height\":1000},{\"@type\":\"BreadcrumbList\",\"@id\":\"https:\/\/staging.lucky-hunter.com\/fr\/product\/fixations-pour-trophee-de-chevreuil-5-pieces\/#breadcrumb\",\"itemListElement\":[{\"@type\":\"ListItem\",\"position\":1,\"name\":\"Home\",\"item\":\"https:\/\/staging.lucky-hunter.com\/fr\/\"},{\"@type\":\"ListItem\",\"position\":2,\"name\":\"Boutique\",\"item\":\"https:\/\/staging.lucky-hunter.com\/fr\/shop\/\"},{\"@type\":\"ListItem\",\"position\":3,\"name\":\"Fixations pour Troph\u00e9e de Chevreuil &#8211; 5 pi\u00e8ces\"}]},{\"@type\":\"WebSite\",\"@id\":\"https:\/\/staging.lucky-hunter.com\/#website\",\"url\":\"https:\/\/staging.lucky-hunter.com\/\",\"name\":\"Lucky-Hunter\",\"description\":\"Gear Up or Give Up\",\"potentialAction\":[{\"@type\":\"SearchAction\",\"target\":{\"@type\":\"EntryPoint\",\"urlTemplate\":\"https:\/\/staging.lucky-hunter.com\/?s={search_term_string}\"},\"query-input\":{\"@type\":\"PropertyValueSpecification\",\"valueRequired\":true,\"valueName\":\"search_term_string\"}}],\"inLanguage\":\"fr-FR\"}]}<\/script>\n<!-- \/ Yoast SEO plugin. -->","yoast_head_json":{"title":"Fixations pour Troph\u00e9e de Chevreuil - 5 pi\u00e8ces","description":"Fixation de qualit\u00e9 pour un montage fiable et invisible du troph\u00e9e sur l\u2019\u00e9cusson. 5 pi\u00e8ces par paquet.","robots":{"index":"noindex","follow":"follow","max-snippet":"max-snippet:-1","max-image-preview":"max-image-preview:large","max-video-preview":"max-video-preview:-1"},"og_locale":"fr_FR","og_type":"article","og_title":"Fixations pour Troph\u00e9e de Chevreuil - 5 pi\u00e8ces","og_description":"Fixation de qualit\u00e9 pour un montage fiable et invisible du troph\u00e9e sur l\u2019\u00e9cusson. 5 pi\u00e8ces par paquet.","og_url":"https:\/\/staging.lucky-hunter.com\/fr\/product\/fixations-pour-trophee-de-chevreuil-5-pieces\/","og_site_name":"Lucky-Hunter","article_modified_time":"2025-06-24T13:44:21+00:00","og_image":[{"width":1000,"height":1000,"url":"https:\/\/staging.lucky-hunter.com\/wp-content\/uploads\/2021\/10\/560781-1.png","type":"image\/png"}],"twitter_card":"summary_large_image","twitter_misc":{"Dur\u00e9e de lecture estim\u00e9e":"1 minute"},"schema":{"@context":"https:\/\/schema.org","@graph":[{"@type":"WebPage","@id":"https:\/\/staging.lucky-hunter.com\/fr\/product\/fixations-pour-trophee-de-chevreuil-5-pieces\/","url":"https:\/\/staging.lucky-hunter.com\/fr\/product\/fixations-pour-trophee-de-chevreuil-5-pieces\/","name":"Fixations pour Troph\u00e9e de Chevreuil - 5 pi\u00e8ces","isPartOf":{"@id":"https:\/\/staging.lucky-hunter.com\/#website"},"primaryImageOfPage":{"@id":"https:\/\/staging.lucky-hunter.com\/fr\/product\/fixations-pour-trophee-de-chevreuil-5-pieces\/#primaryimage"},"image":{"@id":"https:\/\/staging.lucky-hunter.com\/fr\/product\/fixations-pour-trophee-de-chevreuil-5-pieces\/#primaryimage"},"thumbnailUrl":"https:\/\/staging.lucky-hunter.com\/wp-content\/uploads\/2021\/10\/560781-1.png","datePublished":"2021-10-12T09:16:12+00:00","dateModified":"2025-06-24T13:44:21+00:00","description":"Fixation de qualit\u00e9 pour un montage fiable et invisible du troph\u00e9e sur l\u2019\u00e9cusson. 5 pi\u00e8ces par paquet.","breadcrumb":{"@id":"https:\/\/staging.lucky-hunter.com\/fr\/product\/fixations-pour-trophee-de-chevreuil-5-pieces\/#breadcrumb"},"inLanguage":"fr-FR","potentialAction":[{"@type":"ReadAction","target":["https:\/\/staging.lucky-hunter.com\/fr\/product\/fixations-pour-trophee-de-chevreuil-5-pieces\/"]}]},{"@type":"ImageObject","inLanguage":"fr-FR","@id":"https:\/\/staging.lucky-hunter.com\/fr\/product\/fixations-pour-trophee-de-chevreuil-5-pieces\/#primaryimage","url":"https:\/\/staging.lucky-hunter.com\/wp-content\/uploads\/2021\/10\/560781-1.png","contentUrl":"https:\/\/staging.lucky-hunter.com\/wp-content\/uploads\/2021\/10\/560781-1.png","width":1000,"height":1000},{"@type":"BreadcrumbList","@id":"https:\/\/staging.lucky-hunter.com\/fr\/product\/fixations-pour-trophee-de-chevreuil-5-pieces\/#breadcrumb","itemListElement":[{"@type":"ListItem","position":1,"name":"Home","item":"https:\/\/staging.lucky-hunter.com\/fr\/"},{"@type":"ListItem","position":2,"name":"Boutique","item":"https:\/\/staging.lucky-hunter.com\/fr\/shop\/"},{"@type":"ListItem","position":3,"name":"Fixations pour Troph\u00e9e de Chevreuil &#8211; 5 pi\u00e8ces"}]},{"@type":"WebSite","@id":"https:\/\/staging.lucky-hunter.com\/#website","url":"https:\/\/staging.lucky-hunter.com\/","name":"Lucky-Hunter","description":"Gear Up or Give Up","potentialAction":[{"@type":"SearchAction","target":{"@type":"EntryPoint","urlTemplate":"https:\/\/staging.lucky-hunter.com\/?s={search_term_string}"},"query-input":{"@type":"PropertyValueSpecification","valueRequired":true,"valueName":"search_term_string"}}],"inLanguage":"fr-FR"}]}},"_links":{"self":[{"href":"https:\/\/staging.lucky-hunter.com\/fr\/wp-json\/wp\/v2\/product\/55949"}],"collection":[{"href":"https:\/\/staging.lucky-hunter.com\/fr\/wp-json\/wp\/v2\/product"}],"about":[{"href":"https:\/\/staging.lucky-hunter.com\/fr\/wp-json\/wp\/v2\/types\/product"}],"wp:featuredmedia":[{"embeddable":true,"href":"https:\/\/staging.lucky-hunter.com\/fr\/wp-json\/wp\/v2\/media\/30332"}],"wp:attachment":[{"href":"https:\/\/staging.lucky-hunter.com\/fr\/wp-json\/wp\/v2\/media?parent=55949"}],"wp:term":[{"taxonomy":"product_brand","embeddable":true,"href":"https:\/\/staging.lucky-hunter.com\/fr\/wp-json\/wp\/v2\/product_brand?post=55949"},{"taxonomy":"product_cat","embeddable":true,"href":"https:\/\/staging.lucky-hunter.com\/fr\/wp-json\/wp\/v2\/product_cat?post=55949"},{"taxonomy":"product_tag","embeddable":true,"href":"https:\/\/staging.lucky-hunter.com\/fr\/wp-json\/wp\/v2\/product_tag?post=55949"}],"curies":[{"name":"wp","href":"https:\/\/api.w.org\/{rel}","templated":true}]}}