{"id":55934,"date":"2019-06-20T15:51:20","date_gmt":"2019-06-20T13:51:20","guid":{"rendered":"https:\/\/staging.lucky-hunter.com\/product\/digital-game-scale-300-kgs\/"},"modified":"2025-06-26T16:01:27","modified_gmt":"2025-06-26T14:01:27","slug":"balance-de-jeu-numerique-300-kg-pour-la-peche-ou-la-chasse","status":"publish","type":"product","link":"https:\/\/staging.lucky-hunter.com\/fr\/product\/balance-de-jeu-numerique-300-kg-pour-la-peche-ou-la-chasse\/","title":{"rendered":"Balance \u00c9lectronique \u00e0 Gibier &#8211; 300 kg"},"content":{"rendered":"<h2><strong>Balance \u00c9lectronique \u00e0 Gibier &#8211; balance pr\u00e9cise et compacte pour la chasse et la p\u00eache<\/strong><\/h2>\n<p>Avec notre nouvelle balance \u00e0 gibier, vous conna\u00eetrez toujours le poids exact du gibier.<\/p>\n<p>La balance peut supporter jusqu&#8217;\u00e0 300 kg et elle est facile \u00e0 accrocher partout o\u00f9 vous en avez besoin.<\/p>\n<p>Inclus un mousqueton et un crochet en S, pour accrocher \u00e0 la fois la balance et le gibier.<\/p>\n<p>La balance dispose d\u2019un \u00e9cran LCD et elle est aliment\u00e9e par 2 piles AAA (incluses).<\/p>\n<p>Si vous allez rester longtemps sans vous servir de la balance, nous vous recommandons de retirer les piles. Ceci afin d&#8217;\u00e9viter toute fuite d\u2019acide qui pourrait endommager l&#8217;\u00e9lectronique \u00e0 l&#8217;int\u00e9rieur de la balance.<\/p>\n<p>La balance s&#8217;\u00e9teint automatiquement apr\u00e8s 2 minutes sans utilisation.<\/p>\n<p>Le poids peut \u00eatre mesur\u00e9 en 3 unit\u00e9s diff\u00e9rentes : KG, LB et JIN. Maintenez la touche MODE enfonc\u00e9e pour passer d\u2019une unit\u00e9 \u00e0 l\u2019autre.<\/p>\n","protected":false},"excerpt":{"rendered":"<p>La balance peut supporter jusqu&#8217;\u00e0 300 kg et elle est facile \u00e0 accrocher partout o\u00f9 vous en avez besoin.<\/p>\n","protected":false},"featured_media":30004,"template":"","meta":[],"product_brand":[9564],"product_cat":[8755],"product_tag":[],"yoast_head":"<!-- This site is optimized with the Yoast SEO plugin v24.3 - https:\/\/yoast.com\/wordpress\/plugins\/seo\/ -->\n<title>Balance de jeu num\u00e9rique 300 kg pour la p\u00eache ou la chasse<\/title>\n<meta name=\"description\" content=\"Notre balance de jeu num\u00e9rique est parfaite pour la chasse et la p\u00eache. Il supporte des poids jusqu&#039;\u00e0 300 kg. Num\u00e9rique et tr\u00e8s pr\u00e9cis. Taille facile pour le stockage.\" \/>\n<meta name=\"robots\" content=\"noindex, follow, max-snippet:-1, max-image-preview:large, max-video-preview:-1\" \/>\n<meta property=\"og:locale\" content=\"fr_FR\" \/>\n<meta property=\"og:type\" content=\"article\" \/>\n<meta property=\"og:title\" content=\"Balance de jeu \u00e9lectronique - Jusqu&#039;\u00e0 300 kg pour la p\u00eache ou la chasse | Chasseur chanceux\" \/>\n<meta property=\"og:description\" content=\"Notre balance de jeu \u00e9lectronique est parfaite pour la chasse et la p\u00eache. Il supporte des poids jusqu&#039;\u00e0 300 kg. Num\u00e9rique et tr\u00e8s pr\u00e9cis. Taille facile pour le stockage.\" \/>\n<meta property=\"og:url\" content=\"https:\/\/staging.lucky-hunter.com\/fr\/product\/balance-de-jeu-numerique-300-kg-pour-la-peche-ou-la-chasse\/\" \/>\n<meta property=\"og:site_name\" content=\"Lucky-Hunter\" \/>\n<meta property=\"article:modified_time\" content=\"2025-06-26T14:01:27+00:00\" \/>\n<meta property=\"og:image\" content=\"https:\/\/staging.lucky-hunter.com\/wp-content\/uploads\/2019\/06\/VH-70-2.png\" \/>\n\t<meta property=\"og:image:width\" content=\"1000\" \/>\n\t<meta property=\"og:image:height\" content=\"1000\" \/>\n\t<meta property=\"og:image:type\" content=\"image\/png\" \/>\n<meta name=\"twitter:card\" content=\"summary_large_image\" \/>\n<meta name=\"twitter:title\" content=\"Balance de jeu \u00e9lectronique - Jusqu&#039;\u00e0 300 kg pour la p\u00eache ou la chasse | Chasseur chanceux\" \/>\n<meta name=\"twitter:description\" content=\"Notre balance de jeu \u00e9lectronique est parfaite pour la chasse et la p\u00eache. Il supporte des poids jusqu&#039;\u00e0 300 kg. Num\u00e9rique et tr\u00e8s pr\u00e9cis. Taille facile pour le stockage.\" \/>\n<meta name=\"twitter:label1\" content=\"Dur\u00e9e de lecture estim\u00e9e\" \/>\n\t<meta name=\"twitter:data1\" content=\"1 minute\" \/>\n<script type=\"application\/ld+json\" class=\"yoast-schema-graph\">{\"@context\":\"https:\/\/schema.org\",\"@graph\":[{\"@type\":\"WebPage\",\"@id\":\"https:\/\/staging.lucky-hunter.com\/fr\/product\/balance-de-jeu-numerique-300-kg-pour-la-peche-ou-la-chasse\/\",\"url\":\"https:\/\/staging.lucky-hunter.com\/fr\/product\/balance-de-jeu-numerique-300-kg-pour-la-peche-ou-la-chasse\/\",\"name\":\"Balance de jeu num\u00e9rique 300 kg pour la p\u00eache ou la chasse\",\"isPartOf\":{\"@id\":\"https:\/\/staging.lucky-hunter.com\/#website\"},\"primaryImageOfPage\":{\"@id\":\"https:\/\/staging.lucky-hunter.com\/fr\/product\/balance-de-jeu-numerique-300-kg-pour-la-peche-ou-la-chasse\/#primaryimage\"},\"image\":{\"@id\":\"https:\/\/staging.lucky-hunter.com\/fr\/product\/balance-de-jeu-numerique-300-kg-pour-la-peche-ou-la-chasse\/#primaryimage\"},\"thumbnailUrl\":\"https:\/\/staging.lucky-hunter.com\/wp-content\/uploads\/2019\/06\/VH-70-2.png\",\"datePublished\":\"2019-06-20T13:51:20+00:00\",\"dateModified\":\"2025-06-26T14:01:27+00:00\",\"description\":\"Notre balance de jeu num\u00e9rique est parfaite pour la chasse et la p\u00eache. Il supporte des poids jusqu'\u00e0 300 kg. Num\u00e9rique et tr\u00e8s pr\u00e9cis. Taille facile pour le stockage.\",\"breadcrumb\":{\"@id\":\"https:\/\/staging.lucky-hunter.com\/fr\/product\/balance-de-jeu-numerique-300-kg-pour-la-peche-ou-la-chasse\/#breadcrumb\"},\"inLanguage\":\"fr-FR\",\"potentialAction\":[{\"@type\":\"ReadAction\",\"target\":[\"https:\/\/staging.lucky-hunter.com\/fr\/product\/balance-de-jeu-numerique-300-kg-pour-la-peche-ou-la-chasse\/\"]}]},{\"@type\":\"ImageObject\",\"inLanguage\":\"fr-FR\",\"@id\":\"https:\/\/staging.lucky-hunter.com\/fr\/product\/balance-de-jeu-numerique-300-kg-pour-la-peche-ou-la-chasse\/#primaryimage\",\"url\":\"https:\/\/staging.lucky-hunter.com\/wp-content\/uploads\/2019\/06\/VH-70-2.png\",\"contentUrl\":\"https:\/\/staging.lucky-hunter.com\/wp-content\/uploads\/2019\/06\/VH-70-2.png\",\"width\":1000,\"height\":1000,\"caption\":\"Image of Digital Game Scale and accesories\"},{\"@type\":\"BreadcrumbList\",\"@id\":\"https:\/\/staging.lucky-hunter.com\/fr\/product\/balance-de-jeu-numerique-300-kg-pour-la-peche-ou-la-chasse\/#breadcrumb\",\"itemListElement\":[{\"@type\":\"ListItem\",\"position\":1,\"name\":\"Home\",\"item\":\"https:\/\/staging.lucky-hunter.com\/fr\/\"},{\"@type\":\"ListItem\",\"position\":2,\"name\":\"Boutique\",\"item\":\"https:\/\/staging.lucky-hunter.com\/fr\/shop\/\"},{\"@type\":\"ListItem\",\"position\":3,\"name\":\"Balance \u00c9lectronique \u00e0 Gibier &#8211; 300 kg\"}]},{\"@type\":\"WebSite\",\"@id\":\"https:\/\/staging.lucky-hunter.com\/#website\",\"url\":\"https:\/\/staging.lucky-hunter.com\/\",\"name\":\"Lucky-Hunter\",\"description\":\"Gear Up or Give Up\",\"potentialAction\":[{\"@type\":\"SearchAction\",\"target\":{\"@type\":\"EntryPoint\",\"urlTemplate\":\"https:\/\/staging.lucky-hunter.com\/?s={search_term_string}\"},\"query-input\":{\"@type\":\"PropertyValueSpecification\",\"valueRequired\":true,\"valueName\":\"search_term_string\"}}],\"inLanguage\":\"fr-FR\"}]}<\/script>\n<!-- \/ Yoast SEO plugin. -->","yoast_head_json":{"title":"Balance de jeu num\u00e9rique 300 kg pour la p\u00eache ou la chasse","description":"Notre balance de jeu num\u00e9rique est parfaite pour la chasse et la p\u00eache. Il supporte des poids jusqu'\u00e0 300 kg. Num\u00e9rique et tr\u00e8s pr\u00e9cis. Taille facile pour le stockage.","robots":{"index":"noindex","follow":"follow","max-snippet":"max-snippet:-1","max-image-preview":"max-image-preview:large","max-video-preview":"max-video-preview:-1"},"og_locale":"fr_FR","og_type":"article","og_title":"Balance de jeu \u00e9lectronique - Jusqu'\u00e0 300 kg pour la p\u00eache ou la chasse | Chasseur chanceux","og_description":"Notre balance de jeu \u00e9lectronique est parfaite pour la chasse et la p\u00eache. Il supporte des poids jusqu'\u00e0 300 kg. Num\u00e9rique et tr\u00e8s pr\u00e9cis. Taille facile pour le stockage.","og_url":"https:\/\/staging.lucky-hunter.com\/fr\/product\/balance-de-jeu-numerique-300-kg-pour-la-peche-ou-la-chasse\/","og_site_name":"Lucky-Hunter","article_modified_time":"2025-06-26T14:01:27+00:00","og_image":[{"width":1000,"height":1000,"url":"https:\/\/staging.lucky-hunter.com\/wp-content\/uploads\/2019\/06\/VH-70-2.png","type":"image\/png"}],"twitter_card":"summary_large_image","twitter_title":"Balance de jeu \u00e9lectronique - Jusqu'\u00e0 300 kg pour la p\u00eache ou la chasse | Chasseur chanceux","twitter_description":"Notre balance de jeu \u00e9lectronique est parfaite pour la chasse et la p\u00eache. Il supporte des poids jusqu'\u00e0 300 kg. Num\u00e9rique et tr\u00e8s pr\u00e9cis. Taille facile pour le stockage.","twitter_misc":{"Dur\u00e9e de lecture estim\u00e9e":"1 minute"},"schema":{"@context":"https:\/\/schema.org","@graph":[{"@type":"WebPage","@id":"https:\/\/staging.lucky-hunter.com\/fr\/product\/balance-de-jeu-numerique-300-kg-pour-la-peche-ou-la-chasse\/","url":"https:\/\/staging.lucky-hunter.com\/fr\/product\/balance-de-jeu-numerique-300-kg-pour-la-peche-ou-la-chasse\/","name":"Balance de jeu num\u00e9rique 300 kg pour la p\u00eache ou la chasse","isPartOf":{"@id":"https:\/\/staging.lucky-hunter.com\/#website"},"primaryImageOfPage":{"@id":"https:\/\/staging.lucky-hunter.com\/fr\/product\/balance-de-jeu-numerique-300-kg-pour-la-peche-ou-la-chasse\/#primaryimage"},"image":{"@id":"https:\/\/staging.lucky-hunter.com\/fr\/product\/balance-de-jeu-numerique-300-kg-pour-la-peche-ou-la-chasse\/#primaryimage"},"thumbnailUrl":"https:\/\/staging.lucky-hunter.com\/wp-content\/uploads\/2019\/06\/VH-70-2.png","datePublished":"2019-06-20T13:51:20+00:00","dateModified":"2025-06-26T14:01:27+00:00","description":"Notre balance de jeu num\u00e9rique est parfaite pour la chasse et la p\u00eache. Il supporte des poids jusqu'\u00e0 300 kg. Num\u00e9rique et tr\u00e8s pr\u00e9cis. Taille facile pour le stockage.","breadcrumb":{"@id":"https:\/\/staging.lucky-hunter.com\/fr\/product\/balance-de-jeu-numerique-300-kg-pour-la-peche-ou-la-chasse\/#breadcrumb"},"inLanguage":"fr-FR","potentialAction":[{"@type":"ReadAction","target":["https:\/\/staging.lucky-hunter.com\/fr\/product\/balance-de-jeu-numerique-300-kg-pour-la-peche-ou-la-chasse\/"]}]},{"@type":"ImageObject","inLanguage":"fr-FR","@id":"https:\/\/staging.lucky-hunter.com\/fr\/product\/balance-de-jeu-numerique-300-kg-pour-la-peche-ou-la-chasse\/#primaryimage","url":"https:\/\/staging.lucky-hunter.com\/wp-content\/uploads\/2019\/06\/VH-70-2.png","contentUrl":"https:\/\/staging.lucky-hunter.com\/wp-content\/uploads\/2019\/06\/VH-70-2.png","width":1000,"height":1000,"caption":"Image of Digital Game Scale and accesories"},{"@type":"BreadcrumbList","@id":"https:\/\/staging.lucky-hunter.com\/fr\/product\/balance-de-jeu-numerique-300-kg-pour-la-peche-ou-la-chasse\/#breadcrumb","itemListElement":[{"@type":"ListItem","position":1,"name":"Home","item":"https:\/\/staging.lucky-hunter.com\/fr\/"},{"@type":"ListItem","position":2,"name":"Boutique","item":"https:\/\/staging.lucky-hunter.com\/fr\/shop\/"},{"@type":"ListItem","position":3,"name":"Balance \u00c9lectronique \u00e0 Gibier &#8211; 300 kg"}]},{"@type":"WebSite","@id":"https:\/\/staging.lucky-hunter.com\/#website","url":"https:\/\/staging.lucky-hunter.com\/","name":"Lucky-Hunter","description":"Gear Up or Give Up","potentialAction":[{"@type":"SearchAction","target":{"@type":"EntryPoint","urlTemplate":"https:\/\/staging.lucky-hunter.com\/?s={search_term_string}"},"query-input":{"@type":"PropertyValueSpecification","valueRequired":true,"valueName":"search_term_string"}}],"inLanguage":"fr-FR"}]}},"_links":{"self":[{"href":"https:\/\/staging.lucky-hunter.com\/fr\/wp-json\/wp\/v2\/product\/55934"}],"collection":[{"href":"https:\/\/staging.lucky-hunter.com\/fr\/wp-json\/wp\/v2\/product"}],"about":[{"href":"https:\/\/staging.lucky-hunter.com\/fr\/wp-json\/wp\/v2\/types\/product"}],"wp:featuredmedia":[{"embeddable":true,"href":"https:\/\/staging.lucky-hunter.com\/fr\/wp-json\/wp\/v2\/media\/30004"}],"wp:attachment":[{"href":"https:\/\/staging.lucky-hunter.com\/fr\/wp-json\/wp\/v2\/media?parent=55934"}],"wp:term":[{"taxonomy":"product_brand","embeddable":true,"href":"https:\/\/staging.lucky-hunter.com\/fr\/wp-json\/wp\/v2\/product_brand?post=55934"},{"taxonomy":"product_cat","embeddable":true,"href":"https:\/\/staging.lucky-hunter.com\/fr\/wp-json\/wp\/v2\/product_cat?post=55934"},{"taxonomy":"product_tag","embeddable":true,"href":"https:\/\/staging.lucky-hunter.com\/fr\/wp-json\/wp\/v2\/product_tag?post=55934"}],"curies":[{"name":"wp","href":"https:\/\/api.w.org\/{rel}","templated":true}]}}