{"id":55932,"date":"2021-02-18T08:23:13","date_gmt":"2021-02-18T07:23:13","guid":{"rendered":"https:\/\/staging.lucky-hunter.com\/product\/attratec-no10-trophy-bleach\/"},"modified":"2023-03-15T10:44:04","modified_gmt":"2023-03-15T09:44:04","slug":"attratec-no10-trophy-bleach","status":"publish","type":"product","link":"https:\/\/staging.lucky-hunter.com\/fr\/product\/attratec-no10-trophy-bleach\/","title":{"rendered":"AttraTec N\u00b010 &#8211; Agent Blanchissant pour Troph\u00e9e"},"content":{"rendered":"<h1><strong><span class=\"VIiyi\" lang=\"en\"><span class=\"JLqJ4b ChMk0b\" data-language-for-alternatives=\"en\" data-language-to-translate-into=\"da\" data-phrase-index=\"0\">Votre troph\u00e9e m\u00e9rite le meilleur traitement<\/span><\/span><\/strong><\/h1>\n<p><span class=\"VIiyi\" lang=\"en\"><span class=\"JLqJ4b ChMk0b\" data-language-for-alternatives=\"en\" data-language-to-translate-into=\"da\" data-phrase-index=\"2\">Agent blanchissant pour troph\u00e9e de qualit\u00e9 allemande, \u00e0 base de peroxyde d&#8217;hydrog\u00e8ne stabilis\u00e9 (11,94\u00a0%) qui assure une durabilit\u00e9 am\u00e9lior\u00e9e.<\/span> <\/span><\/p>\n<p><span class=\"VIiyi\" lang=\"en\"><span class=\"JLqJ4b ChMk0b\" data-language-for-alternatives=\"en\" data-language-to-translate-into=\"da\" data-phrase-index=\"4\">L&#8217;agent blanchissant AttraTec N\u00b010 est disponible sous forme de bouteille de 1 kg. Il est particuli\u00e8rement adapt\u00e9 pour r\u00e9aliser un beau blanchiment des troph\u00e9es, qu\u2019ils soient neufs ou anciens. Il est \u00e9galement facile \u00e0 utiliser, il vous suffit de suivre ces instructions :<\/span> <\/span><\/p>\n<p><span class=\"VIiyi\" lang=\"en\"><span class=\"JLqJ4b ChMk0b\" data-language-for-alternatives=\"en\" data-language-to-translate-into=\"da\" data-phrase-index=\"6\">Commencez par faire cuire le troph\u00e9e afin de le d\u00e9barrasser des tissus osseux et des graisses (vous pouvez ajouter un d\u00e9tergent liquide lors de la cuisson pour faciliter le nettoyage).<\/span><\/span><\/p>\n<p><strong><span class=\"JLqJ4b ChMk0b\" data-language-for-alternatives=\"en\" data-language-to-translate-into=\"da\" data-phrase-index=\"0\">M\u00e9thode de blanchiment n\u00b01\u00a0:<\/span> <\/strong><\/p>\n<ul>\n<li><span class=\"JLqJ4b ChMk0b\" data-language-for-alternatives=\"en\" data-language-to-translate-into=\"da\" data-phrase-index=\"2\">Bien appliquer AttraTec N\u00b010 sur le cr\u00e2ne \/ troph\u00e9e cuit et laisser s\u00e9cher au soleil ou dans un endroit chaud et sec.<\/span><\/li>\n<li><span class=\"JLqJ4b ChMk0b\" data-language-for-alternatives=\"en\" data-language-to-translate-into=\"da\" data-phrase-index=\"4\">R\u00e9p\u00e9ter le processus 1 \u00e0 2 fois en fonction du r\u00e9sultat obtenu.<\/span> <span class=\"JLqJ4b ChMk0b\" data-language-for-alternatives=\"en\" data-language-to-translate-into=\"da\" data-phrase-index=\"6\">Si n\u00e9cessaire, r\u00e9aliser une autre application d\u2019agent blanchissant sur les zones rest\u00e9es plus sombres et laisser s\u00e9cher le troph\u00e9e de nouveau.<\/span><\/li>\n<\/ul>\n<p><strong><span class=\"VIiyi\" lang=\"en\"><span class=\"JLqJ4b ChMk0b\" data-language-for-alternatives=\"en\" data-language-to-translate-into=\"da\" data-phrase-index=\"0\">M\u00e9thode de blanchiment n\u00b02\u00a0:<\/span> <\/span><\/strong><\/p>\n<ul>\n<li><span class=\"VIiyi\" lang=\"en\"><span class=\"JLqJ4b ChMk0b\" data-language-for-alternatives=\"en\" data-language-to-translate-into=\"da\" data-phrase-index=\"2\">Envelopper le cr\u00e2ne \/ troph\u00e9e cuit dans un chiffon en coton imbib\u00e9 d&#8217;AttraTec N\u00b010.<\/span> <\/span><\/li>\n<li><span class=\"VIiyi\" lang=\"en\"><span class=\"JLqJ4b ChMk0b\" data-language-for-alternatives=\"en\" data-language-to-translate-into=\"da\" data-phrase-index=\"4\">Apr\u00e8s 12 \u00e0 24 heures, retirer le chiffon et laisser s\u00e9cher le troph\u00e9e au soleil ou dans un endroit chaud et sec.<\/span> <span class=\"JLqJ4b ChMk0b\" data-language-for-alternatives=\"en\" data-language-to-translate-into=\"da\" data-phrase-index=\"6\">Si n\u00e9cessaire, r\u00e9aliser une autre application d\u2019agent blanchissant sur les surfaces rest\u00e9es plus sombres et laisser s\u00e9cher le troph\u00e9e de nouveau.<\/span> <\/span><\/li>\n<\/ul>\n<p><span class=\"VIiyi\" lang=\"en\"><span class=\"JLqJ4b ChMk0b\" data-language-for-alternatives=\"en\" data-language-to-translate-into=\"da\" data-phrase-index=\"8\">L&#8217;agent blanchissant AttraTec N\u00b010 contient du peroxyde d&#8217;hydrog\u00e8ne, un compos\u00e9 chimique sensible \u00e0 la lumi\u00e8re.<\/span> <span class=\"JLqJ4b ChMk0b\" data-language-for-alternatives=\"en\" data-language-to-translate-into=\"da\" data-phrase-index=\"9\">Le produit est donc livr\u00e9 dans un sac en aluminium qui doit \u00eatre ferm\u00e9 herm\u00e9tiquement apr\u00e8s utilisation pour prot\u00e9ger l&#8217;agent blanchissant.<\/span><\/span><\/p>\n<p><span class=\"VIiyi\" lang=\"en\"><span class=\"JLqJ4b ChMk0b\" data-language-for-alternatives=\"en\" data-language-to-translate-into=\"da\" data-phrase-index=\"0\"><strong>INFORMATIONS IMPORTANTES<\/strong> <strong>concernant la manipulation d&#8217;AttraTec N\u00b010\u00a0:<\/strong><\/span> <\/span><\/p>\n<p><span class=\"VIiyi\" lang=\"en\"><span class=\"JLqJ4b ChMk0b\" data-language-for-alternatives=\"en\" data-language-to-translate-into=\"da\" data-phrase-index=\"2\">Pendant le traitement du troph\u00e9e, versez AttraTec N\u00b010 dans un r\u00e9cipient propre (un verre, par exemple) et en petites quantit\u00e9s.<\/span> <span class=\"JLqJ4b ChMk0b\" data-language-for-alternatives=\"en\" data-language-to-translate-into=\"da\" data-phrase-index=\"4\">Ne remettez pas l\u2019exc\u00e8s d\u2019agent blanchissant dans la bouteille.<\/span> <span class=\"JLqJ4b ChMk0b\" data-language-for-alternatives=\"en\" data-language-to-translate-into=\"da\" data-phrase-index=\"6\">Conserver dans un endroit frais et de pr\u00e9f\u00e9rence dans l&#8217;obscurit\u00e9.<\/span> <\/span><\/p>\n<p><span class=\"VIiyi\" lang=\"en\"><span class=\"JLqJ4b ChMk0b\" data-language-for-alternatives=\"en\" data-language-to-translate-into=\"da\" data-phrase-index=\"8\">AttraTec N\u00b010 peut provoquer de graves l\u00e9sions oculaires. Porter des gants de protection \/ des v\u00eatements de protection \/ un \u00e9quipement de protection des yeux \/ du visage.<\/span> <span class=\"JLqJ4b ChMk0b\" data-language-for-alternatives=\"en\" data-language-to-translate-into=\"da\" data-phrase-index=\"10\">En cas de contact avec les yeux : Rincer avec pr\u00e9caution \u00e0 l&#8217;eau pendant plusieurs minutes.<\/span> <span class=\"JLqJ4b ChMk0b\" data-language-for-alternatives=\"en\" data-language-to-translate-into=\"da\" data-phrase-index=\"11\">Enlever les lentilles de contact si la victime en porte et si elles peuvent \u00eatre facilement enlev\u00e9es. Continuer \u00e0 rincer.<\/span> <span class=\"JLqJ4b ChMk0b\" data-language-for-alternatives=\"en\" data-language-to-translate-into=\"da\" data-phrase-index=\"12\">Appeler un m\u00e9decin.<\/span><\/span><\/p>\n","protected":false},"excerpt":{"rendered":"<p><span class=\"VIiyi\" lang=\"en\"><span class=\"JLqJ4b ChMk0b\" data-language-for-alternatives=\"en\" data-language-to-translate-into=\"da\" data-phrase-index=\"2\">Agent blanchissant pour troph\u00e9e de qualit\u00e9 allemande, \u00e0 base de peroxyde d&#8217;hydrog\u00e8ne stabilis\u00e9 (11,94\u00a0%) qui assure une durabilit\u00e9 am\u00e9lior\u00e9e.<\/span> <\/span><\/p>\n","protected":false},"featured_media":30116,"template":"","meta":[],"product_brand":[8228],"product_cat":[9390],"product_tag":[9151,9444],"yoast_head":"<!-- This site is optimized with the Yoast SEO plugin v24.3 - https:\/\/yoast.com\/wordpress\/plugins\/seo\/ -->\n<title>AttraTec N\u00b010 - Agent Blanchissant pour Troph\u00e9e AttraTec N\u00b010 - Agent Blanchissant pour Troph\u00e9e<\/title>\n<meta name=\"description\" content=\"Agent blanchissant pour troph\u00e9e de qualit\u00e9 allemande, \u00e0 base de peroxyde d&#039;hydrog\u00e8ne stabilis\u00e9 (11,94\u00a0%) qui assure une durabilit\u00e9 am\u00e9lior\u00e9e.\" \/>\n<meta name=\"robots\" content=\"noindex, follow, max-snippet:-1, max-image-preview:large, max-video-preview:-1\" \/>\n<meta property=\"og:locale\" content=\"fr_FR\" \/>\n<meta property=\"og:type\" content=\"article\" \/>\n<meta property=\"og:title\" content=\"AttraTec N\u00b010 - Agent Blanchissant pour Troph\u00e9e AttraTec N\u00b010 - Agent Blanchissant pour Troph\u00e9e\" \/>\n<meta property=\"og:description\" content=\"Agent blanchissant pour troph\u00e9e de qualit\u00e9 allemande, \u00e0 base de peroxyde d&#039;hydrog\u00e8ne stabilis\u00e9 (11,94\u00a0%) qui assure une durabilit\u00e9 am\u00e9lior\u00e9e.\" \/>\n<meta property=\"og:url\" content=\"https:\/\/staging.lucky-hunter.com\/product\/attratec-no10-trophy-bleach\/\" \/>\n<meta property=\"og:site_name\" content=\"Lucky-Hunter\" \/>\n<meta property=\"article:modified_time\" content=\"2023-03-15T09:44:04+00:00\" \/>\n<meta property=\"og:image\" content=\"https:\/\/staging.lucky-hunter.com\/wp-content\/uploads\/2021\/02\/TB-0010.png\" \/>\n\t<meta property=\"og:image:width\" content=\"1000\" \/>\n\t<meta property=\"og:image:height\" content=\"1000\" \/>\n\t<meta property=\"og:image:type\" content=\"image\/png\" \/>\n<meta name=\"twitter:card\" content=\"summary_large_image\" \/>\n<meta name=\"twitter:label1\" content=\"Dur\u00e9e de lecture estim\u00e9e\" \/>\n\t<meta name=\"twitter:data1\" content=\"2 minutes\" \/>\n<script type=\"application\/ld+json\" class=\"yoast-schema-graph\">{\"@context\":\"https:\/\/schema.org\",\"@graph\":[{\"@type\":\"WebPage\",\"@id\":\"https:\/\/staging.lucky-hunter.com\/product\/attratec-no10-trophy-bleach\/\",\"url\":\"https:\/\/staging.lucky-hunter.com\/product\/attratec-no10-trophy-bleach\/\",\"name\":\"AttraTec N\u00b010 - Agent Blanchissant pour Troph\u00e9e AttraTec N\u00b010 - Agent Blanchissant pour Troph\u00e9e\",\"isPartOf\":{\"@id\":\"https:\/\/staging.lucky-hunter.com\/#website\"},\"primaryImageOfPage\":{\"@id\":\"https:\/\/staging.lucky-hunter.com\/product\/attratec-no10-trophy-bleach\/#primaryimage\"},\"image\":{\"@id\":\"https:\/\/staging.lucky-hunter.com\/product\/attratec-no10-trophy-bleach\/#primaryimage\"},\"thumbnailUrl\":\"https:\/\/staging.lucky-hunter.com\/wp-content\/uploads\/2021\/02\/TB-0010.png\",\"datePublished\":\"2021-02-18T07:23:13+00:00\",\"dateModified\":\"2023-03-15T09:44:04+00:00\",\"description\":\"Agent blanchissant pour troph\u00e9e de qualit\u00e9 allemande, \u00e0 base de peroxyde d'hydrog\u00e8ne stabilis\u00e9 (11,94\u00a0%) qui assure une durabilit\u00e9 am\u00e9lior\u00e9e.\",\"breadcrumb\":{\"@id\":\"https:\/\/staging.lucky-hunter.com\/product\/attratec-no10-trophy-bleach\/#breadcrumb\"},\"inLanguage\":\"fr-FR\",\"potentialAction\":[{\"@type\":\"ReadAction\",\"target\":[\"https:\/\/staging.lucky-hunter.com\/product\/attratec-no10-trophy-bleach\/\"]}]},{\"@type\":\"ImageObject\",\"inLanguage\":\"fr-FR\",\"@id\":\"https:\/\/staging.lucky-hunter.com\/product\/attratec-no10-trophy-bleach\/#primaryimage\",\"url\":\"https:\/\/staging.lucky-hunter.com\/wp-content\/uploads\/2021\/02\/TB-0010.png\",\"contentUrl\":\"https:\/\/staging.lucky-hunter.com\/wp-content\/uploads\/2021\/02\/TB-0010.png\",\"width\":1000,\"height\":1000},{\"@type\":\"BreadcrumbList\",\"@id\":\"https:\/\/staging.lucky-hunter.com\/product\/attratec-no10-trophy-bleach\/#breadcrumb\",\"itemListElement\":[{\"@type\":\"ListItem\",\"position\":1,\"name\":\"Home\",\"item\":\"https:\/\/staging.lucky-hunter.com\/fr\/\"},{\"@type\":\"ListItem\",\"position\":2,\"name\":\"Boutique\",\"item\":\"https:\/\/staging.lucky-hunter.com\/fr\/shop\/\"},{\"@type\":\"ListItem\",\"position\":3,\"name\":\"AttraTec N\u00b010 &#8211; Agent Blanchissant pour Troph\u00e9e\"}]},{\"@type\":\"WebSite\",\"@id\":\"https:\/\/staging.lucky-hunter.com\/#website\",\"url\":\"https:\/\/staging.lucky-hunter.com\/\",\"name\":\"Lucky-Hunter\",\"description\":\"Gear Up or Give Up\",\"potentialAction\":[{\"@type\":\"SearchAction\",\"target\":{\"@type\":\"EntryPoint\",\"urlTemplate\":\"https:\/\/staging.lucky-hunter.com\/?s={search_term_string}\"},\"query-input\":{\"@type\":\"PropertyValueSpecification\",\"valueRequired\":true,\"valueName\":\"search_term_string\"}}],\"inLanguage\":\"fr-FR\"}]}<\/script>\n<!-- \/ Yoast SEO plugin. -->","yoast_head_json":{"title":"AttraTec N\u00b010 - Agent Blanchissant pour Troph\u00e9e AttraTec N\u00b010 - Agent Blanchissant pour Troph\u00e9e","description":"Agent blanchissant pour troph\u00e9e de qualit\u00e9 allemande, \u00e0 base de peroxyde d'hydrog\u00e8ne stabilis\u00e9 (11,94\u00a0%) qui assure une durabilit\u00e9 am\u00e9lior\u00e9e.","robots":{"index":"noindex","follow":"follow","max-snippet":"max-snippet:-1","max-image-preview":"max-image-preview:large","max-video-preview":"max-video-preview:-1"},"og_locale":"fr_FR","og_type":"article","og_title":"AttraTec N\u00b010 - Agent Blanchissant pour Troph\u00e9e AttraTec N\u00b010 - Agent Blanchissant pour Troph\u00e9e","og_description":"Agent blanchissant pour troph\u00e9e de qualit\u00e9 allemande, \u00e0 base de peroxyde d'hydrog\u00e8ne stabilis\u00e9 (11,94\u00a0%) qui assure une durabilit\u00e9 am\u00e9lior\u00e9e.","og_url":"https:\/\/staging.lucky-hunter.com\/product\/attratec-no10-trophy-bleach\/","og_site_name":"Lucky-Hunter","article_modified_time":"2023-03-15T09:44:04+00:00","og_image":[{"width":1000,"height":1000,"url":"https:\/\/staging.lucky-hunter.com\/wp-content\/uploads\/2021\/02\/TB-0010.png","type":"image\/png"}],"twitter_card":"summary_large_image","twitter_misc":{"Dur\u00e9e de lecture estim\u00e9e":"2 minutes"},"schema":{"@context":"https:\/\/schema.org","@graph":[{"@type":"WebPage","@id":"https:\/\/staging.lucky-hunter.com\/product\/attratec-no10-trophy-bleach\/","url":"https:\/\/staging.lucky-hunter.com\/product\/attratec-no10-trophy-bleach\/","name":"AttraTec N\u00b010 - Agent Blanchissant pour Troph\u00e9e AttraTec N\u00b010 - Agent Blanchissant pour Troph\u00e9e","isPartOf":{"@id":"https:\/\/staging.lucky-hunter.com\/#website"},"primaryImageOfPage":{"@id":"https:\/\/staging.lucky-hunter.com\/product\/attratec-no10-trophy-bleach\/#primaryimage"},"image":{"@id":"https:\/\/staging.lucky-hunter.com\/product\/attratec-no10-trophy-bleach\/#primaryimage"},"thumbnailUrl":"https:\/\/staging.lucky-hunter.com\/wp-content\/uploads\/2021\/02\/TB-0010.png","datePublished":"2021-02-18T07:23:13+00:00","dateModified":"2023-03-15T09:44:04+00:00","description":"Agent blanchissant pour troph\u00e9e de qualit\u00e9 allemande, \u00e0 base de peroxyde d'hydrog\u00e8ne stabilis\u00e9 (11,94\u00a0%) qui assure une durabilit\u00e9 am\u00e9lior\u00e9e.","breadcrumb":{"@id":"https:\/\/staging.lucky-hunter.com\/product\/attratec-no10-trophy-bleach\/#breadcrumb"},"inLanguage":"fr-FR","potentialAction":[{"@type":"ReadAction","target":["https:\/\/staging.lucky-hunter.com\/product\/attratec-no10-trophy-bleach\/"]}]},{"@type":"ImageObject","inLanguage":"fr-FR","@id":"https:\/\/staging.lucky-hunter.com\/product\/attratec-no10-trophy-bleach\/#primaryimage","url":"https:\/\/staging.lucky-hunter.com\/wp-content\/uploads\/2021\/02\/TB-0010.png","contentUrl":"https:\/\/staging.lucky-hunter.com\/wp-content\/uploads\/2021\/02\/TB-0010.png","width":1000,"height":1000},{"@type":"BreadcrumbList","@id":"https:\/\/staging.lucky-hunter.com\/product\/attratec-no10-trophy-bleach\/#breadcrumb","itemListElement":[{"@type":"ListItem","position":1,"name":"Home","item":"https:\/\/staging.lucky-hunter.com\/fr\/"},{"@type":"ListItem","position":2,"name":"Boutique","item":"https:\/\/staging.lucky-hunter.com\/fr\/shop\/"},{"@type":"ListItem","position":3,"name":"AttraTec N\u00b010 &#8211; Agent Blanchissant pour Troph\u00e9e"}]},{"@type":"WebSite","@id":"https:\/\/staging.lucky-hunter.com\/#website","url":"https:\/\/staging.lucky-hunter.com\/","name":"Lucky-Hunter","description":"Gear Up or Give Up","potentialAction":[{"@type":"SearchAction","target":{"@type":"EntryPoint","urlTemplate":"https:\/\/staging.lucky-hunter.com\/?s={search_term_string}"},"query-input":{"@type":"PropertyValueSpecification","valueRequired":true,"valueName":"search_term_string"}}],"inLanguage":"fr-FR"}]}},"_links":{"self":[{"href":"https:\/\/staging.lucky-hunter.com\/fr\/wp-json\/wp\/v2\/product\/55932"}],"collection":[{"href":"https:\/\/staging.lucky-hunter.com\/fr\/wp-json\/wp\/v2\/product"}],"about":[{"href":"https:\/\/staging.lucky-hunter.com\/fr\/wp-json\/wp\/v2\/types\/product"}],"wp:featuredmedia":[{"embeddable":true,"href":"https:\/\/staging.lucky-hunter.com\/fr\/wp-json\/wp\/v2\/media\/30116"}],"wp:attachment":[{"href":"https:\/\/staging.lucky-hunter.com\/fr\/wp-json\/wp\/v2\/media?parent=55932"}],"wp:term":[{"taxonomy":"product_brand","embeddable":true,"href":"https:\/\/staging.lucky-hunter.com\/fr\/wp-json\/wp\/v2\/product_brand?post=55932"},{"taxonomy":"product_cat","embeddable":true,"href":"https:\/\/staging.lucky-hunter.com\/fr\/wp-json\/wp\/v2\/product_cat?post=55932"},{"taxonomy":"product_tag","embeddable":true,"href":"https:\/\/staging.lucky-hunter.com\/fr\/wp-json\/wp\/v2\/product_tag?post=55932"}],"curies":[{"name":"wp","href":"https:\/\/api.w.org\/{rel}","templated":true}]}}