{"id":55931,"date":"2016-11-07T16:14:17","date_gmt":"2016-11-07T15:14:17","guid":{"rendered":"https:\/\/staging.lucky-hunter.com\/product\/a-hole-remover\/"},"modified":"2025-07-02T13:27:33","modified_gmt":"2025-07-02T11:27:33","slug":"manipulation-du-gibier-pour-les-entrailles-a-hole-remover","status":"publish","type":"product","link":"https:\/\/staging.lucky-hunter.com\/fr\/product\/manipulation-du-gibier-pour-les-entrailles-a-hole-remover\/","title":{"rendered":"Manipulation du gibier pour les entrailles &#8211; A-hole Remover"},"content":{"rendered":"<p>Manipulation facile du gibier<\/p>\n<p>Avec l\u2019outil A-hole Remover, vous pouvez facilement retirer l&#8217;intestin des cerfs, des ours et des sangliers.<\/p>\n<p><strong>Utilisation :<\/strong><\/p>\n<ol>\n<li>Placez le gibier sur le c\u00f4t\u00e9. Ins\u00e9rez l\u2019outil dans le rectum et assurez-vous qu\u2019il soit au ras de l&#8217;ouverture.<\/li>\n<\/ol>\n<ol start=\"2\">\n<li>Tournez la poign\u00e9e jusqu&#8217;\u00e0 ce que vous sentiez une prise sur l&#8217;intestin. Effectuez ensuite un demi-tour de plus.<\/li>\n<\/ol>\n<ol start=\"3\">\n<li>Retirez doucement l\u2019outil du rectum. Ne tirez pas trop fort. Le gibier peut maintenant \u00eatre plac\u00e9 sur le dos et vous pouvez continuer votre travail de nettoyage et de pr\u00e9paration.<\/li>\n<\/ol>\n<h2><\/h2>\n","protected":false},"excerpt":{"rendered":"<p>Avec l\u2019outil A-hole Remover, vous pouvez facilement retirer l&#8217;intestin des cerfs, des ours et des sangliers. Manipulation facile du gibier<\/p>\n","protected":false},"featured_media":57928,"template":"","meta":[],"product_brand":[8193],"product_cat":[8155],"product_tag":[9151,9444,9442],"yoast_head":"<!-- This site is optimized with the Yoast SEO plugin v24.3 - https:\/\/yoast.com\/wordpress\/plugins\/seo\/ -->\n<title>Manipulation du gibier pour les entrailles - A-hole Remover<\/title>\n<meta name=\"description\" content=\"Avec l\u2019outil A-hole Remover, vous pouvez facilement retirer l&#039;intestin des cerfs, des ours et des sangliers.\" \/>\n<meta name=\"robots\" content=\"noindex, follow, max-snippet:-1, max-image-preview:large, max-video-preview:-1\" \/>\n<meta property=\"og:locale\" content=\"fr_FR\" \/>\n<meta property=\"og:type\" content=\"article\" \/>\n<meta property=\"og:title\" content=\"Manipulation du gibier pour les entrailles - A-hole Remover\" \/>\n<meta property=\"og:description\" content=\"Avec l\u2019outil A-hole Remover, vous pouvez facilement retirer l&#039;intestin des cerfs, des ours et des sangliers.\" \/>\n<meta property=\"og:url\" content=\"https:\/\/staging.lucky-hunter.com\/fr\/product\/manipulation-du-gibier-pour-les-entrailles-a-hole-remover\/\" \/>\n<meta property=\"og:site_name\" content=\"Lucky-Hunter\" \/>\n<meta property=\"article:modified_time\" content=\"2025-07-02T11:27:33+00:00\" \/>\n<meta property=\"og:image\" content=\"https:\/\/staging.lucky-hunter.com\/wp-content\/uploads\/2016\/11\/7200631-1.png\" \/>\n\t<meta property=\"og:image:width\" content=\"1000\" \/>\n\t<meta property=\"og:image:height\" content=\"1000\" \/>\n\t<meta property=\"og:image:type\" content=\"image\/png\" \/>\n<meta name=\"twitter:card\" content=\"summary_large_image\" \/>\n<meta name=\"twitter:label1\" content=\"Dur\u00e9e de lecture estim\u00e9e\" \/>\n\t<meta name=\"twitter:data1\" content=\"1 minute\" \/>\n<script type=\"application\/ld+json\" class=\"yoast-schema-graph\">{\"@context\":\"https:\/\/schema.org\",\"@graph\":[{\"@type\":\"WebPage\",\"@id\":\"https:\/\/staging.lucky-hunter.com\/fr\/product\/manipulation-du-gibier-pour-les-entrailles-a-hole-remover\/\",\"url\":\"https:\/\/staging.lucky-hunter.com\/fr\/product\/manipulation-du-gibier-pour-les-entrailles-a-hole-remover\/\",\"name\":\"Manipulation du gibier pour les entrailles - A-hole Remover\",\"isPartOf\":{\"@id\":\"https:\/\/staging.lucky-hunter.com\/#website\"},\"primaryImageOfPage\":{\"@id\":\"https:\/\/staging.lucky-hunter.com\/fr\/product\/manipulation-du-gibier-pour-les-entrailles-a-hole-remover\/#primaryimage\"},\"image\":{\"@id\":\"https:\/\/staging.lucky-hunter.com\/fr\/product\/manipulation-du-gibier-pour-les-entrailles-a-hole-remover\/#primaryimage\"},\"thumbnailUrl\":\"https:\/\/staging.lucky-hunter.com\/wp-content\/uploads\/2016\/11\/7200631-1.png\",\"datePublished\":\"2016-11-07T15:14:17+00:00\",\"dateModified\":\"2025-07-02T11:27:33+00:00\",\"description\":\"Avec l\u2019outil A-hole Remover, vous pouvez facilement retirer l'intestin des cerfs, des ours et des sangliers.\",\"breadcrumb\":{\"@id\":\"https:\/\/staging.lucky-hunter.com\/fr\/product\/manipulation-du-gibier-pour-les-entrailles-a-hole-remover\/#breadcrumb\"},\"inLanguage\":\"fr-FR\",\"potentialAction\":[{\"@type\":\"ReadAction\",\"target\":[\"https:\/\/staging.lucky-hunter.com\/fr\/product\/manipulation-du-gibier-pour-les-entrailles-a-hole-remover\/\"]}]},{\"@type\":\"ImageObject\",\"inLanguage\":\"fr-FR\",\"@id\":\"https:\/\/staging.lucky-hunter.com\/fr\/product\/manipulation-du-gibier-pour-les-entrailles-a-hole-remover\/#primaryimage\",\"url\":\"https:\/\/staging.lucky-hunter.com\/wp-content\/uploads\/2016\/11\/7200631-1.png\",\"contentUrl\":\"https:\/\/staging.lucky-hunter.com\/wp-content\/uploads\/2016\/11\/7200631-1.png\",\"width\":1000,\"height\":1000,\"caption\":\"A-hole remover\"},{\"@type\":\"BreadcrumbList\",\"@id\":\"https:\/\/staging.lucky-hunter.com\/fr\/product\/manipulation-du-gibier-pour-les-entrailles-a-hole-remover\/#breadcrumb\",\"itemListElement\":[{\"@type\":\"ListItem\",\"position\":1,\"name\":\"Home\",\"item\":\"https:\/\/staging.lucky-hunter.com\/fr\/\"},{\"@type\":\"ListItem\",\"position\":2,\"name\":\"Boutique\",\"item\":\"https:\/\/staging.lucky-hunter.com\/fr\/shop\/\"},{\"@type\":\"ListItem\",\"position\":3,\"name\":\"Manipulation du gibier pour les entrailles &#8211; A-hole Remover\"}]},{\"@type\":\"WebSite\",\"@id\":\"https:\/\/staging.lucky-hunter.com\/#website\",\"url\":\"https:\/\/staging.lucky-hunter.com\/\",\"name\":\"Lucky-Hunter\",\"description\":\"Gear Up or Give Up\",\"potentialAction\":[{\"@type\":\"SearchAction\",\"target\":{\"@type\":\"EntryPoint\",\"urlTemplate\":\"https:\/\/staging.lucky-hunter.com\/?s={search_term_string}\"},\"query-input\":{\"@type\":\"PropertyValueSpecification\",\"valueRequired\":true,\"valueName\":\"search_term_string\"}}],\"inLanguage\":\"fr-FR\"}]}<\/script>\n<!-- \/ Yoast SEO plugin. -->","yoast_head_json":{"title":"Manipulation du gibier pour les entrailles - A-hole Remover","description":"Avec l\u2019outil A-hole Remover, vous pouvez facilement retirer l'intestin des cerfs, des ours et des sangliers.","robots":{"index":"noindex","follow":"follow","max-snippet":"max-snippet:-1","max-image-preview":"max-image-preview:large","max-video-preview":"max-video-preview:-1"},"og_locale":"fr_FR","og_type":"article","og_title":"Manipulation du gibier pour les entrailles - A-hole Remover","og_description":"Avec l\u2019outil A-hole Remover, vous pouvez facilement retirer l'intestin des cerfs, des ours et des sangliers.","og_url":"https:\/\/staging.lucky-hunter.com\/fr\/product\/manipulation-du-gibier-pour-les-entrailles-a-hole-remover\/","og_site_name":"Lucky-Hunter","article_modified_time":"2025-07-02T11:27:33+00:00","og_image":[{"width":1000,"height":1000,"url":"https:\/\/staging.lucky-hunter.com\/wp-content\/uploads\/2016\/11\/7200631-1.png","type":"image\/png"}],"twitter_card":"summary_large_image","twitter_misc":{"Dur\u00e9e de lecture estim\u00e9e":"1 minute"},"schema":{"@context":"https:\/\/schema.org","@graph":[{"@type":"WebPage","@id":"https:\/\/staging.lucky-hunter.com\/fr\/product\/manipulation-du-gibier-pour-les-entrailles-a-hole-remover\/","url":"https:\/\/staging.lucky-hunter.com\/fr\/product\/manipulation-du-gibier-pour-les-entrailles-a-hole-remover\/","name":"Manipulation du gibier pour les entrailles - A-hole Remover","isPartOf":{"@id":"https:\/\/staging.lucky-hunter.com\/#website"},"primaryImageOfPage":{"@id":"https:\/\/staging.lucky-hunter.com\/fr\/product\/manipulation-du-gibier-pour-les-entrailles-a-hole-remover\/#primaryimage"},"image":{"@id":"https:\/\/staging.lucky-hunter.com\/fr\/product\/manipulation-du-gibier-pour-les-entrailles-a-hole-remover\/#primaryimage"},"thumbnailUrl":"https:\/\/staging.lucky-hunter.com\/wp-content\/uploads\/2016\/11\/7200631-1.png","datePublished":"2016-11-07T15:14:17+00:00","dateModified":"2025-07-02T11:27:33+00:00","description":"Avec l\u2019outil A-hole Remover, vous pouvez facilement retirer l'intestin des cerfs, des ours et des sangliers.","breadcrumb":{"@id":"https:\/\/staging.lucky-hunter.com\/fr\/product\/manipulation-du-gibier-pour-les-entrailles-a-hole-remover\/#breadcrumb"},"inLanguage":"fr-FR","potentialAction":[{"@type":"ReadAction","target":["https:\/\/staging.lucky-hunter.com\/fr\/product\/manipulation-du-gibier-pour-les-entrailles-a-hole-remover\/"]}]},{"@type":"ImageObject","inLanguage":"fr-FR","@id":"https:\/\/staging.lucky-hunter.com\/fr\/product\/manipulation-du-gibier-pour-les-entrailles-a-hole-remover\/#primaryimage","url":"https:\/\/staging.lucky-hunter.com\/wp-content\/uploads\/2016\/11\/7200631-1.png","contentUrl":"https:\/\/staging.lucky-hunter.com\/wp-content\/uploads\/2016\/11\/7200631-1.png","width":1000,"height":1000,"caption":"A-hole remover"},{"@type":"BreadcrumbList","@id":"https:\/\/staging.lucky-hunter.com\/fr\/product\/manipulation-du-gibier-pour-les-entrailles-a-hole-remover\/#breadcrumb","itemListElement":[{"@type":"ListItem","position":1,"name":"Home","item":"https:\/\/staging.lucky-hunter.com\/fr\/"},{"@type":"ListItem","position":2,"name":"Boutique","item":"https:\/\/staging.lucky-hunter.com\/fr\/shop\/"},{"@type":"ListItem","position":3,"name":"Manipulation du gibier pour les entrailles &#8211; A-hole Remover"}]},{"@type":"WebSite","@id":"https:\/\/staging.lucky-hunter.com\/#website","url":"https:\/\/staging.lucky-hunter.com\/","name":"Lucky-Hunter","description":"Gear Up or Give Up","potentialAction":[{"@type":"SearchAction","target":{"@type":"EntryPoint","urlTemplate":"https:\/\/staging.lucky-hunter.com\/?s={search_term_string}"},"query-input":{"@type":"PropertyValueSpecification","valueRequired":true,"valueName":"search_term_string"}}],"inLanguage":"fr-FR"}]}},"_links":{"self":[{"href":"https:\/\/staging.lucky-hunter.com\/fr\/wp-json\/wp\/v2\/product\/55931"}],"collection":[{"href":"https:\/\/staging.lucky-hunter.com\/fr\/wp-json\/wp\/v2\/product"}],"about":[{"href":"https:\/\/staging.lucky-hunter.com\/fr\/wp-json\/wp\/v2\/types\/product"}],"wp:featuredmedia":[{"embeddable":true,"href":"https:\/\/staging.lucky-hunter.com\/fr\/wp-json\/wp\/v2\/media\/57928"}],"wp:attachment":[{"href":"https:\/\/staging.lucky-hunter.com\/fr\/wp-json\/wp\/v2\/media?parent=55931"}],"wp:term":[{"taxonomy":"product_brand","embeddable":true,"href":"https:\/\/staging.lucky-hunter.com\/fr\/wp-json\/wp\/v2\/product_brand?post=55931"},{"taxonomy":"product_cat","embeddable":true,"href":"https:\/\/staging.lucky-hunter.com\/fr\/wp-json\/wp\/v2\/product_cat?post=55931"},{"taxonomy":"product_tag","embeddable":true,"href":"https:\/\/staging.lucky-hunter.com\/fr\/wp-json\/wp\/v2\/product_tag?post=55931"}],"curies":[{"name":"wp","href":"https:\/\/api.w.org\/{rel}","templated":true}]}}