{"id":55883,"date":"2022-11-30T10:00:02","date_gmt":"2022-11-30T09:00:02","guid":{"rendered":"https:\/\/staging.lucky-hunter.com\/product\/trac-loc-push-pole\/"},"modified":"2022-11-30T10:00:02","modified_gmt":"2022-11-30T09:00:02","slug":"trac-loc-push-pole","status":"publish","type":"product","link":"https:\/\/staging.lucky-hunter.com\/fr\/product\/trac-loc-push-pole\/","title":{"rendered":"Perche de Pouss\u00e9e Trac-Loc"},"content":{"rendered":"<p><iframe title=\"Trac-Loc Push Pole | For hunting on water\" width=\"1020\" height=\"574\" src=\"https:\/\/www.youtube.com\/embed\/FXJK3_m701M?wmode=transparent&amp;rel=0&amp;feature=oembed&#038;enablejsapi=1&#038;origin=https:\/\/staging.lucky-hunter.com\" frameborder=\"0\" allow=\"accelerometer; autoplay; clipboard-write; encrypted-media; gyroscope; picture-in-picture\" allowfullscreen><\/iframe><\/p>\n<h1>Perche de pouss\u00e9e id\u00e9ale pour la chasse sur l&#8217;eau<\/h1>\n<p>Le Trac-Loc est une perche de pouss\u00e9e \u00e0 3 sections enti\u00e8rement en aluminium qui mesure 137 cm une fois repli\u00e9e, ce qui permet de la ranger dans \u00e0 peu pr\u00e8s n&#8217;importe quel bateau. Le design unique de la perche permet de l\u2019assembler sans probl\u00e8me dans l&#8217;obscurit\u00e9. Les r\u00e9glages par bouton-poussoir en acier inoxydable font du Trac-Loc un compl\u00e9ment \u00e0 vie pour l&#8217;\u00e9quipement de votre bateau.<\/p>\n<p>Il existe \u00e9galement divers embouts pour la perche, tels qu\u2019une pagaie ou un crochet pour r\u00e9cup\u00e9rer les formes.<\/p>\n<div>\n<ul>\n<li>3 sections<\/li>\n<li>S&#8217;adapte \u00e0 n&#8217;importe quel bateau<\/li>\n<li>137 cm, 193 cm, ou 292 cm enti\u00e8rement d\u00e9ploy\u00e9e<\/li>\n<li>Aluminium \u00e0 l\u2019\u00e9preuve de la rouille<\/li>\n<li>Verrous en acier inoxydable<\/li>\n<li>Poign\u00e9es DuraGrip<\/li>\n<\/ul>\n<\/div>\n","protected":false},"excerpt":{"rendered":"<p>Le Trac-Loc est une perche de pouss\u00e9e \u00e0 3 sections enti\u00e8rement en aluminium qui mesure 137 cm une fois repli\u00e9e &#8211; Id\u00e9ale pour chasser sur un bateau<\/p>\n","protected":false},"featured_media":54067,"template":"","meta":[],"product_brand":[8123],"product_cat":[8171],"product_tag":[],"yoast_head":"<!-- This site is optimized with the Yoast SEO plugin v24.3 - https:\/\/yoast.com\/wordpress\/plugins\/seo\/ -->\n<title>| Pour chasser sur l&#039;eau - Lucky-hunter.com<\/title>\n<meta name=\"description\" content=\"Le Trac-Loc est une perche de pouss\u00e9e \u00e0 3 sections enti\u00e8rement en aluminium qui mesure 137 cm une fois repli\u00e9e, ce qui permet de la ranger dans \u00e0 peu pr\u00e8s n&#039;importe quel bateau\" \/>\n<meta name=\"robots\" content=\"noindex, follow, max-snippet:-1, max-image-preview:large, max-video-preview:-1\" \/>\n<meta property=\"og:locale\" content=\"fr_FR\" \/>\n<meta property=\"og:type\" content=\"article\" \/>\n<meta property=\"og:title\" content=\"| Pour chasser sur l&#039;eau - Lucky-hunter.com\" \/>\n<meta property=\"og:description\" content=\"Le Trac-Loc est une perche de pouss\u00e9e \u00e0 3 sections enti\u00e8rement en aluminium qui mesure 137 cm une fois repli\u00e9e, ce qui permet de la ranger dans \u00e0 peu pr\u00e8s n&#039;importe quel bateau\" \/>\n<meta property=\"og:url\" content=\"https:\/\/staging.lucky-hunter.com\/fr\/product\/trac-loc-push-pole\/\" \/>\n<meta property=\"og:site_name\" content=\"Lucky-Hunter\" \/>\n<meta property=\"og:image\" content=\"https:\/\/staging.lucky-hunter.com\/wp-content\/uploads\/2022\/11\/JP-65.png\" \/>\n\t<meta property=\"og:image:width\" content=\"1000\" \/>\n\t<meta property=\"og:image:height\" content=\"1000\" \/>\n\t<meta property=\"og:image:type\" content=\"image\/png\" \/>\n<meta name=\"twitter:card\" content=\"summary_large_image\" \/>\n<meta name=\"twitter:label1\" content=\"Dur\u00e9e de lecture estim\u00e9e\" \/>\n\t<meta name=\"twitter:data1\" content=\"1 minute\" \/>\n<script type=\"application\/ld+json\" class=\"yoast-schema-graph\">{\"@context\":\"https:\/\/schema.org\",\"@graph\":[{\"@type\":\"WebPage\",\"@id\":\"https:\/\/staging.lucky-hunter.com\/fr\/product\/trac-loc-push-pole\/\",\"url\":\"https:\/\/staging.lucky-hunter.com\/fr\/product\/trac-loc-push-pole\/\",\"name\":\"| Pour chasser sur l'eau - Lucky-hunter.com\",\"isPartOf\":{\"@id\":\"https:\/\/staging.lucky-hunter.com\/#website\"},\"primaryImageOfPage\":{\"@id\":\"https:\/\/staging.lucky-hunter.com\/fr\/product\/trac-loc-push-pole\/#primaryimage\"},\"image\":{\"@id\":\"https:\/\/staging.lucky-hunter.com\/fr\/product\/trac-loc-push-pole\/#primaryimage\"},\"thumbnailUrl\":\"https:\/\/staging.lucky-hunter.com\/wp-content\/uploads\/2022\/11\/JP-65.png\",\"datePublished\":\"2022-11-30T09:00:02+00:00\",\"dateModified\":\"2022-11-30T09:00:02+00:00\",\"description\":\"Le Trac-Loc est une perche de pouss\u00e9e \u00e0 3 sections enti\u00e8rement en aluminium qui mesure 137 cm une fois repli\u00e9e, ce qui permet de la ranger dans \u00e0 peu pr\u00e8s n'importe quel bateau\",\"breadcrumb\":{\"@id\":\"https:\/\/staging.lucky-hunter.com\/fr\/product\/trac-loc-push-pole\/#breadcrumb\"},\"inLanguage\":\"fr-FR\",\"potentialAction\":[{\"@type\":\"ReadAction\",\"target\":[\"https:\/\/staging.lucky-hunter.com\/fr\/product\/trac-loc-push-pole\/\"]}]},{\"@type\":\"ImageObject\",\"inLanguage\":\"fr-FR\",\"@id\":\"https:\/\/staging.lucky-hunter.com\/fr\/product\/trac-loc-push-pole\/#primaryimage\",\"url\":\"https:\/\/staging.lucky-hunter.com\/wp-content\/uploads\/2022\/11\/JP-65.png\",\"contentUrl\":\"https:\/\/staging.lucky-hunter.com\/wp-content\/uploads\/2022\/11\/JP-65.png\",\"width\":1000,\"height\":1000},{\"@type\":\"BreadcrumbList\",\"@id\":\"https:\/\/staging.lucky-hunter.com\/fr\/product\/trac-loc-push-pole\/#breadcrumb\",\"itemListElement\":[{\"@type\":\"ListItem\",\"position\":1,\"name\":\"Home\",\"item\":\"https:\/\/staging.lucky-hunter.com\/fr\/\"},{\"@type\":\"ListItem\",\"position\":2,\"name\":\"Boutique\",\"item\":\"https:\/\/staging.lucky-hunter.com\/fr\/shop\/\"},{\"@type\":\"ListItem\",\"position\":3,\"name\":\"Perche de Pouss\u00e9e Trac-Loc\"}]},{\"@type\":\"WebSite\",\"@id\":\"https:\/\/staging.lucky-hunter.com\/#website\",\"url\":\"https:\/\/staging.lucky-hunter.com\/\",\"name\":\"Lucky-Hunter\",\"description\":\"Gear Up or Give Up\",\"potentialAction\":[{\"@type\":\"SearchAction\",\"target\":{\"@type\":\"EntryPoint\",\"urlTemplate\":\"https:\/\/staging.lucky-hunter.com\/?s={search_term_string}\"},\"query-input\":{\"@type\":\"PropertyValueSpecification\",\"valueRequired\":true,\"valueName\":\"search_term_string\"}}],\"inLanguage\":\"fr-FR\"}]}<\/script>\n<!-- \/ Yoast SEO plugin. -->","yoast_head_json":{"title":"| Pour chasser sur l'eau - Lucky-hunter.com","description":"Le Trac-Loc est une perche de pouss\u00e9e \u00e0 3 sections enti\u00e8rement en aluminium qui mesure 137 cm une fois repli\u00e9e, ce qui permet de la ranger dans \u00e0 peu pr\u00e8s n'importe quel bateau","robots":{"index":"noindex","follow":"follow","max-snippet":"max-snippet:-1","max-image-preview":"max-image-preview:large","max-video-preview":"max-video-preview:-1"},"og_locale":"fr_FR","og_type":"article","og_title":"| Pour chasser sur l'eau - Lucky-hunter.com","og_description":"Le Trac-Loc est une perche de pouss\u00e9e \u00e0 3 sections enti\u00e8rement en aluminium qui mesure 137 cm une fois repli\u00e9e, ce qui permet de la ranger dans \u00e0 peu pr\u00e8s n'importe quel bateau","og_url":"https:\/\/staging.lucky-hunter.com\/fr\/product\/trac-loc-push-pole\/","og_site_name":"Lucky-Hunter","og_image":[{"width":1000,"height":1000,"url":"https:\/\/staging.lucky-hunter.com\/wp-content\/uploads\/2022\/11\/JP-65.png","type":"image\/png"}],"twitter_card":"summary_large_image","twitter_misc":{"Dur\u00e9e de lecture estim\u00e9e":"1 minute"},"schema":{"@context":"https:\/\/schema.org","@graph":[{"@type":"WebPage","@id":"https:\/\/staging.lucky-hunter.com\/fr\/product\/trac-loc-push-pole\/","url":"https:\/\/staging.lucky-hunter.com\/fr\/product\/trac-loc-push-pole\/","name":"| Pour chasser sur l'eau - Lucky-hunter.com","isPartOf":{"@id":"https:\/\/staging.lucky-hunter.com\/#website"},"primaryImageOfPage":{"@id":"https:\/\/staging.lucky-hunter.com\/fr\/product\/trac-loc-push-pole\/#primaryimage"},"image":{"@id":"https:\/\/staging.lucky-hunter.com\/fr\/product\/trac-loc-push-pole\/#primaryimage"},"thumbnailUrl":"https:\/\/staging.lucky-hunter.com\/wp-content\/uploads\/2022\/11\/JP-65.png","datePublished":"2022-11-30T09:00:02+00:00","dateModified":"2022-11-30T09:00:02+00:00","description":"Le Trac-Loc est une perche de pouss\u00e9e \u00e0 3 sections enti\u00e8rement en aluminium qui mesure 137 cm une fois repli\u00e9e, ce qui permet de la ranger dans \u00e0 peu pr\u00e8s n'importe quel bateau","breadcrumb":{"@id":"https:\/\/staging.lucky-hunter.com\/fr\/product\/trac-loc-push-pole\/#breadcrumb"},"inLanguage":"fr-FR","potentialAction":[{"@type":"ReadAction","target":["https:\/\/staging.lucky-hunter.com\/fr\/product\/trac-loc-push-pole\/"]}]},{"@type":"ImageObject","inLanguage":"fr-FR","@id":"https:\/\/staging.lucky-hunter.com\/fr\/product\/trac-loc-push-pole\/#primaryimage","url":"https:\/\/staging.lucky-hunter.com\/wp-content\/uploads\/2022\/11\/JP-65.png","contentUrl":"https:\/\/staging.lucky-hunter.com\/wp-content\/uploads\/2022\/11\/JP-65.png","width":1000,"height":1000},{"@type":"BreadcrumbList","@id":"https:\/\/staging.lucky-hunter.com\/fr\/product\/trac-loc-push-pole\/#breadcrumb","itemListElement":[{"@type":"ListItem","position":1,"name":"Home","item":"https:\/\/staging.lucky-hunter.com\/fr\/"},{"@type":"ListItem","position":2,"name":"Boutique","item":"https:\/\/staging.lucky-hunter.com\/fr\/shop\/"},{"@type":"ListItem","position":3,"name":"Perche de Pouss\u00e9e Trac-Loc"}]},{"@type":"WebSite","@id":"https:\/\/staging.lucky-hunter.com\/#website","url":"https:\/\/staging.lucky-hunter.com\/","name":"Lucky-Hunter","description":"Gear Up or Give Up","potentialAction":[{"@type":"SearchAction","target":{"@type":"EntryPoint","urlTemplate":"https:\/\/staging.lucky-hunter.com\/?s={search_term_string}"},"query-input":{"@type":"PropertyValueSpecification","valueRequired":true,"valueName":"search_term_string"}}],"inLanguage":"fr-FR"}]}},"_links":{"self":[{"href":"https:\/\/staging.lucky-hunter.com\/fr\/wp-json\/wp\/v2\/product\/55883"}],"collection":[{"href":"https:\/\/staging.lucky-hunter.com\/fr\/wp-json\/wp\/v2\/product"}],"about":[{"href":"https:\/\/staging.lucky-hunter.com\/fr\/wp-json\/wp\/v2\/types\/product"}],"wp:featuredmedia":[{"embeddable":true,"href":"https:\/\/staging.lucky-hunter.com\/fr\/wp-json\/wp\/v2\/media\/54067"}],"wp:attachment":[{"href":"https:\/\/staging.lucky-hunter.com\/fr\/wp-json\/wp\/v2\/media?parent=55883"}],"wp:term":[{"taxonomy":"product_brand","embeddable":true,"href":"https:\/\/staging.lucky-hunter.com\/fr\/wp-json\/wp\/v2\/product_brand?post=55883"},{"taxonomy":"product_cat","embeddable":true,"href":"https:\/\/staging.lucky-hunter.com\/fr\/wp-json\/wp\/v2\/product_cat?post=55883"},{"taxonomy":"product_tag","embeddable":true,"href":"https:\/\/staging.lucky-hunter.com\/fr\/wp-json\/wp\/v2\/product_tag?post=55883"}],"curies":[{"name":"wp","href":"https:\/\/api.w.org\/{rel}","templated":true}]}}