{"id":55833,"date":"2016-11-07T16:23:56","date_gmt":"2016-11-07T15:23:56","guid":{"rendered":"https:\/\/staging.lucky-hunter.com\/product\/addinol-weapon-oil-spray\/"},"modified":"2025-07-01T15:31:41","modified_gmt":"2025-07-01T13:31:41","slug":"spray-dhuile-addinol","status":"publish","type":"product","link":"https:\/\/staging.lucky-hunter.com\/fr\/product\/spray-dhuile-addinol\/","title":{"rendered":"Spray d&#8217;huile Addinol"},"content":{"rendered":"<h1><strong>Pour l&#8217;entretien et le nettoyage professionnels\u00a0<\/strong><\/h1>\n<p>Le spray d&#8217;huile pour armes Addinol est probablement la meilleure huile pour armes du march\u00e9.<\/p>\n<p>Il s&#8217;agit d&#8217;une huile enti\u00e8rement synth\u00e9tique, sp\u00e9cialement con\u00e7ue pour un soin et une propret\u00e9 maximum de vos armes.<\/p>\n<p>La qualit\u00e9 est approuv\u00e9e selon les exigences strictes de la r\u00e9glementation OTAN S-761.<\/p>\n<p><strong>Caract\u00e9ristiques\u00a0:<\/strong><\/p>\n<ul>\n<li>Utilisable \u00e0 partir de -55\u00b0C et jusqu&#8217;\u00e0 150\u00b0C.<\/li>\n<li>Contient 150 ml.<\/li>\n<li>Approuv\u00e9 par l&#8217;OTAN selon l&#8217;OTAN S-761.<\/li>\n<li>L\u2019anti-corrosion parfait<\/li>\n<li>Ne contient pas de composants \u00e0 fortes odeurs<\/li>\n<li>Peut \u00eatre utilis\u00e9 sous plusieurs conditions climatiques.<\/li>\n<\/ul>\n","protected":false},"excerpt":{"rendered":"<p>Le spray Addinol d&#8217;huile pour armes est probablement la meilleure huile pour armes du march\u00e9.<\/p>\n","protected":false},"featured_media":30130,"template":"","meta":[],"product_brand":[],"product_cat":[9368],"product_tag":[],"yoast_head":"<!-- This site is optimized with the Yoast SEO plugin v24.3 - https:\/\/yoast.com\/wordpress\/plugins\/seo\/ -->\n<title>Spray d&#039;huile Addinol<\/title>\n<meta name=\"description\" content=\"Le spray Addinol d&#039;huile est probablement la meilleure huile pour armes du march\u00e9. Il s&#039;agit d&#039;une huile enti\u00e8rement synth\u00e9tique.\" \/>\n<meta name=\"robots\" content=\"noindex, follow, max-snippet:-1, max-image-preview:large, max-video-preview:-1\" \/>\n<meta property=\"og:locale\" content=\"fr_FR\" \/>\n<meta property=\"og:type\" content=\"article\" \/>\n<meta property=\"og:title\" content=\"Spray d&#039;huile Addinol\" \/>\n<meta property=\"og:description\" content=\"Le spray Addinol d&#039;huile est probablement la meilleure huile pour armes du march\u00e9. Il s&#039;agit d&#039;une huile enti\u00e8rement synth\u00e9tique.\" \/>\n<meta property=\"og:url\" content=\"https:\/\/staging.lucky-hunter.com\/product\/addinol-weapon-oil-spray\/\" \/>\n<meta property=\"og:site_name\" content=\"Lucky-Hunter\" \/>\n<meta property=\"article:modified_time\" content=\"2025-07-01T13:31:41+00:00\" \/>\n<meta property=\"og:image\" content=\"https:\/\/staging.lucky-hunter.com\/wp-content\/uploads\/2016\/11\/520001-2.png\" \/>\n\t<meta property=\"og:image:width\" content=\"1000\" \/>\n\t<meta property=\"og:image:height\" content=\"1000\" \/>\n\t<meta property=\"og:image:type\" content=\"image\/png\" \/>\n<meta name=\"twitter:card\" content=\"summary_large_image\" \/>\n<meta name=\"twitter:label1\" content=\"Dur\u00e9e de lecture estim\u00e9e\" \/>\n\t<meta name=\"twitter:data1\" content=\"1 minute\" \/>\n<script type=\"application\/ld+json\" class=\"yoast-schema-graph\">{\"@context\":\"https:\/\/schema.org\",\"@graph\":[{\"@type\":\"WebPage\",\"@id\":\"https:\/\/staging.lucky-hunter.com\/product\/addinol-weapon-oil-spray\/\",\"url\":\"https:\/\/staging.lucky-hunter.com\/product\/addinol-weapon-oil-spray\/\",\"name\":\"Spray d'huile Addinol\",\"isPartOf\":{\"@id\":\"https:\/\/staging.lucky-hunter.com\/#website\"},\"primaryImageOfPage\":{\"@id\":\"https:\/\/staging.lucky-hunter.com\/product\/addinol-weapon-oil-spray\/#primaryimage\"},\"image\":{\"@id\":\"https:\/\/staging.lucky-hunter.com\/product\/addinol-weapon-oil-spray\/#primaryimage\"},\"thumbnailUrl\":\"https:\/\/staging.lucky-hunter.com\/wp-content\/uploads\/2016\/11\/520001-2.png\",\"datePublished\":\"2016-11-07T15:23:56+00:00\",\"dateModified\":\"2025-07-01T13:31:41+00:00\",\"description\":\"Le spray Addinol d'huile est probablement la meilleure huile pour armes du march\u00e9. Il s'agit d'une huile enti\u00e8rement synth\u00e9tique.\",\"breadcrumb\":{\"@id\":\"https:\/\/staging.lucky-hunter.com\/product\/addinol-weapon-oil-spray\/#breadcrumb\"},\"inLanguage\":\"fr-FR\",\"potentialAction\":[{\"@type\":\"ReadAction\",\"target\":[\"https:\/\/staging.lucky-hunter.com\/product\/addinol-weapon-oil-spray\/\"]}]},{\"@type\":\"ImageObject\",\"inLanguage\":\"fr-FR\",\"@id\":\"https:\/\/staging.lucky-hunter.com\/product\/addinol-weapon-oil-spray\/#primaryimage\",\"url\":\"https:\/\/staging.lucky-hunter.com\/wp-content\/uploads\/2016\/11\/520001-2.png\",\"contentUrl\":\"https:\/\/staging.lucky-hunter.com\/wp-content\/uploads\/2016\/11\/520001-2.png\",\"width\":1000,\"height\":1000},{\"@type\":\"BreadcrumbList\",\"@id\":\"https:\/\/staging.lucky-hunter.com\/product\/addinol-weapon-oil-spray\/#breadcrumb\",\"itemListElement\":[{\"@type\":\"ListItem\",\"position\":1,\"name\":\"Home\",\"item\":\"https:\/\/staging.lucky-hunter.com\/fr\/\"},{\"@type\":\"ListItem\",\"position\":2,\"name\":\"Boutique\",\"item\":\"https:\/\/staging.lucky-hunter.com\/fr\/shop\/\"},{\"@type\":\"ListItem\",\"position\":3,\"name\":\"Spray d&#8217;huile Addinol\"}]},{\"@type\":\"WebSite\",\"@id\":\"https:\/\/staging.lucky-hunter.com\/#website\",\"url\":\"https:\/\/staging.lucky-hunter.com\/\",\"name\":\"Lucky-Hunter\",\"description\":\"Gear Up or Give Up\",\"potentialAction\":[{\"@type\":\"SearchAction\",\"target\":{\"@type\":\"EntryPoint\",\"urlTemplate\":\"https:\/\/staging.lucky-hunter.com\/?s={search_term_string}\"},\"query-input\":{\"@type\":\"PropertyValueSpecification\",\"valueRequired\":true,\"valueName\":\"search_term_string\"}}],\"inLanguage\":\"fr-FR\"}]}<\/script>\n<!-- \/ Yoast SEO plugin. -->","yoast_head_json":{"title":"Spray d'huile Addinol","description":"Le spray Addinol d'huile est probablement la meilleure huile pour armes du march\u00e9. Il s'agit d'une huile enti\u00e8rement synth\u00e9tique.","robots":{"index":"noindex","follow":"follow","max-snippet":"max-snippet:-1","max-image-preview":"max-image-preview:large","max-video-preview":"max-video-preview:-1"},"og_locale":"fr_FR","og_type":"article","og_title":"Spray d'huile Addinol","og_description":"Le spray Addinol d'huile est probablement la meilleure huile pour armes du march\u00e9. Il s'agit d'une huile enti\u00e8rement synth\u00e9tique.","og_url":"https:\/\/staging.lucky-hunter.com\/product\/addinol-weapon-oil-spray\/","og_site_name":"Lucky-Hunter","article_modified_time":"2025-07-01T13:31:41+00:00","og_image":[{"width":1000,"height":1000,"url":"https:\/\/staging.lucky-hunter.com\/wp-content\/uploads\/2016\/11\/520001-2.png","type":"image\/png"}],"twitter_card":"summary_large_image","twitter_misc":{"Dur\u00e9e de lecture estim\u00e9e":"1 minute"},"schema":{"@context":"https:\/\/schema.org","@graph":[{"@type":"WebPage","@id":"https:\/\/staging.lucky-hunter.com\/product\/addinol-weapon-oil-spray\/","url":"https:\/\/staging.lucky-hunter.com\/product\/addinol-weapon-oil-spray\/","name":"Spray d'huile Addinol","isPartOf":{"@id":"https:\/\/staging.lucky-hunter.com\/#website"},"primaryImageOfPage":{"@id":"https:\/\/staging.lucky-hunter.com\/product\/addinol-weapon-oil-spray\/#primaryimage"},"image":{"@id":"https:\/\/staging.lucky-hunter.com\/product\/addinol-weapon-oil-spray\/#primaryimage"},"thumbnailUrl":"https:\/\/staging.lucky-hunter.com\/wp-content\/uploads\/2016\/11\/520001-2.png","datePublished":"2016-11-07T15:23:56+00:00","dateModified":"2025-07-01T13:31:41+00:00","description":"Le spray Addinol d'huile est probablement la meilleure huile pour armes du march\u00e9. Il s'agit d'une huile enti\u00e8rement synth\u00e9tique.","breadcrumb":{"@id":"https:\/\/staging.lucky-hunter.com\/product\/addinol-weapon-oil-spray\/#breadcrumb"},"inLanguage":"fr-FR","potentialAction":[{"@type":"ReadAction","target":["https:\/\/staging.lucky-hunter.com\/product\/addinol-weapon-oil-spray\/"]}]},{"@type":"ImageObject","inLanguage":"fr-FR","@id":"https:\/\/staging.lucky-hunter.com\/product\/addinol-weapon-oil-spray\/#primaryimage","url":"https:\/\/staging.lucky-hunter.com\/wp-content\/uploads\/2016\/11\/520001-2.png","contentUrl":"https:\/\/staging.lucky-hunter.com\/wp-content\/uploads\/2016\/11\/520001-2.png","width":1000,"height":1000},{"@type":"BreadcrumbList","@id":"https:\/\/staging.lucky-hunter.com\/product\/addinol-weapon-oil-spray\/#breadcrumb","itemListElement":[{"@type":"ListItem","position":1,"name":"Home","item":"https:\/\/staging.lucky-hunter.com\/fr\/"},{"@type":"ListItem","position":2,"name":"Boutique","item":"https:\/\/staging.lucky-hunter.com\/fr\/shop\/"},{"@type":"ListItem","position":3,"name":"Spray d&#8217;huile Addinol"}]},{"@type":"WebSite","@id":"https:\/\/staging.lucky-hunter.com\/#website","url":"https:\/\/staging.lucky-hunter.com\/","name":"Lucky-Hunter","description":"Gear Up or Give Up","potentialAction":[{"@type":"SearchAction","target":{"@type":"EntryPoint","urlTemplate":"https:\/\/staging.lucky-hunter.com\/?s={search_term_string}"},"query-input":{"@type":"PropertyValueSpecification","valueRequired":true,"valueName":"search_term_string"}}],"inLanguage":"fr-FR"}]}},"_links":{"self":[{"href":"https:\/\/staging.lucky-hunter.com\/fr\/wp-json\/wp\/v2\/product\/55833"}],"collection":[{"href":"https:\/\/staging.lucky-hunter.com\/fr\/wp-json\/wp\/v2\/product"}],"about":[{"href":"https:\/\/staging.lucky-hunter.com\/fr\/wp-json\/wp\/v2\/types\/product"}],"wp:featuredmedia":[{"embeddable":true,"href":"https:\/\/staging.lucky-hunter.com\/fr\/wp-json\/wp\/v2\/media\/30130"}],"wp:attachment":[{"href":"https:\/\/staging.lucky-hunter.com\/fr\/wp-json\/wp\/v2\/media?parent=55833"}],"wp:term":[{"taxonomy":"product_brand","embeddable":true,"href":"https:\/\/staging.lucky-hunter.com\/fr\/wp-json\/wp\/v2\/product_brand?post=55833"},{"taxonomy":"product_cat","embeddable":true,"href":"https:\/\/staging.lucky-hunter.com\/fr\/wp-json\/wp\/v2\/product_cat?post=55833"},{"taxonomy":"product_tag","embeddable":true,"href":"https:\/\/staging.lucky-hunter.com\/fr\/wp-json\/wp\/v2\/product_tag?post=55833"}],"curies":[{"name":"wp","href":"https:\/\/api.w.org\/{rel}","templated":true}]}}