{"id":55832,"date":"2022-12-01T12:42:51","date_gmt":"2022-12-01T11:42:51","guid":{"rendered":"https:\/\/staging.lucky-hunter.com\/product\/3-n-1-paddle-attachment-for-trac-loc-push-pole\/"},"modified":"2023-01-17T01:07:22","modified_gmt":"2023-01-17T00:07:22","slug":"3-n-1-paddle-attachment-for-trac-loc-push-pole","status":"publish","type":"product","link":"https:\/\/staging.lucky-hunter.com\/fr\/product\/3-n-1-paddle-attachment-for-trac-loc-push-pole\/","title":{"rendered":"Pagaie 3 en 1 &#8211; Accessoire pour Trac-Loc Push Pole"},"content":{"rendered":"<p><iframe title=\"3-n-1 Paddle \u2013 Attachment for Trac-Loc Push Pole\" width=\"1020\" height=\"574\" src=\"https:\/\/www.youtube.com\/embed\/ur4RVteD-dM?wmode=transparent&amp;rel=0&amp;feature=oembed&#038;enablejsapi=1&#038;origin=https:\/\/staging.lucky-hunter.com\" frameborder=\"0\" allow=\"accelerometer; autoplay; clipboard-write; encrypted-media; gyroscope; picture-in-picture\" allowfullscreen><\/iframe><\/p>\n<h1>Pagaie 3 en 1 &#8211; Accessoire pour Trac-Loc Push Pole<\/h1>\n<p style=\"font-weight: 300 !important;\">Que vous ayez besoin de pousser un arbre, de r\u00e9cup\u00e9rer une forme ou de vous d\u00e9placer en bateau, la pagaie Waterfowlers est votre alli\u00e9e. C&#8217;est la pagaie id\u00e9ale pour tout sauvaginier chassant sur l&#8217;eau ou aux alentours.<\/p>\n<ul>\n<li style=\"font-weight: 300 !important;\">\u00a0ABS haute densit\u00e9 r\u00e9sistant<\/li>\n<li style=\"font-weight: 300 !important;\">Structure cannel\u00e9e l\u00e9g\u00e8re<\/li>\n<li style=\"font-weight: 300 !important;\">Emplacements de ligne pour r\u00e9cup\u00e9rer les formes<\/li>\n<li style=\"font-weight: 300 !important;\">Extr\u00e9mit\u00e9 concave pour une pouss\u00e9e puissante<\/li>\n<\/ul>\n","protected":false},"excerpt":{"rendered":"<p>Que vous ayez besoin de pousser un arbre, de r\u00e9cup\u00e9rer vos formes ou de vous d\u00e9placer en bateau, la pagaie Waterfowlers est votre alli\u00e9e.<\/p>\n","protected":false},"featured_media":54348,"template":"","meta":[],"product_brand":[8123],"product_cat":[8171],"product_tag":[9235],"yoast_head":"<!-- This site is optimized with the Yoast SEO plugin v24.3 - https:\/\/yoast.com\/wordpress\/plugins\/seo\/ -->\n<title>Pagaie 3 en 1 - Accessoire pour Trac-Loc Push Pole - | Lucky-hunter<\/title>\n<meta name=\"description\" content=\"Que vous ayez besoin de pousser un arbre, de r\u00e9cup\u00e9rer vos formes ou de vous d\u00e9placer en bateau, la pagaie Waterfowlers est votre alli\u00e9e.\" \/>\n<meta name=\"robots\" content=\"noindex, follow, max-snippet:-1, max-image-preview:large, max-video-preview:-1\" \/>\n<meta property=\"og:locale\" content=\"fr_FR\" \/>\n<meta property=\"og:type\" content=\"article\" \/>\n<meta property=\"og:title\" content=\"Pagaie 3 en 1 - Accessoire pour Trac-Loc Push Pole - | Lucky-hunter\" \/>\n<meta property=\"og:description\" content=\"Que vous ayez besoin de pousser un arbre, de r\u00e9cup\u00e9rer vos formes ou de vous d\u00e9placer en bateau, la pagaie Waterfowlers est votre alli\u00e9e.\" \/>\n<meta property=\"og:url\" content=\"https:\/\/staging.lucky-hunter.com\/fr\/product\/3-n-1-paddle-attachment-for-trac-loc-push-pole\/\" \/>\n<meta property=\"og:site_name\" content=\"Lucky-Hunter\" \/>\n<meta property=\"article:modified_time\" content=\"2023-01-17T00:07:22+00:00\" \/>\n<meta property=\"og:image\" content=\"https:\/\/staging.lucky-hunter.com\/wp-content\/uploads\/2022\/12\/JP-80-1.png\" \/>\n\t<meta property=\"og:image:width\" content=\"1000\" \/>\n\t<meta property=\"og:image:height\" content=\"1000\" \/>\n\t<meta property=\"og:image:type\" content=\"image\/png\" \/>\n<meta name=\"twitter:card\" content=\"summary_large_image\" \/>\n<meta name=\"twitter:label1\" content=\"Dur\u00e9e de lecture estim\u00e9e\" \/>\n\t<meta name=\"twitter:data1\" content=\"1 minute\" \/>\n<script type=\"application\/ld+json\" class=\"yoast-schema-graph\">{\"@context\":\"https:\/\/schema.org\",\"@graph\":[{\"@type\":\"WebPage\",\"@id\":\"https:\/\/staging.lucky-hunter.com\/fr\/product\/3-n-1-paddle-attachment-for-trac-loc-push-pole\/\",\"url\":\"https:\/\/staging.lucky-hunter.com\/fr\/product\/3-n-1-paddle-attachment-for-trac-loc-push-pole\/\",\"name\":\"Pagaie 3 en 1 - Accessoire pour Trac-Loc Push Pole - | Lucky-hunter\",\"isPartOf\":{\"@id\":\"https:\/\/staging.lucky-hunter.com\/#website\"},\"primaryImageOfPage\":{\"@id\":\"https:\/\/staging.lucky-hunter.com\/fr\/product\/3-n-1-paddle-attachment-for-trac-loc-push-pole\/#primaryimage\"},\"image\":{\"@id\":\"https:\/\/staging.lucky-hunter.com\/fr\/product\/3-n-1-paddle-attachment-for-trac-loc-push-pole\/#primaryimage\"},\"thumbnailUrl\":\"https:\/\/staging.lucky-hunter.com\/wp-content\/uploads\/2022\/12\/JP-80-1.png\",\"datePublished\":\"2022-12-01T11:42:51+00:00\",\"dateModified\":\"2023-01-17T00:07:22+00:00\",\"description\":\"Que vous ayez besoin de pousser un arbre, de r\u00e9cup\u00e9rer vos formes ou de vous d\u00e9placer en bateau, la pagaie Waterfowlers est votre alli\u00e9e.\",\"breadcrumb\":{\"@id\":\"https:\/\/staging.lucky-hunter.com\/fr\/product\/3-n-1-paddle-attachment-for-trac-loc-push-pole\/#breadcrumb\"},\"inLanguage\":\"fr-FR\",\"potentialAction\":[{\"@type\":\"ReadAction\",\"target\":[\"https:\/\/staging.lucky-hunter.com\/fr\/product\/3-n-1-paddle-attachment-for-trac-loc-push-pole\/\"]}]},{\"@type\":\"ImageObject\",\"inLanguage\":\"fr-FR\",\"@id\":\"https:\/\/staging.lucky-hunter.com\/fr\/product\/3-n-1-paddle-attachment-for-trac-loc-push-pole\/#primaryimage\",\"url\":\"https:\/\/staging.lucky-hunter.com\/wp-content\/uploads\/2022\/12\/JP-80-1.png\",\"contentUrl\":\"https:\/\/staging.lucky-hunter.com\/wp-content\/uploads\/2022\/12\/JP-80-1.png\",\"width\":1000,\"height\":1000},{\"@type\":\"BreadcrumbList\",\"@id\":\"https:\/\/staging.lucky-hunter.com\/fr\/product\/3-n-1-paddle-attachment-for-trac-loc-push-pole\/#breadcrumb\",\"itemListElement\":[{\"@type\":\"ListItem\",\"position\":1,\"name\":\"Home\",\"item\":\"https:\/\/staging.lucky-hunter.com\/fr\/\"},{\"@type\":\"ListItem\",\"position\":2,\"name\":\"Boutique\",\"item\":\"https:\/\/staging.lucky-hunter.com\/fr\/shop\/\"},{\"@type\":\"ListItem\",\"position\":3,\"name\":\"Pagaie 3 en 1 &#8211; Accessoire pour Trac-Loc Push Pole\"}]},{\"@type\":\"WebSite\",\"@id\":\"https:\/\/staging.lucky-hunter.com\/#website\",\"url\":\"https:\/\/staging.lucky-hunter.com\/\",\"name\":\"Lucky-Hunter\",\"description\":\"Gear Up or Give Up\",\"potentialAction\":[{\"@type\":\"SearchAction\",\"target\":{\"@type\":\"EntryPoint\",\"urlTemplate\":\"https:\/\/staging.lucky-hunter.com\/?s={search_term_string}\"},\"query-input\":{\"@type\":\"PropertyValueSpecification\",\"valueRequired\":true,\"valueName\":\"search_term_string\"}}],\"inLanguage\":\"fr-FR\"}]}<\/script>\n<!-- \/ Yoast SEO plugin. -->","yoast_head_json":{"title":"Pagaie 3 en 1 - Accessoire pour Trac-Loc Push Pole - | Lucky-hunter","description":"Que vous ayez besoin de pousser un arbre, de r\u00e9cup\u00e9rer vos formes ou de vous d\u00e9placer en bateau, la pagaie Waterfowlers est votre alli\u00e9e.","robots":{"index":"noindex","follow":"follow","max-snippet":"max-snippet:-1","max-image-preview":"max-image-preview:large","max-video-preview":"max-video-preview:-1"},"og_locale":"fr_FR","og_type":"article","og_title":"Pagaie 3 en 1 - Accessoire pour Trac-Loc Push Pole - | Lucky-hunter","og_description":"Que vous ayez besoin de pousser un arbre, de r\u00e9cup\u00e9rer vos formes ou de vous d\u00e9placer en bateau, la pagaie Waterfowlers est votre alli\u00e9e.","og_url":"https:\/\/staging.lucky-hunter.com\/fr\/product\/3-n-1-paddle-attachment-for-trac-loc-push-pole\/","og_site_name":"Lucky-Hunter","article_modified_time":"2023-01-17T00:07:22+00:00","og_image":[{"width":1000,"height":1000,"url":"https:\/\/staging.lucky-hunter.com\/wp-content\/uploads\/2022\/12\/JP-80-1.png","type":"image\/png"}],"twitter_card":"summary_large_image","twitter_misc":{"Dur\u00e9e de lecture estim\u00e9e":"1 minute"},"schema":{"@context":"https:\/\/schema.org","@graph":[{"@type":"WebPage","@id":"https:\/\/staging.lucky-hunter.com\/fr\/product\/3-n-1-paddle-attachment-for-trac-loc-push-pole\/","url":"https:\/\/staging.lucky-hunter.com\/fr\/product\/3-n-1-paddle-attachment-for-trac-loc-push-pole\/","name":"Pagaie 3 en 1 - Accessoire pour Trac-Loc Push Pole - | Lucky-hunter","isPartOf":{"@id":"https:\/\/staging.lucky-hunter.com\/#website"},"primaryImageOfPage":{"@id":"https:\/\/staging.lucky-hunter.com\/fr\/product\/3-n-1-paddle-attachment-for-trac-loc-push-pole\/#primaryimage"},"image":{"@id":"https:\/\/staging.lucky-hunter.com\/fr\/product\/3-n-1-paddle-attachment-for-trac-loc-push-pole\/#primaryimage"},"thumbnailUrl":"https:\/\/staging.lucky-hunter.com\/wp-content\/uploads\/2022\/12\/JP-80-1.png","datePublished":"2022-12-01T11:42:51+00:00","dateModified":"2023-01-17T00:07:22+00:00","description":"Que vous ayez besoin de pousser un arbre, de r\u00e9cup\u00e9rer vos formes ou de vous d\u00e9placer en bateau, la pagaie Waterfowlers est votre alli\u00e9e.","breadcrumb":{"@id":"https:\/\/staging.lucky-hunter.com\/fr\/product\/3-n-1-paddle-attachment-for-trac-loc-push-pole\/#breadcrumb"},"inLanguage":"fr-FR","potentialAction":[{"@type":"ReadAction","target":["https:\/\/staging.lucky-hunter.com\/fr\/product\/3-n-1-paddle-attachment-for-trac-loc-push-pole\/"]}]},{"@type":"ImageObject","inLanguage":"fr-FR","@id":"https:\/\/staging.lucky-hunter.com\/fr\/product\/3-n-1-paddle-attachment-for-trac-loc-push-pole\/#primaryimage","url":"https:\/\/staging.lucky-hunter.com\/wp-content\/uploads\/2022\/12\/JP-80-1.png","contentUrl":"https:\/\/staging.lucky-hunter.com\/wp-content\/uploads\/2022\/12\/JP-80-1.png","width":1000,"height":1000},{"@type":"BreadcrumbList","@id":"https:\/\/staging.lucky-hunter.com\/fr\/product\/3-n-1-paddle-attachment-for-trac-loc-push-pole\/#breadcrumb","itemListElement":[{"@type":"ListItem","position":1,"name":"Home","item":"https:\/\/staging.lucky-hunter.com\/fr\/"},{"@type":"ListItem","position":2,"name":"Boutique","item":"https:\/\/staging.lucky-hunter.com\/fr\/shop\/"},{"@type":"ListItem","position":3,"name":"Pagaie 3 en 1 &#8211; Accessoire pour Trac-Loc Push Pole"}]},{"@type":"WebSite","@id":"https:\/\/staging.lucky-hunter.com\/#website","url":"https:\/\/staging.lucky-hunter.com\/","name":"Lucky-Hunter","description":"Gear Up or Give Up","potentialAction":[{"@type":"SearchAction","target":{"@type":"EntryPoint","urlTemplate":"https:\/\/staging.lucky-hunter.com\/?s={search_term_string}"},"query-input":{"@type":"PropertyValueSpecification","valueRequired":true,"valueName":"search_term_string"}}],"inLanguage":"fr-FR"}]}},"_links":{"self":[{"href":"https:\/\/staging.lucky-hunter.com\/fr\/wp-json\/wp\/v2\/product\/55832"}],"collection":[{"href":"https:\/\/staging.lucky-hunter.com\/fr\/wp-json\/wp\/v2\/product"}],"about":[{"href":"https:\/\/staging.lucky-hunter.com\/fr\/wp-json\/wp\/v2\/types\/product"}],"wp:featuredmedia":[{"embeddable":true,"href":"https:\/\/staging.lucky-hunter.com\/fr\/wp-json\/wp\/v2\/media\/54348"}],"wp:attachment":[{"href":"https:\/\/staging.lucky-hunter.com\/fr\/wp-json\/wp\/v2\/media?parent=55832"}],"wp:term":[{"taxonomy":"product_brand","embeddable":true,"href":"https:\/\/staging.lucky-hunter.com\/fr\/wp-json\/wp\/v2\/product_brand?post=55832"},{"taxonomy":"product_cat","embeddable":true,"href":"https:\/\/staging.lucky-hunter.com\/fr\/wp-json\/wp\/v2\/product_cat?post=55832"},{"taxonomy":"product_tag","embeddable":true,"href":"https:\/\/staging.lucky-hunter.com\/fr\/wp-json\/wp\/v2\/product_tag?post=55832"}],"curies":[{"name":"wp","href":"https:\/\/api.w.org\/{rel}","templated":true}]}}