{"id":55829,"date":"2017-06-21T10:05:19","date_gmt":"2017-06-21T08:05:19","guid":{"rendered":"https:\/\/staging.lucky-hunter.com\/product\/beavertail-big-gunner-snow-cover\/"},"modified":"2025-07-01T13:47:05","modified_gmt":"2025-07-01T11:47:05","slug":"camouflage-neige-pour-beavertail-big-gunner","status":"publish","type":"product","link":"https:\/\/staging.lucky-hunter.com\/fr\/product\/camouflage-neige-pour-beavertail-big-gunner\/","title":{"rendered":"Camouflage Neige Beavertail Big Gunner"},"content":{"rendered":"<h1><strong>Camouflage Neige pour Beavertail Big Gunner &#8211; Parfait pour votre aff\u00fbt Beavertail<\/strong><\/h1>\n<p>Le camouflage s\u2019enfile facilement par dessus l\u2019aff\u00fbt et il peut se r\u00e9v\u00e9ler utile m\u00eame lorsqu\u2019il n\u2019y a pas de neige. Utilisez-le au beau milieu des formes pour attirer encore plus l\u2019attention. Vous serez au plus pr\u00e8s des oies qui atterrissent.<\/p>\n<p>Gr\u00e2ce \u00e0 cette polyvalence, il n\u2019est pas n\u00e9cessaire de le garder de c\u00f4t\u00e9 pour s\u2019en servir uniquement lorsqu\u2019il neige.<\/p>\n<p>Le camouflage dispose de sangles cousues pour y ajouter de la v\u00e9g\u00e9tation. Il est donc tr\u00e8s facile de le fondre dans le d\u00e9cor en lui donnant une apparence naturelle quel que soit l\u2019endroit.<\/p>\n<p>Dimensions\u00a0: 34 x 102 x 51 cm<\/p>\n<p>Poids : 1,8 kg.<\/p>\n<p>Polyester 600 deniers avec enduction de polyur\u00e9thane.<\/p>\n","protected":false},"excerpt":{"rendered":"<p>Le camouflage s\u2019enfile facilement par dessus l\u2019aff\u00fbt et il peut se r\u00e9v\u00e9ler utile m\u00eame lorsqu\u2019il n\u2019y a pas de neige.<\/p>\n","protected":false},"featured_media":29411,"template":"","meta":[],"product_brand":[9552],"product_cat":[8164],"product_tag":[],"yoast_head":"<!-- This site is optimized with the Yoast SEO plugin v24.3 - https:\/\/yoast.com\/wordpress\/plugins\/seo\/ -->\n<title>Camouflage Neige pour Beavertail Big Gunner<\/title>\n<meta name=\"description\" content=\"Camouflage toute l&#039;ann\u00e9e. Le Camouflage Neige Beavertail Big Gunner est l&#039;accessoire parfait pour votre aff\u00fbt couch\u00e9 Beavertail.\" \/>\n<meta name=\"robots\" content=\"noindex, follow, max-snippet:-1, max-image-preview:large, max-video-preview:-1\" \/>\n<meta property=\"og:locale\" content=\"fr_FR\" \/>\n<meta property=\"og:type\" content=\"article\" \/>\n<meta property=\"og:title\" content=\"Camouflage Neige Beavertail Big Gunner pour votre Aff\u00fbt Beavertail | Lucky Hunter\" \/>\n<meta property=\"og:description\" content=\"Camouflage toute l&#039;ann\u00e9e. Le Camouflage Neige Beavertail Big Gunner est l&#039;accessoire parfait pour votre aff\u00fbt couch\u00e9 Beavertail. Parfait pour se camoufler ou pour attirer l&#039;attention\" \/>\n<meta property=\"og:url\" content=\"https:\/\/staging.lucky-hunter.com\/fr\/product\/camouflage-neige-pour-beavertail-big-gunner\/\" \/>\n<meta property=\"og:site_name\" content=\"Lucky-Hunter\" \/>\n<meta property=\"article:modified_time\" content=\"2025-07-01T11:47:05+00:00\" \/>\n<meta property=\"og:image\" content=\"https:\/\/staging.lucky-hunter.com\/wp-content\/uploads\/2017\/06\/LS-255-2.png\" \/>\n\t<meta property=\"og:image:width\" content=\"1000\" \/>\n\t<meta property=\"og:image:height\" content=\"1000\" \/>\n\t<meta property=\"og:image:type\" content=\"image\/png\" \/>\n<meta name=\"twitter:card\" content=\"summary_large_image\" \/>\n<meta name=\"twitter:title\" content=\"Camouflage Neige Beavertail Big Gunner pour votre Aff\u00fbt Beavertail | Lucky Hunter\" \/>\n<meta name=\"twitter:description\" content=\"Camouflage toute l&#039;ann\u00e9e. Le Camouflage Neige Beavertail Big Gunner est l&#039;accessoire parfait pour votre aff\u00fbt couch\u00e9 Beavertail. Parfait pour se camoufler ou pour attirer l&#039;attention\" \/>\n<meta name=\"twitter:label1\" content=\"Dur\u00e9e de lecture estim\u00e9e\" \/>\n\t<meta name=\"twitter:data1\" content=\"1 minute\" \/>\n<script type=\"application\/ld+json\" class=\"yoast-schema-graph\">{\"@context\":\"https:\/\/schema.org\",\"@graph\":[{\"@type\":\"WebPage\",\"@id\":\"https:\/\/staging.lucky-hunter.com\/fr\/product\/camouflage-neige-pour-beavertail-big-gunner\/\",\"url\":\"https:\/\/staging.lucky-hunter.com\/fr\/product\/camouflage-neige-pour-beavertail-big-gunner\/\",\"name\":\"Camouflage Neige pour Beavertail Big Gunner\",\"isPartOf\":{\"@id\":\"https:\/\/staging.lucky-hunter.com\/#website\"},\"primaryImageOfPage\":{\"@id\":\"https:\/\/staging.lucky-hunter.com\/fr\/product\/camouflage-neige-pour-beavertail-big-gunner\/#primaryimage\"},\"image\":{\"@id\":\"https:\/\/staging.lucky-hunter.com\/fr\/product\/camouflage-neige-pour-beavertail-big-gunner\/#primaryimage\"},\"thumbnailUrl\":\"https:\/\/staging.lucky-hunter.com\/wp-content\/uploads\/2017\/06\/LS-255-2.png\",\"datePublished\":\"2017-06-21T08:05:19+00:00\",\"dateModified\":\"2025-07-01T11:47:05+00:00\",\"description\":\"Camouflage toute l'ann\u00e9e. Le Camouflage Neige Beavertail Big Gunner est l'accessoire parfait pour votre aff\u00fbt couch\u00e9 Beavertail.\",\"breadcrumb\":{\"@id\":\"https:\/\/staging.lucky-hunter.com\/fr\/product\/camouflage-neige-pour-beavertail-big-gunner\/#breadcrumb\"},\"inLanguage\":\"fr-FR\",\"potentialAction\":[{\"@type\":\"ReadAction\",\"target\":[\"https:\/\/staging.lucky-hunter.com\/fr\/product\/camouflage-neige-pour-beavertail-big-gunner\/\"]}]},{\"@type\":\"ImageObject\",\"inLanguage\":\"fr-FR\",\"@id\":\"https:\/\/staging.lucky-hunter.com\/fr\/product\/camouflage-neige-pour-beavertail-big-gunner\/#primaryimage\",\"url\":\"https:\/\/staging.lucky-hunter.com\/wp-content\/uploads\/2017\/06\/LS-255-2.png\",\"contentUrl\":\"https:\/\/staging.lucky-hunter.com\/wp-content\/uploads\/2017\/06\/LS-255-2.png\",\"width\":1000,\"height\":1000,\"caption\":\"Image of Beavertail Big Gunner Snow Cover\"},{\"@type\":\"BreadcrumbList\",\"@id\":\"https:\/\/staging.lucky-hunter.com\/fr\/product\/camouflage-neige-pour-beavertail-big-gunner\/#breadcrumb\",\"itemListElement\":[{\"@type\":\"ListItem\",\"position\":1,\"name\":\"Home\",\"item\":\"https:\/\/staging.lucky-hunter.com\/fr\/\"},{\"@type\":\"ListItem\",\"position\":2,\"name\":\"Boutique\",\"item\":\"https:\/\/staging.lucky-hunter.com\/fr\/shop\/\"},{\"@type\":\"ListItem\",\"position\":3,\"name\":\"Camouflage Neige Beavertail Big Gunner\"}]},{\"@type\":\"WebSite\",\"@id\":\"https:\/\/staging.lucky-hunter.com\/#website\",\"url\":\"https:\/\/staging.lucky-hunter.com\/\",\"name\":\"Lucky-Hunter\",\"description\":\"Gear Up or Give Up\",\"potentialAction\":[{\"@type\":\"SearchAction\",\"target\":{\"@type\":\"EntryPoint\",\"urlTemplate\":\"https:\/\/staging.lucky-hunter.com\/?s={search_term_string}\"},\"query-input\":{\"@type\":\"PropertyValueSpecification\",\"valueRequired\":true,\"valueName\":\"search_term_string\"}}],\"inLanguage\":\"fr-FR\"}]}<\/script>\n<!-- \/ Yoast SEO plugin. -->","yoast_head_json":{"title":"Camouflage Neige pour Beavertail Big Gunner","description":"Camouflage toute l'ann\u00e9e. Le Camouflage Neige Beavertail Big Gunner est l'accessoire parfait pour votre aff\u00fbt couch\u00e9 Beavertail.","robots":{"index":"noindex","follow":"follow","max-snippet":"max-snippet:-1","max-image-preview":"max-image-preview:large","max-video-preview":"max-video-preview:-1"},"og_locale":"fr_FR","og_type":"article","og_title":"Camouflage Neige Beavertail Big Gunner pour votre Aff\u00fbt Beavertail | Lucky Hunter","og_description":"Camouflage toute l'ann\u00e9e. Le Camouflage Neige Beavertail Big Gunner est l'accessoire parfait pour votre aff\u00fbt couch\u00e9 Beavertail. Parfait pour se camoufler ou pour attirer l'attention","og_url":"https:\/\/staging.lucky-hunter.com\/fr\/product\/camouflage-neige-pour-beavertail-big-gunner\/","og_site_name":"Lucky-Hunter","article_modified_time":"2025-07-01T11:47:05+00:00","og_image":[{"width":1000,"height":1000,"url":"https:\/\/staging.lucky-hunter.com\/wp-content\/uploads\/2017\/06\/LS-255-2.png","type":"image\/png"}],"twitter_card":"summary_large_image","twitter_title":"Camouflage Neige Beavertail Big Gunner pour votre Aff\u00fbt Beavertail | Lucky Hunter","twitter_description":"Camouflage toute l'ann\u00e9e. Le Camouflage Neige Beavertail Big Gunner est l'accessoire parfait pour votre aff\u00fbt couch\u00e9 Beavertail. Parfait pour se camoufler ou pour attirer l'attention","twitter_misc":{"Dur\u00e9e de lecture estim\u00e9e":"1 minute"},"schema":{"@context":"https:\/\/schema.org","@graph":[{"@type":"WebPage","@id":"https:\/\/staging.lucky-hunter.com\/fr\/product\/camouflage-neige-pour-beavertail-big-gunner\/","url":"https:\/\/staging.lucky-hunter.com\/fr\/product\/camouflage-neige-pour-beavertail-big-gunner\/","name":"Camouflage Neige pour Beavertail Big Gunner","isPartOf":{"@id":"https:\/\/staging.lucky-hunter.com\/#website"},"primaryImageOfPage":{"@id":"https:\/\/staging.lucky-hunter.com\/fr\/product\/camouflage-neige-pour-beavertail-big-gunner\/#primaryimage"},"image":{"@id":"https:\/\/staging.lucky-hunter.com\/fr\/product\/camouflage-neige-pour-beavertail-big-gunner\/#primaryimage"},"thumbnailUrl":"https:\/\/staging.lucky-hunter.com\/wp-content\/uploads\/2017\/06\/LS-255-2.png","datePublished":"2017-06-21T08:05:19+00:00","dateModified":"2025-07-01T11:47:05+00:00","description":"Camouflage toute l'ann\u00e9e. Le Camouflage Neige Beavertail Big Gunner est l'accessoire parfait pour votre aff\u00fbt couch\u00e9 Beavertail.","breadcrumb":{"@id":"https:\/\/staging.lucky-hunter.com\/fr\/product\/camouflage-neige-pour-beavertail-big-gunner\/#breadcrumb"},"inLanguage":"fr-FR","potentialAction":[{"@type":"ReadAction","target":["https:\/\/staging.lucky-hunter.com\/fr\/product\/camouflage-neige-pour-beavertail-big-gunner\/"]}]},{"@type":"ImageObject","inLanguage":"fr-FR","@id":"https:\/\/staging.lucky-hunter.com\/fr\/product\/camouflage-neige-pour-beavertail-big-gunner\/#primaryimage","url":"https:\/\/staging.lucky-hunter.com\/wp-content\/uploads\/2017\/06\/LS-255-2.png","contentUrl":"https:\/\/staging.lucky-hunter.com\/wp-content\/uploads\/2017\/06\/LS-255-2.png","width":1000,"height":1000,"caption":"Image of Beavertail Big Gunner Snow Cover"},{"@type":"BreadcrumbList","@id":"https:\/\/staging.lucky-hunter.com\/fr\/product\/camouflage-neige-pour-beavertail-big-gunner\/#breadcrumb","itemListElement":[{"@type":"ListItem","position":1,"name":"Home","item":"https:\/\/staging.lucky-hunter.com\/fr\/"},{"@type":"ListItem","position":2,"name":"Boutique","item":"https:\/\/staging.lucky-hunter.com\/fr\/shop\/"},{"@type":"ListItem","position":3,"name":"Camouflage Neige Beavertail Big Gunner"}]},{"@type":"WebSite","@id":"https:\/\/staging.lucky-hunter.com\/#website","url":"https:\/\/staging.lucky-hunter.com\/","name":"Lucky-Hunter","description":"Gear Up or Give Up","potentialAction":[{"@type":"SearchAction","target":{"@type":"EntryPoint","urlTemplate":"https:\/\/staging.lucky-hunter.com\/?s={search_term_string}"},"query-input":{"@type":"PropertyValueSpecification","valueRequired":true,"valueName":"search_term_string"}}],"inLanguage":"fr-FR"}]}},"_links":{"self":[{"href":"https:\/\/staging.lucky-hunter.com\/fr\/wp-json\/wp\/v2\/product\/55829"}],"collection":[{"href":"https:\/\/staging.lucky-hunter.com\/fr\/wp-json\/wp\/v2\/product"}],"about":[{"href":"https:\/\/staging.lucky-hunter.com\/fr\/wp-json\/wp\/v2\/types\/product"}],"wp:featuredmedia":[{"embeddable":true,"href":"https:\/\/staging.lucky-hunter.com\/fr\/wp-json\/wp\/v2\/media\/29411"}],"wp:attachment":[{"href":"https:\/\/staging.lucky-hunter.com\/fr\/wp-json\/wp\/v2\/media?parent=55829"}],"wp:term":[{"taxonomy":"product_brand","embeddable":true,"href":"https:\/\/staging.lucky-hunter.com\/fr\/wp-json\/wp\/v2\/product_brand?post=55829"},{"taxonomy":"product_cat","embeddable":true,"href":"https:\/\/staging.lucky-hunter.com\/fr\/wp-json\/wp\/v2\/product_cat?post=55829"},{"taxonomy":"product_tag","embeddable":true,"href":"https:\/\/staging.lucky-hunter.com\/fr\/wp-json\/wp\/v2\/product_tag?post=55829"}],"curies":[{"name":"wp","href":"https:\/\/api.w.org\/{rel}","templated":true}]}}