{"id":55827,"date":"2022-01-10T15:53:23","date_gmt":"2022-01-10T14:53:23","guid":{"rendered":"https:\/\/staging.lucky-hunter.com\/product\/skull-plate-screw-stag\/"},"modified":"2025-06-24T14:40:04","modified_gmt":"2025-06-24T12:40:04","slug":"vis-decusson-pour-crane-de-cerf","status":"publish","type":"product","link":"https:\/\/staging.lucky-hunter.com\/fr\/product\/vis-decusson-pour-crane-de-cerf\/","title":{"rendered":"Vis d\u2019\u00c9cusson pour Cr\u00e2ne de Cerf"},"content":{"rendered":"<p>Fixation fiable pour troph\u00e9es de cerfs, de daims et de chevreuils.<\/p>\n<p>Compos\u00e9e d&#8217;un mandrin expansible en m\u00e9tal et d&#8217;une vis de fixation<\/p>\n<p>Faite en acier inoxydable.<\/p>\n","protected":false},"excerpt":{"rendered":"<p>Fixation fiable pour cr\u00e2ne de cerf, de daims et de chevreuils. Faite en acier inoxydable.<\/p>\n","protected":false},"featured_media":30732,"template":"","meta":[],"product_brand":[8196],"product_cat":[9390],"product_tag":[],"yoast_head":"<!-- This site is optimized with the Yoast SEO plugin v24.3 - https:\/\/yoast.com\/wordpress\/plugins\/seo\/ -->\n<title>Cr\u00e2ne de CerfVis d\u2019\u00c9cusson pour Cr\u00e2ne de Cerf<\/title>\n<meta name=\"description\" content=\"Fixation fiable pour cr\u00e2ne de cerf, de daims et de chevreuils. Faite en acier inoxydable.\" \/>\n<meta name=\"robots\" content=\"noindex, follow, max-snippet:-1, max-image-preview:large, max-video-preview:-1\" \/>\n<meta property=\"og:locale\" content=\"fr_FR\" \/>\n<meta property=\"og:type\" content=\"article\" \/>\n<meta property=\"og:title\" content=\"Cr\u00e2ne de CerfVis d\u2019\u00c9cusson pour Cr\u00e2ne de Cerf\" \/>\n<meta property=\"og:description\" content=\"Fixation fiable pour cr\u00e2ne de cerf, de daims et de chevreuils. Faite en acier inoxydable.\" \/>\n<meta property=\"og:url\" content=\"https:\/\/staging.lucky-hunter.com\/product\/skull-plate-screw-stag\/\" \/>\n<meta property=\"og:site_name\" content=\"Lucky-Hunter\" \/>\n<meta property=\"article:modified_time\" content=\"2025-06-24T12:40:04+00:00\" \/>\n<meta property=\"og:image\" content=\"https:\/\/staging.lucky-hunter.com\/wp-content\/uploads\/2022\/01\/560897.png\" \/>\n\t<meta property=\"og:image:width\" content=\"1000\" \/>\n\t<meta property=\"og:image:height\" content=\"1000\" \/>\n\t<meta property=\"og:image:type\" content=\"image\/png\" \/>\n<meta name=\"twitter:card\" content=\"summary_large_image\" \/>\n<meta name=\"twitter:label1\" content=\"Dur\u00e9e de lecture estim\u00e9e\" \/>\n\t<meta name=\"twitter:data1\" content=\"1 minute\" \/>\n<script type=\"application\/ld+json\" class=\"yoast-schema-graph\">{\"@context\":\"https:\/\/schema.org\",\"@graph\":[{\"@type\":\"WebPage\",\"@id\":\"https:\/\/staging.lucky-hunter.com\/product\/skull-plate-screw-stag\/\",\"url\":\"https:\/\/staging.lucky-hunter.com\/product\/skull-plate-screw-stag\/\",\"name\":\"Cr\u00e2ne de CerfVis d\u2019\u00c9cusson pour Cr\u00e2ne de Cerf\",\"isPartOf\":{\"@id\":\"https:\/\/staging.lucky-hunter.com\/#website\"},\"primaryImageOfPage\":{\"@id\":\"https:\/\/staging.lucky-hunter.com\/product\/skull-plate-screw-stag\/#primaryimage\"},\"image\":{\"@id\":\"https:\/\/staging.lucky-hunter.com\/product\/skull-plate-screw-stag\/#primaryimage\"},\"thumbnailUrl\":\"https:\/\/staging.lucky-hunter.com\/wp-content\/uploads\/2022\/01\/560897.png\",\"datePublished\":\"2022-01-10T14:53:23+00:00\",\"dateModified\":\"2025-06-24T12:40:04+00:00\",\"description\":\"Fixation fiable pour cr\u00e2ne de cerf, de daims et de chevreuils. Faite en acier inoxydable.\",\"breadcrumb\":{\"@id\":\"https:\/\/staging.lucky-hunter.com\/product\/skull-plate-screw-stag\/#breadcrumb\"},\"inLanguage\":\"fr-FR\",\"potentialAction\":[{\"@type\":\"ReadAction\",\"target\":[\"https:\/\/staging.lucky-hunter.com\/product\/skull-plate-screw-stag\/\"]}]},{\"@type\":\"ImageObject\",\"inLanguage\":\"fr-FR\",\"@id\":\"https:\/\/staging.lucky-hunter.com\/product\/skull-plate-screw-stag\/#primaryimage\",\"url\":\"https:\/\/staging.lucky-hunter.com\/wp-content\/uploads\/2022\/01\/560897.png\",\"contentUrl\":\"https:\/\/staging.lucky-hunter.com\/wp-content\/uploads\/2022\/01\/560897.png\",\"width\":1000,\"height\":1000},{\"@type\":\"BreadcrumbList\",\"@id\":\"https:\/\/staging.lucky-hunter.com\/product\/skull-plate-screw-stag\/#breadcrumb\",\"itemListElement\":[{\"@type\":\"ListItem\",\"position\":1,\"name\":\"Home\",\"item\":\"https:\/\/staging.lucky-hunter.com\/fr\/\"},{\"@type\":\"ListItem\",\"position\":2,\"name\":\"Boutique\",\"item\":\"https:\/\/staging.lucky-hunter.com\/fr\/shop\/\"},{\"@type\":\"ListItem\",\"position\":3,\"name\":\"Vis d\u2019\u00c9cusson pour Cr\u00e2ne de Cerf\"}]},{\"@type\":\"WebSite\",\"@id\":\"https:\/\/staging.lucky-hunter.com\/#website\",\"url\":\"https:\/\/staging.lucky-hunter.com\/\",\"name\":\"Lucky-Hunter\",\"description\":\"Gear Up or Give Up\",\"potentialAction\":[{\"@type\":\"SearchAction\",\"target\":{\"@type\":\"EntryPoint\",\"urlTemplate\":\"https:\/\/staging.lucky-hunter.com\/?s={search_term_string}\"},\"query-input\":{\"@type\":\"PropertyValueSpecification\",\"valueRequired\":true,\"valueName\":\"search_term_string\"}}],\"inLanguage\":\"fr-FR\"}]}<\/script>\n<!-- \/ Yoast SEO plugin. -->","yoast_head_json":{"title":"Cr\u00e2ne de CerfVis d\u2019\u00c9cusson pour Cr\u00e2ne de Cerf","description":"Fixation fiable pour cr\u00e2ne de cerf, de daims et de chevreuils. Faite en acier inoxydable.","robots":{"index":"noindex","follow":"follow","max-snippet":"max-snippet:-1","max-image-preview":"max-image-preview:large","max-video-preview":"max-video-preview:-1"},"og_locale":"fr_FR","og_type":"article","og_title":"Cr\u00e2ne de CerfVis d\u2019\u00c9cusson pour Cr\u00e2ne de Cerf","og_description":"Fixation fiable pour cr\u00e2ne de cerf, de daims et de chevreuils. Faite en acier inoxydable.","og_url":"https:\/\/staging.lucky-hunter.com\/product\/skull-plate-screw-stag\/","og_site_name":"Lucky-Hunter","article_modified_time":"2025-06-24T12:40:04+00:00","og_image":[{"width":1000,"height":1000,"url":"https:\/\/staging.lucky-hunter.com\/wp-content\/uploads\/2022\/01\/560897.png","type":"image\/png"}],"twitter_card":"summary_large_image","twitter_misc":{"Dur\u00e9e de lecture estim\u00e9e":"1 minute"},"schema":{"@context":"https:\/\/schema.org","@graph":[{"@type":"WebPage","@id":"https:\/\/staging.lucky-hunter.com\/product\/skull-plate-screw-stag\/","url":"https:\/\/staging.lucky-hunter.com\/product\/skull-plate-screw-stag\/","name":"Cr\u00e2ne de CerfVis d\u2019\u00c9cusson pour Cr\u00e2ne de Cerf","isPartOf":{"@id":"https:\/\/staging.lucky-hunter.com\/#website"},"primaryImageOfPage":{"@id":"https:\/\/staging.lucky-hunter.com\/product\/skull-plate-screw-stag\/#primaryimage"},"image":{"@id":"https:\/\/staging.lucky-hunter.com\/product\/skull-plate-screw-stag\/#primaryimage"},"thumbnailUrl":"https:\/\/staging.lucky-hunter.com\/wp-content\/uploads\/2022\/01\/560897.png","datePublished":"2022-01-10T14:53:23+00:00","dateModified":"2025-06-24T12:40:04+00:00","description":"Fixation fiable pour cr\u00e2ne de cerf, de daims et de chevreuils. Faite en acier inoxydable.","breadcrumb":{"@id":"https:\/\/staging.lucky-hunter.com\/product\/skull-plate-screw-stag\/#breadcrumb"},"inLanguage":"fr-FR","potentialAction":[{"@type":"ReadAction","target":["https:\/\/staging.lucky-hunter.com\/product\/skull-plate-screw-stag\/"]}]},{"@type":"ImageObject","inLanguage":"fr-FR","@id":"https:\/\/staging.lucky-hunter.com\/product\/skull-plate-screw-stag\/#primaryimage","url":"https:\/\/staging.lucky-hunter.com\/wp-content\/uploads\/2022\/01\/560897.png","contentUrl":"https:\/\/staging.lucky-hunter.com\/wp-content\/uploads\/2022\/01\/560897.png","width":1000,"height":1000},{"@type":"BreadcrumbList","@id":"https:\/\/staging.lucky-hunter.com\/product\/skull-plate-screw-stag\/#breadcrumb","itemListElement":[{"@type":"ListItem","position":1,"name":"Home","item":"https:\/\/staging.lucky-hunter.com\/fr\/"},{"@type":"ListItem","position":2,"name":"Boutique","item":"https:\/\/staging.lucky-hunter.com\/fr\/shop\/"},{"@type":"ListItem","position":3,"name":"Vis d\u2019\u00c9cusson pour Cr\u00e2ne de Cerf"}]},{"@type":"WebSite","@id":"https:\/\/staging.lucky-hunter.com\/#website","url":"https:\/\/staging.lucky-hunter.com\/","name":"Lucky-Hunter","description":"Gear Up or Give Up","potentialAction":[{"@type":"SearchAction","target":{"@type":"EntryPoint","urlTemplate":"https:\/\/staging.lucky-hunter.com\/?s={search_term_string}"},"query-input":{"@type":"PropertyValueSpecification","valueRequired":true,"valueName":"search_term_string"}}],"inLanguage":"fr-FR"}]}},"_links":{"self":[{"href":"https:\/\/staging.lucky-hunter.com\/fr\/wp-json\/wp\/v2\/product\/55827"}],"collection":[{"href":"https:\/\/staging.lucky-hunter.com\/fr\/wp-json\/wp\/v2\/product"}],"about":[{"href":"https:\/\/staging.lucky-hunter.com\/fr\/wp-json\/wp\/v2\/types\/product"}],"wp:featuredmedia":[{"embeddable":true,"href":"https:\/\/staging.lucky-hunter.com\/fr\/wp-json\/wp\/v2\/media\/30732"}],"wp:attachment":[{"href":"https:\/\/staging.lucky-hunter.com\/fr\/wp-json\/wp\/v2\/media?parent=55827"}],"wp:term":[{"taxonomy":"product_brand","embeddable":true,"href":"https:\/\/staging.lucky-hunter.com\/fr\/wp-json\/wp\/v2\/product_brand?post=55827"},{"taxonomy":"product_cat","embeddable":true,"href":"https:\/\/staging.lucky-hunter.com\/fr\/wp-json\/wp\/v2\/product_cat?post=55827"},{"taxonomy":"product_tag","embeddable":true,"href":"https:\/\/staging.lucky-hunter.com\/fr\/wp-json\/wp\/v2\/product_tag?post=55827"}],"curies":[{"name":"wp","href":"https:\/\/api.w.org\/{rel}","templated":true}]}}