{"id":55826,"date":"2022-11-30T08:59:08","date_gmt":"2022-11-30T07:59:08","guid":{"rendered":"https:\/\/staging.lucky-hunter.com\/product\/ruff-stand-dog-stand-from-avery\/"},"modified":"2023-03-14T15:46:22","modified_gmt":"2023-03-14T14:46:22","slug":"ruff-stand-dog-stand-from-avery","status":"publish","type":"product","link":"https:\/\/staging.lucky-hunter.com\/fr\/product\/ruff-stand-dog-stand-from-avery\/","title":{"rendered":"RUFF STAND &#8211; Support pour Chien Avery"},"content":{"rendered":"<h1>Pour que votre chien de chasse soit au sec et install\u00e9 confortablement<\/h1>\n<p>Ce support pour chien vous permet de maintenir votre meilleur ami au sec, au chaud et \u00e0 l&#8217;aise, m\u00eame lorsque vous chassez le canard au bord du lac ou dans les marais.<\/p>\n<p>Malheureusement, en vieillissant, de nombreux chiens de chasse souffrent d&#8217;arthrite, de cystite ou d&#8217;autres pathologies. Dans de nombreux cas, c\u2019est parce qu&#8217;ils \u00e9taient assis avec leur \u00ab\u00a0derri\u00e8re\u00a0\u00bb dans l&#8217;eau lorsqu&#8217;ils chassaient &#8211; Vous pouvez \u00e9viter ce genre de d\u00e9sagr\u00e9ments gr\u00e2ce \u00e0 ce support pour chien. Avec ses pieds r\u00e9glables, il peut s\u2019adapter \u00e0 la profondeur de l&#8217;eau et aux terrains accident\u00e9s.<\/p>\n<p>Si vous voulez en faire encore plus pour donner \u00e0 votre chien de chasse la retraite qu&#8217;il m\u00e9rite, nous vous recommandons \u00e9galement un <a href=\"https:\/\/staging.lucky-hunter.com\/product-categories\/gun-dog\/dog-vests\/\" target=\"_blank\" rel=\"noopener\">gilet pour chien en n\u00e9opr\u00e8ne<\/a> &#8211; Votre chien vous remerciera<\/p>\n<p><strong>Caract\u00e9ristiques\u00a0:<\/strong><\/p>\n<ul>\n<li>Pieds t\u00e9lescopiques ajustables de 61 cm \u00e0 91 cm<\/li>\n<li>Poids max. : 70 kg<\/li>\n<li>Camouflage Max7<\/li>\n<\/ul>\n","protected":false},"excerpt":{"rendered":"<p>Prenez soin de votre meilleur ami gr\u00e2ce \u00e0 cette plate-forme qui maintient votre chien de chasse au sec, au chaud et \u00e0 l\u2019aise<\/p>\n","protected":false},"featured_media":54057,"template":"","meta":[],"product_brand":[8123],"product_cat":[9340],"product_tag":[],"yoast_head":"<!-- This site is optimized with the Yoast SEO plugin v24.3 - https:\/\/yoast.com\/wordpress\/plugins\/seo\/ -->\n<title>RUFF STAND - Support pour Chien Avery - Lucky-Hunter<\/title>\n<meta name=\"description\" content=\"Ce support pour chien vous permet de maintenir votre meilleur ami au sec, au chaud et \u00e0 l&#039;aise, m\u00eame lorsque vous chassez le canard au bord du lac ou dans les marais.\" \/>\n<meta name=\"robots\" content=\"noindex, follow, max-snippet:-1, max-image-preview:large, max-video-preview:-1\" \/>\n<meta property=\"og:locale\" content=\"fr_FR\" \/>\n<meta property=\"og:type\" content=\"article\" \/>\n<meta property=\"og:title\" content=\"RUFF STAND - Support pour Chien Avery - Lucky-Hunter\" \/>\n<meta property=\"og:description\" content=\"Ce support pour chien vous permet de maintenir votre meilleur ami au sec, au chaud et \u00e0 l&#039;aise, m\u00eame lorsque vous chassez le canard au bord du lac ou dans les marais.\" \/>\n<meta property=\"og:url\" content=\"https:\/\/staging.lucky-hunter.com\/fr\/product\/ruff-stand-dog-stand-from-avery\/\" \/>\n<meta property=\"og:site_name\" content=\"Lucky-Hunter\" \/>\n<meta property=\"article:modified_time\" content=\"2023-03-14T14:46:22+00:00\" \/>\n<meta property=\"og:image\" content=\"https:\/\/staging.lucky-hunter.com\/wp-content\/uploads\/2022\/11\/JH-104-removebg.png\" \/>\n\t<meta property=\"og:image:width\" content=\"1000\" \/>\n\t<meta property=\"og:image:height\" content=\"1000\" \/>\n\t<meta property=\"og:image:type\" content=\"image\/png\" \/>\n<meta name=\"twitter:card\" content=\"summary_large_image\" \/>\n<meta name=\"twitter:label1\" content=\"Dur\u00e9e de lecture estim\u00e9e\" \/>\n\t<meta name=\"twitter:data1\" content=\"1 minute\" \/>\n<script type=\"application\/ld+json\" class=\"yoast-schema-graph\">{\"@context\":\"https:\/\/schema.org\",\"@graph\":[{\"@type\":\"WebPage\",\"@id\":\"https:\/\/staging.lucky-hunter.com\/fr\/product\/ruff-stand-dog-stand-from-avery\/\",\"url\":\"https:\/\/staging.lucky-hunter.com\/fr\/product\/ruff-stand-dog-stand-from-avery\/\",\"name\":\"RUFF STAND - Support pour Chien Avery - Lucky-Hunter\",\"isPartOf\":{\"@id\":\"https:\/\/staging.lucky-hunter.com\/#website\"},\"primaryImageOfPage\":{\"@id\":\"https:\/\/staging.lucky-hunter.com\/fr\/product\/ruff-stand-dog-stand-from-avery\/#primaryimage\"},\"image\":{\"@id\":\"https:\/\/staging.lucky-hunter.com\/fr\/product\/ruff-stand-dog-stand-from-avery\/#primaryimage\"},\"thumbnailUrl\":\"https:\/\/staging.lucky-hunter.com\/wp-content\/uploads\/2022\/11\/JH-104-removebg.png\",\"datePublished\":\"2022-11-30T07:59:08+00:00\",\"dateModified\":\"2023-03-14T14:46:22+00:00\",\"description\":\"Ce support pour chien vous permet de maintenir votre meilleur ami au sec, au chaud et \u00e0 l'aise, m\u00eame lorsque vous chassez le canard au bord du lac ou dans les marais.\",\"breadcrumb\":{\"@id\":\"https:\/\/staging.lucky-hunter.com\/fr\/product\/ruff-stand-dog-stand-from-avery\/#breadcrumb\"},\"inLanguage\":\"fr-FR\",\"potentialAction\":[{\"@type\":\"ReadAction\",\"target\":[\"https:\/\/staging.lucky-hunter.com\/fr\/product\/ruff-stand-dog-stand-from-avery\/\"]}]},{\"@type\":\"ImageObject\",\"inLanguage\":\"fr-FR\",\"@id\":\"https:\/\/staging.lucky-hunter.com\/fr\/product\/ruff-stand-dog-stand-from-avery\/#primaryimage\",\"url\":\"https:\/\/staging.lucky-hunter.com\/wp-content\/uploads\/2022\/11\/JH-104-removebg.png\",\"contentUrl\":\"https:\/\/staging.lucky-hunter.com\/wp-content\/uploads\/2022\/11\/JH-104-removebg.png\",\"width\":1000,\"height\":1000},{\"@type\":\"BreadcrumbList\",\"@id\":\"https:\/\/staging.lucky-hunter.com\/fr\/product\/ruff-stand-dog-stand-from-avery\/#breadcrumb\",\"itemListElement\":[{\"@type\":\"ListItem\",\"position\":1,\"name\":\"Home\",\"item\":\"https:\/\/staging.lucky-hunter.com\/fr\/\"},{\"@type\":\"ListItem\",\"position\":2,\"name\":\"Boutique\",\"item\":\"https:\/\/staging.lucky-hunter.com\/fr\/shop\/\"},{\"@type\":\"ListItem\",\"position\":3,\"name\":\"RUFF STAND &#8211; Support pour Chien Avery\"}]},{\"@type\":\"WebSite\",\"@id\":\"https:\/\/staging.lucky-hunter.com\/#website\",\"url\":\"https:\/\/staging.lucky-hunter.com\/\",\"name\":\"Lucky-Hunter\",\"description\":\"Gear Up or Give Up\",\"potentialAction\":[{\"@type\":\"SearchAction\",\"target\":{\"@type\":\"EntryPoint\",\"urlTemplate\":\"https:\/\/staging.lucky-hunter.com\/?s={search_term_string}\"},\"query-input\":{\"@type\":\"PropertyValueSpecification\",\"valueRequired\":true,\"valueName\":\"search_term_string\"}}],\"inLanguage\":\"fr-FR\"}]}<\/script>\n<!-- \/ Yoast SEO plugin. -->","yoast_head_json":{"title":"RUFF STAND - Support pour Chien Avery - Lucky-Hunter","description":"Ce support pour chien vous permet de maintenir votre meilleur ami au sec, au chaud et \u00e0 l'aise, m\u00eame lorsque vous chassez le canard au bord du lac ou dans les marais.","robots":{"index":"noindex","follow":"follow","max-snippet":"max-snippet:-1","max-image-preview":"max-image-preview:large","max-video-preview":"max-video-preview:-1"},"og_locale":"fr_FR","og_type":"article","og_title":"RUFF STAND - Support pour Chien Avery - Lucky-Hunter","og_description":"Ce support pour chien vous permet de maintenir votre meilleur ami au sec, au chaud et \u00e0 l'aise, m\u00eame lorsque vous chassez le canard au bord du lac ou dans les marais.","og_url":"https:\/\/staging.lucky-hunter.com\/fr\/product\/ruff-stand-dog-stand-from-avery\/","og_site_name":"Lucky-Hunter","article_modified_time":"2023-03-14T14:46:22+00:00","og_image":[{"width":1000,"height":1000,"url":"https:\/\/staging.lucky-hunter.com\/wp-content\/uploads\/2022\/11\/JH-104-removebg.png","type":"image\/png"}],"twitter_card":"summary_large_image","twitter_misc":{"Dur\u00e9e de lecture estim\u00e9e":"1 minute"},"schema":{"@context":"https:\/\/schema.org","@graph":[{"@type":"WebPage","@id":"https:\/\/staging.lucky-hunter.com\/fr\/product\/ruff-stand-dog-stand-from-avery\/","url":"https:\/\/staging.lucky-hunter.com\/fr\/product\/ruff-stand-dog-stand-from-avery\/","name":"RUFF STAND - Support pour Chien Avery - Lucky-Hunter","isPartOf":{"@id":"https:\/\/staging.lucky-hunter.com\/#website"},"primaryImageOfPage":{"@id":"https:\/\/staging.lucky-hunter.com\/fr\/product\/ruff-stand-dog-stand-from-avery\/#primaryimage"},"image":{"@id":"https:\/\/staging.lucky-hunter.com\/fr\/product\/ruff-stand-dog-stand-from-avery\/#primaryimage"},"thumbnailUrl":"https:\/\/staging.lucky-hunter.com\/wp-content\/uploads\/2022\/11\/JH-104-removebg.png","datePublished":"2022-11-30T07:59:08+00:00","dateModified":"2023-03-14T14:46:22+00:00","description":"Ce support pour chien vous permet de maintenir votre meilleur ami au sec, au chaud et \u00e0 l'aise, m\u00eame lorsque vous chassez le canard au bord du lac ou dans les marais.","breadcrumb":{"@id":"https:\/\/staging.lucky-hunter.com\/fr\/product\/ruff-stand-dog-stand-from-avery\/#breadcrumb"},"inLanguage":"fr-FR","potentialAction":[{"@type":"ReadAction","target":["https:\/\/staging.lucky-hunter.com\/fr\/product\/ruff-stand-dog-stand-from-avery\/"]}]},{"@type":"ImageObject","inLanguage":"fr-FR","@id":"https:\/\/staging.lucky-hunter.com\/fr\/product\/ruff-stand-dog-stand-from-avery\/#primaryimage","url":"https:\/\/staging.lucky-hunter.com\/wp-content\/uploads\/2022\/11\/JH-104-removebg.png","contentUrl":"https:\/\/staging.lucky-hunter.com\/wp-content\/uploads\/2022\/11\/JH-104-removebg.png","width":1000,"height":1000},{"@type":"BreadcrumbList","@id":"https:\/\/staging.lucky-hunter.com\/fr\/product\/ruff-stand-dog-stand-from-avery\/#breadcrumb","itemListElement":[{"@type":"ListItem","position":1,"name":"Home","item":"https:\/\/staging.lucky-hunter.com\/fr\/"},{"@type":"ListItem","position":2,"name":"Boutique","item":"https:\/\/staging.lucky-hunter.com\/fr\/shop\/"},{"@type":"ListItem","position":3,"name":"RUFF STAND &#8211; Support pour Chien Avery"}]},{"@type":"WebSite","@id":"https:\/\/staging.lucky-hunter.com\/#website","url":"https:\/\/staging.lucky-hunter.com\/","name":"Lucky-Hunter","description":"Gear Up or Give Up","potentialAction":[{"@type":"SearchAction","target":{"@type":"EntryPoint","urlTemplate":"https:\/\/staging.lucky-hunter.com\/?s={search_term_string}"},"query-input":{"@type":"PropertyValueSpecification","valueRequired":true,"valueName":"search_term_string"}}],"inLanguage":"fr-FR"}]}},"_links":{"self":[{"href":"https:\/\/staging.lucky-hunter.com\/fr\/wp-json\/wp\/v2\/product\/55826"}],"collection":[{"href":"https:\/\/staging.lucky-hunter.com\/fr\/wp-json\/wp\/v2\/product"}],"about":[{"href":"https:\/\/staging.lucky-hunter.com\/fr\/wp-json\/wp\/v2\/types\/product"}],"wp:featuredmedia":[{"embeddable":true,"href":"https:\/\/staging.lucky-hunter.com\/fr\/wp-json\/wp\/v2\/media\/54057"}],"wp:attachment":[{"href":"https:\/\/staging.lucky-hunter.com\/fr\/wp-json\/wp\/v2\/media?parent=55826"}],"wp:term":[{"taxonomy":"product_brand","embeddable":true,"href":"https:\/\/staging.lucky-hunter.com\/fr\/wp-json\/wp\/v2\/product_brand?post=55826"},{"taxonomy":"product_cat","embeddable":true,"href":"https:\/\/staging.lucky-hunter.com\/fr\/wp-json\/wp\/v2\/product_cat?post=55826"},{"taxonomy":"product_tag","embeddable":true,"href":"https:\/\/staging.lucky-hunter.com\/fr\/wp-json\/wp\/v2\/product_tag?post=55826"}],"curies":[{"name":"wp","href":"https:\/\/api.w.org\/{rel}","templated":true}]}}