{"id":55820,"date":"2023-01-10T13:19:21","date_gmt":"2023-01-10T12:19:21","guid":{"rendered":"https:\/\/staging.lucky-hunter.com\/product\/icotec-attachable-predator-decoy-ad400\/"},"modified":"2023-01-10T13:19:21","modified_gmt":"2023-01-10T12:19:21","slug":"icotec-attachable-predator-decoy-ad400","status":"publish","type":"product","link":"https:\/\/staging.lucky-hunter.com\/fr\/product\/icotec-attachable-predator-decoy-ad400\/","title":{"rendered":"Forme \u00e0 pr\u00e9dateurs connectable ICOtec &#8211; AD400"},"content":{"rendered":"<h1>Forme \u00e9lectronique \u00e0 pr\u00e9dateurs \/ critter AD400<\/h1>\n<p>Tr\u00e8s pratique, L&#8217;AD400 est une forme \u00e0 pr\u00e9dateurs de haute qualit\u00e9 et dot\u00e9es de nombreuses fonctionnalit\u00e9s. Vous pouvez la connecter \u00e0 la plupart des appeaux \u00e9lectroniques \u00e0 pr\u00e9dateurs ICOtec. ICOtec a con\u00e7u cet appareil avec une vitesse r\u00e9glable, un moteur silencieux, un mouvement intermittent, 2 formes \u00e0 changement rapide, une lumi\u00e8re LED pour la chasse nocturne, et sa propre source d\u2019alimentation pour ne pas drainer les piles de votre appeau.<\/p>\n<p>Le Critter peut \u00e9galement \u00eatre utilis\u00e9 s\u00e9par\u00e9ment, comme les formes \u00e0 pr\u00e9dateurs standard.<\/p>\n<p>L&#8217;ICOtec AD400 est une forme \u00e9lectronique l\u00e9g\u00e8re, compacte, facile \u00e0 utiliser et d\u2019une qualit\u00e9 fantastique. L&#8217;ICOtec AD400 est l\u2019atout id\u00e9al pour la chasse aux pr\u00e9dateurs. Sans blague !<\/p>\n<p>En mati\u00e8re de qualit\u00e9, d&#8217;innovation et de valeur, vous pouvez compter sur les r\u00e9sultats fournis par ICOtec, produit apr\u00e8s produit. L&#8217;\u00e9quipement d&#8217;attraction des pr\u00e9dateurs ICOtec est con\u00e7u pour optimiser votre chasse et vos r\u00e9sultats.<\/p>\n<p>L&#8217;appareil est livr\u00e9 avec deux formes diff\u00e9rentes : une forme de li\u00e8vre\/lapin et une forme d\u2019oiseau.<\/p>\n","protected":false},"excerpt":{"rendered":"<p>L&#8217;ICOtec AD400 est une forme \u00e0 pr\u00e9dateurs \u00e9lectronique et compacte. La forme peut \u00eatre connect\u00e9e aux appeaux \u00e9lectroniques ICOtec ou utilis\u00e9e s\u00e9par\u00e9ment<\/p>\n","protected":false},"featured_media":55554,"template":"","meta":[],"product_brand":[9080],"product_cat":[8239],"product_tag":[9445],"yoast_head":"<!-- This site is optimized with the Yoast SEO plugin v24.3 - https:\/\/yoast.com\/wordpress\/plugins\/seo\/ -->\n<title>Forme \u00e0 pr\u00e9dateurs connectable ICOtec - AD400 - Lucky-Hunter<\/title>\n<meta name=\"description\" content=\"L&#039;ICOtec AD400 est une forme \u00e0 pr\u00e9dateurs \u00e9lectronique et compacte. La forme peut \u00eatre connect\u00e9e aux appeaux \u00e9lectroniques ICOtec ou utilis\u00e9e s\u00e9par\u00e9ment\" \/>\n<meta name=\"robots\" content=\"noindex, follow, max-snippet:-1, max-image-preview:large, max-video-preview:-1\" \/>\n<meta property=\"og:locale\" content=\"fr_FR\" \/>\n<meta property=\"og:type\" content=\"article\" \/>\n<meta property=\"og:title\" content=\"Forme \u00e0 pr\u00e9dateurs connectable ICOtec - AD400 - Lucky-Hunter\" \/>\n<meta property=\"og:description\" content=\"L&#039;ICOtec AD400 est une forme \u00e0 pr\u00e9dateurs \u00e9lectronique et compacte. La forme peut \u00eatre connect\u00e9e aux appeaux \u00e9lectroniques ICOtec ou utilis\u00e9e s\u00e9par\u00e9ment\" \/>\n<meta property=\"og:url\" content=\"https:\/\/staging.lucky-hunter.com\/fr\/product\/icotec-attachable-predator-decoy-ad400\/\" \/>\n<meta property=\"og:site_name\" content=\"Lucky-Hunter\" \/>\n<meta property=\"og:image\" content=\"https:\/\/staging.lucky-hunter.com\/wp-content\/uploads\/2023\/01\/LK-720.png\" \/>\n\t<meta property=\"og:image:width\" content=\"1000\" \/>\n\t<meta property=\"og:image:height\" content=\"1000\" \/>\n\t<meta property=\"og:image:type\" content=\"image\/png\" \/>\n<meta name=\"twitter:card\" content=\"summary_large_image\" \/>\n<meta name=\"twitter:label1\" content=\"Dur\u00e9e de lecture estim\u00e9e\" \/>\n\t<meta name=\"twitter:data1\" content=\"1 minute\" \/>\n<script type=\"application\/ld+json\" class=\"yoast-schema-graph\">{\"@context\":\"https:\/\/schema.org\",\"@graph\":[{\"@type\":\"WebPage\",\"@id\":\"https:\/\/staging.lucky-hunter.com\/fr\/product\/icotec-attachable-predator-decoy-ad400\/\",\"url\":\"https:\/\/staging.lucky-hunter.com\/fr\/product\/icotec-attachable-predator-decoy-ad400\/\",\"name\":\"Forme \u00e0 pr\u00e9dateurs connectable ICOtec - AD400 - Lucky-Hunter\",\"isPartOf\":{\"@id\":\"https:\/\/staging.lucky-hunter.com\/#website\"},\"primaryImageOfPage\":{\"@id\":\"https:\/\/staging.lucky-hunter.com\/fr\/product\/icotec-attachable-predator-decoy-ad400\/#primaryimage\"},\"image\":{\"@id\":\"https:\/\/staging.lucky-hunter.com\/fr\/product\/icotec-attachable-predator-decoy-ad400\/#primaryimage\"},\"thumbnailUrl\":\"https:\/\/staging.lucky-hunter.com\/wp-content\/uploads\/2023\/01\/LK-720.png\",\"datePublished\":\"2023-01-10T12:19:21+00:00\",\"dateModified\":\"2023-01-10T12:19:21+00:00\",\"description\":\"L'ICOtec AD400 est une forme \u00e0 pr\u00e9dateurs \u00e9lectronique et compacte. La forme peut \u00eatre connect\u00e9e aux appeaux \u00e9lectroniques ICOtec ou utilis\u00e9e s\u00e9par\u00e9ment\",\"breadcrumb\":{\"@id\":\"https:\/\/staging.lucky-hunter.com\/fr\/product\/icotec-attachable-predator-decoy-ad400\/#breadcrumb\"},\"inLanguage\":\"fr-FR\",\"potentialAction\":[{\"@type\":\"ReadAction\",\"target\":[\"https:\/\/staging.lucky-hunter.com\/fr\/product\/icotec-attachable-predator-decoy-ad400\/\"]}]},{\"@type\":\"ImageObject\",\"inLanguage\":\"fr-FR\",\"@id\":\"https:\/\/staging.lucky-hunter.com\/fr\/product\/icotec-attachable-predator-decoy-ad400\/#primaryimage\",\"url\":\"https:\/\/staging.lucky-hunter.com\/wp-content\/uploads\/2023\/01\/LK-720.png\",\"contentUrl\":\"https:\/\/staging.lucky-hunter.com\/wp-content\/uploads\/2023\/01\/LK-720.png\",\"width\":1000,\"height\":1000},{\"@type\":\"BreadcrumbList\",\"@id\":\"https:\/\/staging.lucky-hunter.com\/fr\/product\/icotec-attachable-predator-decoy-ad400\/#breadcrumb\",\"itemListElement\":[{\"@type\":\"ListItem\",\"position\":1,\"name\":\"Home\",\"item\":\"https:\/\/staging.lucky-hunter.com\/fr\/\"},{\"@type\":\"ListItem\",\"position\":2,\"name\":\"Boutique\",\"item\":\"https:\/\/staging.lucky-hunter.com\/fr\/shop\/\"},{\"@type\":\"ListItem\",\"position\":3,\"name\":\"Forme \u00e0 pr\u00e9dateurs connectable ICOtec &#8211; AD400\"}]},{\"@type\":\"WebSite\",\"@id\":\"https:\/\/staging.lucky-hunter.com\/#website\",\"url\":\"https:\/\/staging.lucky-hunter.com\/\",\"name\":\"Lucky-Hunter\",\"description\":\"Gear Up or Give Up\",\"potentialAction\":[{\"@type\":\"SearchAction\",\"target\":{\"@type\":\"EntryPoint\",\"urlTemplate\":\"https:\/\/staging.lucky-hunter.com\/?s={search_term_string}\"},\"query-input\":{\"@type\":\"PropertyValueSpecification\",\"valueRequired\":true,\"valueName\":\"search_term_string\"}}],\"inLanguage\":\"fr-FR\"}]}<\/script>\n<!-- \/ Yoast SEO plugin. -->","yoast_head_json":{"title":"Forme \u00e0 pr\u00e9dateurs connectable ICOtec - AD400 - Lucky-Hunter","description":"L'ICOtec AD400 est une forme \u00e0 pr\u00e9dateurs \u00e9lectronique et compacte. La forme peut \u00eatre connect\u00e9e aux appeaux \u00e9lectroniques ICOtec ou utilis\u00e9e s\u00e9par\u00e9ment","robots":{"index":"noindex","follow":"follow","max-snippet":"max-snippet:-1","max-image-preview":"max-image-preview:large","max-video-preview":"max-video-preview:-1"},"og_locale":"fr_FR","og_type":"article","og_title":"Forme \u00e0 pr\u00e9dateurs connectable ICOtec - AD400 - Lucky-Hunter","og_description":"L'ICOtec AD400 est une forme \u00e0 pr\u00e9dateurs \u00e9lectronique et compacte. La forme peut \u00eatre connect\u00e9e aux appeaux \u00e9lectroniques ICOtec ou utilis\u00e9e s\u00e9par\u00e9ment","og_url":"https:\/\/staging.lucky-hunter.com\/fr\/product\/icotec-attachable-predator-decoy-ad400\/","og_site_name":"Lucky-Hunter","og_image":[{"width":1000,"height":1000,"url":"https:\/\/staging.lucky-hunter.com\/wp-content\/uploads\/2023\/01\/LK-720.png","type":"image\/png"}],"twitter_card":"summary_large_image","twitter_misc":{"Dur\u00e9e de lecture estim\u00e9e":"1 minute"},"schema":{"@context":"https:\/\/schema.org","@graph":[{"@type":"WebPage","@id":"https:\/\/staging.lucky-hunter.com\/fr\/product\/icotec-attachable-predator-decoy-ad400\/","url":"https:\/\/staging.lucky-hunter.com\/fr\/product\/icotec-attachable-predator-decoy-ad400\/","name":"Forme \u00e0 pr\u00e9dateurs connectable ICOtec - AD400 - Lucky-Hunter","isPartOf":{"@id":"https:\/\/staging.lucky-hunter.com\/#website"},"primaryImageOfPage":{"@id":"https:\/\/staging.lucky-hunter.com\/fr\/product\/icotec-attachable-predator-decoy-ad400\/#primaryimage"},"image":{"@id":"https:\/\/staging.lucky-hunter.com\/fr\/product\/icotec-attachable-predator-decoy-ad400\/#primaryimage"},"thumbnailUrl":"https:\/\/staging.lucky-hunter.com\/wp-content\/uploads\/2023\/01\/LK-720.png","datePublished":"2023-01-10T12:19:21+00:00","dateModified":"2023-01-10T12:19:21+00:00","description":"L'ICOtec AD400 est une forme \u00e0 pr\u00e9dateurs \u00e9lectronique et compacte. La forme peut \u00eatre connect\u00e9e aux appeaux \u00e9lectroniques ICOtec ou utilis\u00e9e s\u00e9par\u00e9ment","breadcrumb":{"@id":"https:\/\/staging.lucky-hunter.com\/fr\/product\/icotec-attachable-predator-decoy-ad400\/#breadcrumb"},"inLanguage":"fr-FR","potentialAction":[{"@type":"ReadAction","target":["https:\/\/staging.lucky-hunter.com\/fr\/product\/icotec-attachable-predator-decoy-ad400\/"]}]},{"@type":"ImageObject","inLanguage":"fr-FR","@id":"https:\/\/staging.lucky-hunter.com\/fr\/product\/icotec-attachable-predator-decoy-ad400\/#primaryimage","url":"https:\/\/staging.lucky-hunter.com\/wp-content\/uploads\/2023\/01\/LK-720.png","contentUrl":"https:\/\/staging.lucky-hunter.com\/wp-content\/uploads\/2023\/01\/LK-720.png","width":1000,"height":1000},{"@type":"BreadcrumbList","@id":"https:\/\/staging.lucky-hunter.com\/fr\/product\/icotec-attachable-predator-decoy-ad400\/#breadcrumb","itemListElement":[{"@type":"ListItem","position":1,"name":"Home","item":"https:\/\/staging.lucky-hunter.com\/fr\/"},{"@type":"ListItem","position":2,"name":"Boutique","item":"https:\/\/staging.lucky-hunter.com\/fr\/shop\/"},{"@type":"ListItem","position":3,"name":"Forme \u00e0 pr\u00e9dateurs connectable ICOtec &#8211; AD400"}]},{"@type":"WebSite","@id":"https:\/\/staging.lucky-hunter.com\/#website","url":"https:\/\/staging.lucky-hunter.com\/","name":"Lucky-Hunter","description":"Gear Up or Give Up","potentialAction":[{"@type":"SearchAction","target":{"@type":"EntryPoint","urlTemplate":"https:\/\/staging.lucky-hunter.com\/?s={search_term_string}"},"query-input":{"@type":"PropertyValueSpecification","valueRequired":true,"valueName":"search_term_string"}}],"inLanguage":"fr-FR"}]}},"_links":{"self":[{"href":"https:\/\/staging.lucky-hunter.com\/fr\/wp-json\/wp\/v2\/product\/55820"}],"collection":[{"href":"https:\/\/staging.lucky-hunter.com\/fr\/wp-json\/wp\/v2\/product"}],"about":[{"href":"https:\/\/staging.lucky-hunter.com\/fr\/wp-json\/wp\/v2\/types\/product"}],"wp:featuredmedia":[{"embeddable":true,"href":"https:\/\/staging.lucky-hunter.com\/fr\/wp-json\/wp\/v2\/media\/55554"}],"wp:attachment":[{"href":"https:\/\/staging.lucky-hunter.com\/fr\/wp-json\/wp\/v2\/media?parent=55820"}],"wp:term":[{"taxonomy":"product_brand","embeddable":true,"href":"https:\/\/staging.lucky-hunter.com\/fr\/wp-json\/wp\/v2\/product_brand?post=55820"},{"taxonomy":"product_cat","embeddable":true,"href":"https:\/\/staging.lucky-hunter.com\/fr\/wp-json\/wp\/v2\/product_cat?post=55820"},{"taxonomy":"product_tag","embeddable":true,"href":"https:\/\/staging.lucky-hunter.com\/fr\/wp-json\/wp\/v2\/product_tag?post=55820"}],"curies":[{"name":"wp","href":"https:\/\/api.w.org\/{rel}","templated":true}]}}