{"id":55818,"date":"2023-01-10T13:18:46","date_gmt":"2023-01-10T12:18:46","guid":{"rendered":"https:\/\/staging.lucky-hunter.com\/product\/icotec-electronic-game-call-rascal\/"},"modified":"2023-01-10T13:18:46","modified_gmt":"2023-01-10T12:18:46","slug":"icotec-electronic-game-call-rascal","status":"publish","type":"product","link":"https:\/\/staging.lucky-hunter.com\/fr\/product\/icotec-electronic-game-call-rascal\/","title":{"rendered":"Appeau \u00c9lectronique ICOtec &#8211; Rascal"},"content":{"rendered":"<h1>Cet appeau \u00e9lectronique vous permet d\u2019appeler toutes sortes d\u2019animaux.<\/h1>\n<p>ICOtec pr\u00e9sente l&#8217;appeau \u00e9lectronique Rascal Bluetooth. Sa nouvelle technologie am\u00e9lior\u00e9e d&#8217;optimisation du son reproduit des cris d\u2019animaux plus vrais que nature comme jamais auparavant. Le niveau du volume a \u00e9galement \u00e9t\u00e9 augment\u00e9 pour porter le son encore plus loin que ne le font habituellement les appeaux de taille et de prix similaires.<\/p>\n<p>Placez quatre piles AA dans l&#8217;appareil, activez le Bluetooth sur votre smartphone, recherchez Rascal, connectez-vous et commencez \u00e0 diffuser du son depuis votre t\u00e9l\u00e9phone gr\u00e2ce \u00e0 des sites internet, \u00e0 des applications et \u00e0 tous les sons que vous avez enregistr\u00e9s dessus. Vous disposerez d\u2019une port\u00e9e incroyable de 100 m\u00e8tres entre votre t\u00e9l\u00e9phone et l&#8217;appareil. Il s\u2019agit d\u2019une port\u00e9e sup\u00e9rieure \u00e0 celle des t\u00e9l\u00e9commandes propos\u00e9es par la plupart des autres marques d&#8217;appeaux.<\/p>\n<p>Un port de haut-parleur externe est \u00e9galement inclus pour les zones venteuses et un port \u00e0 forme pour ceux qui t\u00e9l\u00e9chargent et utilisent l&#8217;application ICOtec Animal Audio, disponible tr\u00e8s bient\u00f4t. Vous pouvez t\u00e9l\u00e9charger des sons dans l&#8217;application pour pouvoir les lire sans connexion dans le cas o\u00f9 vous chasseriez en dehors du r\u00e9seau de t\u00e9l\u00e9phonie mobile.<\/p>\n<p>L&#8217;application Animal Audio vous permet \u00e9galement de cr\u00e9er des listes de lecture et de les enregistrer pour une utilisation future ou pour les \u00e9diter. Lorsque vous cr\u00e9ez une liste de lecture, vous pouvez retarder l&#8217;activation d&#8217;un son, le lire en boucle autant de fois que vous le souhaitez, et choisir un volume sp\u00e9cifique pour chaque son de votre liste. Et la cerise sur le g\u00e2teau : il vous suffit d\u2019appuyer sur un bouton pour d\u00e9marrer la liste de lecture. La forme dispose \u00e9galement d&#8217;un bouton vous permettant de l\u2019activer ou de la d\u00e9sactiver quand vous le souhaitez. Nous disposerons bient\u00f4t de plus d&#8217;infos sur l&#8217;application Animal Audio.<\/p>\n","protected":false},"excerpt":{"rendered":"<p>Cet appeau \u00e9lectronique lit les sons de votre t\u00e9l\u00e9phone, vous pouvez donc l&#8217;utiliser pour attirer n\u2019importe quel animal que vous souhaitez chasser ou photographier.<\/p>\n","protected":false},"featured_media":55529,"template":"","meta":[],"product_brand":[9080],"product_cat":[8242],"product_tag":[9445],"yoast_head":"<!-- This site is optimized with the Yoast SEO plugin v24.3 - https:\/\/yoast.com\/wordpress\/plugins\/seo\/ -->\n<title>Appeau \u00c9lectronique ICOtec - Rascal - Lucky-Hunter<\/title>\n<meta name=\"description\" content=\"Cet appeau \u00e9lectronique lit les sons de votre t\u00e9l\u00e9phone, vous pouvez donc l&#039;utiliser pour attirer n\u2019importe quel animal que vous souhaitez chasser ou photographier.\" \/>\n<meta name=\"robots\" content=\"noindex, follow, max-snippet:-1, max-image-preview:large, max-video-preview:-1\" \/>\n<meta property=\"og:locale\" content=\"fr_FR\" \/>\n<meta property=\"og:type\" content=\"article\" \/>\n<meta property=\"og:title\" content=\"Appeau \u00c9lectronique ICOtec - Rascal - Lucky-Hunter\" \/>\n<meta property=\"og:description\" content=\"Cet appeau \u00e9lectronique lit les sons de votre t\u00e9l\u00e9phone, vous pouvez donc l&#039;utiliser pour attirer n\u2019importe quel animal que vous souhaitez chasser ou photographier.\" \/>\n<meta property=\"og:url\" content=\"https:\/\/staging.lucky-hunter.com\/fr\/product\/icotec-electronic-game-call-rascal\/\" \/>\n<meta property=\"og:site_name\" content=\"Lucky-Hunter\" \/>\n<meta property=\"og:image\" content=\"https:\/\/staging.lucky-hunter.com\/wp-content\/uploads\/2023\/01\/LK-715.png\" \/>\n\t<meta property=\"og:image:width\" content=\"1000\" \/>\n\t<meta property=\"og:image:height\" content=\"1000\" \/>\n\t<meta property=\"og:image:type\" content=\"image\/png\" \/>\n<meta name=\"twitter:card\" content=\"summary_large_image\" \/>\n<meta name=\"twitter:label1\" content=\"Dur\u00e9e de lecture estim\u00e9e\" \/>\n\t<meta name=\"twitter:data1\" content=\"2 minutes\" \/>\n<script type=\"application\/ld+json\" class=\"yoast-schema-graph\">{\"@context\":\"https:\/\/schema.org\",\"@graph\":[{\"@type\":\"WebPage\",\"@id\":\"https:\/\/staging.lucky-hunter.com\/fr\/product\/icotec-electronic-game-call-rascal\/\",\"url\":\"https:\/\/staging.lucky-hunter.com\/fr\/product\/icotec-electronic-game-call-rascal\/\",\"name\":\"Appeau \u00c9lectronique ICOtec - Rascal - Lucky-Hunter\",\"isPartOf\":{\"@id\":\"https:\/\/staging.lucky-hunter.com\/#website\"},\"primaryImageOfPage\":{\"@id\":\"https:\/\/staging.lucky-hunter.com\/fr\/product\/icotec-electronic-game-call-rascal\/#primaryimage\"},\"image\":{\"@id\":\"https:\/\/staging.lucky-hunter.com\/fr\/product\/icotec-electronic-game-call-rascal\/#primaryimage\"},\"thumbnailUrl\":\"https:\/\/staging.lucky-hunter.com\/wp-content\/uploads\/2023\/01\/LK-715.png\",\"datePublished\":\"2023-01-10T12:18:46+00:00\",\"dateModified\":\"2023-01-10T12:18:46+00:00\",\"description\":\"Cet appeau \u00e9lectronique lit les sons de votre t\u00e9l\u00e9phone, vous pouvez donc l'utiliser pour attirer n\u2019importe quel animal que vous souhaitez chasser ou photographier.\",\"breadcrumb\":{\"@id\":\"https:\/\/staging.lucky-hunter.com\/fr\/product\/icotec-electronic-game-call-rascal\/#breadcrumb\"},\"inLanguage\":\"fr-FR\",\"potentialAction\":[{\"@type\":\"ReadAction\",\"target\":[\"https:\/\/staging.lucky-hunter.com\/fr\/product\/icotec-electronic-game-call-rascal\/\"]}]},{\"@type\":\"ImageObject\",\"inLanguage\":\"fr-FR\",\"@id\":\"https:\/\/staging.lucky-hunter.com\/fr\/product\/icotec-electronic-game-call-rascal\/#primaryimage\",\"url\":\"https:\/\/staging.lucky-hunter.com\/wp-content\/uploads\/2023\/01\/LK-715.png\",\"contentUrl\":\"https:\/\/staging.lucky-hunter.com\/wp-content\/uploads\/2023\/01\/LK-715.png\",\"width\":1000,\"height\":1000,\"caption\":\"Rascal call\"},{\"@type\":\"BreadcrumbList\",\"@id\":\"https:\/\/staging.lucky-hunter.com\/fr\/product\/icotec-electronic-game-call-rascal\/#breadcrumb\",\"itemListElement\":[{\"@type\":\"ListItem\",\"position\":1,\"name\":\"Home\",\"item\":\"https:\/\/staging.lucky-hunter.com\/fr\/\"},{\"@type\":\"ListItem\",\"position\":2,\"name\":\"Boutique\",\"item\":\"https:\/\/staging.lucky-hunter.com\/fr\/shop\/\"},{\"@type\":\"ListItem\",\"position\":3,\"name\":\"Appeau \u00c9lectronique ICOtec &#8211; Rascal\"}]},{\"@type\":\"WebSite\",\"@id\":\"https:\/\/staging.lucky-hunter.com\/#website\",\"url\":\"https:\/\/staging.lucky-hunter.com\/\",\"name\":\"Lucky-Hunter\",\"description\":\"Gear Up or Give Up\",\"potentialAction\":[{\"@type\":\"SearchAction\",\"target\":{\"@type\":\"EntryPoint\",\"urlTemplate\":\"https:\/\/staging.lucky-hunter.com\/?s={search_term_string}\"},\"query-input\":{\"@type\":\"PropertyValueSpecification\",\"valueRequired\":true,\"valueName\":\"search_term_string\"}}],\"inLanguage\":\"fr-FR\"}]}<\/script>\n<!-- \/ Yoast SEO plugin. -->","yoast_head_json":{"title":"Appeau \u00c9lectronique ICOtec - Rascal - Lucky-Hunter","description":"Cet appeau \u00e9lectronique lit les sons de votre t\u00e9l\u00e9phone, vous pouvez donc l'utiliser pour attirer n\u2019importe quel animal que vous souhaitez chasser ou photographier.","robots":{"index":"noindex","follow":"follow","max-snippet":"max-snippet:-1","max-image-preview":"max-image-preview:large","max-video-preview":"max-video-preview:-1"},"og_locale":"fr_FR","og_type":"article","og_title":"Appeau \u00c9lectronique ICOtec - Rascal - Lucky-Hunter","og_description":"Cet appeau \u00e9lectronique lit les sons de votre t\u00e9l\u00e9phone, vous pouvez donc l'utiliser pour attirer n\u2019importe quel animal que vous souhaitez chasser ou photographier.","og_url":"https:\/\/staging.lucky-hunter.com\/fr\/product\/icotec-electronic-game-call-rascal\/","og_site_name":"Lucky-Hunter","og_image":[{"width":1000,"height":1000,"url":"https:\/\/staging.lucky-hunter.com\/wp-content\/uploads\/2023\/01\/LK-715.png","type":"image\/png"}],"twitter_card":"summary_large_image","twitter_misc":{"Dur\u00e9e de lecture estim\u00e9e":"2 minutes"},"schema":{"@context":"https:\/\/schema.org","@graph":[{"@type":"WebPage","@id":"https:\/\/staging.lucky-hunter.com\/fr\/product\/icotec-electronic-game-call-rascal\/","url":"https:\/\/staging.lucky-hunter.com\/fr\/product\/icotec-electronic-game-call-rascal\/","name":"Appeau \u00c9lectronique ICOtec - Rascal - Lucky-Hunter","isPartOf":{"@id":"https:\/\/staging.lucky-hunter.com\/#website"},"primaryImageOfPage":{"@id":"https:\/\/staging.lucky-hunter.com\/fr\/product\/icotec-electronic-game-call-rascal\/#primaryimage"},"image":{"@id":"https:\/\/staging.lucky-hunter.com\/fr\/product\/icotec-electronic-game-call-rascal\/#primaryimage"},"thumbnailUrl":"https:\/\/staging.lucky-hunter.com\/wp-content\/uploads\/2023\/01\/LK-715.png","datePublished":"2023-01-10T12:18:46+00:00","dateModified":"2023-01-10T12:18:46+00:00","description":"Cet appeau \u00e9lectronique lit les sons de votre t\u00e9l\u00e9phone, vous pouvez donc l'utiliser pour attirer n\u2019importe quel animal que vous souhaitez chasser ou photographier.","breadcrumb":{"@id":"https:\/\/staging.lucky-hunter.com\/fr\/product\/icotec-electronic-game-call-rascal\/#breadcrumb"},"inLanguage":"fr-FR","potentialAction":[{"@type":"ReadAction","target":["https:\/\/staging.lucky-hunter.com\/fr\/product\/icotec-electronic-game-call-rascal\/"]}]},{"@type":"ImageObject","inLanguage":"fr-FR","@id":"https:\/\/staging.lucky-hunter.com\/fr\/product\/icotec-electronic-game-call-rascal\/#primaryimage","url":"https:\/\/staging.lucky-hunter.com\/wp-content\/uploads\/2023\/01\/LK-715.png","contentUrl":"https:\/\/staging.lucky-hunter.com\/wp-content\/uploads\/2023\/01\/LK-715.png","width":1000,"height":1000,"caption":"Rascal call"},{"@type":"BreadcrumbList","@id":"https:\/\/staging.lucky-hunter.com\/fr\/product\/icotec-electronic-game-call-rascal\/#breadcrumb","itemListElement":[{"@type":"ListItem","position":1,"name":"Home","item":"https:\/\/staging.lucky-hunter.com\/fr\/"},{"@type":"ListItem","position":2,"name":"Boutique","item":"https:\/\/staging.lucky-hunter.com\/fr\/shop\/"},{"@type":"ListItem","position":3,"name":"Appeau \u00c9lectronique ICOtec &#8211; Rascal"}]},{"@type":"WebSite","@id":"https:\/\/staging.lucky-hunter.com\/#website","url":"https:\/\/staging.lucky-hunter.com\/","name":"Lucky-Hunter","description":"Gear Up or Give Up","potentialAction":[{"@type":"SearchAction","target":{"@type":"EntryPoint","urlTemplate":"https:\/\/staging.lucky-hunter.com\/?s={search_term_string}"},"query-input":{"@type":"PropertyValueSpecification","valueRequired":true,"valueName":"search_term_string"}}],"inLanguage":"fr-FR"}]}},"_links":{"self":[{"href":"https:\/\/staging.lucky-hunter.com\/fr\/wp-json\/wp\/v2\/product\/55818"}],"collection":[{"href":"https:\/\/staging.lucky-hunter.com\/fr\/wp-json\/wp\/v2\/product"}],"about":[{"href":"https:\/\/staging.lucky-hunter.com\/fr\/wp-json\/wp\/v2\/types\/product"}],"wp:featuredmedia":[{"embeddable":true,"href":"https:\/\/staging.lucky-hunter.com\/fr\/wp-json\/wp\/v2\/media\/55529"}],"wp:attachment":[{"href":"https:\/\/staging.lucky-hunter.com\/fr\/wp-json\/wp\/v2\/media?parent=55818"}],"wp:term":[{"taxonomy":"product_brand","embeddable":true,"href":"https:\/\/staging.lucky-hunter.com\/fr\/wp-json\/wp\/v2\/product_brand?post=55818"},{"taxonomy":"product_cat","embeddable":true,"href":"https:\/\/staging.lucky-hunter.com\/fr\/wp-json\/wp\/v2\/product_cat?post=55818"},{"taxonomy":"product_tag","embeddable":true,"href":"https:\/\/staging.lucky-hunter.com\/fr\/wp-json\/wp\/v2\/product_tag?post=55818"}],"curies":[{"name":"wp","href":"https:\/\/api.w.org\/{rel}","templated":true}]}}