{"id":55778,"date":"2023-01-10T13:19:33","date_gmt":"2023-01-10T12:19:33","guid":{"rendered":"https:\/\/staging.lucky-hunter.com\/product\/icotec-electronic-predator-call\/"},"modified":"2023-01-10T13:19:33","modified_gmt":"2023-01-10T12:19:33","slug":"icotec-electronic-predator-call","status":"publish","type":"product","link":"https:\/\/staging.lucky-hunter.com\/fr\/product\/icotec-electronic-predator-call\/","title":{"rendered":"Appeau \u00c9lectronique \u00e0 Pr\u00e9dateurs ICOtec"},"content":{"rendered":"<h1>Appeau \u00c9lectronique \u00e0 Pr\u00e9dateurs ICOtec &#8211; GEN2 GC350<\/h1>\n<p>L&#8217;appeau \u00e9lectronique \u00e0 pr\u00e9dateurs GEN2 GC350 dispose d\u2019une technologie avec une port\u00e9e exceptionnelle : le haut-parleur principal peut \u00eatre activ\u00e9 jusqu&#8217;\u00e0 300 m\u00e8tres sans ligne de vue.<\/p>\n<p>La capacit\u00e9 d&#8217;un chasseur \u00e0 rester immobile et \u00e0 se camoufler du mieux qu&#8217;il peut est cruciale pour parvenir \u00e0 chasser les pr\u00e9dateurs. La t\u00e9l\u00e9commande permet \u00e9galement d&#8217;activer une forme \u00e9lectronique qui peut se brancher sur le haut-parleur principal, donnant au chasseur un avantage suppl\u00e9mentaire sur le pr\u00e9dateur. Produit sugg\u00e9r\u00e9 : Forme ICOtec AD400 ou PD200.<\/p>\n<p>La programmation du NOUVEAU GEN2 GC350 est simplifi\u00e9e. Tous les appels sont charg\u00e9s et lus directement \u00e0 partir d&#8217;une carte SD de classe 4 et de taille standard. Tout fichier audio personnalis\u00e9 enregistr\u00e9 au format .mp3 ou .wav (16 bits ou moins) peut \u00eatre lu par le GEN2 GC350. ICOtec dispose d&#8217;une biblioth\u00e8que exclusive d&#8217;appels audio. Elle est accessible depuis notre site Web et GRATUITE. Tous les appels gratuits sont crypt\u00e9s et lisibles uniquement par les appelants programmable ICOtec.<\/p>\n<p>L&#8217;appareil fonctionne avec 4 piles AA (1,5 volt) et la t\u00e9l\u00e9commande utilise une pile 23A de 12 volts. Les piles ne sont pas incluses. Le c\u00e2ble de connexion USB est inclus. T\u00e9l\u00e9chargements recommand\u00e9s sur PC Windows. L\u00e9ger, compact, facile \u00e0 utiliser, appels audio de qualit\u00e9 fantastique, t\u00e9l\u00e9commande \u00e0 tr\u00e8s longue port\u00e9e, faible consommation d&#8217;\u00e9nergie et l&#8217;un des prix les plus bas disponibles pour un excellent appeau programmable.<\/p>\n<h4><strong>Fonctionnalit\u00e9s de l\u2019appeau\u00a0:<\/strong><\/h4>\n<ul>\n<li>T\u00e9l\u00e9commande avec port\u00e9e de 300 m\u00e8tres<\/li>\n<li>24 appels audio de qualit\u00e9 professionnelle<\/li>\n<li>Aucune ligne de vue requise pour activer l&#8217;appareil<\/li>\n<li>Bouton de pause d&#8217;appel<\/li>\n<li>Interrupteur ON\/OFF pour le r\u00e9tro-\u00e9clairage des boutons pour la chasse nocturne<\/li>\n<li>Support tr\u00e9pied<\/li>\n<li>Antenne pivotante<\/li>\n<li>Bosse sur la poign\u00e9e pour l\u2019accrocher \u00e0 une branche<\/li>\n<li>Tr\u00e8s longue autonomie<\/li>\n<li>Possibilit\u00e9 d\u2019activer\/d\u00e9sactiver la forme \u00e0 distance<\/li>\n<li>Port de haut-parleur externe pour augmenter le volume en cas de conditions extr\u00eames<\/li>\n<li>Lit tous les fichiers .mp3 ou .wav (16 bits ou moins)<\/li>\n<li>Utilise une carte SD de taille standard<\/li>\n<li>L&#8217;appareil utilise 4 piles AA de 1,5 volt, non incluses<\/li>\n<li>La t\u00e9l\u00e9commande utilise une pile A23, non incluse<\/li>\n<li>NOUVELLE antenne \u00e0 changement rapide<\/li>\n<li>T\u00e9l\u00e9chargez des fichiers audio directement sur l&#8217;appareil ou sur la carte SD<\/li>\n<li>C\u00e2ble USB inclus<\/li>\n<li>Garantie d&#8217;usine d&#8217;un an<\/li>\n<li>Acc\u00e8s illimit\u00e9 \u00e0 la biblioth\u00e8que de sons ICOtec avec t\u00e9l\u00e9chargements GRATUITS<\/li>\n<\/ul>\n<div class=\"copy\" align=\"center\"><\/div>\n","protected":false},"excerpt":{"rendered":"<p>Cet appeau\/forme \u00e9lectronique peut \u00eatre programm\u00e9 avec 24 options de sons et peut \u00eatre utilis\u00e9 pour appeler les esp\u00e8ces que vous chassez, qu\u2019il s\u2019agisse de renards, de chacals, de corbeaux, d\u2019oies, etc.<\/p>\n","protected":false},"featured_media":225429,"template":"","meta":[],"product_brand":[9080],"product_cat":[8242],"product_tag":[9445],"yoast_head":"<!-- This site is optimized with the Yoast SEO plugin v24.3 - https:\/\/yoast.com\/wordpress\/plugins\/seo\/ -->\n<title>| Parfait pour les renards, les chacals et les corbeaux<\/title>\n<meta name=\"description\" content=\"Cet appeau \u00e9lectronique \u00e0 pr\u00e9dateurs peut \u00eatre programm\u00e9 avec 24 options de sons et peut \u00eatre utilis\u00e9 pour appeler les esp\u00e8ces que vous chassez, qu\u2019il s\u2019agisse de pr\u00e9dateurs, de cerfs ou d\u2019oiseaux\" \/>\n<meta name=\"robots\" content=\"noindex, follow, max-snippet:-1, max-image-preview:large, max-video-preview:-1\" \/>\n<meta property=\"og:locale\" content=\"fr_FR\" \/>\n<meta property=\"og:type\" content=\"article\" \/>\n<meta property=\"og:title\" content=\"| Parfait pour les renards, les chacals et les corbeaux\" \/>\n<meta property=\"og:description\" content=\"Cet appeau \u00e9lectronique \u00e0 pr\u00e9dateurs peut \u00eatre programm\u00e9 avec 24 options de sons et peut \u00eatre utilis\u00e9 pour appeler les esp\u00e8ces que vous chassez, qu\u2019il s\u2019agisse de pr\u00e9dateurs, de cerfs ou d\u2019oiseaux\" \/>\n<meta property=\"og:url\" content=\"https:\/\/staging.lucky-hunter.com\/fr\/product\/icotec-electronic-predator-call\/\" \/>\n<meta property=\"og:site_name\" content=\"Lucky-Hunter\" \/>\n<meta property=\"og:image\" content=\"https:\/\/staging.lucky-hunter.com\/wp-content\/uploads\/2023\/01\/350_HerowithRemote.png\" \/>\n\t<meta property=\"og:image:width\" content=\"2563\" \/>\n\t<meta property=\"og:image:height\" content=\"2544\" \/>\n\t<meta property=\"og:image:type\" content=\"image\/png\" \/>\n<meta name=\"twitter:card\" content=\"summary_large_image\" \/>\n<meta name=\"twitter:label1\" content=\"Dur\u00e9e de lecture estim\u00e9e\" \/>\n\t<meta name=\"twitter:data1\" content=\"2 minutes\" \/>\n<script type=\"application\/ld+json\" class=\"yoast-schema-graph\">{\"@context\":\"https:\/\/schema.org\",\"@graph\":[{\"@type\":\"WebPage\",\"@id\":\"https:\/\/staging.lucky-hunter.com\/fr\/product\/icotec-electronic-predator-call\/\",\"url\":\"https:\/\/staging.lucky-hunter.com\/fr\/product\/icotec-electronic-predator-call\/\",\"name\":\"| Parfait pour les renards, les chacals et les corbeaux\",\"isPartOf\":{\"@id\":\"https:\/\/staging.lucky-hunter.com\/#website\"},\"primaryImageOfPage\":{\"@id\":\"https:\/\/staging.lucky-hunter.com\/fr\/product\/icotec-electronic-predator-call\/#primaryimage\"},\"image\":{\"@id\":\"https:\/\/staging.lucky-hunter.com\/fr\/product\/icotec-electronic-predator-call\/#primaryimage\"},\"thumbnailUrl\":\"https:\/\/staging.lucky-hunter.com\/wp-content\/uploads\/2023\/01\/350_HerowithRemote.png\",\"datePublished\":\"2023-01-10T12:19:33+00:00\",\"dateModified\":\"2023-01-10T12:19:33+00:00\",\"description\":\"Cet appeau \u00e9lectronique \u00e0 pr\u00e9dateurs peut \u00eatre programm\u00e9 avec 24 options de sons et peut \u00eatre utilis\u00e9 pour appeler les esp\u00e8ces que vous chassez, qu\u2019il s\u2019agisse de pr\u00e9dateurs, de cerfs ou d\u2019oiseaux\",\"breadcrumb\":{\"@id\":\"https:\/\/staging.lucky-hunter.com\/fr\/product\/icotec-electronic-predator-call\/#breadcrumb\"},\"inLanguage\":\"fr-FR\",\"potentialAction\":[{\"@type\":\"ReadAction\",\"target\":[\"https:\/\/staging.lucky-hunter.com\/fr\/product\/icotec-electronic-predator-call\/\"]}]},{\"@type\":\"ImageObject\",\"inLanguage\":\"fr-FR\",\"@id\":\"https:\/\/staging.lucky-hunter.com\/fr\/product\/icotec-electronic-predator-call\/#primaryimage\",\"url\":\"https:\/\/staging.lucky-hunter.com\/wp-content\/uploads\/2023\/01\/350_HerowithRemote.png\",\"contentUrl\":\"https:\/\/staging.lucky-hunter.com\/wp-content\/uploads\/2023\/01\/350_HerowithRemote.png\",\"width\":2563,\"height\":2544},{\"@type\":\"BreadcrumbList\",\"@id\":\"https:\/\/staging.lucky-hunter.com\/fr\/product\/icotec-electronic-predator-call\/#breadcrumb\",\"itemListElement\":[{\"@type\":\"ListItem\",\"position\":1,\"name\":\"Home\",\"item\":\"https:\/\/staging.lucky-hunter.com\/fr\/\"},{\"@type\":\"ListItem\",\"position\":2,\"name\":\"Boutique\",\"item\":\"https:\/\/staging.lucky-hunter.com\/fr\/shop\/\"},{\"@type\":\"ListItem\",\"position\":3,\"name\":\"Appeau \u00c9lectronique \u00e0 Pr\u00e9dateurs ICOtec\"}]},{\"@type\":\"WebSite\",\"@id\":\"https:\/\/staging.lucky-hunter.com\/#website\",\"url\":\"https:\/\/staging.lucky-hunter.com\/\",\"name\":\"Lucky-Hunter\",\"description\":\"Gear Up or Give Up\",\"potentialAction\":[{\"@type\":\"SearchAction\",\"target\":{\"@type\":\"EntryPoint\",\"urlTemplate\":\"https:\/\/staging.lucky-hunter.com\/?s={search_term_string}\"},\"query-input\":{\"@type\":\"PropertyValueSpecification\",\"valueRequired\":true,\"valueName\":\"search_term_string\"}}],\"inLanguage\":\"fr-FR\"}]}<\/script>\n<!-- \/ Yoast SEO plugin. -->","yoast_head_json":{"title":"| Parfait pour les renards, les chacals et les corbeaux","description":"Cet appeau \u00e9lectronique \u00e0 pr\u00e9dateurs peut \u00eatre programm\u00e9 avec 24 options de sons et peut \u00eatre utilis\u00e9 pour appeler les esp\u00e8ces que vous chassez, qu\u2019il s\u2019agisse de pr\u00e9dateurs, de cerfs ou d\u2019oiseaux","robots":{"index":"noindex","follow":"follow","max-snippet":"max-snippet:-1","max-image-preview":"max-image-preview:large","max-video-preview":"max-video-preview:-1"},"og_locale":"fr_FR","og_type":"article","og_title":"| Parfait pour les renards, les chacals et les corbeaux","og_description":"Cet appeau \u00e9lectronique \u00e0 pr\u00e9dateurs peut \u00eatre programm\u00e9 avec 24 options de sons et peut \u00eatre utilis\u00e9 pour appeler les esp\u00e8ces que vous chassez, qu\u2019il s\u2019agisse de pr\u00e9dateurs, de cerfs ou d\u2019oiseaux","og_url":"https:\/\/staging.lucky-hunter.com\/fr\/product\/icotec-electronic-predator-call\/","og_site_name":"Lucky-Hunter","og_image":[{"url":"https:\/\/staging.lucky-hunter.com\/wp-content\/uploads\/2023\/01\/350_HerowithRemote.png","width":2563,"height":2544,"type":"image\/png"}],"twitter_card":"summary_large_image","twitter_misc":{"Dur\u00e9e de lecture estim\u00e9e":"2 minutes"},"schema":{"@context":"https:\/\/schema.org","@graph":[{"@type":"WebPage","@id":"https:\/\/staging.lucky-hunter.com\/fr\/product\/icotec-electronic-predator-call\/","url":"https:\/\/staging.lucky-hunter.com\/fr\/product\/icotec-electronic-predator-call\/","name":"| Parfait pour les renards, les chacals et les corbeaux","isPartOf":{"@id":"https:\/\/staging.lucky-hunter.com\/#website"},"primaryImageOfPage":{"@id":"https:\/\/staging.lucky-hunter.com\/fr\/product\/icotec-electronic-predator-call\/#primaryimage"},"image":{"@id":"https:\/\/staging.lucky-hunter.com\/fr\/product\/icotec-electronic-predator-call\/#primaryimage"},"thumbnailUrl":"https:\/\/staging.lucky-hunter.com\/wp-content\/uploads\/2023\/01\/350_HerowithRemote.png","datePublished":"2023-01-10T12:19:33+00:00","dateModified":"2023-01-10T12:19:33+00:00","description":"Cet appeau \u00e9lectronique \u00e0 pr\u00e9dateurs peut \u00eatre programm\u00e9 avec 24 options de sons et peut \u00eatre utilis\u00e9 pour appeler les esp\u00e8ces que vous chassez, qu\u2019il s\u2019agisse de pr\u00e9dateurs, de cerfs ou d\u2019oiseaux","breadcrumb":{"@id":"https:\/\/staging.lucky-hunter.com\/fr\/product\/icotec-electronic-predator-call\/#breadcrumb"},"inLanguage":"fr-FR","potentialAction":[{"@type":"ReadAction","target":["https:\/\/staging.lucky-hunter.com\/fr\/product\/icotec-electronic-predator-call\/"]}]},{"@type":"ImageObject","inLanguage":"fr-FR","@id":"https:\/\/staging.lucky-hunter.com\/fr\/product\/icotec-electronic-predator-call\/#primaryimage","url":"https:\/\/staging.lucky-hunter.com\/wp-content\/uploads\/2023\/01\/350_HerowithRemote.png","contentUrl":"https:\/\/staging.lucky-hunter.com\/wp-content\/uploads\/2023\/01\/350_HerowithRemote.png","width":2563,"height":2544},{"@type":"BreadcrumbList","@id":"https:\/\/staging.lucky-hunter.com\/fr\/product\/icotec-electronic-predator-call\/#breadcrumb","itemListElement":[{"@type":"ListItem","position":1,"name":"Home","item":"https:\/\/staging.lucky-hunter.com\/fr\/"},{"@type":"ListItem","position":2,"name":"Boutique","item":"https:\/\/staging.lucky-hunter.com\/fr\/shop\/"},{"@type":"ListItem","position":3,"name":"Appeau \u00c9lectronique \u00e0 Pr\u00e9dateurs ICOtec"}]},{"@type":"WebSite","@id":"https:\/\/staging.lucky-hunter.com\/#website","url":"https:\/\/staging.lucky-hunter.com\/","name":"Lucky-Hunter","description":"Gear Up or Give Up","potentialAction":[{"@type":"SearchAction","target":{"@type":"EntryPoint","urlTemplate":"https:\/\/staging.lucky-hunter.com\/?s={search_term_string}"},"query-input":{"@type":"PropertyValueSpecification","valueRequired":true,"valueName":"search_term_string"}}],"inLanguage":"fr-FR"}]}},"_links":{"self":[{"href":"https:\/\/staging.lucky-hunter.com\/fr\/wp-json\/wp\/v2\/product\/55778"}],"collection":[{"href":"https:\/\/staging.lucky-hunter.com\/fr\/wp-json\/wp\/v2\/product"}],"about":[{"href":"https:\/\/staging.lucky-hunter.com\/fr\/wp-json\/wp\/v2\/types\/product"}],"wp:featuredmedia":[{"embeddable":true,"href":"https:\/\/staging.lucky-hunter.com\/fr\/wp-json\/wp\/v2\/media\/225429"}],"wp:attachment":[{"href":"https:\/\/staging.lucky-hunter.com\/fr\/wp-json\/wp\/v2\/media?parent=55778"}],"wp:term":[{"taxonomy":"product_brand","embeddable":true,"href":"https:\/\/staging.lucky-hunter.com\/fr\/wp-json\/wp\/v2\/product_brand?post=55778"},{"taxonomy":"product_cat","embeddable":true,"href":"https:\/\/staging.lucky-hunter.com\/fr\/wp-json\/wp\/v2\/product_cat?post=55778"},{"taxonomy":"product_tag","embeddable":true,"href":"https:\/\/staging.lucky-hunter.com\/fr\/wp-json\/wp\/v2\/product_tag?post=55778"}],"curies":[{"name":"wp","href":"https:\/\/api.w.org\/{rel}","templated":true}]}}