{"id":55774,"date":"2023-01-13T09:56:56","date_gmt":"2023-01-13T08:56:56","guid":{"rendered":"https:\/\/staging.lucky-hunter.com\/product\/fruity-lure-60-ml-buck-expert\/"},"modified":"2025-06-24T12:20:43","modified_gmt":"2025-06-24T10:20:43","slug":"appat-fruity-aromatique-60-ml-buck-expert-60-ml","status":"publish","type":"product","link":"https:\/\/staging.lucky-hunter.com\/fr\/product\/appat-fruity-aromatique-60-ml-buck-expert-60-ml\/","title":{"rendered":"App\u00e2t Fruity Aromatique 60 ml &#8211; Buck Expert"},"content":{"rendered":"<h2><strong>App\u00e2t concentr\u00e9 et aromatique pour sangliers et cerfs<\/strong><\/h2>\n<div>D\u00e9velopp\u00e9 par Buck Expert, cet app\u00e2t \u00e0 base de fruits ferment\u00e9s et de sucres a un effet attractif naturel sur de nombreuses esp\u00e8ces de gibier.<\/div>\n<div><\/div>\n<div>Tr\u00e8s concentr\u00e9, le produit peut \u00eatre per\u00e7u sur de longues distances, jusqu&#8217;\u00e0 500 m\u00e8tres selon le vent.<\/div>\n<div><\/div>\n<div>Pulv\u00e9risez-le dans votre zone d\u2019agrainage, sur une pierre \u00e0 l\u00e9cher ou autour de votre \u00e9chelle d\u2019aff\u00fbt.<\/div>\n<div><\/div>\n<div>Nous recommandons de porter des lunettes et des gants de protection pour \u00e9viter que le produit ne p\u00e9n\u00e8tre dans vos yeux &#8211; si cela se produit, rincez abondamment avec de l&#8217;eau.<\/div>\n","protected":false},"excerpt":{"rendered":"<p>D\u00e9velopp\u00e9 par Buck Expert, cet app\u00e2t \u00e0 base de fruits ferment\u00e9s et de sucres a un effet attractif naturel sur de nombreuses esp\u00e8ces de gibier.<\/p>\n","protected":false},"featured_media":55747,"template":"","meta":[],"product_brand":[8210],"product_cat":[8255],"product_tag":[],"yoast_head":"<!-- This site is optimized with the Yoast SEO plugin v24.3 - https:\/\/yoast.com\/wordpress\/plugins\/seo\/ -->\n<title>App\u00e2t Fruity Aromatique 60 ml - Buck Expert 60 ml<\/title>\n<meta name=\"description\" content=\"D\u00e9velopp\u00e9 par Buck Expert, cet app\u00e2t \u00e0 base de fruits ferment\u00e9s et de sucres a un effet attractif naturel sur de nombreuses esp\u00e8ces de gibier.\" \/>\n<meta name=\"robots\" content=\"noindex, follow, max-snippet:-1, max-image-preview:large, max-video-preview:-1\" \/>\n<meta property=\"og:locale\" content=\"fr_FR\" \/>\n<meta property=\"og:type\" content=\"article\" \/>\n<meta property=\"og:title\" content=\"App\u00e2t Fruity Aromatique 60 ml - Buck Expert 60 ml\" \/>\n<meta property=\"og:description\" content=\"D\u00e9velopp\u00e9 par Buck Expert, cet app\u00e2t \u00e0 base de fruits ferment\u00e9s et de sucres a un effet attractif naturel sur de nombreuses esp\u00e8ces de gibier.\" \/>\n<meta property=\"og:url\" content=\"https:\/\/staging.lucky-hunter.com\/?post_type=product&amp;p=55617\" \/>\n<meta property=\"og:site_name\" content=\"Lucky-Hunter\" \/>\n<meta property=\"article:modified_time\" content=\"2025-06-24T10:20:43+00:00\" \/>\n<meta property=\"og:image\" content=\"https:\/\/staging.lucky-hunter.com\/wp-content\/uploads\/2023\/01\/LM-238.png\" \/>\n\t<meta property=\"og:image:width\" content=\"1000\" \/>\n\t<meta property=\"og:image:height\" content=\"1000\" \/>\n\t<meta property=\"og:image:type\" content=\"image\/png\" \/>\n<meta name=\"twitter:card\" content=\"summary_large_image\" \/>\n<meta name=\"twitter:label1\" content=\"Dur\u00e9e de lecture estim\u00e9e\" \/>\n\t<meta name=\"twitter:data1\" content=\"1 minute\" \/>\n<script type=\"application\/ld+json\" class=\"yoast-schema-graph\">{\"@context\":\"https:\/\/schema.org\",\"@graph\":[{\"@type\":\"WebPage\",\"@id\":\"https:\/\/staging.lucky-hunter.com\/?post_type=product&p=55617\",\"url\":\"https:\/\/staging.lucky-hunter.com\/?post_type=product&p=55617\",\"name\":\"App\u00e2t Fruity Aromatique 60 ml - Buck Expert 60 ml\",\"isPartOf\":{\"@id\":\"https:\/\/staging.lucky-hunter.com\/#website\"},\"primaryImageOfPage\":{\"@id\":\"https:\/\/staging.lucky-hunter.com\/?post_type=product&p=55617#primaryimage\"},\"image\":{\"@id\":\"https:\/\/staging.lucky-hunter.com\/?post_type=product&p=55617#primaryimage\"},\"thumbnailUrl\":\"https:\/\/staging.lucky-hunter.com\/wp-content\/uploads\/2023\/01\/LM-238.png\",\"datePublished\":\"2023-01-13T08:56:56+00:00\",\"dateModified\":\"2025-06-24T10:20:43+00:00\",\"description\":\"D\u00e9velopp\u00e9 par Buck Expert, cet app\u00e2t \u00e0 base de fruits ferment\u00e9s et de sucres a un effet attractif naturel sur de nombreuses esp\u00e8ces de gibier.\",\"breadcrumb\":{\"@id\":\"https:\/\/staging.lucky-hunter.com\/?post_type=product&p=55617#breadcrumb\"},\"inLanguage\":\"fr-FR\",\"potentialAction\":[{\"@type\":\"ReadAction\",\"target\":[\"https:\/\/staging.lucky-hunter.com\/?post_type=product&p=55617\"]}]},{\"@type\":\"ImageObject\",\"inLanguage\":\"fr-FR\",\"@id\":\"https:\/\/staging.lucky-hunter.com\/?post_type=product&p=55617#primaryimage\",\"url\":\"https:\/\/staging.lucky-hunter.com\/wp-content\/uploads\/2023\/01\/LM-238.png\",\"contentUrl\":\"https:\/\/staging.lucky-hunter.com\/wp-content\/uploads\/2023\/01\/LM-238.png\",\"width\":1000,\"height\":1000},{\"@type\":\"BreadcrumbList\",\"@id\":\"https:\/\/staging.lucky-hunter.com\/?post_type=product&p=55617#breadcrumb\",\"itemListElement\":[{\"@type\":\"ListItem\",\"position\":1,\"name\":\"Home\",\"item\":\"https:\/\/staging.lucky-hunter.com\/fr\/\"},{\"@type\":\"ListItem\",\"position\":2,\"name\":\"Boutique\",\"item\":\"https:\/\/staging.lucky-hunter.com\/fr\/shop\/\"},{\"@type\":\"ListItem\",\"position\":3,\"name\":\"App\u00e2t Fruity Aromatique 60 ml &#8211; Buck Expert\"}]},{\"@type\":\"WebSite\",\"@id\":\"https:\/\/staging.lucky-hunter.com\/#website\",\"url\":\"https:\/\/staging.lucky-hunter.com\/\",\"name\":\"Lucky-Hunter\",\"description\":\"Gear Up or Give Up\",\"potentialAction\":[{\"@type\":\"SearchAction\",\"target\":{\"@type\":\"EntryPoint\",\"urlTemplate\":\"https:\/\/staging.lucky-hunter.com\/?s={search_term_string}\"},\"query-input\":{\"@type\":\"PropertyValueSpecification\",\"valueRequired\":true,\"valueName\":\"search_term_string\"}}],\"inLanguage\":\"fr-FR\"}]}<\/script>\n<!-- \/ Yoast SEO plugin. -->","yoast_head_json":{"title":"App\u00e2t Fruity Aromatique 60 ml - Buck Expert 60 ml","description":"D\u00e9velopp\u00e9 par Buck Expert, cet app\u00e2t \u00e0 base de fruits ferment\u00e9s et de sucres a un effet attractif naturel sur de nombreuses esp\u00e8ces de gibier.","robots":{"index":"noindex","follow":"follow","max-snippet":"max-snippet:-1","max-image-preview":"max-image-preview:large","max-video-preview":"max-video-preview:-1"},"og_locale":"fr_FR","og_type":"article","og_title":"App\u00e2t Fruity Aromatique 60 ml - Buck Expert 60 ml","og_description":"D\u00e9velopp\u00e9 par Buck Expert, cet app\u00e2t \u00e0 base de fruits ferment\u00e9s et de sucres a un effet attractif naturel sur de nombreuses esp\u00e8ces de gibier.","og_url":"https:\/\/staging.lucky-hunter.com\/?post_type=product&p=55617","og_site_name":"Lucky-Hunter","article_modified_time":"2025-06-24T10:20:43+00:00","og_image":[{"width":1000,"height":1000,"url":"https:\/\/staging.lucky-hunter.com\/wp-content\/uploads\/2023\/01\/LM-238.png","type":"image\/png"}],"twitter_card":"summary_large_image","twitter_misc":{"Dur\u00e9e de lecture estim\u00e9e":"1 minute"},"schema":{"@context":"https:\/\/schema.org","@graph":[{"@type":"WebPage","@id":"https:\/\/staging.lucky-hunter.com\/?post_type=product&p=55617","url":"https:\/\/staging.lucky-hunter.com\/?post_type=product&p=55617","name":"App\u00e2t Fruity Aromatique 60 ml - Buck Expert 60 ml","isPartOf":{"@id":"https:\/\/staging.lucky-hunter.com\/#website"},"primaryImageOfPage":{"@id":"https:\/\/staging.lucky-hunter.com\/?post_type=product&p=55617#primaryimage"},"image":{"@id":"https:\/\/staging.lucky-hunter.com\/?post_type=product&p=55617#primaryimage"},"thumbnailUrl":"https:\/\/staging.lucky-hunter.com\/wp-content\/uploads\/2023\/01\/LM-238.png","datePublished":"2023-01-13T08:56:56+00:00","dateModified":"2025-06-24T10:20:43+00:00","description":"D\u00e9velopp\u00e9 par Buck Expert, cet app\u00e2t \u00e0 base de fruits ferment\u00e9s et de sucres a un effet attractif naturel sur de nombreuses esp\u00e8ces de gibier.","breadcrumb":{"@id":"https:\/\/staging.lucky-hunter.com\/?post_type=product&p=55617#breadcrumb"},"inLanguage":"fr-FR","potentialAction":[{"@type":"ReadAction","target":["https:\/\/staging.lucky-hunter.com\/?post_type=product&p=55617"]}]},{"@type":"ImageObject","inLanguage":"fr-FR","@id":"https:\/\/staging.lucky-hunter.com\/?post_type=product&p=55617#primaryimage","url":"https:\/\/staging.lucky-hunter.com\/wp-content\/uploads\/2023\/01\/LM-238.png","contentUrl":"https:\/\/staging.lucky-hunter.com\/wp-content\/uploads\/2023\/01\/LM-238.png","width":1000,"height":1000},{"@type":"BreadcrumbList","@id":"https:\/\/staging.lucky-hunter.com\/?post_type=product&p=55617#breadcrumb","itemListElement":[{"@type":"ListItem","position":1,"name":"Home","item":"https:\/\/staging.lucky-hunter.com\/fr\/"},{"@type":"ListItem","position":2,"name":"Boutique","item":"https:\/\/staging.lucky-hunter.com\/fr\/shop\/"},{"@type":"ListItem","position":3,"name":"App\u00e2t Fruity Aromatique 60 ml &#8211; Buck Expert"}]},{"@type":"WebSite","@id":"https:\/\/staging.lucky-hunter.com\/#website","url":"https:\/\/staging.lucky-hunter.com\/","name":"Lucky-Hunter","description":"Gear Up or Give Up","potentialAction":[{"@type":"SearchAction","target":{"@type":"EntryPoint","urlTemplate":"https:\/\/staging.lucky-hunter.com\/?s={search_term_string}"},"query-input":{"@type":"PropertyValueSpecification","valueRequired":true,"valueName":"search_term_string"}}],"inLanguage":"fr-FR"}]}},"_links":{"self":[{"href":"https:\/\/staging.lucky-hunter.com\/fr\/wp-json\/wp\/v2\/product\/55774"}],"collection":[{"href":"https:\/\/staging.lucky-hunter.com\/fr\/wp-json\/wp\/v2\/product"}],"about":[{"href":"https:\/\/staging.lucky-hunter.com\/fr\/wp-json\/wp\/v2\/types\/product"}],"wp:featuredmedia":[{"embeddable":true,"href":"https:\/\/staging.lucky-hunter.com\/fr\/wp-json\/wp\/v2\/media\/55747"}],"wp:attachment":[{"href":"https:\/\/staging.lucky-hunter.com\/fr\/wp-json\/wp\/v2\/media?parent=55774"}],"wp:term":[{"taxonomy":"product_brand","embeddable":true,"href":"https:\/\/staging.lucky-hunter.com\/fr\/wp-json\/wp\/v2\/product_brand?post=55774"},{"taxonomy":"product_cat","embeddable":true,"href":"https:\/\/staging.lucky-hunter.com\/fr\/wp-json\/wp\/v2\/product_cat?post=55774"},{"taxonomy":"product_tag","embeddable":true,"href":"https:\/\/staging.lucky-hunter.com\/fr\/wp-json\/wp\/v2\/product_tag?post=55774"}],"curies":[{"name":"wp","href":"https:\/\/api.w.org\/{rel}","templated":true}]}}