{"id":55769,"date":"2020-08-24T10:31:49","date_gmt":"2020-08-24T08:31:49","guid":{"rendered":"https:\/\/staging.lucky-hunter.com\/product\/banded-5-mm-dog-parka\/"},"modified":"2025-06-26T15:11:51","modified_gmt":"2025-06-26T13:11:51","slug":"parka-pour-chien-de-5-mm-max7-banded","status":"publish","type":"product","link":"https:\/\/staging.lucky-hunter.com\/fr\/product\/parka-pour-chien-de-5-mm-max7-banded\/","title":{"rendered":"Parka pour Chien de 5 mm Max7 &#8211; Banded"},"content":{"rendered":"<p><iframe title=\"Banded 5mm dog parka\" width=\"1020\" height=\"574\" src=\"https:\/\/www.youtube.com\/embed\/wZ-gtR-Wx-A?wmode=transparent&amp;rel=0&amp;feature=oembed&#038;enablejsapi=1&#038;origin=https:\/\/staging.lucky-hunter.com\" frameborder=\"0\" allow=\"accelerometer; autoplay; clipboard-write; encrypted-media; gyroscope; picture-in-picture; web-share\" referrerpolicy=\"strict-origin-when-cross-origin\" allowfullscreen><\/iframe><\/p>\n<h1><strong>Du nouveau pour votre fid\u00e8le compagnon de chasse &#8211; R\u00e9chauffe le chien et le prot\u00e8ge contre les blessures<\/strong><\/h1>\n<p>Le fabricant am\u00e9ricain Banded a d\u00e9velopp\u00e9 un nouveau gilet en n\u00e9opr\u00e8ne robuste de 5 mm qui ne manquera pas de tenir chaud \u00e0 votre chien de chasse lorsque vous chassez par temps froid.<\/p>\n<p>Il est aussi sp\u00e9cialement con\u00e7u pour prot\u00e9ger le chien contre les \u00e9corchures lorsqu&#8217;il travaille dans les champs, dans les bois ou dans l&#8217;eau.<\/p>\n<p>Le rembourrage flottant int\u00e9gr\u00e9 procure une tr\u00e8s bonne flottabilit\u00e9 lorsque le chien doit nager et travailler dans l&#8217;eau. Comme caract\u00e9ristique suppl\u00e9mentaire, le gilet dispose d\u2019une poign\u00e9e afin que vous puissiez facilement saisir le chien si n\u00e9cessaire.<\/p>\n<p>La Parka pour chien Banded est dot\u00e9e d\u2019une coupe confortable pour le chien, ce qui augmente sa mobilit\u00e9 et son confort, sur terre comme dans l&#8217;eau.<\/p>\n<p><strong>Caract\u00e9ristiques\u00a0:<\/strong><\/p>\n<ul>\n<li>Confection en n\u00e9opr\u00e8ne spandura de 5 mm<\/li>\n<li>Fermeture \u00e9clair robuste<\/li>\n<li>Poign\u00e9e<\/li>\n<li>\u0152illet pour la laisse du chien<\/li>\n<li>Rembourrage flottant pour plus de flottabilit\u00e9<\/li>\n<li>Ajustement parfait autour du cou et des pattes<\/li>\n<li>camouflage Max7<\/li>\n<\/ul>\n<p><strong>Guide des tailles\u00a0:<\/strong><\/p>\n<p>Taille S : 40 cm (cou) &#8211; 61 cm (poitrine)<br \/>\nTaille M : 43 cm (cou) &#8211; 66 cm (poitrine)<br \/>\nTaille L : 46 cm (cou) &#8211; 71 cm (poitrine)<br \/>\nTaille XL : 48,50 cm (cou) &#8211; 79 cm (poitrine)<\/p>\n<p>La poitrine du chien se mesure juste derri\u00e8re les pattes avant.<\/p>\n<p>Assurez-vous que la parka soit suffisamment serr\u00e9e pour garder le corps de votre chien au chaud, mais pas au point de bloquer sa respiration ou de provoquer une g\u00eane.<\/p>\n<p><img decoding=\"async\" class=\"alignnone size-full wp-image-27803\" src=\"https:\/\/staging.lucky-hunter.com\/wp-content\/uploads\/2020\/08\/AVE03210.jpg\" alt=\"\" width=\"845\" height=\"844\" srcset=\"https:\/\/staging.lucky-hunter.com\/wp-content\/uploads\/2020\/08\/AVE03210.jpg 845w, https:\/\/staging.lucky-hunter.com\/wp-content\/uploads\/2020\/08\/AVE03210-150x150.jpg 150w, https:\/\/staging.lucky-hunter.com\/wp-content\/uploads\/2020\/08\/AVE03210-768x767.jpg 768w, https:\/\/staging.lucky-hunter.com\/wp-content\/uploads\/2020\/08\/AVE03210-300x300.jpg 300w, https:\/\/staging.lucky-hunter.com\/wp-content\/uploads\/2020\/08\/AVE03210-250x250.jpg 250w, https:\/\/staging.lucky-hunter.com\/wp-content\/uploads\/2020\/08\/AVE03210-100x100.jpg 100w\" sizes=\"(max-width: 845px) 100vw, 845px\" \/><\/p>\n","protected":false},"excerpt":{"rendered":"<p>Le fabricant am\u00e9ricain Banded a d\u00e9velopp\u00e9 un nouveau gilet en n\u00e9opr\u00e8ne robuste de 5 mm qui ne manquera pas de tenir chaud \u00e0 votre chien de chasse.<\/p>\n","protected":false},"featured_media":30095,"template":"","meta":[],"product_brand":[8137],"product_cat":[8259],"product_tag":[],"yoast_head":"<!-- This site is optimized with the Yoast SEO plugin v24.3 - https:\/\/yoast.com\/wordpress\/plugins\/seo\/ -->\n<title>Parka pour Chien de 5 mm Max7 - Banded<\/title>\n<meta name=\"description\" content=\"Le fabricant am\u00e9ricain Banded a d\u00e9velopp\u00e9 un nouveau gilet en n\u00e9opr\u00e8ne robuste de 5 mm qui ne manquera pas de tenir chaud \u00e0 votre chien de chasse.\" \/>\n<meta name=\"robots\" content=\"noindex, follow, max-snippet:-1, max-image-preview:large, max-video-preview:-1\" \/>\n<meta property=\"og:locale\" content=\"fr_FR\" \/>\n<meta property=\"og:type\" content=\"article\" \/>\n<meta property=\"og:title\" content=\"Parka pour Chien de 5 mm Max7 - Banded\" \/>\n<meta property=\"og:description\" content=\"Le fabricant am\u00e9ricain Banded a d\u00e9velopp\u00e9 un nouveau gilet en n\u00e9opr\u00e8ne robuste de 5 mm qui ne manquera pas de tenir chaud \u00e0 votre chien de chasse.\" \/>\n<meta property=\"og:url\" content=\"https:\/\/staging.lucky-hunter.com\/fr\/product\/parka-pour-chien-de-5-mm-max7-banded\/\" \/>\n<meta property=\"og:site_name\" content=\"Lucky-Hunter\" \/>\n<meta property=\"article:modified_time\" content=\"2025-06-26T13:11:51+00:00\" \/>\n<meta property=\"og:image\" content=\"https:\/\/staging.lucky-hunter.com\/wp-content\/uploads\/2020\/08\/JH-150.png\" \/>\n\t<meta property=\"og:image:width\" content=\"1000\" \/>\n\t<meta property=\"og:image:height\" content=\"1000\" \/>\n\t<meta property=\"og:image:type\" content=\"image\/png\" \/>\n<meta name=\"twitter:card\" content=\"summary_large_image\" \/>\n<meta name=\"twitter:label1\" content=\"Dur\u00e9e de lecture estim\u00e9e\" \/>\n\t<meta name=\"twitter:data1\" content=\"2 minutes\" \/>\n<script type=\"application\/ld+json\" class=\"yoast-schema-graph\">{\"@context\":\"https:\/\/schema.org\",\"@graph\":[{\"@type\":\"WebPage\",\"@id\":\"https:\/\/staging.lucky-hunter.com\/fr\/product\/parka-pour-chien-de-5-mm-max7-banded\/\",\"url\":\"https:\/\/staging.lucky-hunter.com\/fr\/product\/parka-pour-chien-de-5-mm-max7-banded\/\",\"name\":\"Parka pour Chien de 5 mm Max7 - Banded\",\"isPartOf\":{\"@id\":\"https:\/\/staging.lucky-hunter.com\/#website\"},\"primaryImageOfPage\":{\"@id\":\"https:\/\/staging.lucky-hunter.com\/fr\/product\/parka-pour-chien-de-5-mm-max7-banded\/#primaryimage\"},\"image\":{\"@id\":\"https:\/\/staging.lucky-hunter.com\/fr\/product\/parka-pour-chien-de-5-mm-max7-banded\/#primaryimage\"},\"thumbnailUrl\":\"https:\/\/staging.lucky-hunter.com\/wp-content\/uploads\/2020\/08\/JH-150.png\",\"datePublished\":\"2020-08-24T08:31:49+00:00\",\"dateModified\":\"2025-06-26T13:11:51+00:00\",\"description\":\"Le fabricant am\u00e9ricain Banded a d\u00e9velopp\u00e9 un nouveau gilet en n\u00e9opr\u00e8ne robuste de 5 mm qui ne manquera pas de tenir chaud \u00e0 votre chien de chasse.\",\"breadcrumb\":{\"@id\":\"https:\/\/staging.lucky-hunter.com\/fr\/product\/parka-pour-chien-de-5-mm-max7-banded\/#breadcrumb\"},\"inLanguage\":\"fr-FR\",\"potentialAction\":[{\"@type\":\"ReadAction\",\"target\":[\"https:\/\/staging.lucky-hunter.com\/fr\/product\/parka-pour-chien-de-5-mm-max7-banded\/\"]}]},{\"@type\":\"ImageObject\",\"inLanguage\":\"fr-FR\",\"@id\":\"https:\/\/staging.lucky-hunter.com\/fr\/product\/parka-pour-chien-de-5-mm-max7-banded\/#primaryimage\",\"url\":\"https:\/\/staging.lucky-hunter.com\/wp-content\/uploads\/2020\/08\/JH-150.png\",\"contentUrl\":\"https:\/\/staging.lucky-hunter.com\/wp-content\/uploads\/2020\/08\/JH-150.png\",\"width\":1000,\"height\":1000},{\"@type\":\"BreadcrumbList\",\"@id\":\"https:\/\/staging.lucky-hunter.com\/fr\/product\/parka-pour-chien-de-5-mm-max7-banded\/#breadcrumb\",\"itemListElement\":[{\"@type\":\"ListItem\",\"position\":1,\"name\":\"Home\",\"item\":\"https:\/\/staging.lucky-hunter.com\/fr\/\"},{\"@type\":\"ListItem\",\"position\":2,\"name\":\"Boutique\",\"item\":\"https:\/\/staging.lucky-hunter.com\/fr\/shop\/\"},{\"@type\":\"ListItem\",\"position\":3,\"name\":\"Parka pour Chien de 5 mm Max7 &#8211; Banded\"}]},{\"@type\":\"WebSite\",\"@id\":\"https:\/\/staging.lucky-hunter.com\/#website\",\"url\":\"https:\/\/staging.lucky-hunter.com\/\",\"name\":\"Lucky-Hunter\",\"description\":\"Gear Up or Give Up\",\"potentialAction\":[{\"@type\":\"SearchAction\",\"target\":{\"@type\":\"EntryPoint\",\"urlTemplate\":\"https:\/\/staging.lucky-hunter.com\/?s={search_term_string}\"},\"query-input\":{\"@type\":\"PropertyValueSpecification\",\"valueRequired\":true,\"valueName\":\"search_term_string\"}}],\"inLanguage\":\"fr-FR\"}]}<\/script>\n<!-- \/ Yoast SEO plugin. -->","yoast_head_json":{"title":"Parka pour Chien de 5 mm Max7 - Banded","description":"Le fabricant am\u00e9ricain Banded a d\u00e9velopp\u00e9 un nouveau gilet en n\u00e9opr\u00e8ne robuste de 5 mm qui ne manquera pas de tenir chaud \u00e0 votre chien de chasse.","robots":{"index":"noindex","follow":"follow","max-snippet":"max-snippet:-1","max-image-preview":"max-image-preview:large","max-video-preview":"max-video-preview:-1"},"og_locale":"fr_FR","og_type":"article","og_title":"Parka pour Chien de 5 mm Max7 - Banded","og_description":"Le fabricant am\u00e9ricain Banded a d\u00e9velopp\u00e9 un nouveau gilet en n\u00e9opr\u00e8ne robuste de 5 mm qui ne manquera pas de tenir chaud \u00e0 votre chien de chasse.","og_url":"https:\/\/staging.lucky-hunter.com\/fr\/product\/parka-pour-chien-de-5-mm-max7-banded\/","og_site_name":"Lucky-Hunter","article_modified_time":"2025-06-26T13:11:51+00:00","og_image":[{"width":1000,"height":1000,"url":"https:\/\/staging.lucky-hunter.com\/wp-content\/uploads\/2020\/08\/JH-150.png","type":"image\/png"}],"twitter_card":"summary_large_image","twitter_misc":{"Dur\u00e9e de lecture estim\u00e9e":"2 minutes"},"schema":{"@context":"https:\/\/schema.org","@graph":[{"@type":"WebPage","@id":"https:\/\/staging.lucky-hunter.com\/fr\/product\/parka-pour-chien-de-5-mm-max7-banded\/","url":"https:\/\/staging.lucky-hunter.com\/fr\/product\/parka-pour-chien-de-5-mm-max7-banded\/","name":"Parka pour Chien de 5 mm Max7 - Banded","isPartOf":{"@id":"https:\/\/staging.lucky-hunter.com\/#website"},"primaryImageOfPage":{"@id":"https:\/\/staging.lucky-hunter.com\/fr\/product\/parka-pour-chien-de-5-mm-max7-banded\/#primaryimage"},"image":{"@id":"https:\/\/staging.lucky-hunter.com\/fr\/product\/parka-pour-chien-de-5-mm-max7-banded\/#primaryimage"},"thumbnailUrl":"https:\/\/staging.lucky-hunter.com\/wp-content\/uploads\/2020\/08\/JH-150.png","datePublished":"2020-08-24T08:31:49+00:00","dateModified":"2025-06-26T13:11:51+00:00","description":"Le fabricant am\u00e9ricain Banded a d\u00e9velopp\u00e9 un nouveau gilet en n\u00e9opr\u00e8ne robuste de 5 mm qui ne manquera pas de tenir chaud \u00e0 votre chien de chasse.","breadcrumb":{"@id":"https:\/\/staging.lucky-hunter.com\/fr\/product\/parka-pour-chien-de-5-mm-max7-banded\/#breadcrumb"},"inLanguage":"fr-FR","potentialAction":[{"@type":"ReadAction","target":["https:\/\/staging.lucky-hunter.com\/fr\/product\/parka-pour-chien-de-5-mm-max7-banded\/"]}]},{"@type":"ImageObject","inLanguage":"fr-FR","@id":"https:\/\/staging.lucky-hunter.com\/fr\/product\/parka-pour-chien-de-5-mm-max7-banded\/#primaryimage","url":"https:\/\/staging.lucky-hunter.com\/wp-content\/uploads\/2020\/08\/JH-150.png","contentUrl":"https:\/\/staging.lucky-hunter.com\/wp-content\/uploads\/2020\/08\/JH-150.png","width":1000,"height":1000},{"@type":"BreadcrumbList","@id":"https:\/\/staging.lucky-hunter.com\/fr\/product\/parka-pour-chien-de-5-mm-max7-banded\/#breadcrumb","itemListElement":[{"@type":"ListItem","position":1,"name":"Home","item":"https:\/\/staging.lucky-hunter.com\/fr\/"},{"@type":"ListItem","position":2,"name":"Boutique","item":"https:\/\/staging.lucky-hunter.com\/fr\/shop\/"},{"@type":"ListItem","position":3,"name":"Parka pour Chien de 5 mm Max7 &#8211; Banded"}]},{"@type":"WebSite","@id":"https:\/\/staging.lucky-hunter.com\/#website","url":"https:\/\/staging.lucky-hunter.com\/","name":"Lucky-Hunter","description":"Gear Up or Give Up","potentialAction":[{"@type":"SearchAction","target":{"@type":"EntryPoint","urlTemplate":"https:\/\/staging.lucky-hunter.com\/?s={search_term_string}"},"query-input":{"@type":"PropertyValueSpecification","valueRequired":true,"valueName":"search_term_string"}}],"inLanguage":"fr-FR"}]}},"_links":{"self":[{"href":"https:\/\/staging.lucky-hunter.com\/fr\/wp-json\/wp\/v2\/product\/55769"}],"collection":[{"href":"https:\/\/staging.lucky-hunter.com\/fr\/wp-json\/wp\/v2\/product"}],"about":[{"href":"https:\/\/staging.lucky-hunter.com\/fr\/wp-json\/wp\/v2\/types\/product"}],"wp:featuredmedia":[{"embeddable":true,"href":"https:\/\/staging.lucky-hunter.com\/fr\/wp-json\/wp\/v2\/media\/30095"}],"wp:attachment":[{"href":"https:\/\/staging.lucky-hunter.com\/fr\/wp-json\/wp\/v2\/media?parent=55769"}],"wp:term":[{"taxonomy":"product_brand","embeddable":true,"href":"https:\/\/staging.lucky-hunter.com\/fr\/wp-json\/wp\/v2\/product_brand?post=55769"},{"taxonomy":"product_cat","embeddable":true,"href":"https:\/\/staging.lucky-hunter.com\/fr\/wp-json\/wp\/v2\/product_cat?post=55769"},{"taxonomy":"product_tag","embeddable":true,"href":"https:\/\/staging.lucky-hunter.com\/fr\/wp-json\/wp\/v2\/product_tag?post=55769"}],"curies":[{"name":"wp","href":"https:\/\/api.w.org\/{rel}","templated":true}]}}