{"id":55702,"date":"2022-09-02T11:51:02","date_gmt":"2022-09-02T09:51:02","guid":{"rendered":"https:\/\/staging.lucky-hunter.com\/product\/banded-utility-2-0-jakke-bottomland\/"},"modified":"2023-01-13T11:52:31","modified_gmt":"2023-01-13T10:52:31","slug":"banded-utility-2-0-jakke-bottomland","status":"publish","type":"product","link":"https:\/\/staging.lucky-hunter.com\/fr\/product\/banded-utility-2-0-jakke-bottomland\/","title":{"rendered":"La veste en soft-shell Utility 2.0 de Banded &#8211; Bottomland"},"content":{"rendered":"<h4><a href=\"https:\/\/staging.lucky-hunter.com\/wp-content\/uploads\/2022\/08\/Storrelsesguide-Herre-Engelsk.pdf\" target=\"_blank\" rel=\"noopener\"><strong>Voir le guide des tailles ici<\/strong><\/a><\/h4>\n<h2><strong>Veste coupe-vent et d\u00e9perlante de Banded<\/strong><\/h2>\n<div>La veste en soft-shell Utility 2.0 de Banded est id\u00e9ale pour la chasse et les activit\u00e9s de plein air en g\u00e9n\u00e9ral.<\/div>\n<div><\/div>\n<div>Cette veste de tr\u00e8s haute qualit\u00e9 dispose d\u2019une coupe superbe. Fabrication durable et de qualit\u00e9 afin de correspondre \u00e0 votre style de vie actif.<\/div>\n<div><\/div>\n<div><strong>Caract\u00e9ristiques\u00a0:<\/strong><\/div>\n<ul>\n<li>Coupe-vent, d\u00e9perlante, ceinture souple et r\u00e9glable int\u00e9gr\u00e9e<\/li>\n<li>Deux poches pour les mains<\/li>\n<li>Poche sur la poitrine<\/li>\n<li>Bandes velcros aux poignets<\/li>\n<li>Logo Banded sur la poitrine<\/li>\n<li>Couleur : Bottomland<\/li>\n<\/ul>\n","protected":false},"excerpt":{"rendered":"<div>La veste en soft-shell Utility 2.0 de Banded est id\u00e9ale pour la chasse et les activit\u00e9s de plein air en g\u00e9n\u00e9ral. Cette veste est de tr\u00e8s haute qualit\u00e9.<\/div>\n<div><\/div>\n","protected":false},"featured_media":55319,"template":"","meta":[],"product_brand":[8137],"product_cat":[8190],"product_tag":[],"yoast_head":"<!-- This site is optimized with the Yoast SEO plugin v24.3 - https:\/\/yoast.com\/wordpress\/plugins\/seo\/ -->\n<title>Banded Utility 2.0 Jakke - Bottomland<\/title>\n<meta name=\"description\" content=\"La veste en soft-shell Utility 2.0 de Banded est id\u00e9ale pour la chasse et les activit\u00e9s de plein air en g\u00e9n\u00e9ral. Cette veste est de tr\u00e8s haute qualit\u00e9.\" \/>\n<meta name=\"robots\" content=\"noindex, follow, max-snippet:-1, max-image-preview:large, max-video-preview:-1\" \/>\n<meta property=\"og:locale\" content=\"fr_FR\" \/>\n<meta property=\"og:type\" content=\"article\" \/>\n<meta property=\"og:title\" content=\"Banded Utility 2.0 Jakke - Bottomland\" \/>\n<meta property=\"og:description\" content=\"La veste en soft-shell Utility 2.0 de Banded est id\u00e9ale pour la chasse et les activit\u00e9s de plein air en g\u00e9n\u00e9ral. Cette veste est de tr\u00e8s haute qualit\u00e9.\" \/>\n<meta property=\"og:url\" content=\"https:\/\/staging.lucky-hunter.com\/product\/banded-utility-2-0-jakke-bottomland\/\" \/>\n<meta property=\"og:site_name\" content=\"Lucky-Hunter\" \/>\n<meta property=\"article:modified_time\" content=\"2023-01-13T10:52:31+00:00\" \/>\n<meta property=\"og:image\" content=\"https:\/\/staging.lucky-hunter.com\/wp-content\/uploads\/2022\/09\/JB-0572.png\" \/>\n\t<meta property=\"og:image:width\" content=\"1000\" \/>\n\t<meta property=\"og:image:height\" content=\"1000\" \/>\n\t<meta property=\"og:image:type\" content=\"image\/png\" \/>\n<meta name=\"twitter:card\" content=\"summary_large_image\" \/>\n<meta name=\"twitter:label1\" content=\"Dur\u00e9e de lecture estim\u00e9e\" \/>\n\t<meta name=\"twitter:data1\" content=\"1 minute\" \/>\n<script type=\"application\/ld+json\" class=\"yoast-schema-graph\">{\"@context\":\"https:\/\/schema.org\",\"@graph\":[{\"@type\":\"WebPage\",\"@id\":\"https:\/\/staging.lucky-hunter.com\/product\/banded-utility-2-0-jakke-bottomland\/\",\"url\":\"https:\/\/staging.lucky-hunter.com\/product\/banded-utility-2-0-jakke-bottomland\/\",\"name\":\"Banded Utility 2.0 Jakke - Bottomland\",\"isPartOf\":{\"@id\":\"https:\/\/staging.lucky-hunter.com\/#website\"},\"primaryImageOfPage\":{\"@id\":\"https:\/\/staging.lucky-hunter.com\/product\/banded-utility-2-0-jakke-bottomland\/#primaryimage\"},\"image\":{\"@id\":\"https:\/\/staging.lucky-hunter.com\/product\/banded-utility-2-0-jakke-bottomland\/#primaryimage\"},\"thumbnailUrl\":\"https:\/\/staging.lucky-hunter.com\/wp-content\/uploads\/2022\/09\/JB-0572.png\",\"datePublished\":\"2022-09-02T09:51:02+00:00\",\"dateModified\":\"2023-01-13T10:52:31+00:00\",\"description\":\"La veste en soft-shell Utility 2.0 de Banded est id\u00e9ale pour la chasse et les activit\u00e9s de plein air en g\u00e9n\u00e9ral. Cette veste est de tr\u00e8s haute qualit\u00e9.\",\"breadcrumb\":{\"@id\":\"https:\/\/staging.lucky-hunter.com\/product\/banded-utility-2-0-jakke-bottomland\/#breadcrumb\"},\"inLanguage\":\"fr-FR\",\"potentialAction\":[{\"@type\":\"ReadAction\",\"target\":[\"https:\/\/staging.lucky-hunter.com\/product\/banded-utility-2-0-jakke-bottomland\/\"]}]},{\"@type\":\"ImageObject\",\"inLanguage\":\"fr-FR\",\"@id\":\"https:\/\/staging.lucky-hunter.com\/product\/banded-utility-2-0-jakke-bottomland\/#primaryimage\",\"url\":\"https:\/\/staging.lucky-hunter.com\/wp-content\/uploads\/2022\/09\/JB-0572.png\",\"contentUrl\":\"https:\/\/staging.lucky-hunter.com\/wp-content\/uploads\/2022\/09\/JB-0572.png\",\"width\":1000,\"height\":1000},{\"@type\":\"BreadcrumbList\",\"@id\":\"https:\/\/staging.lucky-hunter.com\/product\/banded-utility-2-0-jakke-bottomland\/#breadcrumb\",\"itemListElement\":[{\"@type\":\"ListItem\",\"position\":1,\"name\":\"Home\",\"item\":\"https:\/\/staging.lucky-hunter.com\/fr\/\"},{\"@type\":\"ListItem\",\"position\":2,\"name\":\"Boutique\",\"item\":\"https:\/\/staging.lucky-hunter.com\/fr\/shop\/\"},{\"@type\":\"ListItem\",\"position\":3,\"name\":\"La veste en soft-shell Utility 2.0 de Banded &#8211; Bottomland\"}]},{\"@type\":\"WebSite\",\"@id\":\"https:\/\/staging.lucky-hunter.com\/#website\",\"url\":\"https:\/\/staging.lucky-hunter.com\/\",\"name\":\"Lucky-Hunter\",\"description\":\"Gear Up or Give Up\",\"potentialAction\":[{\"@type\":\"SearchAction\",\"target\":{\"@type\":\"EntryPoint\",\"urlTemplate\":\"https:\/\/staging.lucky-hunter.com\/?s={search_term_string}\"},\"query-input\":{\"@type\":\"PropertyValueSpecification\",\"valueRequired\":true,\"valueName\":\"search_term_string\"}}],\"inLanguage\":\"fr-FR\"}]}<\/script>\n<!-- \/ Yoast SEO plugin. -->","yoast_head_json":{"title":"Banded Utility 2.0 Jakke - Bottomland","description":"La veste en soft-shell Utility 2.0 de Banded est id\u00e9ale pour la chasse et les activit\u00e9s de plein air en g\u00e9n\u00e9ral. Cette veste est de tr\u00e8s haute qualit\u00e9.","robots":{"index":"noindex","follow":"follow","max-snippet":"max-snippet:-1","max-image-preview":"max-image-preview:large","max-video-preview":"max-video-preview:-1"},"og_locale":"fr_FR","og_type":"article","og_title":"Banded Utility 2.0 Jakke - Bottomland","og_description":"La veste en soft-shell Utility 2.0 de Banded est id\u00e9ale pour la chasse et les activit\u00e9s de plein air en g\u00e9n\u00e9ral. Cette veste est de tr\u00e8s haute qualit\u00e9.","og_url":"https:\/\/staging.lucky-hunter.com\/product\/banded-utility-2-0-jakke-bottomland\/","og_site_name":"Lucky-Hunter","article_modified_time":"2023-01-13T10:52:31+00:00","og_image":[{"width":1000,"height":1000,"url":"https:\/\/staging.lucky-hunter.com\/wp-content\/uploads\/2022\/09\/JB-0572.png","type":"image\/png"}],"twitter_card":"summary_large_image","twitter_misc":{"Dur\u00e9e de lecture estim\u00e9e":"1 minute"},"schema":{"@context":"https:\/\/schema.org","@graph":[{"@type":"WebPage","@id":"https:\/\/staging.lucky-hunter.com\/product\/banded-utility-2-0-jakke-bottomland\/","url":"https:\/\/staging.lucky-hunter.com\/product\/banded-utility-2-0-jakke-bottomland\/","name":"Banded Utility 2.0 Jakke - Bottomland","isPartOf":{"@id":"https:\/\/staging.lucky-hunter.com\/#website"},"primaryImageOfPage":{"@id":"https:\/\/staging.lucky-hunter.com\/product\/banded-utility-2-0-jakke-bottomland\/#primaryimage"},"image":{"@id":"https:\/\/staging.lucky-hunter.com\/product\/banded-utility-2-0-jakke-bottomland\/#primaryimage"},"thumbnailUrl":"https:\/\/staging.lucky-hunter.com\/wp-content\/uploads\/2022\/09\/JB-0572.png","datePublished":"2022-09-02T09:51:02+00:00","dateModified":"2023-01-13T10:52:31+00:00","description":"La veste en soft-shell Utility 2.0 de Banded est id\u00e9ale pour la chasse et les activit\u00e9s de plein air en g\u00e9n\u00e9ral. Cette veste est de tr\u00e8s haute qualit\u00e9.","breadcrumb":{"@id":"https:\/\/staging.lucky-hunter.com\/product\/banded-utility-2-0-jakke-bottomland\/#breadcrumb"},"inLanguage":"fr-FR","potentialAction":[{"@type":"ReadAction","target":["https:\/\/staging.lucky-hunter.com\/product\/banded-utility-2-0-jakke-bottomland\/"]}]},{"@type":"ImageObject","inLanguage":"fr-FR","@id":"https:\/\/staging.lucky-hunter.com\/product\/banded-utility-2-0-jakke-bottomland\/#primaryimage","url":"https:\/\/staging.lucky-hunter.com\/wp-content\/uploads\/2022\/09\/JB-0572.png","contentUrl":"https:\/\/staging.lucky-hunter.com\/wp-content\/uploads\/2022\/09\/JB-0572.png","width":1000,"height":1000},{"@type":"BreadcrumbList","@id":"https:\/\/staging.lucky-hunter.com\/product\/banded-utility-2-0-jakke-bottomland\/#breadcrumb","itemListElement":[{"@type":"ListItem","position":1,"name":"Home","item":"https:\/\/staging.lucky-hunter.com\/fr\/"},{"@type":"ListItem","position":2,"name":"Boutique","item":"https:\/\/staging.lucky-hunter.com\/fr\/shop\/"},{"@type":"ListItem","position":3,"name":"La veste en soft-shell Utility 2.0 de Banded &#8211; Bottomland"}]},{"@type":"WebSite","@id":"https:\/\/staging.lucky-hunter.com\/#website","url":"https:\/\/staging.lucky-hunter.com\/","name":"Lucky-Hunter","description":"Gear Up or Give Up","potentialAction":[{"@type":"SearchAction","target":{"@type":"EntryPoint","urlTemplate":"https:\/\/staging.lucky-hunter.com\/?s={search_term_string}"},"query-input":{"@type":"PropertyValueSpecification","valueRequired":true,"valueName":"search_term_string"}}],"inLanguage":"fr-FR"}]}},"_links":{"self":[{"href":"https:\/\/staging.lucky-hunter.com\/fr\/wp-json\/wp\/v2\/product\/55702"}],"collection":[{"href":"https:\/\/staging.lucky-hunter.com\/fr\/wp-json\/wp\/v2\/product"}],"about":[{"href":"https:\/\/staging.lucky-hunter.com\/fr\/wp-json\/wp\/v2\/types\/product"}],"wp:featuredmedia":[{"embeddable":true,"href":"https:\/\/staging.lucky-hunter.com\/fr\/wp-json\/wp\/v2\/media\/55319"}],"wp:attachment":[{"href":"https:\/\/staging.lucky-hunter.com\/fr\/wp-json\/wp\/v2\/media?parent=55702"}],"wp:term":[{"taxonomy":"product_brand","embeddable":true,"href":"https:\/\/staging.lucky-hunter.com\/fr\/wp-json\/wp\/v2\/product_brand?post=55702"},{"taxonomy":"product_cat","embeddable":true,"href":"https:\/\/staging.lucky-hunter.com\/fr\/wp-json\/wp\/v2\/product_cat?post=55702"},{"taxonomy":"product_tag","embeddable":true,"href":"https:\/\/staging.lucky-hunter.com\/fr\/wp-json\/wp\/v2\/product_tag?post=55702"}],"curies":[{"name":"wp","href":"https:\/\/api.w.org\/{rel}","templated":true}]}}