{"id":55695,"date":"2022-11-23T16:35:57","date_gmt":"2022-11-23T15:35:57","guid":{"rendered":"https:\/\/staging.lucky-hunter.com\/product\/banded-breathable-waders-black-label-elite\/"},"modified":"2022-11-23T16:35:57","modified_gmt":"2022-11-23T15:35:57","slug":"banded-breathable-waders-black-label-elite","status":"publish","type":"product","link":"https:\/\/staging.lucky-hunter.com\/fr\/product\/banded-breathable-waders-black-label-elite\/","title":{"rendered":"Waders Respirantes Banded &#8211; Black Label Elite"},"content":{"rendered":"<h1>Ces waders sont sans aucun doute les meilleures que nous ayons jamais vues pour la chasse.<\/h1>\n<p>Nous avons enfin mis la main sur les magnifiques Waders \u00ab\u00a0Black Label Elite\u00a0\u00bb de Banded. Il s\u2019agit d\u2019une version am\u00e9lior\u00e9e des fantastiques waders \u00ab\u00a0RedZone 2.0\u00a0\u00bb, que nous pr\u00e9conisons depuis de nombreuses ann\u00e9es &#8211; Vous pouvez donc vous attendre \u00e0 un produit extraordinaire !<\/p>\n<p>Les waders Black Label Elite sont respirantes, isolantes et elles vous garantissent des performances et un confort optimaux lorsque vous chassez, notamment pendant les mois froids.<br \/>\nVoici certaines des principales am\u00e9liorations apport\u00e9es \u00e0 cette s\u00e9rie de waders : Pantalon de protection plus solide, poches de poitrine avec fermeture \u00e9clair solide et \u00e9tanche, chauffe-mains int\u00e9gr\u00e9 \u00e0 l&#8217;int\u00e9rieur, lumi\u00e8re LED sur la poche de poitrine<\/p>\n<p>De plus, ces waders b\u00e9n\u00e9ficient de nombreuses caract\u00e9ristiques populaires de la s\u00e9rie \u00ab RedZone 2.0 \u00bb &#8211; Par exemple : Poche \u00e9tanche pour t\u00e9l\u00e9phone portable, poches \u00e0 cartouches, grande poche de poitrine, et bien plus encore.<\/p>\n<p>Si vous cherchiez les waders id\u00e9ales pour la chasse, vous venez de les trouver !<\/p>\n<p><b>Caract\u00e9ristiques\u00a0:<\/b><\/p>\n<ul>\n<li>Pantalon de protection amovible avec ceinture int\u00e9gr\u00e9e facile \u00e0 utiliser<\/li>\n<li>Poche int\u00e9rieure en plastique avec fermeture \u00e9clair pour t\u00e9l\u00e9phone portable, permis de chasse, argent, etc.<\/li>\n<li>Le t\u00e9l\u00e9phone portable peut \u00eatre utilis\u00e9 depuis l&#8217;ext\u00e9rieur de la poche en plastique<\/li>\n<li>Petites poches pour ranger 6 cartouches<\/li>\n<li>Longue poche de poitrine chauffe-mains avec doublure en polaire<\/li>\n<li>Fermetures \u00e9clair des deux c\u00f4t\u00e9s pour ajuster la largeur de la poitrine<\/li>\n<li>Larges bretelles r\u00e9glables pour un maximum de confort<\/li>\n<li>Anneaux \u00e0 oiseaux sur les deux bretelles<\/li>\n<li>Surpantalon \u00e0 partir de la taille pour prot\u00e9ger la membrane imperm\u00e9able (peut \u00eatre enlev\u00e9 et lav\u00e9)<\/li>\n<li>Ceinture abdominale r\u00e9glable pour qu&#8217;il soit pr\u00e8s du corps<\/li>\n<li>Trous dans le tissu au bord des bottes pour l&#8217;\u00e9vacuation de l&#8217;eau<\/li>\n<li>Technologie imperm\u00e9able et respirante SHEDS\u2122<\/li>\n<li>Bottes isol\u00e9es Thinsulate\u2122 2000 grammes<\/li>\n<li>Le syst\u00e8me d&#8217;\u00e9clairage LED int\u00e9gr\u00e9 dans la poche de poitrine fournit un \u00e9clairage efficace dans l&#8217;obscurit\u00e9<\/li>\n<li>Temp\u00e9rature de confort de -23\u00b0c \u00e0 +15\u00b0c<\/li>\n<li>Camouflage MAX 7<\/li>\n<li>2 ans de garantie<\/li>\n<\/ul>\n<p>\u00a0<\/p>\n<p>\u00a0<\/p>\n","protected":false},"excerpt":{"rendered":"<p>Le fabricant am\u00e9ricain Banded a d\u00e9velopp\u00e9 cette paire de waders id\u00e9ale pour les passionn\u00e9s de chasse aux oiseaux. Les waders Black Label Elite sont \u00e0 la fois respirantes et isolantes<\/p>\n","protected":false},"featured_media":54008,"template":"","meta":[],"product_brand":[8137],"product_cat":[8266],"product_tag":[9235],"yoast_head":"<!-- This site is optimized with the Yoast SEO plugin v24.3 - https:\/\/yoast.com\/wordpress\/plugins\/seo\/ -->\n<title>| Ce qui se fait de mieux<\/title>\n<meta name=\"description\" content=\"Les waders Black Label Elite sont respirantes, isolantes, et elles vous garantissent des performances et un confort optimaux lorsque vous chassez - Pour nous, ce sont les meilleures waders qui soient !\" \/>\n<meta name=\"robots\" content=\"noindex, follow, max-snippet:-1, max-image-preview:large, max-video-preview:-1\" \/>\n<meta property=\"og:locale\" content=\"fr_FR\" \/>\n<meta property=\"og:type\" content=\"article\" \/>\n<meta property=\"og:title\" content=\"| Ce qui se fait de mieux\" \/>\n<meta property=\"og:description\" content=\"Les waders Black Label Elite sont respirantes, isolantes, et elles vous garantissent des performances et un confort optimaux lorsque vous chassez - Pour nous, ce sont les meilleures waders qui soient !\" \/>\n<meta property=\"og:url\" content=\"https:\/\/staging.lucky-hunter.com\/fr\/product\/banded-breathable-waders-black-label-elite\/\" \/>\n<meta property=\"og:site_name\" content=\"Lucky-Hunter\" \/>\n<meta property=\"og:image\" content=\"https:\/\/staging.lucky-hunter.com\/wp-content\/uploads\/2022\/11\/PU-480-1.png\" \/>\n\t<meta property=\"og:image:width\" content=\"1000\" \/>\n\t<meta property=\"og:image:height\" content=\"1000\" \/>\n\t<meta property=\"og:image:type\" content=\"image\/png\" \/>\n<meta name=\"twitter:card\" content=\"summary_large_image\" \/>\n<meta name=\"twitter:label1\" content=\"Dur\u00e9e de lecture estim\u00e9e\" \/>\n\t<meta name=\"twitter:data1\" content=\"2 minutes\" \/>\n<script type=\"application\/ld+json\" class=\"yoast-schema-graph\">{\"@context\":\"https:\/\/schema.org\",\"@graph\":[{\"@type\":\"WebPage\",\"@id\":\"https:\/\/staging.lucky-hunter.com\/fr\/product\/banded-breathable-waders-black-label-elite\/\",\"url\":\"https:\/\/staging.lucky-hunter.com\/fr\/product\/banded-breathable-waders-black-label-elite\/\",\"name\":\"| Ce qui se fait de mieux\",\"isPartOf\":{\"@id\":\"https:\/\/staging.lucky-hunter.com\/#website\"},\"primaryImageOfPage\":{\"@id\":\"https:\/\/staging.lucky-hunter.com\/fr\/product\/banded-breathable-waders-black-label-elite\/#primaryimage\"},\"image\":{\"@id\":\"https:\/\/staging.lucky-hunter.com\/fr\/product\/banded-breathable-waders-black-label-elite\/#primaryimage\"},\"thumbnailUrl\":\"https:\/\/staging.lucky-hunter.com\/wp-content\/uploads\/2022\/11\/PU-480-1.png\",\"datePublished\":\"2022-11-23T15:35:57+00:00\",\"dateModified\":\"2022-11-23T15:35:57+00:00\",\"description\":\"Les waders Black Label Elite sont respirantes, isolantes, et elles vous garantissent des performances et un confort optimaux lorsque vous chassez - Pour nous, ce sont les meilleures waders qui soient !\",\"breadcrumb\":{\"@id\":\"https:\/\/staging.lucky-hunter.com\/fr\/product\/banded-breathable-waders-black-label-elite\/#breadcrumb\"},\"inLanguage\":\"fr-FR\",\"potentialAction\":[{\"@type\":\"ReadAction\",\"target\":[\"https:\/\/staging.lucky-hunter.com\/fr\/product\/banded-breathable-waders-black-label-elite\/\"]}]},{\"@type\":\"ImageObject\",\"inLanguage\":\"fr-FR\",\"@id\":\"https:\/\/staging.lucky-hunter.com\/fr\/product\/banded-breathable-waders-black-label-elite\/#primaryimage\",\"url\":\"https:\/\/staging.lucky-hunter.com\/wp-content\/uploads\/2022\/11\/PU-480-1.png\",\"contentUrl\":\"https:\/\/staging.lucky-hunter.com\/wp-content\/uploads\/2022\/11\/PU-480-1.png\",\"width\":1000,\"height\":1000},{\"@type\":\"BreadcrumbList\",\"@id\":\"https:\/\/staging.lucky-hunter.com\/fr\/product\/banded-breathable-waders-black-label-elite\/#breadcrumb\",\"itemListElement\":[{\"@type\":\"ListItem\",\"position\":1,\"name\":\"Home\",\"item\":\"https:\/\/staging.lucky-hunter.com\/fr\/\"},{\"@type\":\"ListItem\",\"position\":2,\"name\":\"Boutique\",\"item\":\"https:\/\/staging.lucky-hunter.com\/fr\/shop\/\"},{\"@type\":\"ListItem\",\"position\":3,\"name\":\"Waders Respirantes Banded &#8211; Black Label Elite\"}]},{\"@type\":\"WebSite\",\"@id\":\"https:\/\/staging.lucky-hunter.com\/#website\",\"url\":\"https:\/\/staging.lucky-hunter.com\/\",\"name\":\"Lucky-Hunter\",\"description\":\"Gear Up or Give Up\",\"potentialAction\":[{\"@type\":\"SearchAction\",\"target\":{\"@type\":\"EntryPoint\",\"urlTemplate\":\"https:\/\/staging.lucky-hunter.com\/?s={search_term_string}\"},\"query-input\":{\"@type\":\"PropertyValueSpecification\",\"valueRequired\":true,\"valueName\":\"search_term_string\"}}],\"inLanguage\":\"fr-FR\"}]}<\/script>\n<!-- \/ Yoast SEO plugin. -->","yoast_head_json":{"title":"| Ce qui se fait de mieux","description":"Les waders Black Label Elite sont respirantes, isolantes, et elles vous garantissent des performances et un confort optimaux lorsque vous chassez - Pour nous, ce sont les meilleures waders qui soient !","robots":{"index":"noindex","follow":"follow","max-snippet":"max-snippet:-1","max-image-preview":"max-image-preview:large","max-video-preview":"max-video-preview:-1"},"og_locale":"fr_FR","og_type":"article","og_title":"| Ce qui se fait de mieux","og_description":"Les waders Black Label Elite sont respirantes, isolantes, et elles vous garantissent des performances et un confort optimaux lorsque vous chassez - Pour nous, ce sont les meilleures waders qui soient !","og_url":"https:\/\/staging.lucky-hunter.com\/fr\/product\/banded-breathable-waders-black-label-elite\/","og_site_name":"Lucky-Hunter","og_image":[{"width":1000,"height":1000,"url":"https:\/\/staging.lucky-hunter.com\/wp-content\/uploads\/2022\/11\/PU-480-1.png","type":"image\/png"}],"twitter_card":"summary_large_image","twitter_misc":{"Dur\u00e9e de lecture estim\u00e9e":"2 minutes"},"schema":{"@context":"https:\/\/schema.org","@graph":[{"@type":"WebPage","@id":"https:\/\/staging.lucky-hunter.com\/fr\/product\/banded-breathable-waders-black-label-elite\/","url":"https:\/\/staging.lucky-hunter.com\/fr\/product\/banded-breathable-waders-black-label-elite\/","name":"| Ce qui se fait de mieux","isPartOf":{"@id":"https:\/\/staging.lucky-hunter.com\/#website"},"primaryImageOfPage":{"@id":"https:\/\/staging.lucky-hunter.com\/fr\/product\/banded-breathable-waders-black-label-elite\/#primaryimage"},"image":{"@id":"https:\/\/staging.lucky-hunter.com\/fr\/product\/banded-breathable-waders-black-label-elite\/#primaryimage"},"thumbnailUrl":"https:\/\/staging.lucky-hunter.com\/wp-content\/uploads\/2022\/11\/PU-480-1.png","datePublished":"2022-11-23T15:35:57+00:00","dateModified":"2022-11-23T15:35:57+00:00","description":"Les waders Black Label Elite sont respirantes, isolantes, et elles vous garantissent des performances et un confort optimaux lorsque vous chassez - Pour nous, ce sont les meilleures waders qui soient !","breadcrumb":{"@id":"https:\/\/staging.lucky-hunter.com\/fr\/product\/banded-breathable-waders-black-label-elite\/#breadcrumb"},"inLanguage":"fr-FR","potentialAction":[{"@type":"ReadAction","target":["https:\/\/staging.lucky-hunter.com\/fr\/product\/banded-breathable-waders-black-label-elite\/"]}]},{"@type":"ImageObject","inLanguage":"fr-FR","@id":"https:\/\/staging.lucky-hunter.com\/fr\/product\/banded-breathable-waders-black-label-elite\/#primaryimage","url":"https:\/\/staging.lucky-hunter.com\/wp-content\/uploads\/2022\/11\/PU-480-1.png","contentUrl":"https:\/\/staging.lucky-hunter.com\/wp-content\/uploads\/2022\/11\/PU-480-1.png","width":1000,"height":1000},{"@type":"BreadcrumbList","@id":"https:\/\/staging.lucky-hunter.com\/fr\/product\/banded-breathable-waders-black-label-elite\/#breadcrumb","itemListElement":[{"@type":"ListItem","position":1,"name":"Home","item":"https:\/\/staging.lucky-hunter.com\/fr\/"},{"@type":"ListItem","position":2,"name":"Boutique","item":"https:\/\/staging.lucky-hunter.com\/fr\/shop\/"},{"@type":"ListItem","position":3,"name":"Waders Respirantes Banded &#8211; Black Label Elite"}]},{"@type":"WebSite","@id":"https:\/\/staging.lucky-hunter.com\/#website","url":"https:\/\/staging.lucky-hunter.com\/","name":"Lucky-Hunter","description":"Gear Up or Give Up","potentialAction":[{"@type":"SearchAction","target":{"@type":"EntryPoint","urlTemplate":"https:\/\/staging.lucky-hunter.com\/?s={search_term_string}"},"query-input":{"@type":"PropertyValueSpecification","valueRequired":true,"valueName":"search_term_string"}}],"inLanguage":"fr-FR"}]}},"_links":{"self":[{"href":"https:\/\/staging.lucky-hunter.com\/fr\/wp-json\/wp\/v2\/product\/55695"}],"collection":[{"href":"https:\/\/staging.lucky-hunter.com\/fr\/wp-json\/wp\/v2\/product"}],"about":[{"href":"https:\/\/staging.lucky-hunter.com\/fr\/wp-json\/wp\/v2\/types\/product"}],"wp:featuredmedia":[{"embeddable":true,"href":"https:\/\/staging.lucky-hunter.com\/fr\/wp-json\/wp\/v2\/media\/54008"}],"wp:attachment":[{"href":"https:\/\/staging.lucky-hunter.com\/fr\/wp-json\/wp\/v2\/media?parent=55695"}],"wp:term":[{"taxonomy":"product_brand","embeddable":true,"href":"https:\/\/staging.lucky-hunter.com\/fr\/wp-json\/wp\/v2\/product_brand?post=55695"},{"taxonomy":"product_cat","embeddable":true,"href":"https:\/\/staging.lucky-hunter.com\/fr\/wp-json\/wp\/v2\/product_cat?post=55695"},{"taxonomy":"product_tag","embeddable":true,"href":"https:\/\/staging.lucky-hunter.com\/fr\/wp-json\/wp\/v2\/product_tag?post=55695"}],"curies":[{"name":"wp","href":"https:\/\/api.w.org\/{rel}","templated":true}]}}