{"id":55685,"date":"2017-04-06T12:23:15","date_gmt":"2017-04-06T10:23:15","guid":{"rendered":"https:\/\/staging.lucky-hunter.com\/product\/lupus-instant-bronzing-polish-for-brass-bronze-and-zinc\/"},"modified":"2023-03-14T15:23:56","modified_gmt":"2023-03-14T14:23:56","slug":"lupus-instant-bronzing-polish-for-brass-bronze-and-zinc","status":"publish","type":"product","link":"https:\/\/staging.lucky-hunter.com\/fr\/product\/lupus-instant-bronzing-polish-for-brass-bronze-and-zinc\/","title":{"rendered":"Kit de Bronzage \u00e0 Froid &#8211; Antique"},"content":{"rendered":"<h1><strong>Lupus &#8211; p\u00e2te \u00e0 bronzer instantan\u00e9e pour l&#8217;acier et le fer<\/strong><\/h1>\n<p>Fabriqu\u00e9 par Lupus, ce produit allemand de qualit\u00e9 offre \u00e0 votre arme un traitement impeccable, r\u00e9sistant \u00e0 l&#8217;abrasion et d&#8217;un noir profond.<\/p>\n<p>Notre p\u00e2te \u00e0 bronzer permet un rebronzage impeccable et facile en seulement 5 \u00e0 7 minutes. Elle donne \u00e0 votre arme un nouveau look superbe<br \/>\net une protection \u00e9lev\u00e9e contre la rouille.<\/p>\n<p>Couleur : Noir antique pour le laiton, le bronze et le zinc.<\/p>\n<p><strong>Avertissement :<\/strong><\/p>\n<ul>\n<li>Provoque une irritation cutan\u00e9e.<\/li>\n<li>Provoque une s\u00e9v\u00e8re irritation des yeux.<\/li>\n<li>Toxique pour les organismes aquatiques, entra\u00eene des effets n\u00e9fastes \u00e0 long terme.<\/li>\n<li>Garder hors de port\u00e9e des enfants.<\/li>\n<li>\u00c9viter le rejet dans l&#8217;environnement.<\/li>\n<li>Porter des gants de protection\/des v\u00eatements de protection \/ un \u00e9quipement de protection des yeux \/ du visage.<\/li>\n<li>EN CAS DE CONTACT AVEC LA PEAU\u00a0: Laver abondamment \u00e0 l&#8217;eau\/au savon.<\/li>\n<li>EN CAS DE CONTACT AVEC LES YEUX\u00a0: Rincer avec pr\u00e9caution \u00e0 l&#8217;eau pendant plusieurs minutes. Enlever les lentilles de contact si la victime en porte et si elles peuvent \u00eatre facilement enlev\u00e9es. Continuez \u00e0 rincer.<\/li>\n<li>En cas d&#8217;irritation cutan\u00e9e : demander un avis m\u00e9dical \/ consulter un m\u00e9decin.<\/li>\n<li>Si l&#8217;irritation oculaire persiste : demander un avis m\u00e9dical \/ consulter un m\u00e9decin.<\/li>\n<li>\u00c9liminer le contenu \/ r\u00e9cipient dans un centre de collecte des d\u00e9chets dangereux ou sp\u00e9ciaux.<\/li>\n<\/ul>\n","protected":false},"excerpt":{"rendered":"<p>Notre Kit de Bronzage Lupus permet un rebronzage impeccable et facile en seulement 5 \u00e0 7 minutes. Il donne \u00e0 votre arme un nouveau look superbe et une protection \u00e9lev\u00e9e contre la rouille.<\/p>\n","protected":false},"featured_media":29735,"template":"","meta":[],"product_brand":[8220],"product_cat":[9368],"product_tag":[],"yoast_head":"<!-- This site is optimized with the Yoast SEO plugin v24.3 - https:\/\/yoast.com\/wordpress\/plugins\/seo\/ -->\n<title>Lupus - p\u00e2te \u00e0 bronzer instantan\u00e9e pour le laiton, le bronze et le zinc. Produit de qualit\u00e9 allemande<\/title>\n<meta name=\"description\" content=\"Notre Kit de Bronzage permet un rebronzage impeccable en seulement 5 \u00e0 7 minutes. Il donne \u00e0 votre arme un nouveau look superbe et une protection \u00e9lev\u00e9e contre la rouille.\" \/>\n<meta name=\"robots\" content=\"noindex, follow, max-snippet:-1, max-image-preview:large, max-video-preview:-1\" \/>\n<meta property=\"og:locale\" content=\"fr_FR\" \/>\n<meta property=\"og:type\" content=\"article\" \/>\n<meta property=\"og:title\" content=\"Lupus - p\u00e2te \u00e0 bronzer instantan\u00e9e pour le laiton, le bronze et le zinc. Produit de qualit\u00e9 allemande\" \/>\n<meta property=\"og:description\" content=\"Notre Kit de Bronzage permet un rebronzage impeccable en seulement 5 \u00e0 7 minutes. Il donne \u00e0 votre arme un nouveau look superbe et une protection \u00e9lev\u00e9e contre la rouille.\" \/>\n<meta property=\"og:url\" content=\"https:\/\/staging.lucky-hunter.com\/fr\/product\/lupus-instant-bronzing-polish-for-brass-bronze-and-zinc\/\" \/>\n<meta property=\"og:site_name\" content=\"Lucky-Hunter\" \/>\n<meta property=\"article:modified_time\" content=\"2023-03-14T14:23:56+00:00\" \/>\n<meta property=\"og:image\" content=\"https:\/\/staging.lucky-hunter.com\/wp-content\/uploads\/2017\/04\/520019.png\" \/>\n\t<meta property=\"og:image:width\" content=\"1000\" \/>\n\t<meta property=\"og:image:height\" content=\"1000\" \/>\n\t<meta property=\"og:image:type\" content=\"image\/png\" \/>\n<meta name=\"twitter:card\" content=\"summary_large_image\" \/>\n<meta name=\"twitter:label1\" content=\"Dur\u00e9e de lecture estim\u00e9e\" \/>\n\t<meta name=\"twitter:data1\" content=\"1 minute\" \/>\n<script type=\"application\/ld+json\" class=\"yoast-schema-graph\">{\"@context\":\"https:\/\/schema.org\",\"@graph\":[{\"@type\":\"WebPage\",\"@id\":\"https:\/\/staging.lucky-hunter.com\/fr\/product\/lupus-instant-bronzing-polish-for-brass-bronze-and-zinc\/\",\"url\":\"https:\/\/staging.lucky-hunter.com\/fr\/product\/lupus-instant-bronzing-polish-for-brass-bronze-and-zinc\/\",\"name\":\"Lupus - p\u00e2te \u00e0 bronzer instantan\u00e9e pour le laiton, le bronze et le zinc. Produit de qualit\u00e9 allemande\",\"isPartOf\":{\"@id\":\"https:\/\/staging.lucky-hunter.com\/#website\"},\"primaryImageOfPage\":{\"@id\":\"https:\/\/staging.lucky-hunter.com\/fr\/product\/lupus-instant-bronzing-polish-for-brass-bronze-and-zinc\/#primaryimage\"},\"image\":{\"@id\":\"https:\/\/staging.lucky-hunter.com\/fr\/product\/lupus-instant-bronzing-polish-for-brass-bronze-and-zinc\/#primaryimage\"},\"thumbnailUrl\":\"https:\/\/staging.lucky-hunter.com\/wp-content\/uploads\/2017\/04\/520019.png\",\"datePublished\":\"2017-04-06T10:23:15+00:00\",\"dateModified\":\"2023-03-14T14:23:56+00:00\",\"description\":\"Notre Kit de Bronzage permet un rebronzage impeccable en seulement 5 \u00e0 7 minutes. Il donne \u00e0 votre arme un nouveau look superbe et une protection \u00e9lev\u00e9e contre la rouille.\",\"breadcrumb\":{\"@id\":\"https:\/\/staging.lucky-hunter.com\/fr\/product\/lupus-instant-bronzing-polish-for-brass-bronze-and-zinc\/#breadcrumb\"},\"inLanguage\":\"fr-FR\",\"potentialAction\":[{\"@type\":\"ReadAction\",\"target\":[\"https:\/\/staging.lucky-hunter.com\/fr\/product\/lupus-instant-bronzing-polish-for-brass-bronze-and-zinc\/\"]}]},{\"@type\":\"ImageObject\",\"inLanguage\":\"fr-FR\",\"@id\":\"https:\/\/staging.lucky-hunter.com\/fr\/product\/lupus-instant-bronzing-polish-for-brass-bronze-and-zinc\/#primaryimage\",\"url\":\"https:\/\/staging.lucky-hunter.com\/wp-content\/uploads\/2017\/04\/520019.png\",\"contentUrl\":\"https:\/\/staging.lucky-hunter.com\/wp-content\/uploads\/2017\/04\/520019.png\",\"width\":1000,\"height\":1000},{\"@type\":\"BreadcrumbList\",\"@id\":\"https:\/\/staging.lucky-hunter.com\/fr\/product\/lupus-instant-bronzing-polish-for-brass-bronze-and-zinc\/#breadcrumb\",\"itemListElement\":[{\"@type\":\"ListItem\",\"position\":1,\"name\":\"Home\",\"item\":\"https:\/\/staging.lucky-hunter.com\/fr\/\"},{\"@type\":\"ListItem\",\"position\":2,\"name\":\"Boutique\",\"item\":\"https:\/\/staging.lucky-hunter.com\/fr\/shop\/\"},{\"@type\":\"ListItem\",\"position\":3,\"name\":\"Kit de Bronzage \u00e0 Froid &#8211; Antique\"}]},{\"@type\":\"WebSite\",\"@id\":\"https:\/\/staging.lucky-hunter.com\/#website\",\"url\":\"https:\/\/staging.lucky-hunter.com\/\",\"name\":\"Lucky-Hunter\",\"description\":\"Gear Up or Give Up\",\"potentialAction\":[{\"@type\":\"SearchAction\",\"target\":{\"@type\":\"EntryPoint\",\"urlTemplate\":\"https:\/\/staging.lucky-hunter.com\/?s={search_term_string}\"},\"query-input\":{\"@type\":\"PropertyValueSpecification\",\"valueRequired\":true,\"valueName\":\"search_term_string\"}}],\"inLanguage\":\"fr-FR\"}]}<\/script>\n<!-- \/ Yoast SEO plugin. -->","yoast_head_json":{"title":"Lupus - p\u00e2te \u00e0 bronzer instantan\u00e9e pour le laiton, le bronze et le zinc. Produit de qualit\u00e9 allemande","description":"Notre Kit de Bronzage permet un rebronzage impeccable en seulement 5 \u00e0 7 minutes. Il donne \u00e0 votre arme un nouveau look superbe et une protection \u00e9lev\u00e9e contre la rouille.","robots":{"index":"noindex","follow":"follow","max-snippet":"max-snippet:-1","max-image-preview":"max-image-preview:large","max-video-preview":"max-video-preview:-1"},"og_locale":"fr_FR","og_type":"article","og_title":"Lupus - p\u00e2te \u00e0 bronzer instantan\u00e9e pour le laiton, le bronze et le zinc. Produit de qualit\u00e9 allemande","og_description":"Notre Kit de Bronzage permet un rebronzage impeccable en seulement 5 \u00e0 7 minutes. Il donne \u00e0 votre arme un nouveau look superbe et une protection \u00e9lev\u00e9e contre la rouille.","og_url":"https:\/\/staging.lucky-hunter.com\/fr\/product\/lupus-instant-bronzing-polish-for-brass-bronze-and-zinc\/","og_site_name":"Lucky-Hunter","article_modified_time":"2023-03-14T14:23:56+00:00","og_image":[{"width":1000,"height":1000,"url":"https:\/\/staging.lucky-hunter.com\/wp-content\/uploads\/2017\/04\/520019.png","type":"image\/png"}],"twitter_card":"summary_large_image","twitter_misc":{"Dur\u00e9e de lecture estim\u00e9e":"1 minute"},"schema":{"@context":"https:\/\/schema.org","@graph":[{"@type":"WebPage","@id":"https:\/\/staging.lucky-hunter.com\/fr\/product\/lupus-instant-bronzing-polish-for-brass-bronze-and-zinc\/","url":"https:\/\/staging.lucky-hunter.com\/fr\/product\/lupus-instant-bronzing-polish-for-brass-bronze-and-zinc\/","name":"Lupus - p\u00e2te \u00e0 bronzer instantan\u00e9e pour le laiton, le bronze et le zinc. Produit de qualit\u00e9 allemande","isPartOf":{"@id":"https:\/\/staging.lucky-hunter.com\/#website"},"primaryImageOfPage":{"@id":"https:\/\/staging.lucky-hunter.com\/fr\/product\/lupus-instant-bronzing-polish-for-brass-bronze-and-zinc\/#primaryimage"},"image":{"@id":"https:\/\/staging.lucky-hunter.com\/fr\/product\/lupus-instant-bronzing-polish-for-brass-bronze-and-zinc\/#primaryimage"},"thumbnailUrl":"https:\/\/staging.lucky-hunter.com\/wp-content\/uploads\/2017\/04\/520019.png","datePublished":"2017-04-06T10:23:15+00:00","dateModified":"2023-03-14T14:23:56+00:00","description":"Notre Kit de Bronzage permet un rebronzage impeccable en seulement 5 \u00e0 7 minutes. Il donne \u00e0 votre arme un nouveau look superbe et une protection \u00e9lev\u00e9e contre la rouille.","breadcrumb":{"@id":"https:\/\/staging.lucky-hunter.com\/fr\/product\/lupus-instant-bronzing-polish-for-brass-bronze-and-zinc\/#breadcrumb"},"inLanguage":"fr-FR","potentialAction":[{"@type":"ReadAction","target":["https:\/\/staging.lucky-hunter.com\/fr\/product\/lupus-instant-bronzing-polish-for-brass-bronze-and-zinc\/"]}]},{"@type":"ImageObject","inLanguage":"fr-FR","@id":"https:\/\/staging.lucky-hunter.com\/fr\/product\/lupus-instant-bronzing-polish-for-brass-bronze-and-zinc\/#primaryimage","url":"https:\/\/staging.lucky-hunter.com\/wp-content\/uploads\/2017\/04\/520019.png","contentUrl":"https:\/\/staging.lucky-hunter.com\/wp-content\/uploads\/2017\/04\/520019.png","width":1000,"height":1000},{"@type":"BreadcrumbList","@id":"https:\/\/staging.lucky-hunter.com\/fr\/product\/lupus-instant-bronzing-polish-for-brass-bronze-and-zinc\/#breadcrumb","itemListElement":[{"@type":"ListItem","position":1,"name":"Home","item":"https:\/\/staging.lucky-hunter.com\/fr\/"},{"@type":"ListItem","position":2,"name":"Boutique","item":"https:\/\/staging.lucky-hunter.com\/fr\/shop\/"},{"@type":"ListItem","position":3,"name":"Kit de Bronzage \u00e0 Froid &#8211; Antique"}]},{"@type":"WebSite","@id":"https:\/\/staging.lucky-hunter.com\/#website","url":"https:\/\/staging.lucky-hunter.com\/","name":"Lucky-Hunter","description":"Gear Up or Give Up","potentialAction":[{"@type":"SearchAction","target":{"@type":"EntryPoint","urlTemplate":"https:\/\/staging.lucky-hunter.com\/?s={search_term_string}"},"query-input":{"@type":"PropertyValueSpecification","valueRequired":true,"valueName":"search_term_string"}}],"inLanguage":"fr-FR"}]}},"_links":{"self":[{"href":"https:\/\/staging.lucky-hunter.com\/fr\/wp-json\/wp\/v2\/product\/55685"}],"collection":[{"href":"https:\/\/staging.lucky-hunter.com\/fr\/wp-json\/wp\/v2\/product"}],"about":[{"href":"https:\/\/staging.lucky-hunter.com\/fr\/wp-json\/wp\/v2\/types\/product"}],"wp:featuredmedia":[{"embeddable":true,"href":"https:\/\/staging.lucky-hunter.com\/fr\/wp-json\/wp\/v2\/media\/29735"}],"wp:attachment":[{"href":"https:\/\/staging.lucky-hunter.com\/fr\/wp-json\/wp\/v2\/media?parent=55685"}],"wp:term":[{"taxonomy":"product_brand","embeddable":true,"href":"https:\/\/staging.lucky-hunter.com\/fr\/wp-json\/wp\/v2\/product_brand?post=55685"},{"taxonomy":"product_cat","embeddable":true,"href":"https:\/\/staging.lucky-hunter.com\/fr\/wp-json\/wp\/v2\/product_cat?post=55685"},{"taxonomy":"product_tag","embeddable":true,"href":"https:\/\/staging.lucky-hunter.com\/fr\/wp-json\/wp\/v2\/product_tag?post=55685"}],"curies":[{"name":"wp","href":"https:\/\/api.w.org\/{rel}","templated":true}]}}