{"id":55684,"date":"2021-05-02T20:18:08","date_gmt":"2021-05-02T18:18:08","guid":{"rendered":"https:\/\/staging.lucky-hunter.com\/product\/final-approach-express-snow-cover\/"},"modified":"2025-06-26T14:13:32","modified_gmt":"2025-06-26T12:13:32","slug":"camouflage-neige-pour-final-approach-express","status":"publish","type":"product","link":"https:\/\/staging.lucky-hunter.com\/fr\/product\/camouflage-neige-pour-final-approach-express\/","title":{"rendered":"Camouflage Neige pour Final Approach Express"},"content":{"rendered":"<h2><strong>Camouflage Neige Final Approach Express &#8211; trait\u00e9 contre les UV<\/strong><\/h2>\n<p>Le camouflage blanc sur l\u2019aff\u00fbt couch\u00e9 est parfait pour la chasse \u00e0 l&#8217;oie pendant la saison et pendant l&#8217;hiver, lorsque les cygnes sont dans les champs pour se reposer et pour manger.<\/p>\n<p>Avec ce camouflage neige, vous pouvez continuer \u00e0 chasser m\u00eame lorsque le paysage change.<\/p>\n<p>Ici, vous pouvez vous procurer le camouflage neige original pour votre aff\u00fbt Express de Final Approach, la marque am\u00e9ricaine sp\u00e9cialis\u00e9e dans la chasse au gibier d\u2019eau.<\/p>\n<p><strong>Caract\u00e9ristiques\u00a0:<\/strong><\/p>\n<ul>\n<li>Ouvertures lat\u00e9rales int\u00e9gr\u00e9es et faciles d\u2019acc\u00e8s pour utiliser des drapeaux<\/li>\n<li>Coins \u00e9lastiques pour l\u2019ajuster parfaitement et facilement, sangles Velcro pour le maintenir en place<\/li>\n<li>Polyester imperm\u00e9able<\/li>\n<li>Trait\u00e9 contre les UV<\/li>\n<li>Fabrication robuste<\/li>\n<li>Stubble Straps\u2122 originaux, pour une dissimulation optimale.<\/li>\n<\/ul>\n","protected":false},"excerpt":{"rendered":"<p>Le camouflage blanc sur l\u2019aff\u00fbt couch\u00e9 est parfait pour la chasse \u00e0 l&#8217;oie pendant la saison et pendant l&#8217;hiver, lorsque les cygnes sont dans les champs pour se reposer et pour manger.<\/p>\n","protected":false},"featured_media":30048,"template":"","meta":[],"product_brand":[8136],"product_cat":[8164],"product_tag":[9446],"yoast_head":"<!-- This site is optimized with the Yoast SEO plugin v24.3 - https:\/\/yoast.com\/wordpress\/plugins\/seo\/ -->\n<title>Camouflage Neige pour Final Approach Express | Lucky Hunter<\/title>\n<meta name=\"description\" content=\"Le camouflage blanc sur l\u2019aff\u00fbt couch\u00e9 est parfait pour la chasse \u00e0 l&#039;oie pendant la saison et pendant l&#039;hiver, lorsque les cygnes sont dans les champs pour se reposer et pour manger.\" \/>\n<meta name=\"robots\" content=\"noindex, follow, max-snippet:-1, max-image-preview:large, max-video-preview:-1\" \/>\n<meta property=\"og:locale\" content=\"fr_FR\" \/>\n<meta property=\"og:type\" content=\"article\" \/>\n<meta property=\"og:title\" content=\"Camouflage Neige Final Approach SUB \u2013 Id\u00e9al pour la chasse en hiver | Lucky Hunter\" \/>\n<meta property=\"og:description\" content=\"Camouflage Neige Final Approach SUB. Id\u00e9al pour utiliser votre aff\u00fbt couch\u00e9 en hiver et dans la neige. Mat\u00e9riau imperm\u00e9able qui s&#039;ajuste parfaitement.\" \/>\n<meta property=\"og:url\" content=\"https:\/\/staging.lucky-hunter.com\/fr\/product\/camouflage-neige-pour-final-approach-express\/\" \/>\n<meta property=\"og:site_name\" content=\"Lucky-Hunter\" \/>\n<meta property=\"article:modified_time\" content=\"2025-06-26T12:13:32+00:00\" \/>\n<meta property=\"og:image\" content=\"https:\/\/staging.lucky-hunter.com\/wp-content\/uploads\/2019\/12\/LF-305.png\" \/>\n\t<meta property=\"og:image:width\" content=\"1000\" \/>\n\t<meta property=\"og:image:height\" content=\"1000\" \/>\n\t<meta property=\"og:image:type\" content=\"image\/png\" \/>\n<meta name=\"twitter:card\" content=\"summary_large_image\" \/>\n<meta name=\"twitter:title\" content=\"Camouflage Neige Final Approach SUB \u2013 Id\u00e9al pour la chasse en hiver | Lucky Hunter\" \/>\n<meta name=\"twitter:description\" content=\"Camouflage Neige Final Approach SUB. Id\u00e9al pour utiliser votre aff\u00fbt couch\u00e9 en hiver et dans la neige. Mat\u00e9riau imperm\u00e9able qui s&#039;ajuste parfaitement.\" \/>\n<meta name=\"twitter:label1\" content=\"Dur\u00e9e de lecture estim\u00e9e\" \/>\n\t<meta name=\"twitter:data1\" content=\"1 minute\" \/>\n<script type=\"application\/ld+json\" class=\"yoast-schema-graph\">{\"@context\":\"https:\/\/schema.org\",\"@graph\":[{\"@type\":\"WebPage\",\"@id\":\"https:\/\/staging.lucky-hunter.com\/fr\/product\/camouflage-neige-pour-final-approach-express\/\",\"url\":\"https:\/\/staging.lucky-hunter.com\/fr\/product\/camouflage-neige-pour-final-approach-express\/\",\"name\":\"Camouflage Neige pour Final Approach Express | Lucky Hunter\",\"isPartOf\":{\"@id\":\"https:\/\/staging.lucky-hunter.com\/#website\"},\"primaryImageOfPage\":{\"@id\":\"https:\/\/staging.lucky-hunter.com\/fr\/product\/camouflage-neige-pour-final-approach-express\/#primaryimage\"},\"image\":{\"@id\":\"https:\/\/staging.lucky-hunter.com\/fr\/product\/camouflage-neige-pour-final-approach-express\/#primaryimage\"},\"thumbnailUrl\":\"https:\/\/staging.lucky-hunter.com\/wp-content\/uploads\/2019\/12\/LF-305.png\",\"datePublished\":\"2021-05-02T18:18:08+00:00\",\"dateModified\":\"2025-06-26T12:13:32+00:00\",\"description\":\"Le camouflage blanc sur l\u2019aff\u00fbt couch\u00e9 est parfait pour la chasse \u00e0 l'oie pendant la saison et pendant l'hiver, lorsque les cygnes sont dans les champs pour se reposer et pour manger.\",\"breadcrumb\":{\"@id\":\"https:\/\/staging.lucky-hunter.com\/fr\/product\/camouflage-neige-pour-final-approach-express\/#breadcrumb\"},\"inLanguage\":\"fr-FR\",\"potentialAction\":[{\"@type\":\"ReadAction\",\"target\":[\"https:\/\/staging.lucky-hunter.com\/fr\/product\/camouflage-neige-pour-final-approach-express\/\"]}]},{\"@type\":\"ImageObject\",\"inLanguage\":\"fr-FR\",\"@id\":\"https:\/\/staging.lucky-hunter.com\/fr\/product\/camouflage-neige-pour-final-approach-express\/#primaryimage\",\"url\":\"https:\/\/staging.lucky-hunter.com\/wp-content\/uploads\/2019\/12\/LF-305.png\",\"contentUrl\":\"https:\/\/staging.lucky-hunter.com\/wp-content\/uploads\/2019\/12\/LF-305.png\",\"width\":1000,\"height\":1000,\"caption\":\"Image de la housse neige Final Approach SUB\"},{\"@type\":\"BreadcrumbList\",\"@id\":\"https:\/\/staging.lucky-hunter.com\/fr\/product\/camouflage-neige-pour-final-approach-express\/#breadcrumb\",\"itemListElement\":[{\"@type\":\"ListItem\",\"position\":1,\"name\":\"Home\",\"item\":\"https:\/\/staging.lucky-hunter.com\/fr\/\"},{\"@type\":\"ListItem\",\"position\":2,\"name\":\"Boutique\",\"item\":\"https:\/\/staging.lucky-hunter.com\/fr\/shop\/\"},{\"@type\":\"ListItem\",\"position\":3,\"name\":\"Camouflage Neige pour Final Approach Express\"}]},{\"@type\":\"WebSite\",\"@id\":\"https:\/\/staging.lucky-hunter.com\/#website\",\"url\":\"https:\/\/staging.lucky-hunter.com\/\",\"name\":\"Lucky-Hunter\",\"description\":\"Gear Up or Give Up\",\"potentialAction\":[{\"@type\":\"SearchAction\",\"target\":{\"@type\":\"EntryPoint\",\"urlTemplate\":\"https:\/\/staging.lucky-hunter.com\/?s={search_term_string}\"},\"query-input\":{\"@type\":\"PropertyValueSpecification\",\"valueRequired\":true,\"valueName\":\"search_term_string\"}}],\"inLanguage\":\"fr-FR\"}]}<\/script>\n<!-- \/ Yoast SEO plugin. -->","yoast_head_json":{"title":"Camouflage Neige pour Final Approach Express | Lucky Hunter","description":"Le camouflage blanc sur l\u2019aff\u00fbt couch\u00e9 est parfait pour la chasse \u00e0 l'oie pendant la saison et pendant l'hiver, lorsque les cygnes sont dans les champs pour se reposer et pour manger.","robots":{"index":"noindex","follow":"follow","max-snippet":"max-snippet:-1","max-image-preview":"max-image-preview:large","max-video-preview":"max-video-preview:-1"},"og_locale":"fr_FR","og_type":"article","og_title":"Camouflage Neige Final Approach SUB \u2013 Id\u00e9al pour la chasse en hiver | Lucky Hunter","og_description":"Camouflage Neige Final Approach SUB. Id\u00e9al pour utiliser votre aff\u00fbt couch\u00e9 en hiver et dans la neige. Mat\u00e9riau imperm\u00e9able qui s'ajuste parfaitement.","og_url":"https:\/\/staging.lucky-hunter.com\/fr\/product\/camouflage-neige-pour-final-approach-express\/","og_site_name":"Lucky-Hunter","article_modified_time":"2025-06-26T12:13:32+00:00","og_image":[{"width":1000,"height":1000,"url":"https:\/\/staging.lucky-hunter.com\/wp-content\/uploads\/2019\/12\/LF-305.png","type":"image\/png"}],"twitter_card":"summary_large_image","twitter_title":"Camouflage Neige Final Approach SUB \u2013 Id\u00e9al pour la chasse en hiver | Lucky Hunter","twitter_description":"Camouflage Neige Final Approach SUB. Id\u00e9al pour utiliser votre aff\u00fbt couch\u00e9 en hiver et dans la neige. Mat\u00e9riau imperm\u00e9able qui s'ajuste parfaitement.","twitter_misc":{"Dur\u00e9e de lecture estim\u00e9e":"1 minute"},"schema":{"@context":"https:\/\/schema.org","@graph":[{"@type":"WebPage","@id":"https:\/\/staging.lucky-hunter.com\/fr\/product\/camouflage-neige-pour-final-approach-express\/","url":"https:\/\/staging.lucky-hunter.com\/fr\/product\/camouflage-neige-pour-final-approach-express\/","name":"Camouflage Neige pour Final Approach Express | Lucky Hunter","isPartOf":{"@id":"https:\/\/staging.lucky-hunter.com\/#website"},"primaryImageOfPage":{"@id":"https:\/\/staging.lucky-hunter.com\/fr\/product\/camouflage-neige-pour-final-approach-express\/#primaryimage"},"image":{"@id":"https:\/\/staging.lucky-hunter.com\/fr\/product\/camouflage-neige-pour-final-approach-express\/#primaryimage"},"thumbnailUrl":"https:\/\/staging.lucky-hunter.com\/wp-content\/uploads\/2019\/12\/LF-305.png","datePublished":"2021-05-02T18:18:08+00:00","dateModified":"2025-06-26T12:13:32+00:00","description":"Le camouflage blanc sur l\u2019aff\u00fbt couch\u00e9 est parfait pour la chasse \u00e0 l'oie pendant la saison et pendant l'hiver, lorsque les cygnes sont dans les champs pour se reposer et pour manger.","breadcrumb":{"@id":"https:\/\/staging.lucky-hunter.com\/fr\/product\/camouflage-neige-pour-final-approach-express\/#breadcrumb"},"inLanguage":"fr-FR","potentialAction":[{"@type":"ReadAction","target":["https:\/\/staging.lucky-hunter.com\/fr\/product\/camouflage-neige-pour-final-approach-express\/"]}]},{"@type":"ImageObject","inLanguage":"fr-FR","@id":"https:\/\/staging.lucky-hunter.com\/fr\/product\/camouflage-neige-pour-final-approach-express\/#primaryimage","url":"https:\/\/staging.lucky-hunter.com\/wp-content\/uploads\/2019\/12\/LF-305.png","contentUrl":"https:\/\/staging.lucky-hunter.com\/wp-content\/uploads\/2019\/12\/LF-305.png","width":1000,"height":1000,"caption":"Image de la housse neige Final Approach SUB"},{"@type":"BreadcrumbList","@id":"https:\/\/staging.lucky-hunter.com\/fr\/product\/camouflage-neige-pour-final-approach-express\/#breadcrumb","itemListElement":[{"@type":"ListItem","position":1,"name":"Home","item":"https:\/\/staging.lucky-hunter.com\/fr\/"},{"@type":"ListItem","position":2,"name":"Boutique","item":"https:\/\/staging.lucky-hunter.com\/fr\/shop\/"},{"@type":"ListItem","position":3,"name":"Camouflage Neige pour Final Approach Express"}]},{"@type":"WebSite","@id":"https:\/\/staging.lucky-hunter.com\/#website","url":"https:\/\/staging.lucky-hunter.com\/","name":"Lucky-Hunter","description":"Gear Up or Give Up","potentialAction":[{"@type":"SearchAction","target":{"@type":"EntryPoint","urlTemplate":"https:\/\/staging.lucky-hunter.com\/?s={search_term_string}"},"query-input":{"@type":"PropertyValueSpecification","valueRequired":true,"valueName":"search_term_string"}}],"inLanguage":"fr-FR"}]}},"_links":{"self":[{"href":"https:\/\/staging.lucky-hunter.com\/fr\/wp-json\/wp\/v2\/product\/55684"}],"collection":[{"href":"https:\/\/staging.lucky-hunter.com\/fr\/wp-json\/wp\/v2\/product"}],"about":[{"href":"https:\/\/staging.lucky-hunter.com\/fr\/wp-json\/wp\/v2\/types\/product"}],"wp:featuredmedia":[{"embeddable":true,"href":"https:\/\/staging.lucky-hunter.com\/fr\/wp-json\/wp\/v2\/media\/30048"}],"wp:attachment":[{"href":"https:\/\/staging.lucky-hunter.com\/fr\/wp-json\/wp\/v2\/media?parent=55684"}],"wp:term":[{"taxonomy":"product_brand","embeddable":true,"href":"https:\/\/staging.lucky-hunter.com\/fr\/wp-json\/wp\/v2\/product_brand?post=55684"},{"taxonomy":"product_cat","embeddable":true,"href":"https:\/\/staging.lucky-hunter.com\/fr\/wp-json\/wp\/v2\/product_cat?post=55684"},{"taxonomy":"product_tag","embeddable":true,"href":"https:\/\/staging.lucky-hunter.com\/fr\/wp-json\/wp\/v2\/product_tag?post=55684"}],"curies":[{"name":"wp","href":"https:\/\/api.w.org\/{rel}","templated":true}]}}