{"id":55679,"date":"2022-05-18T15:27:00","date_gmt":"2022-05-18T13:27:00","guid":{"rendered":"https:\/\/staging.lucky-hunter.com\/product\/walkstool-comfort-foldable-hunting-chair-in-superb-swedish-design\/"},"modified":"2023-03-14T15:08:18","modified_gmt":"2023-03-14T14:08:18","slug":"walkstool-comfort-foldable-hunting-chair-in-superb-swedish-design","status":"publish","type":"product","link":"https:\/\/staging.lucky-hunter.com\/fr\/product\/walkstool-comfort-foldable-hunting-chair-in-superb-swedish-design\/","title":{"rendered":"Walkstool Comfort avec sac"},"content":{"rendered":"<h2><strong>Si\u00e8ge de chasse pliant avec un superbe design su\u00e9dois<\/strong><\/h2>\n<div>\n<div>4 hauteurs d&#8217;assise diff\u00e9rentes sont disponibles pour le Walkstool Comfort\u00a0: 45 cm, 55 cm, 65 cm et 75 cm.<\/div>\n<div><\/div>\n<div>Le Walkstool Comfort dispose de larges embouts en caoutchouc sur les pieds et d\u2019une assise ergonomique en tissu r\u00e9sille, ce qui permet d\u2019\u00eatre assis confortablement pendant de longues p\u00e9riodes.<\/div>\n<div><\/div>\n<div>Tous les mod\u00e8les Comfort sont livr\u00e9s avec un sac pratique pour les transporter en bandouli\u00e8re.<\/div>\n<div><\/div>\n<div>Le mod\u00e8le Walkstool Comfort est dot\u00e9 d\u2019une structure l\u00e9g\u00e8re similaire \u00e0 celle des mod\u00e8les Walkstool Basic et dispose \u00e9galement de pieds t\u00e9lescopiques en aluminium.<\/div>\n<div><\/div>\n<div>Ces pieds t\u00e9lescopiques permettent \u00e9galement de r\u00e9duire la hauteur d\u2019assise si besoin.<\/div>\n<div><\/div>\n<div>Le Walkstool est fabriqu\u00e9 en Su\u00e8de et sa qualit\u00e9 est suffisamment \u00e9lev\u00e9e pour permettre de nombreuses ann\u00e9es d\u2019utilisation.<\/div>\n<div><\/div>\n<div>Le Walkstool est le seul tabouret t\u00e9lescopique \u00e0 trois pieds au monde \u00e0 disposer de brevets et de protections de marque d\u00e9pos\u00e9e.<\/div>\n<div><\/div>\n<div><strong>Sp\u00e9cifications 45 cm :<\/strong><\/div>\n<ul>\n<li>Poids : 825 g.<\/li>\n<li>Charge maximale : 200 kg<\/li>\n<li>Taille de l&#8217;assise : 35 cm<\/li>\n<\/ul>\n<div><\/div>\n<div><strong>Sp\u00e9cifications 55 cm :<\/strong><\/div>\n<ul>\n<li>Poids : 900 g.<\/li>\n<li>Charge maximale : 225 kg<\/li>\n<li>Taille de l&#8217;assise : 37,5 cm<\/li>\n<\/ul>\n<div><\/div>\n<div><strong>Sp\u00e9cifications 65 cm :<\/strong><\/div>\n<ul>\n<li>Poids : 975 g.<\/li>\n<li>Charge maximale : 250 kg<\/li>\n<li>Taille de l&#8217;assise : 40 cm<\/li>\n<\/ul>\n<div><\/div>\n<div><strong>Sp\u00e9cifications 75 cm :<\/strong><\/div>\n<ul>\n<li>Poids : 1050 g.<\/li>\n<li>Charge maximale : 250 kg<\/li>\n<li>Taille de l&#8217;assise : 40 cm<\/li>\n<\/ul>\n<\/div>\n","protected":false},"excerpt":{"rendered":"<p>4 hauteurs d&#8217;assise diff\u00e9rentes sont disponibles pour le Walkstool Comfort\u00a0: 45 cm, 55 cm, 65 cm et 75 cm. Si\u00e8ge ergonomique pour un maximum de confort.<\/p>\n","protected":false},"featured_media":56319,"template":"","meta":[],"product_brand":[],"product_cat":[9382],"product_tag":[],"yoast_head":"<!-- This site is optimized with the Yoast SEO plugin v24.3 - https:\/\/yoast.com\/wordpress\/plugins\/seo\/ -->\n<title>Walkstool Basic - Si\u00e8ge de chasse pliant avec un superbe design su\u00e9dois<\/title>\n<meta name=\"description\" content=\"2 hauteurs d&#039;assise diff\u00e9rentes sont disponibles pour le Walkstool Basic\u00a0: 50 cm et 60 cm. L\u2019assise est 20 % plus grande qu&#039;une assise standard de tabouret \u00e0 trois pieds.\" \/>\n<meta name=\"robots\" content=\"noindex, follow, max-snippet:-1, max-image-preview:large, max-video-preview:-1\" \/>\n<meta property=\"og:locale\" content=\"fr_FR\" \/>\n<meta property=\"og:type\" content=\"article\" \/>\n<meta property=\"og:title\" content=\"Walkstool Basic - Si\u00e8ge de chasse pliant avec un superbe design su\u00e9dois\" \/>\n<meta property=\"og:description\" content=\"2 hauteurs d&#039;assise diff\u00e9rentes sont disponibles pour le Walkstool Basic\u00a0: 50 cm et 60 cm. L\u2019assise est 20 % plus grande qu&#039;une assise standard de tabouret \u00e0 trois pieds.\" \/>\n<meta property=\"og:url\" content=\"https:\/\/staging.lucky-hunter.com\/fr\/product\/walkstool-comfort-foldable-hunting-chair-in-superb-swedish-design\/\" \/>\n<meta property=\"og:site_name\" content=\"Lucky-Hunter\" \/>\n<meta property=\"article:modified_time\" content=\"2023-03-14T14:08:18+00:00\" \/>\n<meta property=\"og:image\" content=\"https:\/\/staging.lucky-hunter.com\/wp-content\/uploads\/2022\/05\/walkstool-comfort-55-jagtstol.png\" \/>\n\t<meta property=\"og:image:width\" content=\"1000\" \/>\n\t<meta property=\"og:image:height\" content=\"1000\" \/>\n\t<meta property=\"og:image:type\" content=\"image\/png\" \/>\n<meta name=\"twitter:card\" content=\"summary_large_image\" \/>\n<meta name=\"twitter:label1\" content=\"Dur\u00e9e de lecture estim\u00e9e\" \/>\n\t<meta name=\"twitter:data1\" content=\"1 minute\" \/>\n<script type=\"application\/ld+json\" class=\"yoast-schema-graph\">{\"@context\":\"https:\/\/schema.org\",\"@graph\":[{\"@type\":\"WebPage\",\"@id\":\"https:\/\/staging.lucky-hunter.com\/fr\/product\/walkstool-comfort-foldable-hunting-chair-in-superb-swedish-design\/\",\"url\":\"https:\/\/staging.lucky-hunter.com\/fr\/product\/walkstool-comfort-foldable-hunting-chair-in-superb-swedish-design\/\",\"name\":\"Walkstool Basic - Si\u00e8ge de chasse pliant avec un superbe design su\u00e9dois\",\"isPartOf\":{\"@id\":\"https:\/\/staging.lucky-hunter.com\/#website\"},\"primaryImageOfPage\":{\"@id\":\"https:\/\/staging.lucky-hunter.com\/fr\/product\/walkstool-comfort-foldable-hunting-chair-in-superb-swedish-design\/#primaryimage\"},\"image\":{\"@id\":\"https:\/\/staging.lucky-hunter.com\/fr\/product\/walkstool-comfort-foldable-hunting-chair-in-superb-swedish-design\/#primaryimage\"},\"thumbnailUrl\":\"https:\/\/staging.lucky-hunter.com\/wp-content\/uploads\/2022\/05\/walkstool-comfort-55-jagtstol.png\",\"datePublished\":\"2022-05-18T13:27:00+00:00\",\"dateModified\":\"2023-03-14T14:08:18+00:00\",\"description\":\"2 hauteurs d'assise diff\u00e9rentes sont disponibles pour le Walkstool Basic\u00a0: 50 cm et 60 cm. L\u2019assise est 20 % plus grande qu'une assise standard de tabouret \u00e0 trois pieds.\",\"breadcrumb\":{\"@id\":\"https:\/\/staging.lucky-hunter.com\/fr\/product\/walkstool-comfort-foldable-hunting-chair-in-superb-swedish-design\/#breadcrumb\"},\"inLanguage\":\"fr-FR\",\"potentialAction\":[{\"@type\":\"ReadAction\",\"target\":[\"https:\/\/staging.lucky-hunter.com\/fr\/product\/walkstool-comfort-foldable-hunting-chair-in-superb-swedish-design\/\"]}]},{\"@type\":\"ImageObject\",\"inLanguage\":\"fr-FR\",\"@id\":\"https:\/\/staging.lucky-hunter.com\/fr\/product\/walkstool-comfort-foldable-hunting-chair-in-superb-swedish-design\/#primaryimage\",\"url\":\"https:\/\/staging.lucky-hunter.com\/wp-content\/uploads\/2022\/05\/walkstool-comfort-55-jagtstol.png\",\"contentUrl\":\"https:\/\/staging.lucky-hunter.com\/wp-content\/uploads\/2022\/05\/walkstool-comfort-55-jagtstol.png\",\"width\":1000,\"height\":1000,\"caption\":\"Walkstool comfort\"},{\"@type\":\"BreadcrumbList\",\"@id\":\"https:\/\/staging.lucky-hunter.com\/fr\/product\/walkstool-comfort-foldable-hunting-chair-in-superb-swedish-design\/#breadcrumb\",\"itemListElement\":[{\"@type\":\"ListItem\",\"position\":1,\"name\":\"Home\",\"item\":\"https:\/\/staging.lucky-hunter.com\/fr\/\"},{\"@type\":\"ListItem\",\"position\":2,\"name\":\"Boutique\",\"item\":\"https:\/\/staging.lucky-hunter.com\/fr\/shop\/\"},{\"@type\":\"ListItem\",\"position\":3,\"name\":\"Walkstool Comfort avec sac\"}]},{\"@type\":\"WebSite\",\"@id\":\"https:\/\/staging.lucky-hunter.com\/#website\",\"url\":\"https:\/\/staging.lucky-hunter.com\/\",\"name\":\"Lucky-Hunter\",\"description\":\"Gear Up or Give Up\",\"potentialAction\":[{\"@type\":\"SearchAction\",\"target\":{\"@type\":\"EntryPoint\",\"urlTemplate\":\"https:\/\/staging.lucky-hunter.com\/?s={search_term_string}\"},\"query-input\":{\"@type\":\"PropertyValueSpecification\",\"valueRequired\":true,\"valueName\":\"search_term_string\"}}],\"inLanguage\":\"fr-FR\"}]}<\/script>\n<!-- \/ Yoast SEO plugin. -->","yoast_head_json":{"title":"Walkstool Basic - Si\u00e8ge de chasse pliant avec un superbe design su\u00e9dois","description":"2 hauteurs d'assise diff\u00e9rentes sont disponibles pour le Walkstool Basic\u00a0: 50 cm et 60 cm. L\u2019assise est 20 % plus grande qu'une assise standard de tabouret \u00e0 trois pieds.","robots":{"index":"noindex","follow":"follow","max-snippet":"max-snippet:-1","max-image-preview":"max-image-preview:large","max-video-preview":"max-video-preview:-1"},"og_locale":"fr_FR","og_type":"article","og_title":"Walkstool Basic - Si\u00e8ge de chasse pliant avec un superbe design su\u00e9dois","og_description":"2 hauteurs d'assise diff\u00e9rentes sont disponibles pour le Walkstool Basic\u00a0: 50 cm et 60 cm. L\u2019assise est 20 % plus grande qu'une assise standard de tabouret \u00e0 trois pieds.","og_url":"https:\/\/staging.lucky-hunter.com\/fr\/product\/walkstool-comfort-foldable-hunting-chair-in-superb-swedish-design\/","og_site_name":"Lucky-Hunter","article_modified_time":"2023-03-14T14:08:18+00:00","og_image":[{"width":1000,"height":1000,"url":"https:\/\/staging.lucky-hunter.com\/wp-content\/uploads\/2022\/05\/walkstool-comfort-55-jagtstol.png","type":"image\/png"}],"twitter_card":"summary_large_image","twitter_misc":{"Dur\u00e9e de lecture estim\u00e9e":"1 minute"},"schema":{"@context":"https:\/\/schema.org","@graph":[{"@type":"WebPage","@id":"https:\/\/staging.lucky-hunter.com\/fr\/product\/walkstool-comfort-foldable-hunting-chair-in-superb-swedish-design\/","url":"https:\/\/staging.lucky-hunter.com\/fr\/product\/walkstool-comfort-foldable-hunting-chair-in-superb-swedish-design\/","name":"Walkstool Basic - Si\u00e8ge de chasse pliant avec un superbe design su\u00e9dois","isPartOf":{"@id":"https:\/\/staging.lucky-hunter.com\/#website"},"primaryImageOfPage":{"@id":"https:\/\/staging.lucky-hunter.com\/fr\/product\/walkstool-comfort-foldable-hunting-chair-in-superb-swedish-design\/#primaryimage"},"image":{"@id":"https:\/\/staging.lucky-hunter.com\/fr\/product\/walkstool-comfort-foldable-hunting-chair-in-superb-swedish-design\/#primaryimage"},"thumbnailUrl":"https:\/\/staging.lucky-hunter.com\/wp-content\/uploads\/2022\/05\/walkstool-comfort-55-jagtstol.png","datePublished":"2022-05-18T13:27:00+00:00","dateModified":"2023-03-14T14:08:18+00:00","description":"2 hauteurs d'assise diff\u00e9rentes sont disponibles pour le Walkstool Basic\u00a0: 50 cm et 60 cm. L\u2019assise est 20 % plus grande qu'une assise standard de tabouret \u00e0 trois pieds.","breadcrumb":{"@id":"https:\/\/staging.lucky-hunter.com\/fr\/product\/walkstool-comfort-foldable-hunting-chair-in-superb-swedish-design\/#breadcrumb"},"inLanguage":"fr-FR","potentialAction":[{"@type":"ReadAction","target":["https:\/\/staging.lucky-hunter.com\/fr\/product\/walkstool-comfort-foldable-hunting-chair-in-superb-swedish-design\/"]}]},{"@type":"ImageObject","inLanguage":"fr-FR","@id":"https:\/\/staging.lucky-hunter.com\/fr\/product\/walkstool-comfort-foldable-hunting-chair-in-superb-swedish-design\/#primaryimage","url":"https:\/\/staging.lucky-hunter.com\/wp-content\/uploads\/2022\/05\/walkstool-comfort-55-jagtstol.png","contentUrl":"https:\/\/staging.lucky-hunter.com\/wp-content\/uploads\/2022\/05\/walkstool-comfort-55-jagtstol.png","width":1000,"height":1000,"caption":"Walkstool comfort"},{"@type":"BreadcrumbList","@id":"https:\/\/staging.lucky-hunter.com\/fr\/product\/walkstool-comfort-foldable-hunting-chair-in-superb-swedish-design\/#breadcrumb","itemListElement":[{"@type":"ListItem","position":1,"name":"Home","item":"https:\/\/staging.lucky-hunter.com\/fr\/"},{"@type":"ListItem","position":2,"name":"Boutique","item":"https:\/\/staging.lucky-hunter.com\/fr\/shop\/"},{"@type":"ListItem","position":3,"name":"Walkstool Comfort avec sac"}]},{"@type":"WebSite","@id":"https:\/\/staging.lucky-hunter.com\/#website","url":"https:\/\/staging.lucky-hunter.com\/","name":"Lucky-Hunter","description":"Gear Up or Give Up","potentialAction":[{"@type":"SearchAction","target":{"@type":"EntryPoint","urlTemplate":"https:\/\/staging.lucky-hunter.com\/?s={search_term_string}"},"query-input":{"@type":"PropertyValueSpecification","valueRequired":true,"valueName":"search_term_string"}}],"inLanguage":"fr-FR"}]}},"_links":{"self":[{"href":"https:\/\/staging.lucky-hunter.com\/fr\/wp-json\/wp\/v2\/product\/55679"}],"collection":[{"href":"https:\/\/staging.lucky-hunter.com\/fr\/wp-json\/wp\/v2\/product"}],"about":[{"href":"https:\/\/staging.lucky-hunter.com\/fr\/wp-json\/wp\/v2\/types\/product"}],"wp:featuredmedia":[{"embeddable":true,"href":"https:\/\/staging.lucky-hunter.com\/fr\/wp-json\/wp\/v2\/media\/56319"}],"wp:attachment":[{"href":"https:\/\/staging.lucky-hunter.com\/fr\/wp-json\/wp\/v2\/media?parent=55679"}],"wp:term":[{"taxonomy":"product_brand","embeddable":true,"href":"https:\/\/staging.lucky-hunter.com\/fr\/wp-json\/wp\/v2\/product_brand?post=55679"},{"taxonomy":"product_cat","embeddable":true,"href":"https:\/\/staging.lucky-hunter.com\/fr\/wp-json\/wp\/v2\/product_cat?post=55679"},{"taxonomy":"product_tag","embeddable":true,"href":"https:\/\/staging.lucky-hunter.com\/fr\/wp-json\/wp\/v2\/product_tag?post=55679"}],"curies":[{"name":"wp","href":"https:\/\/api.w.org\/{rel}","templated":true}]}}