{"id":55677,"date":"2017-04-18T16:59:43","date_gmt":"2017-04-18T14:59:43","guid":{"rendered":"https:\/\/staging.lucky-hunter.com\/product\/rigem-right-layout-console\/"},"modified":"2023-03-14T15:38:30","modified_gmt":"2023-03-14T14:38:30","slug":"rigem-right-layout-console","status":"publish","type":"product","link":"https:\/\/staging.lucky-hunter.com\/fr\/product\/rigem-right-layout-console\/","title":{"rendered":"Console d&#8217;Aff\u00fbt Rig&#8217;Em Right"},"content":{"rendered":"<h2><strong>Console d\u2019Aff\u00fbt Rig&#8217;Em Right &#8211; le compl\u00e9ment id\u00e9al pour votre aff\u00fbt couch\u00e9<\/strong><\/h2>\n<p>Se clipse rapidement dans n\u2019importe quel aff\u00fbt couch\u00e9 afin de cr\u00e9er un coin pratique pour vos munitions et pour votre boisson pr\u00e9f\u00e9r\u00e9e. R\u00e9sistante \u00e0 l&#8217;eau et faite en n\u00e9opr\u00e8ne. Il s\u2019agit d\u2019un mat\u00e9riau doux mais robuste, ce qui est parfait pour la chasse.<\/p>\n<p>Il n\u2019y a jamais besoin de la retirer car elle s\u2019aplatit lorsque l\u2019aff\u00fbt est repli\u00e9 et reprend forme lorsqu\u2019il est d\u00e9pli\u00e9.<\/p>\n<p>Vous ne renverserez plus jamais votre caf\u00e9 ni votre bo\u00eete de cartouches. Con\u00e7u pour faciliter la vie du chasseur. Il n&#8217;y a rien de pire que d&#8217;essayer de ramasser des cartouches \u00e9parpill\u00e9es ou de renverser sa boisson pr\u00e9f\u00e9r\u00e9e.<\/p>\n<p>N\u00e9opr\u00e8ne de 5 mm.<\/p>\n","protected":false},"excerpt":{"rendered":"<p>La Console d\u2019Aff\u00fbt Rig&#8217;Em Right&#x2122; se clipse rapidement dans n\u2019importe quel aff\u00fbt couch\u00e9 afin de cr\u00e9er un coin pratique pour vos munitions et pour votre boisson pr\u00e9f\u00e9r\u00e9e.<\/p>\n","protected":false},"featured_media":29715,"template":"","meta":[],"product_brand":[8127],"product_cat":[9383],"product_tag":[],"yoast_head":"<!-- This site is optimized with the Yoast SEO plugin v24.3 - https:\/\/yoast.com\/wordpress\/plugins\/seo\/ -->\n<title>Console d\u2019Aff\u00fbt Rig&#039;Em Right - Rangez l&#039;essentiel en toute s\u00e9curit\u00e9 | Lucky Hunter<\/title>\n<meta name=\"description\" content=\"Parfaitement adapt\u00e9e \u00e0 votre aff\u00fbt couch\u00e9. La Console d\u2019Aff\u00fbt Rig&#039;Em Right se clipse dans votre aff\u00fbt couch\u00e9 pour vous permettre de ranger votre boisson et vos munitions.\" \/>\n<meta name=\"robots\" content=\"noindex, follow, max-snippet:-1, max-image-preview:large, max-video-preview:-1\" \/>\n<meta property=\"og:locale\" content=\"fr_FR\" \/>\n<meta property=\"og:type\" content=\"article\" \/>\n<meta property=\"og:title\" content=\"Console d\u2019Aff\u00fbt Rig&#039;Em Right - Rangez l&#039;essentiel en toute s\u00e9curit\u00e9 | Lucky Hunter\" \/>\n<meta property=\"og:description\" content=\"Parfaitement adapt\u00e9e \u00e0 votre aff\u00fbt couch\u00e9. La Console d\u2019Aff\u00fbt Rig&#039;Em Right se clipse dans votre aff\u00fbt couch\u00e9 pour vous permettre de ranger votre boisson et vos munitions.\" \/>\n<meta property=\"og:url\" content=\"https:\/\/staging.lucky-hunter.com\/fr\/product\/rigem-right-layout-console\/\" \/>\n<meta property=\"og:site_name\" content=\"Lucky-Hunter\" \/>\n<meta property=\"article:modified_time\" content=\"2023-03-14T14:38:30+00:00\" \/>\n<meta property=\"og:image\" content=\"https:\/\/staging.lucky-hunter.com\/wp-content\/uploads\/2017\/04\/LS-210.png\" \/>\n\t<meta property=\"og:image:width\" content=\"1000\" \/>\n\t<meta property=\"og:image:height\" content=\"1000\" \/>\n\t<meta property=\"og:image:type\" content=\"image\/png\" \/>\n<meta name=\"twitter:card\" content=\"summary_large_image\" \/>\n<meta name=\"twitter:title\" content=\"Console d\u2019Aff\u00fbt Rig&#039;Em Right - Rangez l&#039;essentiel en toute s\u00e9curit\u00e9 | Lucky Hunter\" \/>\n<meta name=\"twitter:description\" content=\"Parfaitement adapt\u00e9e \u00e0 votre aff\u00fbt couch\u00e9. La Console d\u2019Aff\u00fbt Rig&#039;Em Right se clipse dans votre aff\u00fbt couch\u00e9 pour vous permettre de ranger votre boisson et vos munitions.\" \/>\n<meta name=\"twitter:label1\" content=\"Dur\u00e9e de lecture estim\u00e9e\" \/>\n\t<meta name=\"twitter:data1\" content=\"1 minute\" \/>\n<script type=\"application\/ld+json\" class=\"yoast-schema-graph\">{\"@context\":\"https:\/\/schema.org\",\"@graph\":[{\"@type\":\"WebPage\",\"@id\":\"https:\/\/staging.lucky-hunter.com\/fr\/product\/rigem-right-layout-console\/\",\"url\":\"https:\/\/staging.lucky-hunter.com\/fr\/product\/rigem-right-layout-console\/\",\"name\":\"Console d\u2019Aff\u00fbt Rig'Em Right - Rangez l'essentiel en toute s\u00e9curit\u00e9 | Lucky Hunter\",\"isPartOf\":{\"@id\":\"https:\/\/staging.lucky-hunter.com\/#website\"},\"primaryImageOfPage\":{\"@id\":\"https:\/\/staging.lucky-hunter.com\/fr\/product\/rigem-right-layout-console\/#primaryimage\"},\"image\":{\"@id\":\"https:\/\/staging.lucky-hunter.com\/fr\/product\/rigem-right-layout-console\/#primaryimage\"},\"thumbnailUrl\":\"https:\/\/staging.lucky-hunter.com\/wp-content\/uploads\/2017\/04\/LS-210.png\",\"datePublished\":\"2017-04-18T14:59:43+00:00\",\"dateModified\":\"2023-03-14T14:38:30+00:00\",\"description\":\"Parfaitement adapt\u00e9e \u00e0 votre aff\u00fbt couch\u00e9. La Console d\u2019Aff\u00fbt Rig'Em Right se clipse dans votre aff\u00fbt couch\u00e9 pour vous permettre de ranger votre boisson et vos munitions.\",\"breadcrumb\":{\"@id\":\"https:\/\/staging.lucky-hunter.com\/fr\/product\/rigem-right-layout-console\/#breadcrumb\"},\"inLanguage\":\"fr-FR\",\"potentialAction\":[{\"@type\":\"ReadAction\",\"target\":[\"https:\/\/staging.lucky-hunter.com\/fr\/product\/rigem-right-layout-console\/\"]}]},{\"@type\":\"ImageObject\",\"inLanguage\":\"fr-FR\",\"@id\":\"https:\/\/staging.lucky-hunter.com\/fr\/product\/rigem-right-layout-console\/#primaryimage\",\"url\":\"https:\/\/staging.lucky-hunter.com\/wp-content\/uploads\/2017\/04\/LS-210.png\",\"contentUrl\":\"https:\/\/staging.lucky-hunter.com\/wp-content\/uploads\/2017\/04\/LS-210.png\",\"width\":1000,\"height\":1000,\"caption\":\"Image of Rig'Em Right Layout Console\"},{\"@type\":\"BreadcrumbList\",\"@id\":\"https:\/\/staging.lucky-hunter.com\/fr\/product\/rigem-right-layout-console\/#breadcrumb\",\"itemListElement\":[{\"@type\":\"ListItem\",\"position\":1,\"name\":\"Home\",\"item\":\"https:\/\/staging.lucky-hunter.com\/fr\/\"},{\"@type\":\"ListItem\",\"position\":2,\"name\":\"Boutique\",\"item\":\"https:\/\/staging.lucky-hunter.com\/fr\/shop\/\"},{\"@type\":\"ListItem\",\"position\":3,\"name\":\"Console d&#8217;Aff\u00fbt Rig&#8217;Em Right\"}]},{\"@type\":\"WebSite\",\"@id\":\"https:\/\/staging.lucky-hunter.com\/#website\",\"url\":\"https:\/\/staging.lucky-hunter.com\/\",\"name\":\"Lucky-Hunter\",\"description\":\"Gear Up or Give Up\",\"potentialAction\":[{\"@type\":\"SearchAction\",\"target\":{\"@type\":\"EntryPoint\",\"urlTemplate\":\"https:\/\/staging.lucky-hunter.com\/?s={search_term_string}\"},\"query-input\":{\"@type\":\"PropertyValueSpecification\",\"valueRequired\":true,\"valueName\":\"search_term_string\"}}],\"inLanguage\":\"fr-FR\"}]}<\/script>\n<!-- \/ Yoast SEO plugin. -->","yoast_head_json":{"title":"Console d\u2019Aff\u00fbt Rig'Em Right - Rangez l'essentiel en toute s\u00e9curit\u00e9 | Lucky Hunter","description":"Parfaitement adapt\u00e9e \u00e0 votre aff\u00fbt couch\u00e9. La Console d\u2019Aff\u00fbt Rig'Em Right se clipse dans votre aff\u00fbt couch\u00e9 pour vous permettre de ranger votre boisson et vos munitions.","robots":{"index":"noindex","follow":"follow","max-snippet":"max-snippet:-1","max-image-preview":"max-image-preview:large","max-video-preview":"max-video-preview:-1"},"og_locale":"fr_FR","og_type":"article","og_title":"Console d\u2019Aff\u00fbt Rig'Em Right - Rangez l'essentiel en toute s\u00e9curit\u00e9 | Lucky Hunter","og_description":"Parfaitement adapt\u00e9e \u00e0 votre aff\u00fbt couch\u00e9. La Console d\u2019Aff\u00fbt Rig'Em Right se clipse dans votre aff\u00fbt couch\u00e9 pour vous permettre de ranger votre boisson et vos munitions.","og_url":"https:\/\/staging.lucky-hunter.com\/fr\/product\/rigem-right-layout-console\/","og_site_name":"Lucky-Hunter","article_modified_time":"2023-03-14T14:38:30+00:00","og_image":[{"width":1000,"height":1000,"url":"https:\/\/staging.lucky-hunter.com\/wp-content\/uploads\/2017\/04\/LS-210.png","type":"image\/png"}],"twitter_card":"summary_large_image","twitter_title":"Console d\u2019Aff\u00fbt Rig'Em Right - Rangez l'essentiel en toute s\u00e9curit\u00e9 | Lucky Hunter","twitter_description":"Parfaitement adapt\u00e9e \u00e0 votre aff\u00fbt couch\u00e9. La Console d\u2019Aff\u00fbt Rig'Em Right se clipse dans votre aff\u00fbt couch\u00e9 pour vous permettre de ranger votre boisson et vos munitions.","twitter_misc":{"Dur\u00e9e de lecture estim\u00e9e":"1 minute"},"schema":{"@context":"https:\/\/schema.org","@graph":[{"@type":"WebPage","@id":"https:\/\/staging.lucky-hunter.com\/fr\/product\/rigem-right-layout-console\/","url":"https:\/\/staging.lucky-hunter.com\/fr\/product\/rigem-right-layout-console\/","name":"Console d\u2019Aff\u00fbt Rig'Em Right - Rangez l'essentiel en toute s\u00e9curit\u00e9 | Lucky Hunter","isPartOf":{"@id":"https:\/\/staging.lucky-hunter.com\/#website"},"primaryImageOfPage":{"@id":"https:\/\/staging.lucky-hunter.com\/fr\/product\/rigem-right-layout-console\/#primaryimage"},"image":{"@id":"https:\/\/staging.lucky-hunter.com\/fr\/product\/rigem-right-layout-console\/#primaryimage"},"thumbnailUrl":"https:\/\/staging.lucky-hunter.com\/wp-content\/uploads\/2017\/04\/LS-210.png","datePublished":"2017-04-18T14:59:43+00:00","dateModified":"2023-03-14T14:38:30+00:00","description":"Parfaitement adapt\u00e9e \u00e0 votre aff\u00fbt couch\u00e9. La Console d\u2019Aff\u00fbt Rig'Em Right se clipse dans votre aff\u00fbt couch\u00e9 pour vous permettre de ranger votre boisson et vos munitions.","breadcrumb":{"@id":"https:\/\/staging.lucky-hunter.com\/fr\/product\/rigem-right-layout-console\/#breadcrumb"},"inLanguage":"fr-FR","potentialAction":[{"@type":"ReadAction","target":["https:\/\/staging.lucky-hunter.com\/fr\/product\/rigem-right-layout-console\/"]}]},{"@type":"ImageObject","inLanguage":"fr-FR","@id":"https:\/\/staging.lucky-hunter.com\/fr\/product\/rigem-right-layout-console\/#primaryimage","url":"https:\/\/staging.lucky-hunter.com\/wp-content\/uploads\/2017\/04\/LS-210.png","contentUrl":"https:\/\/staging.lucky-hunter.com\/wp-content\/uploads\/2017\/04\/LS-210.png","width":1000,"height":1000,"caption":"Image of Rig'Em Right Layout Console"},{"@type":"BreadcrumbList","@id":"https:\/\/staging.lucky-hunter.com\/fr\/product\/rigem-right-layout-console\/#breadcrumb","itemListElement":[{"@type":"ListItem","position":1,"name":"Home","item":"https:\/\/staging.lucky-hunter.com\/fr\/"},{"@type":"ListItem","position":2,"name":"Boutique","item":"https:\/\/staging.lucky-hunter.com\/fr\/shop\/"},{"@type":"ListItem","position":3,"name":"Console d&#8217;Aff\u00fbt Rig&#8217;Em Right"}]},{"@type":"WebSite","@id":"https:\/\/staging.lucky-hunter.com\/#website","url":"https:\/\/staging.lucky-hunter.com\/","name":"Lucky-Hunter","description":"Gear Up or Give Up","potentialAction":[{"@type":"SearchAction","target":{"@type":"EntryPoint","urlTemplate":"https:\/\/staging.lucky-hunter.com\/?s={search_term_string}"},"query-input":{"@type":"PropertyValueSpecification","valueRequired":true,"valueName":"search_term_string"}}],"inLanguage":"fr-FR"}]}},"_links":{"self":[{"href":"https:\/\/staging.lucky-hunter.com\/fr\/wp-json\/wp\/v2\/product\/55677"}],"collection":[{"href":"https:\/\/staging.lucky-hunter.com\/fr\/wp-json\/wp\/v2\/product"}],"about":[{"href":"https:\/\/staging.lucky-hunter.com\/fr\/wp-json\/wp\/v2\/types\/product"}],"wp:featuredmedia":[{"embeddable":true,"href":"https:\/\/staging.lucky-hunter.com\/fr\/wp-json\/wp\/v2\/media\/29715"}],"wp:attachment":[{"href":"https:\/\/staging.lucky-hunter.com\/fr\/wp-json\/wp\/v2\/media?parent=55677"}],"wp:term":[{"taxonomy":"product_brand","embeddable":true,"href":"https:\/\/staging.lucky-hunter.com\/fr\/wp-json\/wp\/v2\/product_brand?post=55677"},{"taxonomy":"product_cat","embeddable":true,"href":"https:\/\/staging.lucky-hunter.com\/fr\/wp-json\/wp\/v2\/product_cat?post=55677"},{"taxonomy":"product_tag","embeddable":true,"href":"https:\/\/staging.lucky-hunter.com\/fr\/wp-json\/wp\/v2\/product_tag?post=55677"}],"curies":[{"name":"wp","href":"https:\/\/api.w.org\/{rel}","templated":true}]}}