{"id":55676,"date":"2019-11-11T08:31:41","date_gmt":"2019-11-11T07:31:41","guid":{"rendered":"https:\/\/staging.lucky-hunter.com\/product\/sidewinder-deluxe-lanyard\/"},"modified":"2025-06-26T15:55:55","modified_gmt":"2025-06-26T13:55:55","slug":"cordon-tour-de-cou-sidewinder-deluxe-rigem-right-waterfowl","status":"publish","type":"product","link":"https:\/\/staging.lucky-hunter.com\/fr\/product\/cordon-tour-de-cou-sidewinder-deluxe-rigem-right-waterfowl\/","title":{"rendered":"Cordon Tour de Cou Sidewinder Deluxe &#8211; Rig&#8217;Em Right Waterfowl"},"content":{"rendered":"<h2><strong>Cordon Sidewinder Deluxe par Rig&#8217;Em Right<\/strong><\/h2>\n<p>Attachez jusqu&#8217;\u00e0 3 appeaux autour de votre cou gr\u00e2ce au nouveau cordon Sidewinder Deluxe de Rig&#8217;Em Right Waterfowl.<\/p>\n<p>Fabriqu\u00e9 en paracorde de haute qualit\u00e9 et de couleur assortie. Ce cordon s\u2019int\u00e8gre parfaitement \u00e0 tous les principaux motifs de camouflage, tout en offrant le look et les performances haut de gamme d&#8217;un cordon \u00e0 appeaux personnalis\u00e9.<\/p>\n<p>Avec une large tresse autour du cou pour plus de confort et deux boucles par appeau, c&#8217;est la pi\u00e8ce ma\u00eetresse ultime pour vos appeaux pr\u00e9f\u00e9r\u00e9s.<\/p>\n<p>Confortable, r\u00e9sistant et \u00e9l\u00e9gant pour tous les chasseurs de gibier d&#8217;eau. \u00c9galement utilisable avec vos autres appeaux &#8211; le cordon n\u2019est pas limit\u00e9 \u00e0 la chasse \u00e0 la sauvagine.<\/p>\n<p>Parfait pour les ranger et les avoir \u00e0 port\u00e9e de main pendant la chasse.<\/p>\n","protected":false},"excerpt":{"rendered":"<p>Attachez jusqu&#8217;\u00e0 3 appeaux autour de votre cou gr\u00e2ce au nouveau cordon Sidewinder Deluxe de Rig&#8217;Em Right Waterfowl.<\/p>\n","protected":false},"featured_media":30545,"template":"","meta":[],"product_brand":[9660],"product_cat":[9341],"product_tag":[9446,9235],"yoast_head":"<!-- This site is optimized with the Yoast SEO plugin v24.3 - https:\/\/yoast.com\/wordpress\/plugins\/seo\/ -->\n<title>Cordon Tour de Cou Sidewinder Deluxe - Rig&#039;Em Right Waterfowl<\/title>\n<meta name=\"description\" content=\"Attachez jusqu&#039;\u00e0 3 appeaux autour de votre cou gr\u00e2ce au nouveau cordon Sidewinder Deluxe de Rig&#039;Em Right Waterfowl.\" \/>\n<meta name=\"robots\" content=\"noindex, follow, max-snippet:-1, max-image-preview:large, max-video-preview:-1\" \/>\n<meta property=\"og:locale\" content=\"fr_FR\" \/>\n<meta property=\"og:type\" content=\"article\" \/>\n<meta property=\"og:title\" content=\"Cordon Tour de Cou Sidewinder Deluxe - 3 appeaux\u00a0! | Lucky Hunter\" \/>\n<meta property=\"og:description\" content=\"Attachez jusqu&#039;\u00e0 3 appeaux autour de votre cou gr\u00e2ce au nouveau cordon Sidewinder Deluxe de Rig&#039;Em Right Waterfowl. Fabriqu\u00e9 en paracorde de haute qualit\u00e9 et de couleur assortie.\" \/>\n<meta property=\"og:url\" content=\"https:\/\/staging.lucky-hunter.com\/fr\/product\/cordon-tour-de-cou-sidewinder-deluxe-rigem-right-waterfowl\/\" \/>\n<meta property=\"og:site_name\" content=\"Lucky-Hunter\" \/>\n<meta property=\"article:modified_time\" content=\"2025-06-26T13:55:55+00:00\" \/>\n<meta property=\"og:image\" content=\"https:\/\/staging.lucky-hunter.com\/wp-content\/uploads\/2019\/11\/LK-267.png\" \/>\n\t<meta property=\"og:image:width\" content=\"1000\" \/>\n\t<meta property=\"og:image:height\" content=\"1000\" \/>\n\t<meta property=\"og:image:type\" content=\"image\/png\" \/>\n<meta name=\"twitter:card\" content=\"summary_large_image\" \/>\n<meta name=\"twitter:title\" content=\"Cordon Tour de Cou Sidewinder Deluxe - 3 appeaux\u00a0! | Lucky Hunter\" \/>\n<meta name=\"twitter:description\" content=\"Attachez jusqu&#039;\u00e0 3 appeaux autour de votre cou gr\u00e2ce au nouveau cordon Sidewinder Deluxe de Rig&#039;Em Right Waterfowl. Fabriqu\u00e9 en paracorde de haute qualit\u00e9 et de couleur assortie.\" \/>\n<meta name=\"twitter:label1\" content=\"Dur\u00e9e de lecture estim\u00e9e\" \/>\n\t<meta name=\"twitter:data1\" content=\"1 minute\" \/>\n<script type=\"application\/ld+json\" class=\"yoast-schema-graph\">{\"@context\":\"https:\/\/schema.org\",\"@graph\":[{\"@type\":\"WebPage\",\"@id\":\"https:\/\/staging.lucky-hunter.com\/fr\/product\/cordon-tour-de-cou-sidewinder-deluxe-rigem-right-waterfowl\/\",\"url\":\"https:\/\/staging.lucky-hunter.com\/fr\/product\/cordon-tour-de-cou-sidewinder-deluxe-rigem-right-waterfowl\/\",\"name\":\"Cordon Tour de Cou Sidewinder Deluxe - Rig'Em Right Waterfowl\",\"isPartOf\":{\"@id\":\"https:\/\/staging.lucky-hunter.com\/#website\"},\"primaryImageOfPage\":{\"@id\":\"https:\/\/staging.lucky-hunter.com\/fr\/product\/cordon-tour-de-cou-sidewinder-deluxe-rigem-right-waterfowl\/#primaryimage\"},\"image\":{\"@id\":\"https:\/\/staging.lucky-hunter.com\/fr\/product\/cordon-tour-de-cou-sidewinder-deluxe-rigem-right-waterfowl\/#primaryimage\"},\"thumbnailUrl\":\"https:\/\/staging.lucky-hunter.com\/wp-content\/uploads\/2019\/11\/LK-267.png\",\"datePublished\":\"2019-11-11T07:31:41+00:00\",\"dateModified\":\"2025-06-26T13:55:55+00:00\",\"description\":\"Attachez jusqu'\u00e0 3 appeaux autour de votre cou gr\u00e2ce au nouveau cordon Sidewinder Deluxe de Rig'Em Right Waterfowl.\",\"breadcrumb\":{\"@id\":\"https:\/\/staging.lucky-hunter.com\/fr\/product\/cordon-tour-de-cou-sidewinder-deluxe-rigem-right-waterfowl\/#breadcrumb\"},\"inLanguage\":\"fr-FR\",\"potentialAction\":[{\"@type\":\"ReadAction\",\"target\":[\"https:\/\/staging.lucky-hunter.com\/fr\/product\/cordon-tour-de-cou-sidewinder-deluxe-rigem-right-waterfowl\/\"]}]},{\"@type\":\"ImageObject\",\"inLanguage\":\"fr-FR\",\"@id\":\"https:\/\/staging.lucky-hunter.com\/fr\/product\/cordon-tour-de-cou-sidewinder-deluxe-rigem-right-waterfowl\/#primaryimage\",\"url\":\"https:\/\/staging.lucky-hunter.com\/wp-content\/uploads\/2019\/11\/LK-267.png\",\"contentUrl\":\"https:\/\/staging.lucky-hunter.com\/wp-content\/uploads\/2019\/11\/LK-267.png\",\"width\":1000,\"height\":1000},{\"@type\":\"BreadcrumbList\",\"@id\":\"https:\/\/staging.lucky-hunter.com\/fr\/product\/cordon-tour-de-cou-sidewinder-deluxe-rigem-right-waterfowl\/#breadcrumb\",\"itemListElement\":[{\"@type\":\"ListItem\",\"position\":1,\"name\":\"Home\",\"item\":\"https:\/\/staging.lucky-hunter.com\/fr\/\"},{\"@type\":\"ListItem\",\"position\":2,\"name\":\"Boutique\",\"item\":\"https:\/\/staging.lucky-hunter.com\/fr\/shop\/\"},{\"@type\":\"ListItem\",\"position\":3,\"name\":\"Cordon Tour de Cou Sidewinder Deluxe &#8211; Rig&#8217;Em Right Waterfowl\"}]},{\"@type\":\"WebSite\",\"@id\":\"https:\/\/staging.lucky-hunter.com\/#website\",\"url\":\"https:\/\/staging.lucky-hunter.com\/\",\"name\":\"Lucky-Hunter\",\"description\":\"Gear Up or Give Up\",\"potentialAction\":[{\"@type\":\"SearchAction\",\"target\":{\"@type\":\"EntryPoint\",\"urlTemplate\":\"https:\/\/staging.lucky-hunter.com\/?s={search_term_string}\"},\"query-input\":{\"@type\":\"PropertyValueSpecification\",\"valueRequired\":true,\"valueName\":\"search_term_string\"}}],\"inLanguage\":\"fr-FR\"}]}<\/script>\n<!-- \/ Yoast SEO plugin. -->","yoast_head_json":{"title":"Cordon Tour de Cou Sidewinder Deluxe - Rig'Em Right Waterfowl","description":"Attachez jusqu'\u00e0 3 appeaux autour de votre cou gr\u00e2ce au nouveau cordon Sidewinder Deluxe de Rig'Em Right Waterfowl.","robots":{"index":"noindex","follow":"follow","max-snippet":"max-snippet:-1","max-image-preview":"max-image-preview:large","max-video-preview":"max-video-preview:-1"},"og_locale":"fr_FR","og_type":"article","og_title":"Cordon Tour de Cou Sidewinder Deluxe - 3 appeaux\u00a0! | Lucky Hunter","og_description":"Attachez jusqu'\u00e0 3 appeaux autour de votre cou gr\u00e2ce au nouveau cordon Sidewinder Deluxe de Rig'Em Right Waterfowl. Fabriqu\u00e9 en paracorde de haute qualit\u00e9 et de couleur assortie.","og_url":"https:\/\/staging.lucky-hunter.com\/fr\/product\/cordon-tour-de-cou-sidewinder-deluxe-rigem-right-waterfowl\/","og_site_name":"Lucky-Hunter","article_modified_time":"2025-06-26T13:55:55+00:00","og_image":[{"width":1000,"height":1000,"url":"https:\/\/staging.lucky-hunter.com\/wp-content\/uploads\/2019\/11\/LK-267.png","type":"image\/png"}],"twitter_card":"summary_large_image","twitter_title":"Cordon Tour de Cou Sidewinder Deluxe - 3 appeaux\u00a0! | Lucky Hunter","twitter_description":"Attachez jusqu'\u00e0 3 appeaux autour de votre cou gr\u00e2ce au nouveau cordon Sidewinder Deluxe de Rig'Em Right Waterfowl. Fabriqu\u00e9 en paracorde de haute qualit\u00e9 et de couleur assortie.","twitter_misc":{"Dur\u00e9e de lecture estim\u00e9e":"1 minute"},"schema":{"@context":"https:\/\/schema.org","@graph":[{"@type":"WebPage","@id":"https:\/\/staging.lucky-hunter.com\/fr\/product\/cordon-tour-de-cou-sidewinder-deluxe-rigem-right-waterfowl\/","url":"https:\/\/staging.lucky-hunter.com\/fr\/product\/cordon-tour-de-cou-sidewinder-deluxe-rigem-right-waterfowl\/","name":"Cordon Tour de Cou Sidewinder Deluxe - Rig'Em Right Waterfowl","isPartOf":{"@id":"https:\/\/staging.lucky-hunter.com\/#website"},"primaryImageOfPage":{"@id":"https:\/\/staging.lucky-hunter.com\/fr\/product\/cordon-tour-de-cou-sidewinder-deluxe-rigem-right-waterfowl\/#primaryimage"},"image":{"@id":"https:\/\/staging.lucky-hunter.com\/fr\/product\/cordon-tour-de-cou-sidewinder-deluxe-rigem-right-waterfowl\/#primaryimage"},"thumbnailUrl":"https:\/\/staging.lucky-hunter.com\/wp-content\/uploads\/2019\/11\/LK-267.png","datePublished":"2019-11-11T07:31:41+00:00","dateModified":"2025-06-26T13:55:55+00:00","description":"Attachez jusqu'\u00e0 3 appeaux autour de votre cou gr\u00e2ce au nouveau cordon Sidewinder Deluxe de Rig'Em Right Waterfowl.","breadcrumb":{"@id":"https:\/\/staging.lucky-hunter.com\/fr\/product\/cordon-tour-de-cou-sidewinder-deluxe-rigem-right-waterfowl\/#breadcrumb"},"inLanguage":"fr-FR","potentialAction":[{"@type":"ReadAction","target":["https:\/\/staging.lucky-hunter.com\/fr\/product\/cordon-tour-de-cou-sidewinder-deluxe-rigem-right-waterfowl\/"]}]},{"@type":"ImageObject","inLanguage":"fr-FR","@id":"https:\/\/staging.lucky-hunter.com\/fr\/product\/cordon-tour-de-cou-sidewinder-deluxe-rigem-right-waterfowl\/#primaryimage","url":"https:\/\/staging.lucky-hunter.com\/wp-content\/uploads\/2019\/11\/LK-267.png","contentUrl":"https:\/\/staging.lucky-hunter.com\/wp-content\/uploads\/2019\/11\/LK-267.png","width":1000,"height":1000},{"@type":"BreadcrumbList","@id":"https:\/\/staging.lucky-hunter.com\/fr\/product\/cordon-tour-de-cou-sidewinder-deluxe-rigem-right-waterfowl\/#breadcrumb","itemListElement":[{"@type":"ListItem","position":1,"name":"Home","item":"https:\/\/staging.lucky-hunter.com\/fr\/"},{"@type":"ListItem","position":2,"name":"Boutique","item":"https:\/\/staging.lucky-hunter.com\/fr\/shop\/"},{"@type":"ListItem","position":3,"name":"Cordon Tour de Cou Sidewinder Deluxe &#8211; Rig&#8217;Em Right Waterfowl"}]},{"@type":"WebSite","@id":"https:\/\/staging.lucky-hunter.com\/#website","url":"https:\/\/staging.lucky-hunter.com\/","name":"Lucky-Hunter","description":"Gear Up or Give Up","potentialAction":[{"@type":"SearchAction","target":{"@type":"EntryPoint","urlTemplate":"https:\/\/staging.lucky-hunter.com\/?s={search_term_string}"},"query-input":{"@type":"PropertyValueSpecification","valueRequired":true,"valueName":"search_term_string"}}],"inLanguage":"fr-FR"}]}},"_links":{"self":[{"href":"https:\/\/staging.lucky-hunter.com\/fr\/wp-json\/wp\/v2\/product\/55676"}],"collection":[{"href":"https:\/\/staging.lucky-hunter.com\/fr\/wp-json\/wp\/v2\/product"}],"about":[{"href":"https:\/\/staging.lucky-hunter.com\/fr\/wp-json\/wp\/v2\/types\/product"}],"wp:featuredmedia":[{"embeddable":true,"href":"https:\/\/staging.lucky-hunter.com\/fr\/wp-json\/wp\/v2\/media\/30545"}],"wp:attachment":[{"href":"https:\/\/staging.lucky-hunter.com\/fr\/wp-json\/wp\/v2\/media?parent=55676"}],"wp:term":[{"taxonomy":"product_brand","embeddable":true,"href":"https:\/\/staging.lucky-hunter.com\/fr\/wp-json\/wp\/v2\/product_brand?post=55676"},{"taxonomy":"product_cat","embeddable":true,"href":"https:\/\/staging.lucky-hunter.com\/fr\/wp-json\/wp\/v2\/product_cat?post=55676"},{"taxonomy":"product_tag","embeddable":true,"href":"https:\/\/staging.lucky-hunter.com\/fr\/wp-json\/wp\/v2\/product_tag?post=55676"}],"curies":[{"name":"wp","href":"https:\/\/api.w.org\/{rel}","templated":true}]}}