{"id":55675,"date":"2017-04-18T16:28:12","date_gmt":"2017-04-18T14:28:12","guid":{"rendered":"https:\/\/staging.lucky-hunter.com\/product\/rigem-right-low-rider-snow-cover\/"},"modified":"2025-07-01T13:59:26","modified_gmt":"2025-07-01T11:59:26","slug":"rigem-right-low-rider-snow-cover","status":"publish","type":"product","link":"https:\/\/staging.lucky-hunter.com\/fr\/product\/rigem-right-low-rider-snow-cover\/","title":{"rendered":"Camouflage Neige Low Rider 2 &#8211; Rig&#8217;Em Right"},"content":{"rendered":"<h2><strong>Camouflage Neige Rig&#8217;Em Right Low Rider &#8211; restez camoufl\u00e9 m\u00eame apr\u00e8s les premi\u00e8res neiges<\/strong><\/h2>\n<p>Restez cach\u00e9 dans votre aff\u00fbt couch\u00e9 m\u00eame lorsque la neige commence \u00e0 tomber. Il peut \u00eatre difficile de se camoufler correctement lorsque le sol est recouvert de neige. Contrairement aux mois les plus chauds, durant lesquels vous pouvez pr\u00e9lever des \u00e9l\u00e9ments de la v\u00e9g\u00e9tation environnante, les mois d\u2019hiver n\u2019offrent pas beaucoup d\u2019options pour se dissimuler.<\/p>\n<p>Le meilleur aff\u00fbt couch\u00e9 au monde m\u00e9rite le meilleur camouflage neige au monde. D\u00e9couvrez le Camouflage Neige Rig&#8217;Em Right\u2122 pour Aff\u00fbt Couch\u00e9 Low RiderI\u2122.<\/p>\n<p>Il ne deviendra pas bleu \u00e0 cause de la neige, il est \u00e9quip\u00e9 de nombreuses sangles \u00e0 v\u00e9g\u00e9tation pour vous aider \u00e0 vous cacher et il est con\u00e7u pour de longues utilisations durant de nombreuses ann\u00e9es.<\/p>\n<p>Il s\u2019enfile sur l\u2019aff\u00fbt et lui va comme un gant.<\/p>\n<p>Aff\u00fbt Couch\u00e9 Low Rider vendu s\u00e9par\u00e9ment.<\/p>\n","protected":false},"excerpt":{"rendered":"<p>Le meilleur aff\u00fbt couch\u00e9 au monde m\u00e9rite le meilleur camouflage neige au monde.<\/p>\n","protected":false},"featured_media":29413,"template":"","meta":[],"product_brand":[8127],"product_cat":[8164],"product_tag":[],"yoast_head":"<!-- This site is optimized with the Yoast SEO plugin v24.3 - https:\/\/yoast.com\/wordpress\/plugins\/seo\/ -->\n<title>Camouflage Neige Rig&#039;Em Right Low Rider| Lucky Hunter<\/title>\n<meta name=\"description\" content=\"Restez cach\u00e9 m\u00eame dans la neige. Le camouflage neige Rig&#039;Em Right Low Rider constitue le compl\u00e9ment id\u00e9al pour que votre aff\u00fbt couch\u00e9 Low Rider reste camoufl\u00e9 lorsqu\u2019il neige.\" \/>\n<meta name=\"robots\" content=\"noindex, follow, max-snippet:-1, max-image-preview:large, max-video-preview:-1\" \/>\n<meta property=\"og:locale\" content=\"fr_FR\" \/>\n<meta property=\"og:type\" content=\"article\" \/>\n<meta property=\"og:title\" content=\"Camouflage Neige Rig&#039;Em Right Low Rider| Lucky Hunter\" \/>\n<meta property=\"og:description\" content=\"Restez cach\u00e9 m\u00eame dans la neige. Le camouflage neige Rig&#039;Em Right Low Rider constitue le compl\u00e9ment id\u00e9al pour que votre aff\u00fbt couch\u00e9 Low Rider reste camoufl\u00e9 lorsqu\u2019il neige.\" \/>\n<meta property=\"og:url\" content=\"https:\/\/staging.lucky-hunter.com\/fr\/product\/rigem-right-low-rider-snow-cover\/\" \/>\n<meta property=\"og:site_name\" content=\"Lucky-Hunter\" \/>\n<meta property=\"article:modified_time\" content=\"2025-07-01T11:59:26+00:00\" \/>\n<meta property=\"og:image\" content=\"https:\/\/staging.lucky-hunter.com\/wp-content\/uploads\/2017\/04\/LS-205.png\" \/>\n\t<meta property=\"og:image:width\" content=\"1000\" \/>\n\t<meta property=\"og:image:height\" content=\"1000\" \/>\n\t<meta property=\"og:image:type\" content=\"image\/png\" \/>\n<meta name=\"twitter:card\" content=\"summary_large_image\" \/>\n<meta name=\"twitter:title\" content=\"Camouflage Neige Rig&#039;Em Right Low Rider| Lucky Hunter\" \/>\n<meta name=\"twitter:description\" content=\"Restez cach\u00e9 m\u00eame dans la neige. Le camouflage neige Rig&#039;Em Right Low Rider constitue le compl\u00e9ment id\u00e9al pour que votre aff\u00fbt couch\u00e9 Low Rider reste camoufl\u00e9 lorsqu\u2019il neige.\" \/>\n<meta name=\"twitter:label1\" content=\"Dur\u00e9e de lecture estim\u00e9e\" \/>\n\t<meta name=\"twitter:data1\" content=\"1 minute\" \/>\n<script type=\"application\/ld+json\" class=\"yoast-schema-graph\">{\"@context\":\"https:\/\/schema.org\",\"@graph\":[{\"@type\":\"WebPage\",\"@id\":\"https:\/\/staging.lucky-hunter.com\/fr\/product\/rigem-right-low-rider-snow-cover\/\",\"url\":\"https:\/\/staging.lucky-hunter.com\/fr\/product\/rigem-right-low-rider-snow-cover\/\",\"name\":\"Camouflage Neige Rig'Em Right Low Rider| Lucky Hunter\",\"isPartOf\":{\"@id\":\"https:\/\/staging.lucky-hunter.com\/#website\"},\"primaryImageOfPage\":{\"@id\":\"https:\/\/staging.lucky-hunter.com\/fr\/product\/rigem-right-low-rider-snow-cover\/#primaryimage\"},\"image\":{\"@id\":\"https:\/\/staging.lucky-hunter.com\/fr\/product\/rigem-right-low-rider-snow-cover\/#primaryimage\"},\"thumbnailUrl\":\"https:\/\/staging.lucky-hunter.com\/wp-content\/uploads\/2017\/04\/LS-205.png\",\"datePublished\":\"2017-04-18T14:28:12+00:00\",\"dateModified\":\"2025-07-01T11:59:26+00:00\",\"description\":\"Restez cach\u00e9 m\u00eame dans la neige. Le camouflage neige Rig'Em Right Low Rider constitue le compl\u00e9ment id\u00e9al pour que votre aff\u00fbt couch\u00e9 Low Rider reste camoufl\u00e9 lorsqu\u2019il neige.\",\"breadcrumb\":{\"@id\":\"https:\/\/staging.lucky-hunter.com\/fr\/product\/rigem-right-low-rider-snow-cover\/#breadcrumb\"},\"inLanguage\":\"fr-FR\",\"potentialAction\":[{\"@type\":\"ReadAction\",\"target\":[\"https:\/\/staging.lucky-hunter.com\/fr\/product\/rigem-right-low-rider-snow-cover\/\"]}]},{\"@type\":\"ImageObject\",\"inLanguage\":\"fr-FR\",\"@id\":\"https:\/\/staging.lucky-hunter.com\/fr\/product\/rigem-right-low-rider-snow-cover\/#primaryimage\",\"url\":\"https:\/\/staging.lucky-hunter.com\/wp-content\/uploads\/2017\/04\/LS-205.png\",\"contentUrl\":\"https:\/\/staging.lucky-hunter.com\/wp-content\/uploads\/2017\/04\/LS-205.png\",\"width\":1000,\"height\":1000,\"caption\":\"Rig'Em Right Low Rider III Snow Cover\"},{\"@type\":\"BreadcrumbList\",\"@id\":\"https:\/\/staging.lucky-hunter.com\/fr\/product\/rigem-right-low-rider-snow-cover\/#breadcrumb\",\"itemListElement\":[{\"@type\":\"ListItem\",\"position\":1,\"name\":\"Home\",\"item\":\"https:\/\/staging.lucky-hunter.com\/fr\/\"},{\"@type\":\"ListItem\",\"position\":2,\"name\":\"Boutique\",\"item\":\"https:\/\/staging.lucky-hunter.com\/fr\/shop\/\"},{\"@type\":\"ListItem\",\"position\":3,\"name\":\"Camouflage Neige Low Rider 2 &#8211; Rig&#8217;Em Right\"}]},{\"@type\":\"WebSite\",\"@id\":\"https:\/\/staging.lucky-hunter.com\/#website\",\"url\":\"https:\/\/staging.lucky-hunter.com\/\",\"name\":\"Lucky-Hunter\",\"description\":\"Gear Up or Give Up\",\"potentialAction\":[{\"@type\":\"SearchAction\",\"target\":{\"@type\":\"EntryPoint\",\"urlTemplate\":\"https:\/\/staging.lucky-hunter.com\/?s={search_term_string}\"},\"query-input\":{\"@type\":\"PropertyValueSpecification\",\"valueRequired\":true,\"valueName\":\"search_term_string\"}}],\"inLanguage\":\"fr-FR\"}]}<\/script>\n<!-- \/ Yoast SEO plugin. -->","yoast_head_json":{"title":"Camouflage Neige Rig'Em Right Low Rider| Lucky Hunter","description":"Restez cach\u00e9 m\u00eame dans la neige. Le camouflage neige Rig'Em Right Low Rider constitue le compl\u00e9ment id\u00e9al pour que votre aff\u00fbt couch\u00e9 Low Rider reste camoufl\u00e9 lorsqu\u2019il neige.","robots":{"index":"noindex","follow":"follow","max-snippet":"max-snippet:-1","max-image-preview":"max-image-preview:large","max-video-preview":"max-video-preview:-1"},"og_locale":"fr_FR","og_type":"article","og_title":"Camouflage Neige Rig'Em Right Low Rider| Lucky Hunter","og_description":"Restez cach\u00e9 m\u00eame dans la neige. Le camouflage neige Rig'Em Right Low Rider constitue le compl\u00e9ment id\u00e9al pour que votre aff\u00fbt couch\u00e9 Low Rider reste camoufl\u00e9 lorsqu\u2019il neige.","og_url":"https:\/\/staging.lucky-hunter.com\/fr\/product\/rigem-right-low-rider-snow-cover\/","og_site_name":"Lucky-Hunter","article_modified_time":"2025-07-01T11:59:26+00:00","og_image":[{"width":1000,"height":1000,"url":"https:\/\/staging.lucky-hunter.com\/wp-content\/uploads\/2017\/04\/LS-205.png","type":"image\/png"}],"twitter_card":"summary_large_image","twitter_title":"Camouflage Neige Rig'Em Right Low Rider| Lucky Hunter","twitter_description":"Restez cach\u00e9 m\u00eame dans la neige. Le camouflage neige Rig'Em Right Low Rider constitue le compl\u00e9ment id\u00e9al pour que votre aff\u00fbt couch\u00e9 Low Rider reste camoufl\u00e9 lorsqu\u2019il neige.","twitter_misc":{"Dur\u00e9e de lecture estim\u00e9e":"1 minute"},"schema":{"@context":"https:\/\/schema.org","@graph":[{"@type":"WebPage","@id":"https:\/\/staging.lucky-hunter.com\/fr\/product\/rigem-right-low-rider-snow-cover\/","url":"https:\/\/staging.lucky-hunter.com\/fr\/product\/rigem-right-low-rider-snow-cover\/","name":"Camouflage Neige Rig'Em Right Low Rider| Lucky Hunter","isPartOf":{"@id":"https:\/\/staging.lucky-hunter.com\/#website"},"primaryImageOfPage":{"@id":"https:\/\/staging.lucky-hunter.com\/fr\/product\/rigem-right-low-rider-snow-cover\/#primaryimage"},"image":{"@id":"https:\/\/staging.lucky-hunter.com\/fr\/product\/rigem-right-low-rider-snow-cover\/#primaryimage"},"thumbnailUrl":"https:\/\/staging.lucky-hunter.com\/wp-content\/uploads\/2017\/04\/LS-205.png","datePublished":"2017-04-18T14:28:12+00:00","dateModified":"2025-07-01T11:59:26+00:00","description":"Restez cach\u00e9 m\u00eame dans la neige. Le camouflage neige Rig'Em Right Low Rider constitue le compl\u00e9ment id\u00e9al pour que votre aff\u00fbt couch\u00e9 Low Rider reste camoufl\u00e9 lorsqu\u2019il neige.","breadcrumb":{"@id":"https:\/\/staging.lucky-hunter.com\/fr\/product\/rigem-right-low-rider-snow-cover\/#breadcrumb"},"inLanguage":"fr-FR","potentialAction":[{"@type":"ReadAction","target":["https:\/\/staging.lucky-hunter.com\/fr\/product\/rigem-right-low-rider-snow-cover\/"]}]},{"@type":"ImageObject","inLanguage":"fr-FR","@id":"https:\/\/staging.lucky-hunter.com\/fr\/product\/rigem-right-low-rider-snow-cover\/#primaryimage","url":"https:\/\/staging.lucky-hunter.com\/wp-content\/uploads\/2017\/04\/LS-205.png","contentUrl":"https:\/\/staging.lucky-hunter.com\/wp-content\/uploads\/2017\/04\/LS-205.png","width":1000,"height":1000,"caption":"Rig'Em Right Low Rider III Snow Cover"},{"@type":"BreadcrumbList","@id":"https:\/\/staging.lucky-hunter.com\/fr\/product\/rigem-right-low-rider-snow-cover\/#breadcrumb","itemListElement":[{"@type":"ListItem","position":1,"name":"Home","item":"https:\/\/staging.lucky-hunter.com\/fr\/"},{"@type":"ListItem","position":2,"name":"Boutique","item":"https:\/\/staging.lucky-hunter.com\/fr\/shop\/"},{"@type":"ListItem","position":3,"name":"Camouflage Neige Low Rider 2 &#8211; Rig&#8217;Em Right"}]},{"@type":"WebSite","@id":"https:\/\/staging.lucky-hunter.com\/#website","url":"https:\/\/staging.lucky-hunter.com\/","name":"Lucky-Hunter","description":"Gear Up or Give Up","potentialAction":[{"@type":"SearchAction","target":{"@type":"EntryPoint","urlTemplate":"https:\/\/staging.lucky-hunter.com\/?s={search_term_string}"},"query-input":{"@type":"PropertyValueSpecification","valueRequired":true,"valueName":"search_term_string"}}],"inLanguage":"fr-FR"}]}},"_links":{"self":[{"href":"https:\/\/staging.lucky-hunter.com\/fr\/wp-json\/wp\/v2\/product\/55675"}],"collection":[{"href":"https:\/\/staging.lucky-hunter.com\/fr\/wp-json\/wp\/v2\/product"}],"about":[{"href":"https:\/\/staging.lucky-hunter.com\/fr\/wp-json\/wp\/v2\/types\/product"}],"wp:featuredmedia":[{"embeddable":true,"href":"https:\/\/staging.lucky-hunter.com\/fr\/wp-json\/wp\/v2\/media\/29413"}],"wp:attachment":[{"href":"https:\/\/staging.lucky-hunter.com\/fr\/wp-json\/wp\/v2\/media?parent=55675"}],"wp:term":[{"taxonomy":"product_brand","embeddable":true,"href":"https:\/\/staging.lucky-hunter.com\/fr\/wp-json\/wp\/v2\/product_brand?post=55675"},{"taxonomy":"product_cat","embeddable":true,"href":"https:\/\/staging.lucky-hunter.com\/fr\/wp-json\/wp\/v2\/product_cat?post=55675"},{"taxonomy":"product_tag","embeddable":true,"href":"https:\/\/staging.lucky-hunter.com\/fr\/wp-json\/wp\/v2\/product_tag?post=55675"}],"curies":[{"name":"wp","href":"https:\/\/api.w.org\/{rel}","templated":true}]}}