{"id":55673,"date":"2021-05-16T15:57:49","date_gmt":"2021-05-16T13:57:49","guid":{"rendered":"https:\/\/staging.lucky-hunter.com\/product\/rigem-right-decoy-cord-crimps-24-pack\/"},"modified":"2025-06-26T13:54:40","modified_gmt":"2025-06-26T11:54:40","slug":"sertissages-de-cordes-dattelage-rigem-right-pack-de-24","status":"publish","type":"product","link":"https:\/\/staging.lucky-hunter.com\/fr\/product\/sertissages-de-cordes-dattelage-rigem-right-pack-de-24\/","title":{"rendered":"Sertissages de Cordes d\u2019Attelage &#8211; Rig\u00b4Em Right pack de 24"},"content":{"rendered":"<h2><strong>Accessoires pour atteler vos formes \u00e0 la fa\u00e7on Texas Rig<\/strong><\/h2>\n<p>Utilisez ces sertissages de cordes Rig&#8217;Em Right pour atteler vos formes comme vous le souhaitez.<\/p>\n<p>Dimensionn\u00e9s pour les cordes d\u2019attelage standard en PVC, ces sertissages peuvent \u00eatre install\u00e9s \u00e0 l\u2019aide d\u2019une pince classique et vous permettent de choisir la longueur de la ligne ainsi que le poids.<\/p>\n<p><strong>Caract\u00e9ristiques\u00a0:<\/strong><\/p>\n<ul>\n<li>Pack de 24 sertissages<\/li>\n<li>Fabriqu\u00e9s en aluminium anodis\u00e9 noir<\/li>\n<\/ul>\n<p><iframe title=\"DIY Rigging Kit For Your Decoys\" width=\"1020\" height=\"574\" src=\"https:\/\/www.youtube.com\/embed\/qAGZcPUakp8?wmode=transparent&amp;rel=0&amp;feature=oembed&#038;enablejsapi=1&#038;origin=https:\/\/staging.lucky-hunter.com\" frameborder=\"0\" allow=\"accelerometer; autoplay; clipboard-write; encrypted-media; gyroscope; picture-in-picture; web-share\" referrerpolicy=\"strict-origin-when-cross-origin\" allowfullscreen><\/iframe><\/p>\n","protected":false},"excerpt":{"rendered":"<p>Utilisez ces sertissages de cordes Rig&#8217;Em Right pour atteler vos formes comme vous le souhaitez. Dimensionn\u00e9s pour les cordes d\u2019attelage standard en PVC<\/p>\n","protected":false},"featured_media":30266,"template":"","meta":[],"product_brand":[8127],"product_cat":[8165],"product_tag":[9235],"yoast_head":"<!-- This site is optimized with the Yoast SEO plugin v24.3 - https:\/\/yoast.com\/wordpress\/plugins\/seo\/ -->\n<title>Sertissages de Cordes d\u2019Attelage - Rig\u00b4Em Right pack de 24<\/title>\n<meta name=\"description\" content=\"Utilisez ces sertissages de cordes Rig&#039;Em Right pour atteler vos formes comme vous le souhaitez. Dimensionn\u00e9s pour les cordes d\u2019attelage standard en PVC\" \/>\n<meta name=\"robots\" content=\"noindex, follow, max-snippet:-1, max-image-preview:large, max-video-preview:-1\" \/>\n<meta property=\"og:locale\" content=\"fr_FR\" \/>\n<meta property=\"og:type\" content=\"article\" \/>\n<meta property=\"og:title\" content=\"Sertissages de Cordes d\u2019Attelage - Rig\u00b4Em Right pack de 24\" \/>\n<meta property=\"og:description\" content=\"Utilisez ces sertissages de cordes Rig&#039;Em Right pour atteler vos formes comme vous le souhaitez. Dimensionn\u00e9s pour les cordes d\u2019attelage standard en PVC\" \/>\n<meta property=\"og:url\" content=\"https:\/\/staging.lucky-hunter.com\/fr\/product\/sertissages-de-cordes-dattelage-rigem-right-pack-de-24\/\" \/>\n<meta property=\"og:site_name\" content=\"Lucky-Hunter\" \/>\n<meta property=\"article:modified_time\" content=\"2025-06-26T11:54:40+00:00\" \/>\n<meta property=\"og:image\" content=\"https:\/\/staging.lucky-hunter.com\/wp-content\/uploads\/2021\/05\/LF-428.png\" \/>\n\t<meta property=\"og:image:width\" content=\"1000\" \/>\n\t<meta property=\"og:image:height\" content=\"1000\" \/>\n\t<meta property=\"og:image:type\" content=\"image\/png\" \/>\n<meta name=\"twitter:card\" content=\"summary_large_image\" \/>\n<meta name=\"twitter:label1\" content=\"Dur\u00e9e de lecture estim\u00e9e\" \/>\n\t<meta name=\"twitter:data1\" content=\"1 minute\" \/>\n<script type=\"application\/ld+json\" class=\"yoast-schema-graph\">{\"@context\":\"https:\/\/schema.org\",\"@graph\":[{\"@type\":\"WebPage\",\"@id\":\"https:\/\/staging.lucky-hunter.com\/fr\/product\/sertissages-de-cordes-dattelage-rigem-right-pack-de-24\/\",\"url\":\"https:\/\/staging.lucky-hunter.com\/fr\/product\/sertissages-de-cordes-dattelage-rigem-right-pack-de-24\/\",\"name\":\"Sertissages de Cordes d\u2019Attelage - Rig\u00b4Em Right pack de 24\",\"isPartOf\":{\"@id\":\"https:\/\/staging.lucky-hunter.com\/#website\"},\"primaryImageOfPage\":{\"@id\":\"https:\/\/staging.lucky-hunter.com\/fr\/product\/sertissages-de-cordes-dattelage-rigem-right-pack-de-24\/#primaryimage\"},\"image\":{\"@id\":\"https:\/\/staging.lucky-hunter.com\/fr\/product\/sertissages-de-cordes-dattelage-rigem-right-pack-de-24\/#primaryimage\"},\"thumbnailUrl\":\"https:\/\/staging.lucky-hunter.com\/wp-content\/uploads\/2021\/05\/LF-428.png\",\"datePublished\":\"2021-05-16T13:57:49+00:00\",\"dateModified\":\"2025-06-26T11:54:40+00:00\",\"description\":\"Utilisez ces sertissages de cordes Rig'Em Right pour atteler vos formes comme vous le souhaitez. Dimensionn\u00e9s pour les cordes d\u2019attelage standard en PVC\",\"breadcrumb\":{\"@id\":\"https:\/\/staging.lucky-hunter.com\/fr\/product\/sertissages-de-cordes-dattelage-rigem-right-pack-de-24\/#breadcrumb\"},\"inLanguage\":\"fr-FR\",\"potentialAction\":[{\"@type\":\"ReadAction\",\"target\":[\"https:\/\/staging.lucky-hunter.com\/fr\/product\/sertissages-de-cordes-dattelage-rigem-right-pack-de-24\/\"]}]},{\"@type\":\"ImageObject\",\"inLanguage\":\"fr-FR\",\"@id\":\"https:\/\/staging.lucky-hunter.com\/fr\/product\/sertissages-de-cordes-dattelage-rigem-right-pack-de-24\/#primaryimage\",\"url\":\"https:\/\/staging.lucky-hunter.com\/wp-content\/uploads\/2021\/05\/LF-428.png\",\"contentUrl\":\"https:\/\/staging.lucky-hunter.com\/wp-content\/uploads\/2021\/05\/LF-428.png\",\"width\":1000,\"height\":1000},{\"@type\":\"BreadcrumbList\",\"@id\":\"https:\/\/staging.lucky-hunter.com\/fr\/product\/sertissages-de-cordes-dattelage-rigem-right-pack-de-24\/#breadcrumb\",\"itemListElement\":[{\"@type\":\"ListItem\",\"position\":1,\"name\":\"Home\",\"item\":\"https:\/\/staging.lucky-hunter.com\/fr\/\"},{\"@type\":\"ListItem\",\"position\":2,\"name\":\"Boutique\",\"item\":\"https:\/\/staging.lucky-hunter.com\/fr\/shop\/\"},{\"@type\":\"ListItem\",\"position\":3,\"name\":\"Sertissages de Cordes d\u2019Attelage &#8211; Rig\u00b4Em Right pack de 24\"}]},{\"@type\":\"WebSite\",\"@id\":\"https:\/\/staging.lucky-hunter.com\/#website\",\"url\":\"https:\/\/staging.lucky-hunter.com\/\",\"name\":\"Lucky-Hunter\",\"description\":\"Gear Up or Give Up\",\"potentialAction\":[{\"@type\":\"SearchAction\",\"target\":{\"@type\":\"EntryPoint\",\"urlTemplate\":\"https:\/\/staging.lucky-hunter.com\/?s={search_term_string}\"},\"query-input\":{\"@type\":\"PropertyValueSpecification\",\"valueRequired\":true,\"valueName\":\"search_term_string\"}}],\"inLanguage\":\"fr-FR\"}]}<\/script>\n<!-- \/ Yoast SEO plugin. -->","yoast_head_json":{"title":"Sertissages de Cordes d\u2019Attelage - Rig\u00b4Em Right pack de 24","description":"Utilisez ces sertissages de cordes Rig'Em Right pour atteler vos formes comme vous le souhaitez. Dimensionn\u00e9s pour les cordes d\u2019attelage standard en PVC","robots":{"index":"noindex","follow":"follow","max-snippet":"max-snippet:-1","max-image-preview":"max-image-preview:large","max-video-preview":"max-video-preview:-1"},"og_locale":"fr_FR","og_type":"article","og_title":"Sertissages de Cordes d\u2019Attelage - Rig\u00b4Em Right pack de 24","og_description":"Utilisez ces sertissages de cordes Rig'Em Right pour atteler vos formes comme vous le souhaitez. Dimensionn\u00e9s pour les cordes d\u2019attelage standard en PVC","og_url":"https:\/\/staging.lucky-hunter.com\/fr\/product\/sertissages-de-cordes-dattelage-rigem-right-pack-de-24\/","og_site_name":"Lucky-Hunter","article_modified_time":"2025-06-26T11:54:40+00:00","og_image":[{"width":1000,"height":1000,"url":"https:\/\/staging.lucky-hunter.com\/wp-content\/uploads\/2021\/05\/LF-428.png","type":"image\/png"}],"twitter_card":"summary_large_image","twitter_misc":{"Dur\u00e9e de lecture estim\u00e9e":"1 minute"},"schema":{"@context":"https:\/\/schema.org","@graph":[{"@type":"WebPage","@id":"https:\/\/staging.lucky-hunter.com\/fr\/product\/sertissages-de-cordes-dattelage-rigem-right-pack-de-24\/","url":"https:\/\/staging.lucky-hunter.com\/fr\/product\/sertissages-de-cordes-dattelage-rigem-right-pack-de-24\/","name":"Sertissages de Cordes d\u2019Attelage - Rig\u00b4Em Right pack de 24","isPartOf":{"@id":"https:\/\/staging.lucky-hunter.com\/#website"},"primaryImageOfPage":{"@id":"https:\/\/staging.lucky-hunter.com\/fr\/product\/sertissages-de-cordes-dattelage-rigem-right-pack-de-24\/#primaryimage"},"image":{"@id":"https:\/\/staging.lucky-hunter.com\/fr\/product\/sertissages-de-cordes-dattelage-rigem-right-pack-de-24\/#primaryimage"},"thumbnailUrl":"https:\/\/staging.lucky-hunter.com\/wp-content\/uploads\/2021\/05\/LF-428.png","datePublished":"2021-05-16T13:57:49+00:00","dateModified":"2025-06-26T11:54:40+00:00","description":"Utilisez ces sertissages de cordes Rig'Em Right pour atteler vos formes comme vous le souhaitez. Dimensionn\u00e9s pour les cordes d\u2019attelage standard en PVC","breadcrumb":{"@id":"https:\/\/staging.lucky-hunter.com\/fr\/product\/sertissages-de-cordes-dattelage-rigem-right-pack-de-24\/#breadcrumb"},"inLanguage":"fr-FR","potentialAction":[{"@type":"ReadAction","target":["https:\/\/staging.lucky-hunter.com\/fr\/product\/sertissages-de-cordes-dattelage-rigem-right-pack-de-24\/"]}]},{"@type":"ImageObject","inLanguage":"fr-FR","@id":"https:\/\/staging.lucky-hunter.com\/fr\/product\/sertissages-de-cordes-dattelage-rigem-right-pack-de-24\/#primaryimage","url":"https:\/\/staging.lucky-hunter.com\/wp-content\/uploads\/2021\/05\/LF-428.png","contentUrl":"https:\/\/staging.lucky-hunter.com\/wp-content\/uploads\/2021\/05\/LF-428.png","width":1000,"height":1000},{"@type":"BreadcrumbList","@id":"https:\/\/staging.lucky-hunter.com\/fr\/product\/sertissages-de-cordes-dattelage-rigem-right-pack-de-24\/#breadcrumb","itemListElement":[{"@type":"ListItem","position":1,"name":"Home","item":"https:\/\/staging.lucky-hunter.com\/fr\/"},{"@type":"ListItem","position":2,"name":"Boutique","item":"https:\/\/staging.lucky-hunter.com\/fr\/shop\/"},{"@type":"ListItem","position":3,"name":"Sertissages de Cordes d\u2019Attelage &#8211; Rig\u00b4Em Right pack de 24"}]},{"@type":"WebSite","@id":"https:\/\/staging.lucky-hunter.com\/#website","url":"https:\/\/staging.lucky-hunter.com\/","name":"Lucky-Hunter","description":"Gear Up or Give Up","potentialAction":[{"@type":"SearchAction","target":{"@type":"EntryPoint","urlTemplate":"https:\/\/staging.lucky-hunter.com\/?s={search_term_string}"},"query-input":{"@type":"PropertyValueSpecification","valueRequired":true,"valueName":"search_term_string"}}],"inLanguage":"fr-FR"}]}},"_links":{"self":[{"href":"https:\/\/staging.lucky-hunter.com\/fr\/wp-json\/wp\/v2\/product\/55673"}],"collection":[{"href":"https:\/\/staging.lucky-hunter.com\/fr\/wp-json\/wp\/v2\/product"}],"about":[{"href":"https:\/\/staging.lucky-hunter.com\/fr\/wp-json\/wp\/v2\/types\/product"}],"wp:featuredmedia":[{"embeddable":true,"href":"https:\/\/staging.lucky-hunter.com\/fr\/wp-json\/wp\/v2\/media\/30266"}],"wp:attachment":[{"href":"https:\/\/staging.lucky-hunter.com\/fr\/wp-json\/wp\/v2\/media?parent=55673"}],"wp:term":[{"taxonomy":"product_brand","embeddable":true,"href":"https:\/\/staging.lucky-hunter.com\/fr\/wp-json\/wp\/v2\/product_brand?post=55673"},{"taxonomy":"product_cat","embeddable":true,"href":"https:\/\/staging.lucky-hunter.com\/fr\/wp-json\/wp\/v2\/product_cat?post=55673"},{"taxonomy":"product_tag","embeddable":true,"href":"https:\/\/staging.lucky-hunter.com\/fr\/wp-json\/wp\/v2\/product_tag?post=55673"}],"curies":[{"name":"wp","href":"https:\/\/api.w.org\/{rel}","templated":true}]}}