{"id":55653,"date":"2021-12-07T11:56:00","date_gmt":"2021-12-07T10:56:00","guid":{"rendered":"https:\/\/staging.lucky-hunter.com\/product\/fosco-spray-army-paint-400-ml\/"},"modified":"2025-06-24T15:16:55","modified_gmt":"2025-06-24T13:16:55","slug":"peinture-militaire-ultra-mat-en-aerosol-fosco-400-ml","status":"publish","type":"product","link":"https:\/\/staging.lucky-hunter.com\/fr\/product\/peinture-militaire-ultra-mat-en-aerosol-fosco-400-ml\/","title":{"rendered":"Peinture Militaire en A\u00e9rosol Fosco &#8211; 400 ml"},"content":{"rendered":"<h2><strong>Peinture en a\u00e9rosol Fosco pour le camouflage du mat\u00e9riel de chasse<\/strong><\/h2>\n<p>La meilleure peinture en a\u00e9rosol sur le march\u00e9 par le fabricant am\u00e9ricain Fosco Industries.<\/p>\n<p>Sp\u00e9cialement con\u00e7us pour cr\u00e9er des motifs de camouflage tr\u00e8s r\u00e9alistes sur votre \u00e9quipement de chasse, ces a\u00e9rosols sont particuli\u00e8rement adapt\u00e9s pour \u00eatre utilis\u00e9s conjointement avec nos mod\u00e8les de pochoirs.<\/p>\n<p>Vous pouvez, par exemple, les essayer sur les aff\u00fbts de chasse, les \u00e9chelles, les bidons d&#8217;agrainage, les arcs, les fusils, les textiles, les v\u00e9hicules tout terrain, les miradors, les bateaux de chasse, les voitures, etc.<\/p>\n<p>Choisissez parmi de nombreuses couleurs.<\/p>\n<p><strong>Caract\u00e9ristiques\u00a0:<\/strong><\/p>\n<ul>\n<li>Base : Peinture alkyde<\/li>\n<li>Teneur en COV\u00a0: Environ 83\u00a0%<\/li>\n<li>Contenu solide : Environ 17\u00a0%<\/li>\n<li>Brillance : &lt;5 UB \u00e0 un angle de 60\u00b0<\/li>\n<li>Hors poussi\u00e8re : 10 \u00e0 20 minutes<\/li>\n<li>S\u00e8che\u00a0: Env. 45 minutes<\/li>\n<li>Durcie \/ recouvrable : Apr\u00e8s 16 heures<\/li>\n<li>R\u00e9sistance \u00e0 la chaleur : jusqu&#8217;\u00e0 110\u00b0C<\/li>\n<\/ul>\n<p>Contenu : 400 ml.<\/p>\n","protected":false},"excerpt":{"rendered":"<p>La meilleure peinture en a\u00e9rosol sur le march\u00e9 par le fabricant am\u00e9ricain Fosco Industries. Parfaite pour camoufler le mat\u00e9riel de chasse.<\/p>\n","protected":false},"featured_media":29152,"template":"","meta":[],"product_brand":[8212],"product_cat":[8164],"product_tag":[],"yoast_head":"<!-- This site is optimized with the Yoast SEO plugin v24.3 - https:\/\/yoast.com\/wordpress\/plugins\/seo\/ -->\n<title>Peinture Militaire Ultra Mat en A\u00e9rosol Fosco - 400 ml<\/title>\n<meta name=\"description\" content=\"La meilleure peinture en a\u00e9rosol sur le march\u00e9 par le fabricant am\u00e9ricain Fosco Industries. Parfaite pour camoufler le mat\u00e9riel de chasse.\" \/>\n<meta name=\"robots\" content=\"noindex, follow, max-snippet:-1, max-image-preview:large, max-video-preview:-1\" \/>\n<meta property=\"og:locale\" content=\"fr_FR\" \/>\n<meta property=\"og:type\" content=\"article\" \/>\n<meta property=\"og:title\" content=\"Peinture Militaire Ultra Mat en A\u00e9rosol Fosco - 400 ml\" \/>\n<meta property=\"og:description\" content=\"La meilleure peinture en a\u00e9rosol sur le march\u00e9 par le fabricant am\u00e9ricain Fosco Industries. Parfaite pour camoufler le mat\u00e9riel de chasse.\" \/>\n<meta property=\"og:url\" content=\"https:\/\/staging.lucky-hunter.com\/product\/fosco-spray-army-paint-400-ml\/\" \/>\n<meta property=\"og:site_name\" content=\"Lucky-Hunter\" \/>\n<meta property=\"article:modified_time\" content=\"2025-06-24T13:16:55+00:00\" \/>\n<meta property=\"og:image\" content=\"https:\/\/staging.lucky-hunter.com\/wp-content\/uploads\/2017\/06\/SM-10-90-Maling.png\" \/>\n\t<meta property=\"og:image:width\" content=\"1000\" \/>\n\t<meta property=\"og:image:height\" content=\"1000\" \/>\n\t<meta property=\"og:image:type\" content=\"image\/png\" \/>\n<meta name=\"twitter:card\" content=\"summary_large_image\" \/>\n<meta name=\"twitter:label1\" content=\"Dur\u00e9e de lecture estim\u00e9e\" \/>\n\t<meta name=\"twitter:data1\" content=\"1 minute\" \/>\n<script type=\"application\/ld+json\" class=\"yoast-schema-graph\">{\"@context\":\"https:\/\/schema.org\",\"@graph\":[{\"@type\":\"WebPage\",\"@id\":\"https:\/\/staging.lucky-hunter.com\/product\/fosco-spray-army-paint-400-ml\/\",\"url\":\"https:\/\/staging.lucky-hunter.com\/product\/fosco-spray-army-paint-400-ml\/\",\"name\":\"Peinture Militaire Ultra Mat en A\u00e9rosol Fosco - 400 ml\",\"isPartOf\":{\"@id\":\"https:\/\/staging.lucky-hunter.com\/#website\"},\"primaryImageOfPage\":{\"@id\":\"https:\/\/staging.lucky-hunter.com\/product\/fosco-spray-army-paint-400-ml\/#primaryimage\"},\"image\":{\"@id\":\"https:\/\/staging.lucky-hunter.com\/product\/fosco-spray-army-paint-400-ml\/#primaryimage\"},\"thumbnailUrl\":\"https:\/\/staging.lucky-hunter.com\/wp-content\/uploads\/2017\/06\/SM-10-90-Maling.png\",\"datePublished\":\"2021-12-07T10:56:00+00:00\",\"dateModified\":\"2025-06-24T13:16:55+00:00\",\"description\":\"La meilleure peinture en a\u00e9rosol sur le march\u00e9 par le fabricant am\u00e9ricain Fosco Industries. Parfaite pour camoufler le mat\u00e9riel de chasse.\",\"breadcrumb\":{\"@id\":\"https:\/\/staging.lucky-hunter.com\/product\/fosco-spray-army-paint-400-ml\/#breadcrumb\"},\"inLanguage\":\"fr-FR\",\"potentialAction\":[{\"@type\":\"ReadAction\",\"target\":[\"https:\/\/staging.lucky-hunter.com\/product\/fosco-spray-army-paint-400-ml\/\"]}]},{\"@type\":\"ImageObject\",\"inLanguage\":\"fr-FR\",\"@id\":\"https:\/\/staging.lucky-hunter.com\/product\/fosco-spray-army-paint-400-ml\/#primaryimage\",\"url\":\"https:\/\/staging.lucky-hunter.com\/wp-content\/uploads\/2017\/06\/SM-10-90-Maling.png\",\"contentUrl\":\"https:\/\/staging.lucky-hunter.com\/wp-content\/uploads\/2017\/06\/SM-10-90-Maling.png\",\"width\":1000,\"height\":1000},{\"@type\":\"BreadcrumbList\",\"@id\":\"https:\/\/staging.lucky-hunter.com\/product\/fosco-spray-army-paint-400-ml\/#breadcrumb\",\"itemListElement\":[{\"@type\":\"ListItem\",\"position\":1,\"name\":\"Home\",\"item\":\"https:\/\/staging.lucky-hunter.com\/fr\/\"},{\"@type\":\"ListItem\",\"position\":2,\"name\":\"Boutique\",\"item\":\"https:\/\/staging.lucky-hunter.com\/fr\/shop\/\"},{\"@type\":\"ListItem\",\"position\":3,\"name\":\"Peinture Militaire en A\u00e9rosol Fosco &#8211; 400 ml\"}]},{\"@type\":\"WebSite\",\"@id\":\"https:\/\/staging.lucky-hunter.com\/#website\",\"url\":\"https:\/\/staging.lucky-hunter.com\/\",\"name\":\"Lucky-Hunter\",\"description\":\"Gear Up or Give Up\",\"potentialAction\":[{\"@type\":\"SearchAction\",\"target\":{\"@type\":\"EntryPoint\",\"urlTemplate\":\"https:\/\/staging.lucky-hunter.com\/?s={search_term_string}\"},\"query-input\":{\"@type\":\"PropertyValueSpecification\",\"valueRequired\":true,\"valueName\":\"search_term_string\"}}],\"inLanguage\":\"fr-FR\"}]}<\/script>\n<!-- \/ Yoast SEO plugin. -->","yoast_head_json":{"title":"Peinture Militaire Ultra Mat en A\u00e9rosol Fosco - 400 ml","description":"La meilleure peinture en a\u00e9rosol sur le march\u00e9 par le fabricant am\u00e9ricain Fosco Industries. Parfaite pour camoufler le mat\u00e9riel de chasse.","robots":{"index":"noindex","follow":"follow","max-snippet":"max-snippet:-1","max-image-preview":"max-image-preview:large","max-video-preview":"max-video-preview:-1"},"og_locale":"fr_FR","og_type":"article","og_title":"Peinture Militaire Ultra Mat en A\u00e9rosol Fosco - 400 ml","og_description":"La meilleure peinture en a\u00e9rosol sur le march\u00e9 par le fabricant am\u00e9ricain Fosco Industries. Parfaite pour camoufler le mat\u00e9riel de chasse.","og_url":"https:\/\/staging.lucky-hunter.com\/product\/fosco-spray-army-paint-400-ml\/","og_site_name":"Lucky-Hunter","article_modified_time":"2025-06-24T13:16:55+00:00","og_image":[{"width":1000,"height":1000,"url":"https:\/\/staging.lucky-hunter.com\/wp-content\/uploads\/2017\/06\/SM-10-90-Maling.png","type":"image\/png"}],"twitter_card":"summary_large_image","twitter_misc":{"Dur\u00e9e de lecture estim\u00e9e":"1 minute"},"schema":{"@context":"https:\/\/schema.org","@graph":[{"@type":"WebPage","@id":"https:\/\/staging.lucky-hunter.com\/product\/fosco-spray-army-paint-400-ml\/","url":"https:\/\/staging.lucky-hunter.com\/product\/fosco-spray-army-paint-400-ml\/","name":"Peinture Militaire Ultra Mat en A\u00e9rosol Fosco - 400 ml","isPartOf":{"@id":"https:\/\/staging.lucky-hunter.com\/#website"},"primaryImageOfPage":{"@id":"https:\/\/staging.lucky-hunter.com\/product\/fosco-spray-army-paint-400-ml\/#primaryimage"},"image":{"@id":"https:\/\/staging.lucky-hunter.com\/product\/fosco-spray-army-paint-400-ml\/#primaryimage"},"thumbnailUrl":"https:\/\/staging.lucky-hunter.com\/wp-content\/uploads\/2017\/06\/SM-10-90-Maling.png","datePublished":"2021-12-07T10:56:00+00:00","dateModified":"2025-06-24T13:16:55+00:00","description":"La meilleure peinture en a\u00e9rosol sur le march\u00e9 par le fabricant am\u00e9ricain Fosco Industries. Parfaite pour camoufler le mat\u00e9riel de chasse.","breadcrumb":{"@id":"https:\/\/staging.lucky-hunter.com\/product\/fosco-spray-army-paint-400-ml\/#breadcrumb"},"inLanguage":"fr-FR","potentialAction":[{"@type":"ReadAction","target":["https:\/\/staging.lucky-hunter.com\/product\/fosco-spray-army-paint-400-ml\/"]}]},{"@type":"ImageObject","inLanguage":"fr-FR","@id":"https:\/\/staging.lucky-hunter.com\/product\/fosco-spray-army-paint-400-ml\/#primaryimage","url":"https:\/\/staging.lucky-hunter.com\/wp-content\/uploads\/2017\/06\/SM-10-90-Maling.png","contentUrl":"https:\/\/staging.lucky-hunter.com\/wp-content\/uploads\/2017\/06\/SM-10-90-Maling.png","width":1000,"height":1000},{"@type":"BreadcrumbList","@id":"https:\/\/staging.lucky-hunter.com\/product\/fosco-spray-army-paint-400-ml\/#breadcrumb","itemListElement":[{"@type":"ListItem","position":1,"name":"Home","item":"https:\/\/staging.lucky-hunter.com\/fr\/"},{"@type":"ListItem","position":2,"name":"Boutique","item":"https:\/\/staging.lucky-hunter.com\/fr\/shop\/"},{"@type":"ListItem","position":3,"name":"Peinture Militaire en A\u00e9rosol Fosco &#8211; 400 ml"}]},{"@type":"WebSite","@id":"https:\/\/staging.lucky-hunter.com\/#website","url":"https:\/\/staging.lucky-hunter.com\/","name":"Lucky-Hunter","description":"Gear Up or Give Up","potentialAction":[{"@type":"SearchAction","target":{"@type":"EntryPoint","urlTemplate":"https:\/\/staging.lucky-hunter.com\/?s={search_term_string}"},"query-input":{"@type":"PropertyValueSpecification","valueRequired":true,"valueName":"search_term_string"}}],"inLanguage":"fr-FR"}]}},"_links":{"self":[{"href":"https:\/\/staging.lucky-hunter.com\/fr\/wp-json\/wp\/v2\/product\/55653"}],"collection":[{"href":"https:\/\/staging.lucky-hunter.com\/fr\/wp-json\/wp\/v2\/product"}],"about":[{"href":"https:\/\/staging.lucky-hunter.com\/fr\/wp-json\/wp\/v2\/types\/product"}],"wp:featuredmedia":[{"embeddable":true,"href":"https:\/\/staging.lucky-hunter.com\/fr\/wp-json\/wp\/v2\/media\/29152"}],"wp:attachment":[{"href":"https:\/\/staging.lucky-hunter.com\/fr\/wp-json\/wp\/v2\/media?parent=55653"}],"wp:term":[{"taxonomy":"product_brand","embeddable":true,"href":"https:\/\/staging.lucky-hunter.com\/fr\/wp-json\/wp\/v2\/product_brand?post=55653"},{"taxonomy":"product_cat","embeddable":true,"href":"https:\/\/staging.lucky-hunter.com\/fr\/wp-json\/wp\/v2\/product_cat?post=55653"},{"taxonomy":"product_tag","embeddable":true,"href":"https:\/\/staging.lucky-hunter.com\/fr\/wp-json\/wp\/v2\/product_tag?post=55653"}],"curies":[{"name":"wp","href":"https:\/\/api.w.org\/{rel}","templated":true}]}}