{"id":55650,"date":"2022-07-19T16:00:35","date_gmt":"2022-07-19T14:00:35","guid":{"rendered":"https:\/\/staging.lucky-hunter.com\/product\/banded-tec-fleece-glove-max7\/"},"modified":"2023-03-14T15:32:55","modified_gmt":"2023-03-14T14:32:55","slug":"banded-tec-fleece-glove-max7","status":"publish","type":"product","link":"https:\/\/staging.lucky-hunter.com\/fr\/product\/banded-tec-fleece-glove-max7\/","title":{"rendered":"Gants en Polaire TEC Banded &#8211; Max7"},"content":{"rendered":"<p>Un gant l\u00e9ger qui vous prot\u00e8ge du froid tout en \u00e9tant hautement fonctionnel.<\/p>\n<p>Le bout des doigts est \u00e9quip\u00e9 de la technologie Tech Touch Print de Banded, qui permet d\u2019utiliser un appareil \u00e0 \u00e9cran tactile, tandis que les bandes de tissu a\u00e9r\u00e9 augmentent l&#8217;\u00e9lasticit\u00e9 et la respirabilit\u00e9 pour plus de confort.<\/p>\n<p>Rev\u00eatement antid\u00e9rapant en forme d\u2019alv\u00e9oles sur la paume et sur les doigts.<\/p>\n<p>Magnifique motif camouflage Max7<\/p>\n","protected":false},"excerpt":{"rendered":"<p>Un gant l\u00e9ger qui vous prot\u00e8ge du froid tout en \u00e9tant hautement fonctionnel. Le bout des doigts est \u00e9quip\u00e9 de la technologie Tech Touch Print, qui permet d\u2019utiliser un appareil \u00e0 \u00e9cran tactile<\/p>\n","protected":false},"featured_media":54491,"template":"","meta":[],"product_brand":[8137],"product_cat":[9215],"product_tag":[],"yoast_head":"<!-- This site is optimized with the Yoast SEO plugin v24.3 - https:\/\/yoast.com\/wordpress\/plugins\/seo\/ -->\n<title>Gants en Polaire TEC Banded - Max7 Lucky-Hunter.com<\/title>\n<meta name=\"description\" content=\"Un gant l\u00e9ger qui vous prot\u00e8ge du froid tout en \u00e9tant hautement fonctionnel. Le bout des doigts est \u00e9quip\u00e9 de la technologie Tech Touch Print, qui permet d\u2019utiliser un appareil \u00e0 \u00e9cran tactile\" \/>\n<meta name=\"robots\" content=\"noindex, follow, max-snippet:-1, max-image-preview:large, max-video-preview:-1\" \/>\n<meta property=\"og:locale\" content=\"fr_FR\" \/>\n<meta property=\"og:type\" content=\"article\" \/>\n<meta property=\"og:title\" content=\"Gants en Polaire TEC Banded - Max7 Lucky-Hunter.com\" \/>\n<meta property=\"og:description\" content=\"Un gant l\u00e9ger qui vous prot\u00e8ge du froid tout en \u00e9tant hautement fonctionnel. Le bout des doigts est \u00e9quip\u00e9 de la technologie Tech Touch Print, qui permet d\u2019utiliser un appareil \u00e0 \u00e9cran tactile\" \/>\n<meta property=\"og:url\" content=\"https:\/\/staging.lucky-hunter.com\/product\/banded-tec-fleece-glove-max7\/\" \/>\n<meta property=\"og:site_name\" content=\"Lucky-Hunter\" \/>\n<meta property=\"article:modified_time\" content=\"2023-03-14T14:32:55+00:00\" \/>\n<meta property=\"og:image\" content=\"https:\/\/staging.lucky-hunter.com\/wp-content\/uploads\/2022\/07\/JB-0221.png\" \/>\n\t<meta property=\"og:image:width\" content=\"1000\" \/>\n\t<meta property=\"og:image:height\" content=\"1000\" \/>\n\t<meta property=\"og:image:type\" content=\"image\/png\" \/>\n<meta name=\"twitter:card\" content=\"summary_large_image\" \/>\n<meta name=\"twitter:label1\" content=\"Dur\u00e9e de lecture estim\u00e9e\" \/>\n\t<meta name=\"twitter:data1\" content=\"1 minute\" \/>\n<script type=\"application\/ld+json\" class=\"yoast-schema-graph\">{\"@context\":\"https:\/\/schema.org\",\"@graph\":[{\"@type\":\"WebPage\",\"@id\":\"https:\/\/staging.lucky-hunter.com\/product\/banded-tec-fleece-glove-max7\/\",\"url\":\"https:\/\/staging.lucky-hunter.com\/product\/banded-tec-fleece-glove-max7\/\",\"name\":\"Gants en Polaire TEC Banded - Max7 Lucky-Hunter.com\",\"isPartOf\":{\"@id\":\"https:\/\/staging.lucky-hunter.com\/#website\"},\"primaryImageOfPage\":{\"@id\":\"https:\/\/staging.lucky-hunter.com\/product\/banded-tec-fleece-glove-max7\/#primaryimage\"},\"image\":{\"@id\":\"https:\/\/staging.lucky-hunter.com\/product\/banded-tec-fleece-glove-max7\/#primaryimage\"},\"thumbnailUrl\":\"https:\/\/staging.lucky-hunter.com\/wp-content\/uploads\/2022\/07\/JB-0221.png\",\"datePublished\":\"2022-07-19T14:00:35+00:00\",\"dateModified\":\"2023-03-14T14:32:55+00:00\",\"description\":\"Un gant l\u00e9ger qui vous prot\u00e8ge du froid tout en \u00e9tant hautement fonctionnel. Le bout des doigts est \u00e9quip\u00e9 de la technologie Tech Touch Print, qui permet d\u2019utiliser un appareil \u00e0 \u00e9cran tactile\",\"breadcrumb\":{\"@id\":\"https:\/\/staging.lucky-hunter.com\/product\/banded-tec-fleece-glove-max7\/#breadcrumb\"},\"inLanguage\":\"fr-FR\",\"potentialAction\":[{\"@type\":\"ReadAction\",\"target\":[\"https:\/\/staging.lucky-hunter.com\/product\/banded-tec-fleece-glove-max7\/\"]}]},{\"@type\":\"ImageObject\",\"inLanguage\":\"fr-FR\",\"@id\":\"https:\/\/staging.lucky-hunter.com\/product\/banded-tec-fleece-glove-max7\/#primaryimage\",\"url\":\"https:\/\/staging.lucky-hunter.com\/wp-content\/uploads\/2022\/07\/JB-0221.png\",\"contentUrl\":\"https:\/\/staging.lucky-hunter.com\/wp-content\/uploads\/2022\/07\/JB-0221.png\",\"width\":1000,\"height\":1000},{\"@type\":\"BreadcrumbList\",\"@id\":\"https:\/\/staging.lucky-hunter.com\/product\/banded-tec-fleece-glove-max7\/#breadcrumb\",\"itemListElement\":[{\"@type\":\"ListItem\",\"position\":1,\"name\":\"Home\",\"item\":\"https:\/\/staging.lucky-hunter.com\/fr\/\"},{\"@type\":\"ListItem\",\"position\":2,\"name\":\"Boutique\",\"item\":\"https:\/\/staging.lucky-hunter.com\/fr\/shop\/\"},{\"@type\":\"ListItem\",\"position\":3,\"name\":\"Gants en Polaire TEC Banded &#8211; Max7\"}]},{\"@type\":\"WebSite\",\"@id\":\"https:\/\/staging.lucky-hunter.com\/#website\",\"url\":\"https:\/\/staging.lucky-hunter.com\/\",\"name\":\"Lucky-Hunter\",\"description\":\"Gear Up or Give Up\",\"potentialAction\":[{\"@type\":\"SearchAction\",\"target\":{\"@type\":\"EntryPoint\",\"urlTemplate\":\"https:\/\/staging.lucky-hunter.com\/?s={search_term_string}\"},\"query-input\":{\"@type\":\"PropertyValueSpecification\",\"valueRequired\":true,\"valueName\":\"search_term_string\"}}],\"inLanguage\":\"fr-FR\"}]}<\/script>\n<!-- \/ Yoast SEO plugin. -->","yoast_head_json":{"title":"Gants en Polaire TEC Banded - Max7 Lucky-Hunter.com","description":"Un gant l\u00e9ger qui vous prot\u00e8ge du froid tout en \u00e9tant hautement fonctionnel. Le bout des doigts est \u00e9quip\u00e9 de la technologie Tech Touch Print, qui permet d\u2019utiliser un appareil \u00e0 \u00e9cran tactile","robots":{"index":"noindex","follow":"follow","max-snippet":"max-snippet:-1","max-image-preview":"max-image-preview:large","max-video-preview":"max-video-preview:-1"},"og_locale":"fr_FR","og_type":"article","og_title":"Gants en Polaire TEC Banded - Max7 Lucky-Hunter.com","og_description":"Un gant l\u00e9ger qui vous prot\u00e8ge du froid tout en \u00e9tant hautement fonctionnel. Le bout des doigts est \u00e9quip\u00e9 de la technologie Tech Touch Print, qui permet d\u2019utiliser un appareil \u00e0 \u00e9cran tactile","og_url":"https:\/\/staging.lucky-hunter.com\/product\/banded-tec-fleece-glove-max7\/","og_site_name":"Lucky-Hunter","article_modified_time":"2023-03-14T14:32:55+00:00","og_image":[{"width":1000,"height":1000,"url":"https:\/\/staging.lucky-hunter.com\/wp-content\/uploads\/2022\/07\/JB-0221.png","type":"image\/png"}],"twitter_card":"summary_large_image","twitter_misc":{"Dur\u00e9e de lecture estim\u00e9e":"1 minute"},"schema":{"@context":"https:\/\/schema.org","@graph":[{"@type":"WebPage","@id":"https:\/\/staging.lucky-hunter.com\/product\/banded-tec-fleece-glove-max7\/","url":"https:\/\/staging.lucky-hunter.com\/product\/banded-tec-fleece-glove-max7\/","name":"Gants en Polaire TEC Banded - Max7 Lucky-Hunter.com","isPartOf":{"@id":"https:\/\/staging.lucky-hunter.com\/#website"},"primaryImageOfPage":{"@id":"https:\/\/staging.lucky-hunter.com\/product\/banded-tec-fleece-glove-max7\/#primaryimage"},"image":{"@id":"https:\/\/staging.lucky-hunter.com\/product\/banded-tec-fleece-glove-max7\/#primaryimage"},"thumbnailUrl":"https:\/\/staging.lucky-hunter.com\/wp-content\/uploads\/2022\/07\/JB-0221.png","datePublished":"2022-07-19T14:00:35+00:00","dateModified":"2023-03-14T14:32:55+00:00","description":"Un gant l\u00e9ger qui vous prot\u00e8ge du froid tout en \u00e9tant hautement fonctionnel. Le bout des doigts est \u00e9quip\u00e9 de la technologie Tech Touch Print, qui permet d\u2019utiliser un appareil \u00e0 \u00e9cran tactile","breadcrumb":{"@id":"https:\/\/staging.lucky-hunter.com\/product\/banded-tec-fleece-glove-max7\/#breadcrumb"},"inLanguage":"fr-FR","potentialAction":[{"@type":"ReadAction","target":["https:\/\/staging.lucky-hunter.com\/product\/banded-tec-fleece-glove-max7\/"]}]},{"@type":"ImageObject","inLanguage":"fr-FR","@id":"https:\/\/staging.lucky-hunter.com\/product\/banded-tec-fleece-glove-max7\/#primaryimage","url":"https:\/\/staging.lucky-hunter.com\/wp-content\/uploads\/2022\/07\/JB-0221.png","contentUrl":"https:\/\/staging.lucky-hunter.com\/wp-content\/uploads\/2022\/07\/JB-0221.png","width":1000,"height":1000},{"@type":"BreadcrumbList","@id":"https:\/\/staging.lucky-hunter.com\/product\/banded-tec-fleece-glove-max7\/#breadcrumb","itemListElement":[{"@type":"ListItem","position":1,"name":"Home","item":"https:\/\/staging.lucky-hunter.com\/fr\/"},{"@type":"ListItem","position":2,"name":"Boutique","item":"https:\/\/staging.lucky-hunter.com\/fr\/shop\/"},{"@type":"ListItem","position":3,"name":"Gants en Polaire TEC Banded &#8211; Max7"}]},{"@type":"WebSite","@id":"https:\/\/staging.lucky-hunter.com\/#website","url":"https:\/\/staging.lucky-hunter.com\/","name":"Lucky-Hunter","description":"Gear Up or Give Up","potentialAction":[{"@type":"SearchAction","target":{"@type":"EntryPoint","urlTemplate":"https:\/\/staging.lucky-hunter.com\/?s={search_term_string}"},"query-input":{"@type":"PropertyValueSpecification","valueRequired":true,"valueName":"search_term_string"}}],"inLanguage":"fr-FR"}]}},"_links":{"self":[{"href":"https:\/\/staging.lucky-hunter.com\/fr\/wp-json\/wp\/v2\/product\/55650"}],"collection":[{"href":"https:\/\/staging.lucky-hunter.com\/fr\/wp-json\/wp\/v2\/product"}],"about":[{"href":"https:\/\/staging.lucky-hunter.com\/fr\/wp-json\/wp\/v2\/types\/product"}],"wp:featuredmedia":[{"embeddable":true,"href":"https:\/\/staging.lucky-hunter.com\/fr\/wp-json\/wp\/v2\/media\/54491"}],"wp:attachment":[{"href":"https:\/\/staging.lucky-hunter.com\/fr\/wp-json\/wp\/v2\/media?parent=55650"}],"wp:term":[{"taxonomy":"product_brand","embeddable":true,"href":"https:\/\/staging.lucky-hunter.com\/fr\/wp-json\/wp\/v2\/product_brand?post=55650"},{"taxonomy":"product_cat","embeddable":true,"href":"https:\/\/staging.lucky-hunter.com\/fr\/wp-json\/wp\/v2\/product_cat?post=55650"},{"taxonomy":"product_tag","embeddable":true,"href":"https:\/\/staging.lucky-hunter.com\/fr\/wp-json\/wp\/v2\/product_tag?post=55650"}],"curies":[{"name":"wp","href":"https:\/\/api.w.org\/{rel}","templated":true}]}}