{"id":55643,"date":"2023-01-10T13:19:46","date_gmt":"2023-01-10T12:19:46","guid":{"rendered":"https:\/\/staging.lucky-hunter.com\/product\/electronic-call-decoy-combo-icotec\/"},"modified":"2023-01-10T13:19:46","modified_gmt":"2023-01-10T12:19:46","slug":"electronic-call-decoy-combo-icotec","status":"publish","type":"product","link":"https:\/\/staging.lucky-hunter.com\/fr\/product\/electronic-call-decoy-combo-icotec\/","title":{"rendered":"Combo Appeau \u00c9lectronique et Forme &#8211; ICOtec"},"content":{"rendered":"<h1>Combo Appeau \u00c9lectronique et Forme<\/h1>\n<p>Largement am\u00e9lior\u00e9, le GC320 GEN2, qui combine forme et appeau \u00e9lectronique pour la chasse aux pr\u00e9dateurs, offre une valeur exceptionnelle en termes de qualit\u00e9, de performances et de facilit\u00e9 d&#8217;utilisation. ICOtec est devenue l&#8217;une des marques les plus vendues dans l&#8217;industrie des appeaux \u00e9lectroniques. Des fonctionnalit\u00e9s pratiques qui conduisent \u00e0 de meilleurs r\u00e9sultats &#8211; \u00e0 un prix tr\u00e8s abordable.<\/p>\n<p>L&#8217;appelant GC320 est livr\u00e9 avec deux formes diff\u00e9rentes, une forme de li\u00e8vre\/lapin et une forme d\u2019oiseau. Cela vous offre plus de polyvalence en ce qui concerne les animaux que vous voulez chasser et la p\u00e9riode de l&#8217;ann\u00e9e \u00e0 laquelle vous les chassez<\/p>\n<p>C&#8217;est le produit parfait si vous chassez des pr\u00e9dateurs, que ce soit des renards, des chacals, des corbeaux ou autre.<\/p>\n<p><strong>Caract\u00e9ristiques de l&#8217;appelant GC320\u00a0GEN2 :<\/strong><\/p>\n<ul>\n<li>T\u00e9l\u00e9commande avec port\u00e9e de 300 m\u00e8tres<\/li>\n<li>Jouez deux sons simultan\u00e9ment pour les coyotes t\u00eatus<\/li>\n<li>NOUVEAU bouton de pause d&#8217;appel<\/li>\n<li>24 appels audio de qualit\u00e9 professionnelle<\/li>\n<li>NOUVEAUX boutons ON\/OFF r\u00e9tro\u00e9clair\u00e9s pour la chasse nocturne (Chasse nocturne moins ch\u00e8re\u00a0!)<\/li>\n<li>NOUVEAU support tr\u00e9pied<\/li>\n<li>Antenne pivotante<\/li>\n<li>NOUVELLE bosse sur la poign\u00e9e pour l\u2019accrocher \u00e0 une branche<\/li>\n<li>Port haut-parleur externe<\/li>\n<li>Bouton d&#8217;activation\/d\u00e9sactivation de la forme sur la t\u00e9l\u00e9commande<\/li>\n<li>Mod\u00e8le AD400 inclus (Fabrication ultra solide)<\/li>\n<li>Tr\u00e8s longue autonomie<\/li>\n<li>Piles\u00a0: Appareil &#8211; 4 piles AA, T\u00e9l\u00e9commande &#8211; 1 pile A23 (les piles ne sont pas incluses)<\/li>\n<\/ul>\n","protected":false},"excerpt":{"rendered":"<p>Cet appeau \u00e9lectronique dispose de 24 appels professionnels et de deux formes. Il vous permet de chasser toutes sortes de pr\u00e9dateurs \u00e0 diff\u00e9rents moments de l&#8217;ann\u00e9e<\/p>\n","protected":false},"featured_media":55471,"template":"","meta":[],"product_brand":[9080],"product_cat":[8242],"product_tag":[9445],"yoast_head":"<!-- This site is optimized with the Yoast SEO plugin v24.3 - https:\/\/yoast.com\/wordpress\/plugins\/seo\/ -->\n<title>Combo Appeau \u00c9lectronique et Forme - ICOtec | Parfait pour les pr\u00e9dateurs<\/title>\n<meta name=\"description\" content=\"Cet appeau \u00e9lectronique dispose de 24 appels professionnels et de deux formes. Il vous permet de chasser toutes sortes de pr\u00e9dateurs \u00e0 diff\u00e9rents moments de l&#039;ann\u00e9e\" \/>\n<meta name=\"robots\" content=\"noindex, follow, max-snippet:-1, max-image-preview:large, max-video-preview:-1\" \/>\n<meta property=\"og:locale\" content=\"fr_FR\" \/>\n<meta property=\"og:type\" content=\"article\" \/>\n<meta property=\"og:title\" content=\"Combo Appeau \u00c9lectronique et Forme - ICOtec | Parfait pour les pr\u00e9dateurs\" \/>\n<meta property=\"og:description\" content=\"Cet appeau \u00e9lectronique dispose de 24 appels professionnels et de deux formes. Il vous permet de chasser toutes sortes de pr\u00e9dateurs \u00e0 diff\u00e9rents moments de l&#039;ann\u00e9e\" \/>\n<meta property=\"og:url\" content=\"https:\/\/staging.lucky-hunter.com\/fr\/product\/electronic-call-decoy-combo-icotec\/\" \/>\n<meta property=\"og:site_name\" content=\"Lucky-Hunter\" \/>\n<meta property=\"og:image\" content=\"https:\/\/staging.lucky-hunter.com\/wp-content\/uploads\/2023\/01\/GC320_GEN2_Hero-600x667-1.png\" \/>\n\t<meta property=\"og:image:width\" content=\"600\" \/>\n\t<meta property=\"og:image:height\" content=\"667\" \/>\n\t<meta property=\"og:image:type\" content=\"image\/png\" \/>\n<meta name=\"twitter:card\" content=\"summary_large_image\" \/>\n<meta name=\"twitter:label1\" content=\"Dur\u00e9e de lecture estim\u00e9e\" \/>\n\t<meta name=\"twitter:data1\" content=\"1 minute\" \/>\n<script type=\"application\/ld+json\" class=\"yoast-schema-graph\">{\"@context\":\"https:\/\/schema.org\",\"@graph\":[{\"@type\":\"WebPage\",\"@id\":\"https:\/\/staging.lucky-hunter.com\/fr\/product\/electronic-call-decoy-combo-icotec\/\",\"url\":\"https:\/\/staging.lucky-hunter.com\/fr\/product\/electronic-call-decoy-combo-icotec\/\",\"name\":\"Combo Appeau \u00c9lectronique et Forme - ICOtec | Parfait pour les pr\u00e9dateurs\",\"isPartOf\":{\"@id\":\"https:\/\/staging.lucky-hunter.com\/#website\"},\"primaryImageOfPage\":{\"@id\":\"https:\/\/staging.lucky-hunter.com\/fr\/product\/electronic-call-decoy-combo-icotec\/#primaryimage\"},\"image\":{\"@id\":\"https:\/\/staging.lucky-hunter.com\/fr\/product\/electronic-call-decoy-combo-icotec\/#primaryimage\"},\"thumbnailUrl\":\"https:\/\/staging.lucky-hunter.com\/wp-content\/uploads\/2023\/01\/GC320_GEN2_Hero-600x667-1.png\",\"datePublished\":\"2023-01-10T12:19:46+00:00\",\"dateModified\":\"2023-01-10T12:19:46+00:00\",\"description\":\"Cet appeau \u00e9lectronique dispose de 24 appels professionnels et de deux formes. Il vous permet de chasser toutes sortes de pr\u00e9dateurs \u00e0 diff\u00e9rents moments de l'ann\u00e9e\",\"breadcrumb\":{\"@id\":\"https:\/\/staging.lucky-hunter.com\/fr\/product\/electronic-call-decoy-combo-icotec\/#breadcrumb\"},\"inLanguage\":\"fr-FR\",\"potentialAction\":[{\"@type\":\"ReadAction\",\"target\":[\"https:\/\/staging.lucky-hunter.com\/fr\/product\/electronic-call-decoy-combo-icotec\/\"]}]},{\"@type\":\"ImageObject\",\"inLanguage\":\"fr-FR\",\"@id\":\"https:\/\/staging.lucky-hunter.com\/fr\/product\/electronic-call-decoy-combo-icotec\/#primaryimage\",\"url\":\"https:\/\/staging.lucky-hunter.com\/wp-content\/uploads\/2023\/01\/GC320_GEN2_Hero-600x667-1.png\",\"contentUrl\":\"https:\/\/staging.lucky-hunter.com\/wp-content\/uploads\/2023\/01\/GC320_GEN2_Hero-600x667-1.png\",\"width\":600,\"height\":667},{\"@type\":\"BreadcrumbList\",\"@id\":\"https:\/\/staging.lucky-hunter.com\/fr\/product\/electronic-call-decoy-combo-icotec\/#breadcrumb\",\"itemListElement\":[{\"@type\":\"ListItem\",\"position\":1,\"name\":\"Home\",\"item\":\"https:\/\/staging.lucky-hunter.com\/fr\/\"},{\"@type\":\"ListItem\",\"position\":2,\"name\":\"Boutique\",\"item\":\"https:\/\/staging.lucky-hunter.com\/fr\/shop\/\"},{\"@type\":\"ListItem\",\"position\":3,\"name\":\"Combo Appeau \u00c9lectronique et Forme &#8211; ICOtec\"}]},{\"@type\":\"WebSite\",\"@id\":\"https:\/\/staging.lucky-hunter.com\/#website\",\"url\":\"https:\/\/staging.lucky-hunter.com\/\",\"name\":\"Lucky-Hunter\",\"description\":\"Gear Up or Give Up\",\"potentialAction\":[{\"@type\":\"SearchAction\",\"target\":{\"@type\":\"EntryPoint\",\"urlTemplate\":\"https:\/\/staging.lucky-hunter.com\/?s={search_term_string}\"},\"query-input\":{\"@type\":\"PropertyValueSpecification\",\"valueRequired\":true,\"valueName\":\"search_term_string\"}}],\"inLanguage\":\"fr-FR\"}]}<\/script>\n<!-- \/ Yoast SEO plugin. -->","yoast_head_json":{"title":"Combo Appeau \u00c9lectronique et Forme - ICOtec | Parfait pour les pr\u00e9dateurs","description":"Cet appeau \u00e9lectronique dispose de 24 appels professionnels et de deux formes. Il vous permet de chasser toutes sortes de pr\u00e9dateurs \u00e0 diff\u00e9rents moments de l'ann\u00e9e","robots":{"index":"noindex","follow":"follow","max-snippet":"max-snippet:-1","max-image-preview":"max-image-preview:large","max-video-preview":"max-video-preview:-1"},"og_locale":"fr_FR","og_type":"article","og_title":"Combo Appeau \u00c9lectronique et Forme - ICOtec | Parfait pour les pr\u00e9dateurs","og_description":"Cet appeau \u00e9lectronique dispose de 24 appels professionnels et de deux formes. Il vous permet de chasser toutes sortes de pr\u00e9dateurs \u00e0 diff\u00e9rents moments de l'ann\u00e9e","og_url":"https:\/\/staging.lucky-hunter.com\/fr\/product\/electronic-call-decoy-combo-icotec\/","og_site_name":"Lucky-Hunter","og_image":[{"width":600,"height":667,"url":"https:\/\/staging.lucky-hunter.com\/wp-content\/uploads\/2023\/01\/GC320_GEN2_Hero-600x667-1.png","type":"image\/png"}],"twitter_card":"summary_large_image","twitter_misc":{"Dur\u00e9e de lecture estim\u00e9e":"1 minute"},"schema":{"@context":"https:\/\/schema.org","@graph":[{"@type":"WebPage","@id":"https:\/\/staging.lucky-hunter.com\/fr\/product\/electronic-call-decoy-combo-icotec\/","url":"https:\/\/staging.lucky-hunter.com\/fr\/product\/electronic-call-decoy-combo-icotec\/","name":"Combo Appeau \u00c9lectronique et Forme - ICOtec | Parfait pour les pr\u00e9dateurs","isPartOf":{"@id":"https:\/\/staging.lucky-hunter.com\/#website"},"primaryImageOfPage":{"@id":"https:\/\/staging.lucky-hunter.com\/fr\/product\/electronic-call-decoy-combo-icotec\/#primaryimage"},"image":{"@id":"https:\/\/staging.lucky-hunter.com\/fr\/product\/electronic-call-decoy-combo-icotec\/#primaryimage"},"thumbnailUrl":"https:\/\/staging.lucky-hunter.com\/wp-content\/uploads\/2023\/01\/GC320_GEN2_Hero-600x667-1.png","datePublished":"2023-01-10T12:19:46+00:00","dateModified":"2023-01-10T12:19:46+00:00","description":"Cet appeau \u00e9lectronique dispose de 24 appels professionnels et de deux formes. Il vous permet de chasser toutes sortes de pr\u00e9dateurs \u00e0 diff\u00e9rents moments de l'ann\u00e9e","breadcrumb":{"@id":"https:\/\/staging.lucky-hunter.com\/fr\/product\/electronic-call-decoy-combo-icotec\/#breadcrumb"},"inLanguage":"fr-FR","potentialAction":[{"@type":"ReadAction","target":["https:\/\/staging.lucky-hunter.com\/fr\/product\/electronic-call-decoy-combo-icotec\/"]}]},{"@type":"ImageObject","inLanguage":"fr-FR","@id":"https:\/\/staging.lucky-hunter.com\/fr\/product\/electronic-call-decoy-combo-icotec\/#primaryimage","url":"https:\/\/staging.lucky-hunter.com\/wp-content\/uploads\/2023\/01\/GC320_GEN2_Hero-600x667-1.png","contentUrl":"https:\/\/staging.lucky-hunter.com\/wp-content\/uploads\/2023\/01\/GC320_GEN2_Hero-600x667-1.png","width":600,"height":667},{"@type":"BreadcrumbList","@id":"https:\/\/staging.lucky-hunter.com\/fr\/product\/electronic-call-decoy-combo-icotec\/#breadcrumb","itemListElement":[{"@type":"ListItem","position":1,"name":"Home","item":"https:\/\/staging.lucky-hunter.com\/fr\/"},{"@type":"ListItem","position":2,"name":"Boutique","item":"https:\/\/staging.lucky-hunter.com\/fr\/shop\/"},{"@type":"ListItem","position":3,"name":"Combo Appeau \u00c9lectronique et Forme &#8211; ICOtec"}]},{"@type":"WebSite","@id":"https:\/\/staging.lucky-hunter.com\/#website","url":"https:\/\/staging.lucky-hunter.com\/","name":"Lucky-Hunter","description":"Gear Up or Give Up","potentialAction":[{"@type":"SearchAction","target":{"@type":"EntryPoint","urlTemplate":"https:\/\/staging.lucky-hunter.com\/?s={search_term_string}"},"query-input":{"@type":"PropertyValueSpecification","valueRequired":true,"valueName":"search_term_string"}}],"inLanguage":"fr-FR"}]}},"_links":{"self":[{"href":"https:\/\/staging.lucky-hunter.com\/fr\/wp-json\/wp\/v2\/product\/55643"}],"collection":[{"href":"https:\/\/staging.lucky-hunter.com\/fr\/wp-json\/wp\/v2\/product"}],"about":[{"href":"https:\/\/staging.lucky-hunter.com\/fr\/wp-json\/wp\/v2\/types\/product"}],"wp:featuredmedia":[{"embeddable":true,"href":"https:\/\/staging.lucky-hunter.com\/fr\/wp-json\/wp\/v2\/media\/55471"}],"wp:attachment":[{"href":"https:\/\/staging.lucky-hunter.com\/fr\/wp-json\/wp\/v2\/media?parent=55643"}],"wp:term":[{"taxonomy":"product_brand","embeddable":true,"href":"https:\/\/staging.lucky-hunter.com\/fr\/wp-json\/wp\/v2\/product_brand?post=55643"},{"taxonomy":"product_cat","embeddable":true,"href":"https:\/\/staging.lucky-hunter.com\/fr\/wp-json\/wp\/v2\/product_cat?post=55643"},{"taxonomy":"product_tag","embeddable":true,"href":"https:\/\/staging.lucky-hunter.com\/fr\/wp-json\/wp\/v2\/product_tag?post=55643"}],"curies":[{"name":"wp","href":"https:\/\/api.w.org\/{rel}","templated":true}]}}