{"id":55641,"date":"2022-12-01T12:56:28","date_gmt":"2022-12-01T11:56:28","guid":{"rendered":"https:\/\/staging.lucky-hunter.com\/product\/banded-a-i-slough-stool\/"},"modified":"2023-03-14T15:09:28","modified_gmt":"2023-03-14T14:09:28","slug":"banded-a-i-slough-stool","status":"publish","type":"product","link":"https:\/\/staging.lucky-hunter.com\/fr\/product\/banded-a-i-slough-stool\/","title":{"rendered":"Tabouret A-I Slough de Banded"},"content":{"rendered":"<h1>Tabouret A-I Slough de Banded &#8211; Con\u00e7u pour la chasse dans les zones boueuses<\/h1>\n<div>Le tabouret AI Slough est con\u00e7u pour \u00eatre l\u00e9ger, confortable et fonctionnel. La structure en corni\u00e8re durable et les pieds d&#8217;ancrage offrent stabilit\u00e9 et maintien dans la boue, la terre ou le gravier. \u00a0La hauteur r\u00e9glable de 67 cm \u00e0 86 cm s&#8217;adapte aux diff\u00e9rentes profondeurs d&#8217;eau et \u00e0 la taille du chasseur.<\/div>\n<div>Le si\u00e8ge rembourr\u00e9 de 30 cm x 20 cm procure le confort d&#8217;un aff\u00fbt permanent o\u00f9 que vous chassiez. \u00a0Plus besoin de rester debout ou \u00e0 genoux, chassez confortablement avec le tabouret AI Slough.<\/div>\n<div><\/div>\n<div style=\"text-align: left;\"><strong>Caract\u00e9ristiques principales\u00a0:<\/strong><\/div>\n<ul>\n<li>Si\u00e8ge rembourr\u00e9 de 30 cm x 20 cm pour plus de confort<\/li>\n<li>Hauteur ajustable de 67 cm \u00e0 86 cm<\/li>\n<li>Structure en corni\u00e8re<\/li>\n<li>Sangle de transport incluse<\/li>\n<\/ul>\n","protected":false},"excerpt":{"rendered":"<p>Il s\u2019agit d\u2019un excellent tabouret pour la chasse dans les marais, les lacs et les endroits \u00e0 sol mou. Les pieds d&#8217;ancrage emp\u00eachent le si\u00e8ge de s&#8217;enfoncer dans la boue<\/p>\n","protected":false},"featured_media":54364,"template":"","meta":[],"product_brand":[9077],"product_cat":[9382],"product_tag":[],"yoast_head":"<!-- This site is optimized with the Yoast SEO plugin v24.3 - https:\/\/yoast.com\/wordpress\/plugins\/seo\/ -->\n<title>| \u00c9quipement de chasse sur Lucky-hunter.com<\/title>\n<meta name=\"description\" content=\"Il s\u2019agit d\u2019un excellent tabouret pour la chasse dans les marais, les lacs et les endroits \u00e0 sol mou. Les pieds d&#039;ancrage emp\u00eachent le si\u00e8ge de s&#039;enfoncer dans la boue\" \/>\n<meta name=\"robots\" content=\"noindex, follow, max-snippet:-1, max-image-preview:large, max-video-preview:-1\" \/>\n<meta property=\"og:locale\" content=\"fr_FR\" \/>\n<meta property=\"og:type\" content=\"article\" \/>\n<meta property=\"og:title\" content=\"| \u00c9quipement de chasse sur Lucky-hunter.com\" \/>\n<meta property=\"og:description\" content=\"Il s\u2019agit d\u2019un excellent tabouret pour la chasse dans les marais, les lacs et les endroits \u00e0 sol mou. Les pieds d&#039;ancrage emp\u00eachent le si\u00e8ge de s&#039;enfoncer dans la boue\" \/>\n<meta property=\"og:url\" content=\"https:\/\/staging.lucky-hunter.com\/product\/banded-a-i-slough-stool\/\" \/>\n<meta property=\"og:site_name\" content=\"Lucky-Hunter\" \/>\n<meta property=\"article:modified_time\" content=\"2023-03-14T14:09:28+00:00\" \/>\n<meta property=\"og:image\" content=\"https:\/\/staging.lucky-hunter.com\/wp-content\/uploads\/2022\/12\/PU-643-1.png\" \/>\n\t<meta property=\"og:image:width\" content=\"1000\" \/>\n\t<meta property=\"og:image:height\" content=\"1000\" \/>\n\t<meta property=\"og:image:type\" content=\"image\/png\" \/>\n<meta name=\"twitter:card\" content=\"summary_large_image\" \/>\n<meta name=\"twitter:label1\" content=\"Dur\u00e9e de lecture estim\u00e9e\" \/>\n\t<meta name=\"twitter:data1\" content=\"1 minute\" \/>\n<script type=\"application\/ld+json\" class=\"yoast-schema-graph\">{\"@context\":\"https:\/\/schema.org\",\"@graph\":[{\"@type\":\"WebPage\",\"@id\":\"https:\/\/staging.lucky-hunter.com\/product\/banded-a-i-slough-stool\/\",\"url\":\"https:\/\/staging.lucky-hunter.com\/product\/banded-a-i-slough-stool\/\",\"name\":\"| \u00c9quipement de chasse sur Lucky-hunter.com\",\"isPartOf\":{\"@id\":\"https:\/\/staging.lucky-hunter.com\/#website\"},\"primaryImageOfPage\":{\"@id\":\"https:\/\/staging.lucky-hunter.com\/product\/banded-a-i-slough-stool\/#primaryimage\"},\"image\":{\"@id\":\"https:\/\/staging.lucky-hunter.com\/product\/banded-a-i-slough-stool\/#primaryimage\"},\"thumbnailUrl\":\"https:\/\/staging.lucky-hunter.com\/wp-content\/uploads\/2022\/12\/PU-643-1.png\",\"datePublished\":\"2022-12-01T11:56:28+00:00\",\"dateModified\":\"2023-03-14T14:09:28+00:00\",\"description\":\"Il s\u2019agit d\u2019un excellent tabouret pour la chasse dans les marais, les lacs et les endroits \u00e0 sol mou. Les pieds d'ancrage emp\u00eachent le si\u00e8ge de s'enfoncer dans la boue\",\"breadcrumb\":{\"@id\":\"https:\/\/staging.lucky-hunter.com\/product\/banded-a-i-slough-stool\/#breadcrumb\"},\"inLanguage\":\"fr-FR\",\"potentialAction\":[{\"@type\":\"ReadAction\",\"target\":[\"https:\/\/staging.lucky-hunter.com\/product\/banded-a-i-slough-stool\/\"]}]},{\"@type\":\"ImageObject\",\"inLanguage\":\"fr-FR\",\"@id\":\"https:\/\/staging.lucky-hunter.com\/product\/banded-a-i-slough-stool\/#primaryimage\",\"url\":\"https:\/\/staging.lucky-hunter.com\/wp-content\/uploads\/2022\/12\/PU-643-1.png\",\"contentUrl\":\"https:\/\/staging.lucky-hunter.com\/wp-content\/uploads\/2022\/12\/PU-643-1.png\",\"width\":1000,\"height\":1000},{\"@type\":\"BreadcrumbList\",\"@id\":\"https:\/\/staging.lucky-hunter.com\/product\/banded-a-i-slough-stool\/#breadcrumb\",\"itemListElement\":[{\"@type\":\"ListItem\",\"position\":1,\"name\":\"Home\",\"item\":\"https:\/\/staging.lucky-hunter.com\/fr\/\"},{\"@type\":\"ListItem\",\"position\":2,\"name\":\"Boutique\",\"item\":\"https:\/\/staging.lucky-hunter.com\/fr\/shop\/\"},{\"@type\":\"ListItem\",\"position\":3,\"name\":\"Tabouret A-I Slough de Banded\"}]},{\"@type\":\"WebSite\",\"@id\":\"https:\/\/staging.lucky-hunter.com\/#website\",\"url\":\"https:\/\/staging.lucky-hunter.com\/\",\"name\":\"Lucky-Hunter\",\"description\":\"Gear Up or Give Up\",\"potentialAction\":[{\"@type\":\"SearchAction\",\"target\":{\"@type\":\"EntryPoint\",\"urlTemplate\":\"https:\/\/staging.lucky-hunter.com\/?s={search_term_string}\"},\"query-input\":{\"@type\":\"PropertyValueSpecification\",\"valueRequired\":true,\"valueName\":\"search_term_string\"}}],\"inLanguage\":\"fr-FR\"}]}<\/script>\n<!-- \/ Yoast SEO plugin. -->","yoast_head_json":{"title":"| \u00c9quipement de chasse sur Lucky-hunter.com","description":"Il s\u2019agit d\u2019un excellent tabouret pour la chasse dans les marais, les lacs et les endroits \u00e0 sol mou. Les pieds d'ancrage emp\u00eachent le si\u00e8ge de s'enfoncer dans la boue","robots":{"index":"noindex","follow":"follow","max-snippet":"max-snippet:-1","max-image-preview":"max-image-preview:large","max-video-preview":"max-video-preview:-1"},"og_locale":"fr_FR","og_type":"article","og_title":"| \u00c9quipement de chasse sur Lucky-hunter.com","og_description":"Il s\u2019agit d\u2019un excellent tabouret pour la chasse dans les marais, les lacs et les endroits \u00e0 sol mou. Les pieds d'ancrage emp\u00eachent le si\u00e8ge de s'enfoncer dans la boue","og_url":"https:\/\/staging.lucky-hunter.com\/product\/banded-a-i-slough-stool\/","og_site_name":"Lucky-Hunter","article_modified_time":"2023-03-14T14:09:28+00:00","og_image":[{"width":1000,"height":1000,"url":"https:\/\/staging.lucky-hunter.com\/wp-content\/uploads\/2022\/12\/PU-643-1.png","type":"image\/png"}],"twitter_card":"summary_large_image","twitter_misc":{"Dur\u00e9e de lecture estim\u00e9e":"1 minute"},"schema":{"@context":"https:\/\/schema.org","@graph":[{"@type":"WebPage","@id":"https:\/\/staging.lucky-hunter.com\/product\/banded-a-i-slough-stool\/","url":"https:\/\/staging.lucky-hunter.com\/product\/banded-a-i-slough-stool\/","name":"| \u00c9quipement de chasse sur Lucky-hunter.com","isPartOf":{"@id":"https:\/\/staging.lucky-hunter.com\/#website"},"primaryImageOfPage":{"@id":"https:\/\/staging.lucky-hunter.com\/product\/banded-a-i-slough-stool\/#primaryimage"},"image":{"@id":"https:\/\/staging.lucky-hunter.com\/product\/banded-a-i-slough-stool\/#primaryimage"},"thumbnailUrl":"https:\/\/staging.lucky-hunter.com\/wp-content\/uploads\/2022\/12\/PU-643-1.png","datePublished":"2022-12-01T11:56:28+00:00","dateModified":"2023-03-14T14:09:28+00:00","description":"Il s\u2019agit d\u2019un excellent tabouret pour la chasse dans les marais, les lacs et les endroits \u00e0 sol mou. Les pieds d'ancrage emp\u00eachent le si\u00e8ge de s'enfoncer dans la boue","breadcrumb":{"@id":"https:\/\/staging.lucky-hunter.com\/product\/banded-a-i-slough-stool\/#breadcrumb"},"inLanguage":"fr-FR","potentialAction":[{"@type":"ReadAction","target":["https:\/\/staging.lucky-hunter.com\/product\/banded-a-i-slough-stool\/"]}]},{"@type":"ImageObject","inLanguage":"fr-FR","@id":"https:\/\/staging.lucky-hunter.com\/product\/banded-a-i-slough-stool\/#primaryimage","url":"https:\/\/staging.lucky-hunter.com\/wp-content\/uploads\/2022\/12\/PU-643-1.png","contentUrl":"https:\/\/staging.lucky-hunter.com\/wp-content\/uploads\/2022\/12\/PU-643-1.png","width":1000,"height":1000},{"@type":"BreadcrumbList","@id":"https:\/\/staging.lucky-hunter.com\/product\/banded-a-i-slough-stool\/#breadcrumb","itemListElement":[{"@type":"ListItem","position":1,"name":"Home","item":"https:\/\/staging.lucky-hunter.com\/fr\/"},{"@type":"ListItem","position":2,"name":"Boutique","item":"https:\/\/staging.lucky-hunter.com\/fr\/shop\/"},{"@type":"ListItem","position":3,"name":"Tabouret A-I Slough de Banded"}]},{"@type":"WebSite","@id":"https:\/\/staging.lucky-hunter.com\/#website","url":"https:\/\/staging.lucky-hunter.com\/","name":"Lucky-Hunter","description":"Gear Up or Give Up","potentialAction":[{"@type":"SearchAction","target":{"@type":"EntryPoint","urlTemplate":"https:\/\/staging.lucky-hunter.com\/?s={search_term_string}"},"query-input":{"@type":"PropertyValueSpecification","valueRequired":true,"valueName":"search_term_string"}}],"inLanguage":"fr-FR"}]}},"_links":{"self":[{"href":"https:\/\/staging.lucky-hunter.com\/fr\/wp-json\/wp\/v2\/product\/55641"}],"collection":[{"href":"https:\/\/staging.lucky-hunter.com\/fr\/wp-json\/wp\/v2\/product"}],"about":[{"href":"https:\/\/staging.lucky-hunter.com\/fr\/wp-json\/wp\/v2\/types\/product"}],"wp:featuredmedia":[{"embeddable":true,"href":"https:\/\/staging.lucky-hunter.com\/fr\/wp-json\/wp\/v2\/media\/54364"}],"wp:attachment":[{"href":"https:\/\/staging.lucky-hunter.com\/fr\/wp-json\/wp\/v2\/media?parent=55641"}],"wp:term":[{"taxonomy":"product_brand","embeddable":true,"href":"https:\/\/staging.lucky-hunter.com\/fr\/wp-json\/wp\/v2\/product_brand?post=55641"},{"taxonomy":"product_cat","embeddable":true,"href":"https:\/\/staging.lucky-hunter.com\/fr\/wp-json\/wp\/v2\/product_cat?post=55641"},{"taxonomy":"product_tag","embeddable":true,"href":"https:\/\/staging.lucky-hunter.com\/fr\/wp-json\/wp\/v2\/product_tag?post=55641"}],"curies":[{"name":"wp","href":"https:\/\/api.w.org\/{rel}","templated":true}]}}