{"id":55640,"date":"2022-12-15T14:03:04","date_gmt":"2022-12-15T13:03:04","guid":{"rendered":"https:\/\/staging.lucky-hunter.com\/product\/avery-double-floating-gun-case\/"},"modified":"2025-08-24T17:07:19","modified_gmt":"2025-08-24T15:07:19","slug":"double-etui-flottant-avery","status":"publish","type":"product","link":"https:\/\/staging.lucky-hunter.com\/fr\/product\/double-etui-flottant-avery\/","title":{"rendered":"Double \u00c9tui Flottant &#8211; Avery"},"content":{"rendered":"<h2><strong>Double \u00c9tui Flottant <\/strong><\/h2>\n<p>\u00c0 la chasse, il est toujours bon d\u2019avoir une arme de rechange ; on ne sait jamais ce qui peut arriver. Cependant, devoir transporter les armes dans des \u00e9tuis s\u00e9par\u00e9s est, au mieux, un inconv\u00e9nient. Gr\u00e2ce au Double \u00c9tui Flottant pour Fusil, ce n&#8217;est plus un probl\u00e8me. Vos deux armes seront en s\u00e9curit\u00e9, au sec et \u00e0 port\u00e9e de main lorsque vous en aurez besoin.<\/p>\n<ul style=\"font-weight: 400;\">\n<li style=\"font-weight: 300 !important;\">Bandouli\u00e8re r\u00e9glable<\/li>\n<li style=\"font-weight: 300 !important;\">\u00c9pauli\u00e8re coulissante FrictionLok<\/li>\n<li style=\"font-weight: 300 !important;\">Poche de rangement lat\u00e9rale<\/li>\n<li style=\"font-weight: 300 !important;\">Ext\u00e9rieur DuraMax r\u00e9sistant \u00e0 l&#8217;eau<\/li>\n<li style=\"font-weight: 300 !important;\">Parois flottantes en mousse \u00e0 cellules ferm\u00e9es pour une flottabilit\u00e9 ultime<\/li>\n<\/ul>\n","protected":false},"excerpt":{"rendered":"<p>Vos deux armes seront en s\u00e9curit\u00e9, au sec et \u00e0 port\u00e9e de main lorsque vous en aurez besoin.<\/p>\n","protected":false},"featured_media":55104,"template":"","meta":[],"product_brand":[8123],"product_cat":[9355],"product_tag":[],"yoast_head":"<!-- This site is optimized with the Yoast SEO plugin v24.3 - https:\/\/yoast.com\/wordpress\/plugins\/seo\/ -->\n<title>Double \u00c9tui Flottant - Avery<\/title>\n<meta name=\"description\" content=\"Vos deux armes seront en s\u00e9curit\u00e9, au sec et \u00e0 port\u00e9e de main lorsque vous en aurez besoin.\" \/>\n<meta name=\"robots\" content=\"noindex, follow, max-snippet:-1, max-image-preview:large, max-video-preview:-1\" \/>\n<meta property=\"og:locale\" content=\"fr_FR\" \/>\n<meta property=\"og:type\" content=\"article\" \/>\n<meta property=\"og:title\" content=\"Double \u00c9tui Flottant - Avery\" \/>\n<meta property=\"og:description\" content=\"Vos deux armes seront en s\u00e9curit\u00e9, au sec et \u00e0 port\u00e9e de main lorsque vous en aurez besoin.\" \/>\n<meta property=\"og:url\" content=\"https:\/\/staging.lucky-hunter.com\/product\/avery-double-floating-sheath\/\" \/>\n<meta property=\"og:site_name\" content=\"Lucky-Hunter\" \/>\n<meta property=\"article:modified_time\" content=\"2025-08-24T15:07:19+00:00\" \/>\n<meta property=\"og:image\" content=\"https:\/\/staging.lucky-hunter.com\/wp-content\/uploads\/2022\/12\/PU-67.png\" \/>\n\t<meta property=\"og:image:width\" content=\"1000\" \/>\n\t<meta property=\"og:image:height\" content=\"1000\" \/>\n\t<meta property=\"og:image:type\" content=\"image\/png\" \/>\n<meta name=\"twitter:card\" content=\"summary_large_image\" \/>\n<meta name=\"twitter:label1\" content=\"Dur\u00e9e de lecture estim\u00e9e\" \/>\n\t<meta name=\"twitter:data1\" content=\"1 minute\" \/>\n<script type=\"application\/ld+json\" class=\"yoast-schema-graph\">{\"@context\":\"https:\/\/schema.org\",\"@graph\":[{\"@type\":\"WebPage\",\"@id\":\"https:\/\/staging.lucky-hunter.com\/product\/avery-double-floating-sheath\/\",\"url\":\"https:\/\/staging.lucky-hunter.com\/product\/avery-double-floating-sheath\/\",\"name\":\"Double \u00c9tui Flottant - Avery\",\"isPartOf\":{\"@id\":\"https:\/\/staging.lucky-hunter.com\/#website\"},\"primaryImageOfPage\":{\"@id\":\"https:\/\/staging.lucky-hunter.com\/product\/avery-double-floating-sheath\/#primaryimage\"},\"image\":{\"@id\":\"https:\/\/staging.lucky-hunter.com\/product\/avery-double-floating-sheath\/#primaryimage\"},\"thumbnailUrl\":\"https:\/\/staging.lucky-hunter.com\/wp-content\/uploads\/2022\/12\/PU-67.png\",\"datePublished\":\"2022-12-15T13:03:04+00:00\",\"dateModified\":\"2025-08-24T15:07:19+00:00\",\"description\":\"Vos deux armes seront en s\u00e9curit\u00e9, au sec et \u00e0 port\u00e9e de main lorsque vous en aurez besoin.\",\"breadcrumb\":{\"@id\":\"https:\/\/staging.lucky-hunter.com\/product\/avery-double-floating-sheath\/#breadcrumb\"},\"inLanguage\":\"fr-FR\",\"potentialAction\":[{\"@type\":\"ReadAction\",\"target\":[\"https:\/\/staging.lucky-hunter.com\/product\/avery-double-floating-sheath\/\"]}]},{\"@type\":\"ImageObject\",\"inLanguage\":\"fr-FR\",\"@id\":\"https:\/\/staging.lucky-hunter.com\/product\/avery-double-floating-sheath\/#primaryimage\",\"url\":\"https:\/\/staging.lucky-hunter.com\/wp-content\/uploads\/2022\/12\/PU-67.png\",\"contentUrl\":\"https:\/\/staging.lucky-hunter.com\/wp-content\/uploads\/2022\/12\/PU-67.png\",\"width\":1000,\"height\":1000},{\"@type\":\"BreadcrumbList\",\"@id\":\"https:\/\/staging.lucky-hunter.com\/product\/avery-double-floating-sheath\/#breadcrumb\",\"itemListElement\":[{\"@type\":\"ListItem\",\"position\":1,\"name\":\"Home\",\"item\":\"https:\/\/staging.lucky-hunter.com\/fr\/\"},{\"@type\":\"ListItem\",\"position\":2,\"name\":\"Boutique\",\"item\":\"https:\/\/staging.lucky-hunter.com\/fr\/shop\/\"},{\"@type\":\"ListItem\",\"position\":3,\"name\":\"Double \u00c9tui Flottant &#8211; Avery\"}]},{\"@type\":\"WebSite\",\"@id\":\"https:\/\/staging.lucky-hunter.com\/#website\",\"url\":\"https:\/\/staging.lucky-hunter.com\/\",\"name\":\"Lucky-Hunter\",\"description\":\"Gear Up or Give Up\",\"potentialAction\":[{\"@type\":\"SearchAction\",\"target\":{\"@type\":\"EntryPoint\",\"urlTemplate\":\"https:\/\/staging.lucky-hunter.com\/?s={search_term_string}\"},\"query-input\":{\"@type\":\"PropertyValueSpecification\",\"valueRequired\":true,\"valueName\":\"search_term_string\"}}],\"inLanguage\":\"fr-FR\"}]}<\/script>\n<!-- \/ Yoast SEO plugin. -->","yoast_head_json":{"title":"Double \u00c9tui Flottant - Avery","description":"Vos deux armes seront en s\u00e9curit\u00e9, au sec et \u00e0 port\u00e9e de main lorsque vous en aurez besoin.","robots":{"index":"noindex","follow":"follow","max-snippet":"max-snippet:-1","max-image-preview":"max-image-preview:large","max-video-preview":"max-video-preview:-1"},"og_locale":"fr_FR","og_type":"article","og_title":"Double \u00c9tui Flottant - Avery","og_description":"Vos deux armes seront en s\u00e9curit\u00e9, au sec et \u00e0 port\u00e9e de main lorsque vous en aurez besoin.","og_url":"https:\/\/staging.lucky-hunter.com\/product\/avery-double-floating-sheath\/","og_site_name":"Lucky-Hunter","article_modified_time":"2025-08-24T15:07:19+00:00","og_image":[{"width":1000,"height":1000,"url":"https:\/\/staging.lucky-hunter.com\/wp-content\/uploads\/2022\/12\/PU-67.png","type":"image\/png"}],"twitter_card":"summary_large_image","twitter_misc":{"Dur\u00e9e de lecture estim\u00e9e":"1 minute"},"schema":{"@context":"https:\/\/schema.org","@graph":[{"@type":"WebPage","@id":"https:\/\/staging.lucky-hunter.com\/product\/avery-double-floating-sheath\/","url":"https:\/\/staging.lucky-hunter.com\/product\/avery-double-floating-sheath\/","name":"Double \u00c9tui Flottant - Avery","isPartOf":{"@id":"https:\/\/staging.lucky-hunter.com\/#website"},"primaryImageOfPage":{"@id":"https:\/\/staging.lucky-hunter.com\/product\/avery-double-floating-sheath\/#primaryimage"},"image":{"@id":"https:\/\/staging.lucky-hunter.com\/product\/avery-double-floating-sheath\/#primaryimage"},"thumbnailUrl":"https:\/\/staging.lucky-hunter.com\/wp-content\/uploads\/2022\/12\/PU-67.png","datePublished":"2022-12-15T13:03:04+00:00","dateModified":"2025-08-24T15:07:19+00:00","description":"Vos deux armes seront en s\u00e9curit\u00e9, au sec et \u00e0 port\u00e9e de main lorsque vous en aurez besoin.","breadcrumb":{"@id":"https:\/\/staging.lucky-hunter.com\/product\/avery-double-floating-sheath\/#breadcrumb"},"inLanguage":"fr-FR","potentialAction":[{"@type":"ReadAction","target":["https:\/\/staging.lucky-hunter.com\/product\/avery-double-floating-sheath\/"]}]},{"@type":"ImageObject","inLanguage":"fr-FR","@id":"https:\/\/staging.lucky-hunter.com\/product\/avery-double-floating-sheath\/#primaryimage","url":"https:\/\/staging.lucky-hunter.com\/wp-content\/uploads\/2022\/12\/PU-67.png","contentUrl":"https:\/\/staging.lucky-hunter.com\/wp-content\/uploads\/2022\/12\/PU-67.png","width":1000,"height":1000},{"@type":"BreadcrumbList","@id":"https:\/\/staging.lucky-hunter.com\/product\/avery-double-floating-sheath\/#breadcrumb","itemListElement":[{"@type":"ListItem","position":1,"name":"Home","item":"https:\/\/staging.lucky-hunter.com\/fr\/"},{"@type":"ListItem","position":2,"name":"Boutique","item":"https:\/\/staging.lucky-hunter.com\/fr\/shop\/"},{"@type":"ListItem","position":3,"name":"Double \u00c9tui Flottant &#8211; Avery"}]},{"@type":"WebSite","@id":"https:\/\/staging.lucky-hunter.com\/#website","url":"https:\/\/staging.lucky-hunter.com\/","name":"Lucky-Hunter","description":"Gear Up or Give Up","potentialAction":[{"@type":"SearchAction","target":{"@type":"EntryPoint","urlTemplate":"https:\/\/staging.lucky-hunter.com\/?s={search_term_string}"},"query-input":{"@type":"PropertyValueSpecification","valueRequired":true,"valueName":"search_term_string"}}],"inLanguage":"fr-FR"}]}},"_links":{"self":[{"href":"https:\/\/staging.lucky-hunter.com\/fr\/wp-json\/wp\/v2\/product\/55640"}],"collection":[{"href":"https:\/\/staging.lucky-hunter.com\/fr\/wp-json\/wp\/v2\/product"}],"about":[{"href":"https:\/\/staging.lucky-hunter.com\/fr\/wp-json\/wp\/v2\/types\/product"}],"wp:featuredmedia":[{"embeddable":true,"href":"https:\/\/staging.lucky-hunter.com\/fr\/wp-json\/wp\/v2\/media\/55104"}],"wp:attachment":[{"href":"https:\/\/staging.lucky-hunter.com\/fr\/wp-json\/wp\/v2\/media?parent=55640"}],"wp:term":[{"taxonomy":"product_brand","embeddable":true,"href":"https:\/\/staging.lucky-hunter.com\/fr\/wp-json\/wp\/v2\/product_brand?post=55640"},{"taxonomy":"product_cat","embeddable":true,"href":"https:\/\/staging.lucky-hunter.com\/fr\/wp-json\/wp\/v2\/product_cat?post=55640"},{"taxonomy":"product_tag","embeddable":true,"href":"https:\/\/staging.lucky-hunter.com\/fr\/wp-json\/wp\/v2\/product_tag?post=55640"}],"curies":[{"name":"wp","href":"https:\/\/api.w.org\/{rel}","templated":true}]}}