{"id":55458,"date":"2021-05-15T14:00:05","date_gmt":"2021-05-15T12:00:05","guid":{"rendered":"https:\/\/staging.lucky-hunter.com\/product\/rigem-right-bloodline-dog-vest-white\/"},"modified":"2025-06-26T14:02:50","modified_gmt":"2025-06-26T12:02:50","slug":"gilet-pour-chien-rigem-right-bloodline-blanc","status":"publish","type":"product","link":"https:\/\/staging.lucky-hunter.com\/fr\/product\/gilet-pour-chien-rigem-right-bloodline-blanc\/","title":{"rendered":"Gilet pour Chien &#8211; Rig&#8217;Em Right Bloodline Blanc"},"content":{"rendered":"<h2><strong>Rig\u2019Em Right dispose sans conteste du meilleur gilet pour chien sur le march\u00e9<\/strong><\/h2>\n<p>Le gilet pour chien Bloodline Elite de Rig\u2019Em Right\u00ae Waterfowl offre la meilleure protection possible \u00e0 votre fid\u00e8le compagnon de chasse.<\/p>\n<p>Ce gilet pour chien grand luxe a une coupe athl\u00e9tique autour du cou et entre les pattes avant pour offrir une meilleure mobilit\u00e9 sans frotter ni se froisser.<\/p>\n<p>Il b\u00e9n\u00e9ficie d\u2019un design unique \u00e0 3 couches\u00a0: une premi\u00e8re couche en n\u00e9opr\u00e8ne de 3 mm \u2013 pr\u00e8s du corps pour plus de chaleur et de confort\u00a0\u2013, une fine couche de mousse pour plus de flottabilit\u00e9, et une couche ext\u00e9rieure en toile r\u00e9sistante pour la protection contre les broussailles et les ronces.<\/p>\n<p>Une fine couche de mousse pour plus de flottabilit\u00e9 et une couche ext\u00e9rieure en toile r\u00e9sistante pour la protection contre les broussailles et les ronces.<\/p>\n<p>Il comprend \u00e9galement 5 mm de n\u00e9opr\u00e8ne sur toute la poitrine pour plus de flexibilit\u00e9 et de chaleur, ainsi qu\u2019une poign\u00e9e tress\u00e9e robuste pour aider votre compagnon \u00e0 revenir dans l\u2019aff\u00fbt.<\/p>\n<p>La couleur blanche est parfaite pour la chasse \u00e0 l&#8217;oie lorsque les cygnes descendent du nord et que vous utilisez le camouflage blanc sur l\u2019aff\u00fbt couch\u00e9.<\/p>\n<p><strong>Guide des tailles :<\/strong><\/p>\n<p>Medium : Poitrine 66 cm * \u2013 Col 56 cm<\/p>\n<p>Large :\u00a0 Poitrine 71 cm * \u2013 Cou 62 cm<\/p>\n<p>X-Large\u00a0: Poitrine 76 cm * \u2013 Col 63,5 cm<\/p>\n<p>XX-Large\u00a0: Poitrine 84 cm* \u2013 Col 71 cm<\/p>\n<p><em>* La mesure doit \u00eatre prise juste derri\u00e8re les pattes avant, en mesurant la distance totale autour de la poitrine de votre chien \u00e0 l\u2019endroit le plus large.<\/em><\/p>\n","protected":false},"excerpt":{"rendered":"<p>Le gilet pour chien Bloodline Elite de Rig&#8217;Em Right\u00ae Waterfowl offre la meilleure protection possible \u00e0 votre fid\u00e8le compagnon de chasse.<\/p>\n","protected":false},"featured_media":30265,"template":"","meta":[],"product_brand":[8127],"product_cat":[8259],"product_tag":[9446,9235],"yoast_head":"<!-- This site is optimized with the Yoast SEO plugin v24.3 - https:\/\/yoast.com\/wordpress\/plugins\/seo\/ -->\n<title>Gilet pour Chien - Rig&#039;Em Right Bloodline Blanc<\/title>\n<meta name=\"description\" content=\"Le gilet pour chien Bloodline Elite de Rig&#039;Em Right\u00ae Waterfowl offre la meilleure protection possible \u00e0 votre fid\u00e8le compagnon de chasse.\" \/>\n<meta name=\"robots\" content=\"noindex, follow, max-snippet:-1, max-image-preview:large, max-video-preview:-1\" \/>\n<meta property=\"og:locale\" content=\"fr_FR\" \/>\n<meta property=\"og:type\" content=\"article\" \/>\n<meta property=\"og:title\" content=\"Gilet pour Chien - Rig&#039;Em Right Bloodline Blanc\" \/>\n<meta property=\"og:description\" content=\"Le gilet pour chien Bloodline Elite de Rig&#039;Em Right\u00ae Waterfowl offre la meilleure protection possible \u00e0 votre fid\u00e8le compagnon de chasse.\" \/>\n<meta property=\"og:url\" content=\"https:\/\/staging.lucky-hunter.com\/fr\/product\/gilet-pour-chien-rigem-right-bloodline-blanc\/\" \/>\n<meta property=\"og:site_name\" content=\"Lucky-Hunter\" \/>\n<meta property=\"article:modified_time\" content=\"2025-06-26T12:02:50+00:00\" \/>\n<meta property=\"og:image\" content=\"https:\/\/staging.lucky-hunter.com\/wp-content\/uploads\/2021\/05\/JH-226-W.png\" \/>\n\t<meta property=\"og:image:width\" content=\"1000\" \/>\n\t<meta property=\"og:image:height\" content=\"1000\" \/>\n\t<meta property=\"og:image:type\" content=\"image\/png\" \/>\n<meta name=\"twitter:card\" content=\"summary_large_image\" \/>\n<meta name=\"twitter:label1\" content=\"Dur\u00e9e de lecture estim\u00e9e\" \/>\n\t<meta name=\"twitter:data1\" content=\"2 minutes\" \/>\n<script type=\"application\/ld+json\" class=\"yoast-schema-graph\">{\"@context\":\"https:\/\/schema.org\",\"@graph\":[{\"@type\":\"WebPage\",\"@id\":\"https:\/\/staging.lucky-hunter.com\/fr\/product\/gilet-pour-chien-rigem-right-bloodline-blanc\/\",\"url\":\"https:\/\/staging.lucky-hunter.com\/fr\/product\/gilet-pour-chien-rigem-right-bloodline-blanc\/\",\"name\":\"Gilet pour Chien - Rig'Em Right Bloodline Blanc\",\"isPartOf\":{\"@id\":\"https:\/\/staging.lucky-hunter.com\/#website\"},\"primaryImageOfPage\":{\"@id\":\"https:\/\/staging.lucky-hunter.com\/fr\/product\/gilet-pour-chien-rigem-right-bloodline-blanc\/#primaryimage\"},\"image\":{\"@id\":\"https:\/\/staging.lucky-hunter.com\/fr\/product\/gilet-pour-chien-rigem-right-bloodline-blanc\/#primaryimage\"},\"thumbnailUrl\":\"https:\/\/staging.lucky-hunter.com\/wp-content\/uploads\/2021\/05\/JH-226-W.png\",\"datePublished\":\"2021-05-15T12:00:05+00:00\",\"dateModified\":\"2025-06-26T12:02:50+00:00\",\"description\":\"Le gilet pour chien Bloodline Elite de Rig'Em Right\u00ae Waterfowl offre la meilleure protection possible \u00e0 votre fid\u00e8le compagnon de chasse.\",\"breadcrumb\":{\"@id\":\"https:\/\/staging.lucky-hunter.com\/fr\/product\/gilet-pour-chien-rigem-right-bloodline-blanc\/#breadcrumb\"},\"inLanguage\":\"fr-FR\",\"potentialAction\":[{\"@type\":\"ReadAction\",\"target\":[\"https:\/\/staging.lucky-hunter.com\/fr\/product\/gilet-pour-chien-rigem-right-bloodline-blanc\/\"]}]},{\"@type\":\"ImageObject\",\"inLanguage\":\"fr-FR\",\"@id\":\"https:\/\/staging.lucky-hunter.com\/fr\/product\/gilet-pour-chien-rigem-right-bloodline-blanc\/#primaryimage\",\"url\":\"https:\/\/staging.lucky-hunter.com\/wp-content\/uploads\/2021\/05\/JH-226-W.png\",\"contentUrl\":\"https:\/\/staging.lucky-hunter.com\/wp-content\/uploads\/2021\/05\/JH-226-W.png\",\"width\":1000,\"height\":1000},{\"@type\":\"BreadcrumbList\",\"@id\":\"https:\/\/staging.lucky-hunter.com\/fr\/product\/gilet-pour-chien-rigem-right-bloodline-blanc\/#breadcrumb\",\"itemListElement\":[{\"@type\":\"ListItem\",\"position\":1,\"name\":\"Home\",\"item\":\"https:\/\/staging.lucky-hunter.com\/fr\/\"},{\"@type\":\"ListItem\",\"position\":2,\"name\":\"Boutique\",\"item\":\"https:\/\/staging.lucky-hunter.com\/fr\/shop\/\"},{\"@type\":\"ListItem\",\"position\":3,\"name\":\"Gilet pour Chien &#8211; Rig&#8217;Em Right Bloodline Blanc\"}]},{\"@type\":\"WebSite\",\"@id\":\"https:\/\/staging.lucky-hunter.com\/#website\",\"url\":\"https:\/\/staging.lucky-hunter.com\/\",\"name\":\"Lucky-Hunter\",\"description\":\"Gear Up or Give Up\",\"potentialAction\":[{\"@type\":\"SearchAction\",\"target\":{\"@type\":\"EntryPoint\",\"urlTemplate\":\"https:\/\/staging.lucky-hunter.com\/?s={search_term_string}\"},\"query-input\":{\"@type\":\"PropertyValueSpecification\",\"valueRequired\":true,\"valueName\":\"search_term_string\"}}],\"inLanguage\":\"fr-FR\"}]}<\/script>\n<!-- \/ Yoast SEO plugin. -->","yoast_head_json":{"title":"Gilet pour Chien - Rig'Em Right Bloodline Blanc","description":"Le gilet pour chien Bloodline Elite de Rig'Em Right\u00ae Waterfowl offre la meilleure protection possible \u00e0 votre fid\u00e8le compagnon de chasse.","robots":{"index":"noindex","follow":"follow","max-snippet":"max-snippet:-1","max-image-preview":"max-image-preview:large","max-video-preview":"max-video-preview:-1"},"og_locale":"fr_FR","og_type":"article","og_title":"Gilet pour Chien - Rig'Em Right Bloodline Blanc","og_description":"Le gilet pour chien Bloodline Elite de Rig'Em Right\u00ae Waterfowl offre la meilleure protection possible \u00e0 votre fid\u00e8le compagnon de chasse.","og_url":"https:\/\/staging.lucky-hunter.com\/fr\/product\/gilet-pour-chien-rigem-right-bloodline-blanc\/","og_site_name":"Lucky-Hunter","article_modified_time":"2025-06-26T12:02:50+00:00","og_image":[{"width":1000,"height":1000,"url":"https:\/\/staging.lucky-hunter.com\/wp-content\/uploads\/2021\/05\/JH-226-W.png","type":"image\/png"}],"twitter_card":"summary_large_image","twitter_misc":{"Dur\u00e9e de lecture estim\u00e9e":"2 minutes"},"schema":{"@context":"https:\/\/schema.org","@graph":[{"@type":"WebPage","@id":"https:\/\/staging.lucky-hunter.com\/fr\/product\/gilet-pour-chien-rigem-right-bloodline-blanc\/","url":"https:\/\/staging.lucky-hunter.com\/fr\/product\/gilet-pour-chien-rigem-right-bloodline-blanc\/","name":"Gilet pour Chien - Rig'Em Right Bloodline Blanc","isPartOf":{"@id":"https:\/\/staging.lucky-hunter.com\/#website"},"primaryImageOfPage":{"@id":"https:\/\/staging.lucky-hunter.com\/fr\/product\/gilet-pour-chien-rigem-right-bloodline-blanc\/#primaryimage"},"image":{"@id":"https:\/\/staging.lucky-hunter.com\/fr\/product\/gilet-pour-chien-rigem-right-bloodline-blanc\/#primaryimage"},"thumbnailUrl":"https:\/\/staging.lucky-hunter.com\/wp-content\/uploads\/2021\/05\/JH-226-W.png","datePublished":"2021-05-15T12:00:05+00:00","dateModified":"2025-06-26T12:02:50+00:00","description":"Le gilet pour chien Bloodline Elite de Rig'Em Right\u00ae Waterfowl offre la meilleure protection possible \u00e0 votre fid\u00e8le compagnon de chasse.","breadcrumb":{"@id":"https:\/\/staging.lucky-hunter.com\/fr\/product\/gilet-pour-chien-rigem-right-bloodline-blanc\/#breadcrumb"},"inLanguage":"fr-FR","potentialAction":[{"@type":"ReadAction","target":["https:\/\/staging.lucky-hunter.com\/fr\/product\/gilet-pour-chien-rigem-right-bloodline-blanc\/"]}]},{"@type":"ImageObject","inLanguage":"fr-FR","@id":"https:\/\/staging.lucky-hunter.com\/fr\/product\/gilet-pour-chien-rigem-right-bloodline-blanc\/#primaryimage","url":"https:\/\/staging.lucky-hunter.com\/wp-content\/uploads\/2021\/05\/JH-226-W.png","contentUrl":"https:\/\/staging.lucky-hunter.com\/wp-content\/uploads\/2021\/05\/JH-226-W.png","width":1000,"height":1000},{"@type":"BreadcrumbList","@id":"https:\/\/staging.lucky-hunter.com\/fr\/product\/gilet-pour-chien-rigem-right-bloodline-blanc\/#breadcrumb","itemListElement":[{"@type":"ListItem","position":1,"name":"Home","item":"https:\/\/staging.lucky-hunter.com\/fr\/"},{"@type":"ListItem","position":2,"name":"Boutique","item":"https:\/\/staging.lucky-hunter.com\/fr\/shop\/"},{"@type":"ListItem","position":3,"name":"Gilet pour Chien &#8211; Rig&#8217;Em Right Bloodline Blanc"}]},{"@type":"WebSite","@id":"https:\/\/staging.lucky-hunter.com\/#website","url":"https:\/\/staging.lucky-hunter.com\/","name":"Lucky-Hunter","description":"Gear Up or Give Up","potentialAction":[{"@type":"SearchAction","target":{"@type":"EntryPoint","urlTemplate":"https:\/\/staging.lucky-hunter.com\/?s={search_term_string}"},"query-input":{"@type":"PropertyValueSpecification","valueRequired":true,"valueName":"search_term_string"}}],"inLanguage":"fr-FR"}]}},"_links":{"self":[{"href":"https:\/\/staging.lucky-hunter.com\/fr\/wp-json\/wp\/v2\/product\/55458"}],"collection":[{"href":"https:\/\/staging.lucky-hunter.com\/fr\/wp-json\/wp\/v2\/product"}],"about":[{"href":"https:\/\/staging.lucky-hunter.com\/fr\/wp-json\/wp\/v2\/types\/product"}],"wp:featuredmedia":[{"embeddable":true,"href":"https:\/\/staging.lucky-hunter.com\/fr\/wp-json\/wp\/v2\/media\/30265"}],"wp:attachment":[{"href":"https:\/\/staging.lucky-hunter.com\/fr\/wp-json\/wp\/v2\/media?parent=55458"}],"wp:term":[{"taxonomy":"product_brand","embeddable":true,"href":"https:\/\/staging.lucky-hunter.com\/fr\/wp-json\/wp\/v2\/product_brand?post=55458"},{"taxonomy":"product_cat","embeddable":true,"href":"https:\/\/staging.lucky-hunter.com\/fr\/wp-json\/wp\/v2\/product_cat?post=55458"},{"taxonomy":"product_tag","embeddable":true,"href":"https:\/\/staging.lucky-hunter.com\/fr\/wp-json\/wp\/v2\/product_tag?post=55458"}],"curies":[{"name":"wp","href":"https:\/\/api.w.org\/{rel}","templated":true}]}}