{"id":55424,"date":"2022-12-22T14:36:41","date_gmt":"2022-12-22T13:36:41","guid":{"rendered":"https:\/\/staging.lucky-hunter.com\/product\/banded-impact-gun-bag-max7\/"},"modified":"2023-03-14T15:03:54","modified_gmt":"2023-03-14T14:03:54","slug":"banded-impact-gun-bag-max7","status":"publish","type":"product","link":"https:\/\/staging.lucky-hunter.com\/fr\/product\/banded-impact-gun-bag-max7\/","title":{"rendered":"Sac \u00e0 pistolet &#8220;Impact&#8221; \u00e0 bandes &#8211; Max7"},"content":{"rendered":"<h1>The Banded Impact Gun Bag &#8211; Meilleur rapport qualit\u00e9-prix<\/h1>\n<p>Le sac \u00e0 pistolet Banded Impact offre un excellent rapport qualit\u00e9-prix\u00a0! Vous obtenez un \u00e9tui \u00e0 fusil flottant de base avec des fonctionnalit\u00e9s normalement trouv\u00e9es sur les mod\u00e8les haut de gamme. Poign\u00e9es de transport et bandouli\u00e8re rembourr\u00e9es incluses et poche de rangement lat\u00e9rale.<br \/>\nLe sac Impact est disponible dans le c\u00e9l\u00e8bre camouflage Max7 et offre un tr\u00e8s bon rapport qualit\u00e9-prix.<\/p>\n<p><strong>Caract\u00e9ristiques principales\u00a0:<\/strong><\/p>\n<ul>\n<li>Le tissu ext\u00e9rieur 900D robuste est r\u00e9sistant aux intemp\u00e9ries et aux d\u00e9chirures<\/li>\n<li>Poign\u00e9es de transport centrales et bandouli\u00e8re rembourr\u00e9e pour le transport<\/li>\n<li>La poche de rangement contient l&#8217;\u00e9quipement essentiel<\/li>\n<li>Fermeture \u00e0 boucle facile d&#8217;acc\u00e8s<\/li>\n<li>Comprend une mousse de flottaison \u00e0 cellules ferm\u00e9es non absorbante<\/li>\n<li>Convient aux pistolets jusqu&#8217;\u00e0 132 cm de long<\/li>\n<\/ul>\n","protected":false},"excerpt":{"rendered":"<p>Souhaitez-vous un sac d&#8217;arme bon march\u00e9 sans faire de compromis sur les fonctionnalit\u00e9s ? Alors c&#8217;est celui qu&#8217;il vous faut ! La mallette est \u00e0 la fois flottante et a des poches de rangement<\/p>\n","protected":false},"featured_media":55235,"template":"","meta":[],"product_brand":[8137],"product_cat":[9355],"product_tag":[],"yoast_head":"<!-- This site is optimized with the Yoast SEO plugin v24.3 - https:\/\/yoast.com\/wordpress\/plugins\/seo\/ -->\n<title>| D\u00e9couvrez nos accessoires de chasse<\/title>\n<meta name=\"description\" content=\"Souhaitez-vous un sac d&#039;arme bon march\u00e9 sans faire de compromis sur les fonctionnalit\u00e9s ? Alors c&#039;est celui qu&#039;il vous faut ! La mallette est \u00e0 la fois flottante et a des poches de rangement\" \/>\n<meta name=\"robots\" content=\"noindex, follow, max-snippet:-1, max-image-preview:large, max-video-preview:-1\" \/>\n<meta property=\"og:locale\" content=\"fr_FR\" \/>\n<meta property=\"og:type\" content=\"article\" \/>\n<meta property=\"og:title\" content=\"| D\u00e9couvrez nos accessoires de chasse\" \/>\n<meta property=\"og:description\" content=\"Souhaitez-vous un sac d&#039;arme bon march\u00e9 sans faire de compromis sur les fonctionnalit\u00e9s ? Alors c&#039;est celui qu&#039;il vous faut ! La mallette est \u00e0 la fois flottante et a des poches de rangement\" \/>\n<meta property=\"og:url\" content=\"https:\/\/staging.lucky-hunter.com\/product\/banded-impact-sheath-max7\/\" \/>\n<meta property=\"og:site_name\" content=\"Lucky-Hunter\" \/>\n<meta property=\"article:modified_time\" content=\"2023-03-14T14:03:54+00:00\" \/>\n<meta property=\"og:image\" content=\"https:\/\/staging.lucky-hunter.com\/wp-content\/uploads\/2022\/12\/PU-546.png\" \/>\n\t<meta property=\"og:image:width\" content=\"1000\" \/>\n\t<meta property=\"og:image:height\" content=\"1000\" \/>\n\t<meta property=\"og:image:type\" content=\"image\/png\" \/>\n<meta name=\"twitter:card\" content=\"summary_large_image\" \/>\n<meta name=\"twitter:label1\" content=\"Dur\u00e9e de lecture estim\u00e9e\" \/>\n\t<meta name=\"twitter:data1\" content=\"1 minute\" \/>\n<script type=\"application\/ld+json\" class=\"yoast-schema-graph\">{\"@context\":\"https:\/\/schema.org\",\"@graph\":[{\"@type\":\"WebPage\",\"@id\":\"https:\/\/staging.lucky-hunter.com\/product\/banded-impact-sheath-max7\/\",\"url\":\"https:\/\/staging.lucky-hunter.com\/product\/banded-impact-sheath-max7\/\",\"name\":\"| D\u00e9couvrez nos accessoires de chasse\",\"isPartOf\":{\"@id\":\"https:\/\/staging.lucky-hunter.com\/#website\"},\"primaryImageOfPage\":{\"@id\":\"https:\/\/staging.lucky-hunter.com\/product\/banded-impact-sheath-max7\/#primaryimage\"},\"image\":{\"@id\":\"https:\/\/staging.lucky-hunter.com\/product\/banded-impact-sheath-max7\/#primaryimage\"},\"thumbnailUrl\":\"https:\/\/staging.lucky-hunter.com\/wp-content\/uploads\/2022\/12\/PU-546.png\",\"datePublished\":\"2022-12-22T13:36:41+00:00\",\"dateModified\":\"2023-03-14T14:03:54+00:00\",\"description\":\"Souhaitez-vous un sac d'arme bon march\u00e9 sans faire de compromis sur les fonctionnalit\u00e9s ? Alors c'est celui qu'il vous faut ! La mallette est \u00e0 la fois flottante et a des poches de rangement\",\"breadcrumb\":{\"@id\":\"https:\/\/staging.lucky-hunter.com\/product\/banded-impact-sheath-max7\/#breadcrumb\"},\"inLanguage\":\"fr-FR\",\"potentialAction\":[{\"@type\":\"ReadAction\",\"target\":[\"https:\/\/staging.lucky-hunter.com\/product\/banded-impact-sheath-max7\/\"]}]},{\"@type\":\"ImageObject\",\"inLanguage\":\"fr-FR\",\"@id\":\"https:\/\/staging.lucky-hunter.com\/product\/banded-impact-sheath-max7\/#primaryimage\",\"url\":\"https:\/\/staging.lucky-hunter.com\/wp-content\/uploads\/2022\/12\/PU-546.png\",\"contentUrl\":\"https:\/\/staging.lucky-hunter.com\/wp-content\/uploads\/2022\/12\/PU-546.png\",\"width\":1000,\"height\":1000,\"caption\":\"Impact gun bag\"},{\"@type\":\"BreadcrumbList\",\"@id\":\"https:\/\/staging.lucky-hunter.com\/product\/banded-impact-sheath-max7\/#breadcrumb\",\"itemListElement\":[{\"@type\":\"ListItem\",\"position\":1,\"name\":\"Home\",\"item\":\"https:\/\/staging.lucky-hunter.com\/fr\/\"},{\"@type\":\"ListItem\",\"position\":2,\"name\":\"Boutique\",\"item\":\"https:\/\/staging.lucky-hunter.com\/fr\/shop\/\"},{\"@type\":\"ListItem\",\"position\":3,\"name\":\"Sac \u00e0 pistolet &#8220;Impact&#8221; \u00e0 bandes &#8211; Max7\"}]},{\"@type\":\"WebSite\",\"@id\":\"https:\/\/staging.lucky-hunter.com\/#website\",\"url\":\"https:\/\/staging.lucky-hunter.com\/\",\"name\":\"Lucky-Hunter\",\"description\":\"Gear Up or Give Up\",\"potentialAction\":[{\"@type\":\"SearchAction\",\"target\":{\"@type\":\"EntryPoint\",\"urlTemplate\":\"https:\/\/staging.lucky-hunter.com\/?s={search_term_string}\"},\"query-input\":{\"@type\":\"PropertyValueSpecification\",\"valueRequired\":true,\"valueName\":\"search_term_string\"}}],\"inLanguage\":\"fr-FR\"}]}<\/script>\n<!-- \/ Yoast SEO plugin. -->","yoast_head_json":{"title":"| D\u00e9couvrez nos accessoires de chasse","description":"Souhaitez-vous un sac d'arme bon march\u00e9 sans faire de compromis sur les fonctionnalit\u00e9s ? Alors c'est celui qu'il vous faut ! La mallette est \u00e0 la fois flottante et a des poches de rangement","robots":{"index":"noindex","follow":"follow","max-snippet":"max-snippet:-1","max-image-preview":"max-image-preview:large","max-video-preview":"max-video-preview:-1"},"og_locale":"fr_FR","og_type":"article","og_title":"| D\u00e9couvrez nos accessoires de chasse","og_description":"Souhaitez-vous un sac d'arme bon march\u00e9 sans faire de compromis sur les fonctionnalit\u00e9s ? Alors c'est celui qu'il vous faut ! La mallette est \u00e0 la fois flottante et a des poches de rangement","og_url":"https:\/\/staging.lucky-hunter.com\/product\/banded-impact-sheath-max7\/","og_site_name":"Lucky-Hunter","article_modified_time":"2023-03-14T14:03:54+00:00","og_image":[{"width":1000,"height":1000,"url":"https:\/\/staging.lucky-hunter.com\/wp-content\/uploads\/2022\/12\/PU-546.png","type":"image\/png"}],"twitter_card":"summary_large_image","twitter_misc":{"Dur\u00e9e de lecture estim\u00e9e":"1 minute"},"schema":{"@context":"https:\/\/schema.org","@graph":[{"@type":"WebPage","@id":"https:\/\/staging.lucky-hunter.com\/product\/banded-impact-sheath-max7\/","url":"https:\/\/staging.lucky-hunter.com\/product\/banded-impact-sheath-max7\/","name":"| D\u00e9couvrez nos accessoires de chasse","isPartOf":{"@id":"https:\/\/staging.lucky-hunter.com\/#website"},"primaryImageOfPage":{"@id":"https:\/\/staging.lucky-hunter.com\/product\/banded-impact-sheath-max7\/#primaryimage"},"image":{"@id":"https:\/\/staging.lucky-hunter.com\/product\/banded-impact-sheath-max7\/#primaryimage"},"thumbnailUrl":"https:\/\/staging.lucky-hunter.com\/wp-content\/uploads\/2022\/12\/PU-546.png","datePublished":"2022-12-22T13:36:41+00:00","dateModified":"2023-03-14T14:03:54+00:00","description":"Souhaitez-vous un sac d'arme bon march\u00e9 sans faire de compromis sur les fonctionnalit\u00e9s ? Alors c'est celui qu'il vous faut ! La mallette est \u00e0 la fois flottante et a des poches de rangement","breadcrumb":{"@id":"https:\/\/staging.lucky-hunter.com\/product\/banded-impact-sheath-max7\/#breadcrumb"},"inLanguage":"fr-FR","potentialAction":[{"@type":"ReadAction","target":["https:\/\/staging.lucky-hunter.com\/product\/banded-impact-sheath-max7\/"]}]},{"@type":"ImageObject","inLanguage":"fr-FR","@id":"https:\/\/staging.lucky-hunter.com\/product\/banded-impact-sheath-max7\/#primaryimage","url":"https:\/\/staging.lucky-hunter.com\/wp-content\/uploads\/2022\/12\/PU-546.png","contentUrl":"https:\/\/staging.lucky-hunter.com\/wp-content\/uploads\/2022\/12\/PU-546.png","width":1000,"height":1000,"caption":"Impact gun bag"},{"@type":"BreadcrumbList","@id":"https:\/\/staging.lucky-hunter.com\/product\/banded-impact-sheath-max7\/#breadcrumb","itemListElement":[{"@type":"ListItem","position":1,"name":"Home","item":"https:\/\/staging.lucky-hunter.com\/fr\/"},{"@type":"ListItem","position":2,"name":"Boutique","item":"https:\/\/staging.lucky-hunter.com\/fr\/shop\/"},{"@type":"ListItem","position":3,"name":"Sac \u00e0 pistolet &#8220;Impact&#8221; \u00e0 bandes &#8211; Max7"}]},{"@type":"WebSite","@id":"https:\/\/staging.lucky-hunter.com\/#website","url":"https:\/\/staging.lucky-hunter.com\/","name":"Lucky-Hunter","description":"Gear Up or Give Up","potentialAction":[{"@type":"SearchAction","target":{"@type":"EntryPoint","urlTemplate":"https:\/\/staging.lucky-hunter.com\/?s={search_term_string}"},"query-input":{"@type":"PropertyValueSpecification","valueRequired":true,"valueName":"search_term_string"}}],"inLanguage":"fr-FR"}]}},"_links":{"self":[{"href":"https:\/\/staging.lucky-hunter.com\/fr\/wp-json\/wp\/v2\/product\/55424"}],"collection":[{"href":"https:\/\/staging.lucky-hunter.com\/fr\/wp-json\/wp\/v2\/product"}],"about":[{"href":"https:\/\/staging.lucky-hunter.com\/fr\/wp-json\/wp\/v2\/types\/product"}],"wp:featuredmedia":[{"embeddable":true,"href":"https:\/\/staging.lucky-hunter.com\/fr\/wp-json\/wp\/v2\/media\/55235"}],"wp:attachment":[{"href":"https:\/\/staging.lucky-hunter.com\/fr\/wp-json\/wp\/v2\/media?parent=55424"}],"wp:term":[{"taxonomy":"product_brand","embeddable":true,"href":"https:\/\/staging.lucky-hunter.com\/fr\/wp-json\/wp\/v2\/product_brand?post=55424"},{"taxonomy":"product_cat","embeddable":true,"href":"https:\/\/staging.lucky-hunter.com\/fr\/wp-json\/wp\/v2\/product_cat?post=55424"},{"taxonomy":"product_tag","embeddable":true,"href":"https:\/\/staging.lucky-hunter.com\/fr\/wp-json\/wp\/v2\/product_tag?post=55424"}],"curies":[{"name":"wp","href":"https:\/\/api.w.org\/{rel}","templated":true}]}}