{"id":55407,"date":"2021-10-03T17:11:36","date_gmt":"2021-10-03T15:11:36","guid":{"rendered":"https:\/\/staging.lucky-hunter.com\/product\/avery-yukon-full-face-hood-max5\/"},"modified":"2025-06-24T15:59:41","modified_gmt":"2025-06-24T13:59:41","slug":"cagoule-integrale-avery-yukon-max5","status":"publish","type":"product","link":"https:\/\/staging.lucky-hunter.com\/fr\/product\/cagoule-integrale-avery-yukon-max5\/","title":{"rendered":"Cagoule Int\u00e9grale Avery Yukon &#8211; Max5"},"content":{"rendered":"<p>Offrant une protection compl\u00e8te pour votre t\u00eate, la nouvelle Cagoule en Polaire Avery Yukon est con\u00e7ue pour les jours les plus froids.<\/p>\n<p>Votre cou, vos oreilles, votre bouche et votre t\u00eate seront prot\u00e9g\u00e9s du vent et des temp\u00e9ratures m\u00eame les plus basses.<\/p>\n<p><strong>Caract\u00e9ristiques\u00a0:<\/strong><\/p>\n<ul>\n<li>Doublure douce en tricot<\/li>\n<li>Cordon de serrage \u00e9lastique et serre-cordons<\/li>\n<li>Lamination imperm\u00e9able, coupe-vent et respirante<\/li>\n<li>Ext\u00e9rieur en polaire bross\u00e9e<\/li>\n<li>Taille unique.<\/li>\n<li>Double \u00e9paisseur au niveau du cou<\/li>\n<\/ul>\n","protected":false},"excerpt":{"rendered":"<p>Offrant une protection compl\u00e8te pour votre t\u00eate, la nouvelle Cagoule en Polaire Avery Yukon est con\u00e7ue pour les jours les plus froids.<\/p>\n","protected":false},"featured_media":30363,"template":"","meta":[],"product_brand":[8123],"product_cat":[9141],"product_tag":[],"yoast_head":"<!-- This site is optimized with the Yoast SEO plugin v24.3 - https:\/\/yoast.com\/wordpress\/plugins\/seo\/ -->\n<title>Cagoule Int\u00e9grale Avery Yukon - Max5. Imperm\u00e9able, coupe-vent et respirante<\/title>\n<meta name=\"description\" content=\"Offrant une protection compl\u00e8te pour votre t\u00eate, votre cou, vos oreilles et votre bouche - Avery Yukon est con\u00e7ue pour les jours les plus froids.\" \/>\n<meta name=\"robots\" content=\"noindex, follow, max-snippet:-1, max-image-preview:large, max-video-preview:-1\" \/>\n<meta property=\"og:locale\" content=\"fr_FR\" \/>\n<meta property=\"og:type\" content=\"article\" \/>\n<meta property=\"og:title\" content=\"Cagoule Int\u00e9grale Avery Yukon - Max5. Imperm\u00e9able, coupe-vent et respirante\" \/>\n<meta property=\"og:description\" content=\"Offrant une protection compl\u00e8te pour votre t\u00eate, votre cou, vos oreilles et votre bouche - Avery Yukon est con\u00e7ue pour les jours les plus froids.\" \/>\n<meta property=\"og:url\" content=\"https:\/\/staging.lucky-hunter.com\/product\/avery-yukon-full-face-hood-max5\/\" \/>\n<meta property=\"og:site_name\" content=\"Lucky-Hunter\" \/>\n<meta property=\"article:modified_time\" content=\"2025-06-24T13:59:41+00:00\" \/>\n<meta property=\"og:image\" content=\"https:\/\/staging.lucky-hunter.com\/wp-content\/uploads\/2021\/10\/PU-522.png\" \/>\n\t<meta property=\"og:image:width\" content=\"1000\" \/>\n\t<meta property=\"og:image:height\" content=\"1000\" \/>\n\t<meta property=\"og:image:type\" content=\"image\/png\" \/>\n<meta name=\"twitter:card\" content=\"summary_large_image\" \/>\n<meta name=\"twitter:label1\" content=\"Dur\u00e9e de lecture estim\u00e9e\" \/>\n\t<meta name=\"twitter:data1\" content=\"1 minute\" \/>\n<script type=\"application\/ld+json\" class=\"yoast-schema-graph\">{\"@context\":\"https:\/\/schema.org\",\"@graph\":[{\"@type\":\"WebPage\",\"@id\":\"https:\/\/staging.lucky-hunter.com\/product\/avery-yukon-full-face-hood-max5\/\",\"url\":\"https:\/\/staging.lucky-hunter.com\/product\/avery-yukon-full-face-hood-max5\/\",\"name\":\"Cagoule Int\u00e9grale Avery Yukon - Max5. Imperm\u00e9able, coupe-vent et respirante\",\"isPartOf\":{\"@id\":\"https:\/\/staging.lucky-hunter.com\/#website\"},\"primaryImageOfPage\":{\"@id\":\"https:\/\/staging.lucky-hunter.com\/product\/avery-yukon-full-face-hood-max5\/#primaryimage\"},\"image\":{\"@id\":\"https:\/\/staging.lucky-hunter.com\/product\/avery-yukon-full-face-hood-max5\/#primaryimage\"},\"thumbnailUrl\":\"https:\/\/staging.lucky-hunter.com\/wp-content\/uploads\/2021\/10\/PU-522.png\",\"datePublished\":\"2021-10-03T15:11:36+00:00\",\"dateModified\":\"2025-06-24T13:59:41+00:00\",\"description\":\"Offrant une protection compl\u00e8te pour votre t\u00eate, votre cou, vos oreilles et votre bouche - Avery Yukon est con\u00e7ue pour les jours les plus froids.\",\"breadcrumb\":{\"@id\":\"https:\/\/staging.lucky-hunter.com\/product\/avery-yukon-full-face-hood-max5\/#breadcrumb\"},\"inLanguage\":\"fr-FR\",\"potentialAction\":[{\"@type\":\"ReadAction\",\"target\":[\"https:\/\/staging.lucky-hunter.com\/product\/avery-yukon-full-face-hood-max5\/\"]}]},{\"@type\":\"ImageObject\",\"inLanguage\":\"fr-FR\",\"@id\":\"https:\/\/staging.lucky-hunter.com\/product\/avery-yukon-full-face-hood-max5\/#primaryimage\",\"url\":\"https:\/\/staging.lucky-hunter.com\/wp-content\/uploads\/2021\/10\/PU-522.png\",\"contentUrl\":\"https:\/\/staging.lucky-hunter.com\/wp-content\/uploads\/2021\/10\/PU-522.png\",\"width\":1000,\"height\":1000},{\"@type\":\"BreadcrumbList\",\"@id\":\"https:\/\/staging.lucky-hunter.com\/product\/avery-yukon-full-face-hood-max5\/#breadcrumb\",\"itemListElement\":[{\"@type\":\"ListItem\",\"position\":1,\"name\":\"Home\",\"item\":\"https:\/\/staging.lucky-hunter.com\/fr\/\"},{\"@type\":\"ListItem\",\"position\":2,\"name\":\"Boutique\",\"item\":\"https:\/\/staging.lucky-hunter.com\/fr\/shop\/\"},{\"@type\":\"ListItem\",\"position\":3,\"name\":\"Cagoule Int\u00e9grale Avery Yukon &#8211; Max5\"}]},{\"@type\":\"WebSite\",\"@id\":\"https:\/\/staging.lucky-hunter.com\/#website\",\"url\":\"https:\/\/staging.lucky-hunter.com\/\",\"name\":\"Lucky-Hunter\",\"description\":\"Gear Up or Give Up\",\"potentialAction\":[{\"@type\":\"SearchAction\",\"target\":{\"@type\":\"EntryPoint\",\"urlTemplate\":\"https:\/\/staging.lucky-hunter.com\/?s={search_term_string}\"},\"query-input\":{\"@type\":\"PropertyValueSpecification\",\"valueRequired\":true,\"valueName\":\"search_term_string\"}}],\"inLanguage\":\"fr-FR\"}]}<\/script>\n<!-- \/ Yoast SEO plugin. -->","yoast_head_json":{"title":"Cagoule Int\u00e9grale Avery Yukon - Max5. Imperm\u00e9able, coupe-vent et respirante","description":"Offrant une protection compl\u00e8te pour votre t\u00eate, votre cou, vos oreilles et votre bouche - Avery Yukon est con\u00e7ue pour les jours les plus froids.","robots":{"index":"noindex","follow":"follow","max-snippet":"max-snippet:-1","max-image-preview":"max-image-preview:large","max-video-preview":"max-video-preview:-1"},"og_locale":"fr_FR","og_type":"article","og_title":"Cagoule Int\u00e9grale Avery Yukon - Max5. Imperm\u00e9able, coupe-vent et respirante","og_description":"Offrant une protection compl\u00e8te pour votre t\u00eate, votre cou, vos oreilles et votre bouche - Avery Yukon est con\u00e7ue pour les jours les plus froids.","og_url":"https:\/\/staging.lucky-hunter.com\/product\/avery-yukon-full-face-hood-max5\/","og_site_name":"Lucky-Hunter","article_modified_time":"2025-06-24T13:59:41+00:00","og_image":[{"width":1000,"height":1000,"url":"https:\/\/staging.lucky-hunter.com\/wp-content\/uploads\/2021\/10\/PU-522.png","type":"image\/png"}],"twitter_card":"summary_large_image","twitter_misc":{"Dur\u00e9e de lecture estim\u00e9e":"1 minute"},"schema":{"@context":"https:\/\/schema.org","@graph":[{"@type":"WebPage","@id":"https:\/\/staging.lucky-hunter.com\/product\/avery-yukon-full-face-hood-max5\/","url":"https:\/\/staging.lucky-hunter.com\/product\/avery-yukon-full-face-hood-max5\/","name":"Cagoule Int\u00e9grale Avery Yukon - Max5. Imperm\u00e9able, coupe-vent et respirante","isPartOf":{"@id":"https:\/\/staging.lucky-hunter.com\/#website"},"primaryImageOfPage":{"@id":"https:\/\/staging.lucky-hunter.com\/product\/avery-yukon-full-face-hood-max5\/#primaryimage"},"image":{"@id":"https:\/\/staging.lucky-hunter.com\/product\/avery-yukon-full-face-hood-max5\/#primaryimage"},"thumbnailUrl":"https:\/\/staging.lucky-hunter.com\/wp-content\/uploads\/2021\/10\/PU-522.png","datePublished":"2021-10-03T15:11:36+00:00","dateModified":"2025-06-24T13:59:41+00:00","description":"Offrant une protection compl\u00e8te pour votre t\u00eate, votre cou, vos oreilles et votre bouche - Avery Yukon est con\u00e7ue pour les jours les plus froids.","breadcrumb":{"@id":"https:\/\/staging.lucky-hunter.com\/product\/avery-yukon-full-face-hood-max5\/#breadcrumb"},"inLanguage":"fr-FR","potentialAction":[{"@type":"ReadAction","target":["https:\/\/staging.lucky-hunter.com\/product\/avery-yukon-full-face-hood-max5\/"]}]},{"@type":"ImageObject","inLanguage":"fr-FR","@id":"https:\/\/staging.lucky-hunter.com\/product\/avery-yukon-full-face-hood-max5\/#primaryimage","url":"https:\/\/staging.lucky-hunter.com\/wp-content\/uploads\/2021\/10\/PU-522.png","contentUrl":"https:\/\/staging.lucky-hunter.com\/wp-content\/uploads\/2021\/10\/PU-522.png","width":1000,"height":1000},{"@type":"BreadcrumbList","@id":"https:\/\/staging.lucky-hunter.com\/product\/avery-yukon-full-face-hood-max5\/#breadcrumb","itemListElement":[{"@type":"ListItem","position":1,"name":"Home","item":"https:\/\/staging.lucky-hunter.com\/fr\/"},{"@type":"ListItem","position":2,"name":"Boutique","item":"https:\/\/staging.lucky-hunter.com\/fr\/shop\/"},{"@type":"ListItem","position":3,"name":"Cagoule Int\u00e9grale Avery Yukon &#8211; Max5"}]},{"@type":"WebSite","@id":"https:\/\/staging.lucky-hunter.com\/#website","url":"https:\/\/staging.lucky-hunter.com\/","name":"Lucky-Hunter","description":"Gear Up or Give Up","potentialAction":[{"@type":"SearchAction","target":{"@type":"EntryPoint","urlTemplate":"https:\/\/staging.lucky-hunter.com\/?s={search_term_string}"},"query-input":{"@type":"PropertyValueSpecification","valueRequired":true,"valueName":"search_term_string"}}],"inLanguage":"fr-FR"}]}},"_links":{"self":[{"href":"https:\/\/staging.lucky-hunter.com\/fr\/wp-json\/wp\/v2\/product\/55407"}],"collection":[{"href":"https:\/\/staging.lucky-hunter.com\/fr\/wp-json\/wp\/v2\/product"}],"about":[{"href":"https:\/\/staging.lucky-hunter.com\/fr\/wp-json\/wp\/v2\/types\/product"}],"wp:featuredmedia":[{"embeddable":true,"href":"https:\/\/staging.lucky-hunter.com\/fr\/wp-json\/wp\/v2\/media\/30363"}],"wp:attachment":[{"href":"https:\/\/staging.lucky-hunter.com\/fr\/wp-json\/wp\/v2\/media?parent=55407"}],"wp:term":[{"taxonomy":"product_brand","embeddable":true,"href":"https:\/\/staging.lucky-hunter.com\/fr\/wp-json\/wp\/v2\/product_brand?post=55407"},{"taxonomy":"product_cat","embeddable":true,"href":"https:\/\/staging.lucky-hunter.com\/fr\/wp-json\/wp\/v2\/product_cat?post=55407"},{"taxonomy":"product_tag","embeddable":true,"href":"https:\/\/staging.lucky-hunter.com\/fr\/wp-json\/wp\/v2\/product_tag?post=55407"}],"curies":[{"name":"wp","href":"https:\/\/api.w.org\/{rel}","templated":true}]}}