{"id":54664,"date":"2022-12-12T11:52:17","date_gmt":"2022-12-12T10:52:17","guid":{"rendered":"https:\/\/staging.lucky-hunter.com\/?post_type=product&#038;p=54664"},"modified":"2025-06-24T12:36:14","modified_gmt":"2025-06-24T10:36:14","slug":"banded-womens-polar-beanie-max7","status":"publish","type":"product","link":"https:\/\/staging.lucky-hunter.com\/fr\/product\/banded-womens-polar-beanie-max7\/","title":{"rendered":"Bonnet polaire \u00e0 bandes pour femmes &#8211; Max7"},"content":{"rendered":"<h2><strong>Bonnet d&#8217;hiver coupe-vent de Banded<\/strong><\/h2>\n<div>Comme vous le savez, la majeure partie de votre chaleur corporelle s\u2019\u00e9chappe par le haut de votre t\u00eate. Ce bonnet Banded en polaire, doux et coupe-vent, est donc parfait pour chasser lors des froides journ\u00e9es d\u2019hiver.<\/div>\n<div><\/div>\n<div>Le bonnet polaire Banded est fabriqu\u00e9 \u00e0 partir d&#8217;un mat\u00e9riau polaire bross\u00e9 doux et il est disponible en taille unique.<\/div>\n<div><\/div>\n<div>Logo Banded sur le devant<\/div>\n<div><\/div>\n<div><em>Caract\u00e9ristique suppl\u00e9mentaire &#8211; Ouverture \u00e0 l\u2019arri\u00e8re pour queue de cheval.<\/em><\/div>\n<div><\/div>\n<div>Camouflage Max7.<\/div>\n","protected":false},"excerpt":{"rendered":"<p>Le Bonnet Banded Hailstone offre confort, style et une protection incroyable contre les intemp\u00e9ries.<\/p>\n","protected":false},"featured_media":55055,"template":"","meta":[],"product_brand":[8137],"product_cat":[9271],"product_tag":[],"yoast_head":"<!-- This site is optimized with the Yoast SEO plugin v24.3 - https:\/\/yoast.com\/wordpress\/plugins\/seo\/ -->\n<title>Bonnet polaire \u00e0 bandes pour femmes - Max7<\/title>\n<meta name=\"description\" content=\"Fait par le fabricant am\u00e9ricain Banded, ce bonnet doux et coupe-vent en polaire est parfait pour la chasse lors des froides journ\u00e9es d&#039;hiver.\" \/>\n<meta name=\"robots\" content=\"noindex, follow, max-snippet:-1, max-image-preview:large, max-video-preview:-1\" \/>\n<meta property=\"og:locale\" content=\"fr_FR\" \/>\n<meta property=\"og:type\" content=\"article\" \/>\n<meta property=\"og:title\" content=\"Bonnet polaire \u00e0 bandes pour femmes - Max7\" \/>\n<meta property=\"og:description\" content=\"Fait par le fabricant am\u00e9ricain Banded, ce bonnet doux et coupe-vent en polaire est parfait pour la chasse lors des froides journ\u00e9es d&#039;hiver.\" \/>\n<meta property=\"og:url\" content=\"https:\/\/staging.lucky-hunter.com\/product\/banded-womens-polar-beanie-max7\/\" \/>\n<meta property=\"og:site_name\" content=\"Lucky-Hunter\" \/>\n<meta property=\"article:modified_time\" content=\"2025-06-24T10:36:14+00:00\" \/>\n<meta property=\"og:image\" content=\"https:\/\/staging.lucky-hunter.com\/wp-content\/uploads\/2022\/12\/JB-0522.png\" \/>\n\t<meta property=\"og:image:width\" content=\"1000\" \/>\n\t<meta property=\"og:image:height\" content=\"1000\" \/>\n\t<meta property=\"og:image:type\" content=\"image\/png\" \/>\n<meta name=\"twitter:card\" content=\"summary_large_image\" \/>\n<meta name=\"twitter:label1\" content=\"Dur\u00e9e de lecture estim\u00e9e\" \/>\n\t<meta name=\"twitter:data1\" content=\"1 minute\" \/>\n<script type=\"application\/ld+json\" class=\"yoast-schema-graph\">{\"@context\":\"https:\/\/schema.org\",\"@graph\":[{\"@type\":\"WebPage\",\"@id\":\"https:\/\/staging.lucky-hunter.com\/product\/banded-womens-polar-beanie-max7\/\",\"url\":\"https:\/\/staging.lucky-hunter.com\/product\/banded-womens-polar-beanie-max7\/\",\"name\":\"Bonnet polaire \u00e0 bandes pour femmes - Max7\",\"isPartOf\":{\"@id\":\"https:\/\/staging.lucky-hunter.com\/#website\"},\"primaryImageOfPage\":{\"@id\":\"https:\/\/staging.lucky-hunter.com\/product\/banded-womens-polar-beanie-max7\/#primaryimage\"},\"image\":{\"@id\":\"https:\/\/staging.lucky-hunter.com\/product\/banded-womens-polar-beanie-max7\/#primaryimage\"},\"thumbnailUrl\":\"https:\/\/staging.lucky-hunter.com\/wp-content\/uploads\/2022\/12\/JB-0522.png\",\"datePublished\":\"2022-12-12T10:52:17+00:00\",\"dateModified\":\"2025-06-24T10:36:14+00:00\",\"description\":\"Fait par le fabricant am\u00e9ricain Banded, ce bonnet doux et coupe-vent en polaire est parfait pour la chasse lors des froides journ\u00e9es d'hiver.\",\"breadcrumb\":{\"@id\":\"https:\/\/staging.lucky-hunter.com\/product\/banded-womens-polar-beanie-max7\/#breadcrumb\"},\"inLanguage\":\"fr-FR\",\"potentialAction\":[{\"@type\":\"ReadAction\",\"target\":[\"https:\/\/staging.lucky-hunter.com\/product\/banded-womens-polar-beanie-max7\/\"]}]},{\"@type\":\"ImageObject\",\"inLanguage\":\"fr-FR\",\"@id\":\"https:\/\/staging.lucky-hunter.com\/product\/banded-womens-polar-beanie-max7\/#primaryimage\",\"url\":\"https:\/\/staging.lucky-hunter.com\/wp-content\/uploads\/2022\/12\/JB-0522.png\",\"contentUrl\":\"https:\/\/staging.lucky-hunter.com\/wp-content\/uploads\/2022\/12\/JB-0522.png\",\"width\":1000,\"height\":1000},{\"@type\":\"BreadcrumbList\",\"@id\":\"https:\/\/staging.lucky-hunter.com\/product\/banded-womens-polar-beanie-max7\/#breadcrumb\",\"itemListElement\":[{\"@type\":\"ListItem\",\"position\":1,\"name\":\"Home\",\"item\":\"https:\/\/staging.lucky-hunter.com\/fr\/\"},{\"@type\":\"ListItem\",\"position\":2,\"name\":\"Boutique\",\"item\":\"https:\/\/staging.lucky-hunter.com\/fr\/shop\/\"},{\"@type\":\"ListItem\",\"position\":3,\"name\":\"Bonnet polaire \u00e0 bandes pour femmes &#8211; Max7\"}]},{\"@type\":\"WebSite\",\"@id\":\"https:\/\/staging.lucky-hunter.com\/#website\",\"url\":\"https:\/\/staging.lucky-hunter.com\/\",\"name\":\"Lucky-Hunter\",\"description\":\"Gear Up or Give Up\",\"potentialAction\":[{\"@type\":\"SearchAction\",\"target\":{\"@type\":\"EntryPoint\",\"urlTemplate\":\"https:\/\/staging.lucky-hunter.com\/?s={search_term_string}\"},\"query-input\":{\"@type\":\"PropertyValueSpecification\",\"valueRequired\":true,\"valueName\":\"search_term_string\"}}],\"inLanguage\":\"fr-FR\"}]}<\/script>\n<!-- \/ Yoast SEO plugin. -->","yoast_head_json":{"title":"Bonnet polaire \u00e0 bandes pour femmes - Max7","description":"Fait par le fabricant am\u00e9ricain Banded, ce bonnet doux et coupe-vent en polaire est parfait pour la chasse lors des froides journ\u00e9es d'hiver.","robots":{"index":"noindex","follow":"follow","max-snippet":"max-snippet:-1","max-image-preview":"max-image-preview:large","max-video-preview":"max-video-preview:-1"},"og_locale":"fr_FR","og_type":"article","og_title":"Bonnet polaire \u00e0 bandes pour femmes - Max7","og_description":"Fait par le fabricant am\u00e9ricain Banded, ce bonnet doux et coupe-vent en polaire est parfait pour la chasse lors des froides journ\u00e9es d'hiver.","og_url":"https:\/\/staging.lucky-hunter.com\/product\/banded-womens-polar-beanie-max7\/","og_site_name":"Lucky-Hunter","article_modified_time":"2025-06-24T10:36:14+00:00","og_image":[{"width":1000,"height":1000,"url":"https:\/\/staging.lucky-hunter.com\/wp-content\/uploads\/2022\/12\/JB-0522.png","type":"image\/png"}],"twitter_card":"summary_large_image","twitter_misc":{"Dur\u00e9e de lecture estim\u00e9e":"1 minute"},"schema":{"@context":"https:\/\/schema.org","@graph":[{"@type":"WebPage","@id":"https:\/\/staging.lucky-hunter.com\/product\/banded-womens-polar-beanie-max7\/","url":"https:\/\/staging.lucky-hunter.com\/product\/banded-womens-polar-beanie-max7\/","name":"Bonnet polaire \u00e0 bandes pour femmes - Max7","isPartOf":{"@id":"https:\/\/staging.lucky-hunter.com\/#website"},"primaryImageOfPage":{"@id":"https:\/\/staging.lucky-hunter.com\/product\/banded-womens-polar-beanie-max7\/#primaryimage"},"image":{"@id":"https:\/\/staging.lucky-hunter.com\/product\/banded-womens-polar-beanie-max7\/#primaryimage"},"thumbnailUrl":"https:\/\/staging.lucky-hunter.com\/wp-content\/uploads\/2022\/12\/JB-0522.png","datePublished":"2022-12-12T10:52:17+00:00","dateModified":"2025-06-24T10:36:14+00:00","description":"Fait par le fabricant am\u00e9ricain Banded, ce bonnet doux et coupe-vent en polaire est parfait pour la chasse lors des froides journ\u00e9es d'hiver.","breadcrumb":{"@id":"https:\/\/staging.lucky-hunter.com\/product\/banded-womens-polar-beanie-max7\/#breadcrumb"},"inLanguage":"fr-FR","potentialAction":[{"@type":"ReadAction","target":["https:\/\/staging.lucky-hunter.com\/product\/banded-womens-polar-beanie-max7\/"]}]},{"@type":"ImageObject","inLanguage":"fr-FR","@id":"https:\/\/staging.lucky-hunter.com\/product\/banded-womens-polar-beanie-max7\/#primaryimage","url":"https:\/\/staging.lucky-hunter.com\/wp-content\/uploads\/2022\/12\/JB-0522.png","contentUrl":"https:\/\/staging.lucky-hunter.com\/wp-content\/uploads\/2022\/12\/JB-0522.png","width":1000,"height":1000},{"@type":"BreadcrumbList","@id":"https:\/\/staging.lucky-hunter.com\/product\/banded-womens-polar-beanie-max7\/#breadcrumb","itemListElement":[{"@type":"ListItem","position":1,"name":"Home","item":"https:\/\/staging.lucky-hunter.com\/fr\/"},{"@type":"ListItem","position":2,"name":"Boutique","item":"https:\/\/staging.lucky-hunter.com\/fr\/shop\/"},{"@type":"ListItem","position":3,"name":"Bonnet polaire \u00e0 bandes pour femmes &#8211; Max7"}]},{"@type":"WebSite","@id":"https:\/\/staging.lucky-hunter.com\/#website","url":"https:\/\/staging.lucky-hunter.com\/","name":"Lucky-Hunter","description":"Gear Up or Give Up","potentialAction":[{"@type":"SearchAction","target":{"@type":"EntryPoint","urlTemplate":"https:\/\/staging.lucky-hunter.com\/?s={search_term_string}"},"query-input":{"@type":"PropertyValueSpecification","valueRequired":true,"valueName":"search_term_string"}}],"inLanguage":"fr-FR"}]}},"_links":{"self":[{"href":"https:\/\/staging.lucky-hunter.com\/fr\/wp-json\/wp\/v2\/product\/54664"}],"collection":[{"href":"https:\/\/staging.lucky-hunter.com\/fr\/wp-json\/wp\/v2\/product"}],"about":[{"href":"https:\/\/staging.lucky-hunter.com\/fr\/wp-json\/wp\/v2\/types\/product"}],"wp:featuredmedia":[{"embeddable":true,"href":"https:\/\/staging.lucky-hunter.com\/fr\/wp-json\/wp\/v2\/media\/55055"}],"wp:attachment":[{"href":"https:\/\/staging.lucky-hunter.com\/fr\/wp-json\/wp\/v2\/media?parent=54664"}],"wp:term":[{"taxonomy":"product_brand","embeddable":true,"href":"https:\/\/staging.lucky-hunter.com\/fr\/wp-json\/wp\/v2\/product_brand?post=54664"},{"taxonomy":"product_cat","embeddable":true,"href":"https:\/\/staging.lucky-hunter.com\/fr\/wp-json\/wp\/v2\/product_cat?post=54664"},{"taxonomy":"product_tag","embeddable":true,"href":"https:\/\/staging.lucky-hunter.com\/fr\/wp-json\/wp\/v2\/product_tag?post=54664"}],"curies":[{"name":"wp","href":"https:\/\/api.w.org\/{rel}","templated":true}]}}