{"id":54295,"date":"2022-12-01T14:21:51","date_gmt":"2022-12-01T13:21:51","guid":{"rendered":"https:\/\/staging.lucky-hunter.com\/?post_type=product&#038;p=54295"},"modified":"2023-01-31T11:13:22","modified_gmt":"2023-01-31T10:13:22","slug":"banded-womens-white-river-wader-pants-max7","status":"publish","type":"product","link":"https:\/\/staging.lucky-hunter.com\/fr\/product\/banded-womens-white-river-wader-pants-max7\/","title":{"rendered":"Pantalon Banded Women White River Waders &#8211; Max7"},"content":{"rendered":"<h4><a href=\"https:\/\/staging.lucky-hunter.com\/wp-content\/uploads\/2023\/01\/Storrelsesguide-Banded-Engelsk-Kvinder-3.pdf\" target=\"_blank\" rel=\"noopener\"><strong>Voir le guide des tailles ici<\/strong><\/a><\/h4>\n<p><iframe title=\"Banded\u00ae Women&#039;s White River Wader Pant - Product Features\" width=\"1020\" height=\"574\" src=\"https:\/\/www.youtube.com\/embed\/uhPQkwvJ-nI?wmode=transparent&amp;rel=0&amp;feature=oembed\" frameborder=\"0\" allow=\"accelerometer; autoplay; clipboard-write; encrypted-media; gyroscope; picture-in-picture; web-share\" allowfullscreen><\/iframe><\/p>\n<h2><strong>Pantalon de chasse imperm\u00e9able de Banded<\/strong><\/h2>\n<div>Le pantalon White River Waders de Banded compl\u00e8te parfaitement la veste pour femme White River Waders.<\/div>\n<div><\/div>\n<div>Ils int\u00e8grent la m\u00eame technologie imperm\u00e9able et respirante qui vous garde au sec et au chaud m\u00eame dans les conditions m\u00e9t\u00e9orologiques les plus extr\u00eames.<\/div>\n<div><\/div>\n<div>Camouflage Max7.<\/div>\n<div><\/div>\n<div><strong>Caract\u00e9ristiques\u00a0:<\/strong><\/div>\n<ul>\n<li>Technologie SHEDS imperm\u00e9able et respirante avec coutures 100\u00a0% \u00e9tanches<\/li>\n<li>Harnais int\u00e9gr\u00e9s<\/li>\n<li>Sangles de ceinture<\/li>\n<li>Ajustable \u00e0 la taille<\/li>\n<li>D\u00e9coupes de talon renforc\u00e9es<\/li>\n<li>100 grammes d&#8217;isolant PrimaLoft\u00ae<\/li>\n<li>Poches \u00e0 fermeture \u00e9clair sur les c\u00f4t\u00e9s<\/li>\n<li>Poches \u00e0 fermeture \u00e9clair pour les mains<\/li>\n<li>Fermetures \u00e9clair YKK r\u00e9sistantes aux intemp\u00e9ries.<\/li>\n<\/ul>\n","protected":false},"excerpt":{"rendered":"<p>C&#8217;est le genre de pantalon que vous enfilez et que vous n&#8217;enlevez plus jamais. S\u2019int\u00e8gre parfaitement aux waders Banded et peut aussi se porter s\u00e9par\u00e9ment pour allier confort et \u00e9l\u00e9gance.<\/p>\n","protected":false},"featured_media":54898,"template":"","meta":[],"product_brand":[8137],"product_cat":[8269],"product_tag":[],"yoast_head":"<!-- This site is optimized with the Yoast SEO plugin v24.3 - https:\/\/yoast.com\/wordpress\/plugins\/seo\/ -->\n<title>Pantalon Banded Women White River Waders - Max7<\/title>\n<meta name=\"description\" content=\"Le pantalon White River Waders de Banded compl\u00e8te parfaitement la veste pour femme White River Waders.\" \/>\n<meta name=\"robots\" content=\"noindex, follow, max-snippet:-1, max-image-preview:large, max-video-preview:-1\" \/>\n<meta property=\"og:locale\" content=\"fr_FR\" \/>\n<meta property=\"og:type\" content=\"article\" \/>\n<meta property=\"og:title\" content=\"Pantalon Banded Women White River Waders - Max7\" \/>\n<meta property=\"og:description\" content=\"Le pantalon White River Waders de Banded compl\u00e8te parfaitement la veste pour femme White River Waders.\" \/>\n<meta property=\"og:url\" content=\"https:\/\/staging.lucky-hunter.com\/fr\/product\/banded-womens-white-river-wader-pants-max7\/\" \/>\n<meta property=\"og:site_name\" content=\"Lucky-Hunter\" \/>\n<meta property=\"article:modified_time\" content=\"2023-01-31T10:13:22+00:00\" \/>\n<meta property=\"og:image\" content=\"https:\/\/staging.lucky-hunter.com\/wp-content\/uploads\/2022\/12\/JB-0502.png\" \/>\n\t<meta property=\"og:image:width\" content=\"1000\" \/>\n\t<meta property=\"og:image:height\" content=\"1000\" \/>\n\t<meta property=\"og:image:type\" content=\"image\/png\" \/>\n<meta name=\"twitter:card\" content=\"summary_large_image\" \/>\n<meta name=\"twitter:label1\" content=\"Dur\u00e9e de lecture estim\u00e9e\" \/>\n\t<meta name=\"twitter:data1\" content=\"1 minute\" \/>\n<script type=\"application\/ld+json\" class=\"yoast-schema-graph\">{\"@context\":\"https:\/\/schema.org\",\"@graph\":[{\"@type\":\"WebPage\",\"@id\":\"https:\/\/staging.lucky-hunter.com\/fr\/product\/banded-womens-white-river-wader-pants-max7\/\",\"url\":\"https:\/\/staging.lucky-hunter.com\/fr\/product\/banded-womens-white-river-wader-pants-max7\/\",\"name\":\"Pantalon Banded Women White River Waders - Max7\",\"isPartOf\":{\"@id\":\"https:\/\/staging.lucky-hunter.com\/#website\"},\"primaryImageOfPage\":{\"@id\":\"https:\/\/staging.lucky-hunter.com\/fr\/product\/banded-womens-white-river-wader-pants-max7\/#primaryimage\"},\"image\":{\"@id\":\"https:\/\/staging.lucky-hunter.com\/fr\/product\/banded-womens-white-river-wader-pants-max7\/#primaryimage\"},\"thumbnailUrl\":\"https:\/\/staging.lucky-hunter.com\/wp-content\/uploads\/2022\/12\/JB-0502.png\",\"datePublished\":\"2022-12-01T13:21:51+00:00\",\"dateModified\":\"2023-01-31T10:13:22+00:00\",\"description\":\"Le pantalon White River Waders de Banded compl\u00e8te parfaitement la veste pour femme White River Waders.\",\"breadcrumb\":{\"@id\":\"https:\/\/staging.lucky-hunter.com\/fr\/product\/banded-womens-white-river-wader-pants-max7\/#breadcrumb\"},\"inLanguage\":\"fr-FR\",\"potentialAction\":[{\"@type\":\"ReadAction\",\"target\":[\"https:\/\/staging.lucky-hunter.com\/fr\/product\/banded-womens-white-river-wader-pants-max7\/\"]}]},{\"@type\":\"ImageObject\",\"inLanguage\":\"fr-FR\",\"@id\":\"https:\/\/staging.lucky-hunter.com\/fr\/product\/banded-womens-white-river-wader-pants-max7\/#primaryimage\",\"url\":\"https:\/\/staging.lucky-hunter.com\/wp-content\/uploads\/2022\/12\/JB-0502.png\",\"contentUrl\":\"https:\/\/staging.lucky-hunter.com\/wp-content\/uploads\/2022\/12\/JB-0502.png\",\"width\":1000,\"height\":1000},{\"@type\":\"BreadcrumbList\",\"@id\":\"https:\/\/staging.lucky-hunter.com\/fr\/product\/banded-womens-white-river-wader-pants-max7\/#breadcrumb\",\"itemListElement\":[{\"@type\":\"ListItem\",\"position\":1,\"name\":\"Home\",\"item\":\"https:\/\/staging.lucky-hunter.com\/fr\/\"},{\"@type\":\"ListItem\",\"position\":2,\"name\":\"Boutique\",\"item\":\"https:\/\/staging.lucky-hunter.com\/fr\/shop\/\"},{\"@type\":\"ListItem\",\"position\":3,\"name\":\"Pantalon Banded Women White River Waders &#8211; Max7\"}]},{\"@type\":\"WebSite\",\"@id\":\"https:\/\/staging.lucky-hunter.com\/#website\",\"url\":\"https:\/\/staging.lucky-hunter.com\/\",\"name\":\"Lucky-Hunter\",\"description\":\"Gear Up or Give Up\",\"potentialAction\":[{\"@type\":\"SearchAction\",\"target\":{\"@type\":\"EntryPoint\",\"urlTemplate\":\"https:\/\/staging.lucky-hunter.com\/?s={search_term_string}\"},\"query-input\":{\"@type\":\"PropertyValueSpecification\",\"valueRequired\":true,\"valueName\":\"search_term_string\"}}],\"inLanguage\":\"fr-FR\"}]}<\/script>\n<!-- \/ Yoast SEO plugin. -->","yoast_head_json":{"title":"Pantalon Banded Women White River Waders - Max7","description":"Le pantalon White River Waders de Banded compl\u00e8te parfaitement la veste pour femme White River Waders.","robots":{"index":"noindex","follow":"follow","max-snippet":"max-snippet:-1","max-image-preview":"max-image-preview:large","max-video-preview":"max-video-preview:-1"},"og_locale":"fr_FR","og_type":"article","og_title":"Pantalon Banded Women White River Waders - Max7","og_description":"Le pantalon White River Waders de Banded compl\u00e8te parfaitement la veste pour femme White River Waders.","og_url":"https:\/\/staging.lucky-hunter.com\/fr\/product\/banded-womens-white-river-wader-pants-max7\/","og_site_name":"Lucky-Hunter","article_modified_time":"2023-01-31T10:13:22+00:00","og_image":[{"width":1000,"height":1000,"url":"https:\/\/staging.lucky-hunter.com\/wp-content\/uploads\/2022\/12\/JB-0502.png","type":"image\/png"}],"twitter_card":"summary_large_image","twitter_misc":{"Dur\u00e9e de lecture estim\u00e9e":"1 minute"},"schema":{"@context":"https:\/\/schema.org","@graph":[{"@type":"WebPage","@id":"https:\/\/staging.lucky-hunter.com\/fr\/product\/banded-womens-white-river-wader-pants-max7\/","url":"https:\/\/staging.lucky-hunter.com\/fr\/product\/banded-womens-white-river-wader-pants-max7\/","name":"Pantalon Banded Women White River Waders - Max7","isPartOf":{"@id":"https:\/\/staging.lucky-hunter.com\/#website"},"primaryImageOfPage":{"@id":"https:\/\/staging.lucky-hunter.com\/fr\/product\/banded-womens-white-river-wader-pants-max7\/#primaryimage"},"image":{"@id":"https:\/\/staging.lucky-hunter.com\/fr\/product\/banded-womens-white-river-wader-pants-max7\/#primaryimage"},"thumbnailUrl":"https:\/\/staging.lucky-hunter.com\/wp-content\/uploads\/2022\/12\/JB-0502.png","datePublished":"2022-12-01T13:21:51+00:00","dateModified":"2023-01-31T10:13:22+00:00","description":"Le pantalon White River Waders de Banded compl\u00e8te parfaitement la veste pour femme White River Waders.","breadcrumb":{"@id":"https:\/\/staging.lucky-hunter.com\/fr\/product\/banded-womens-white-river-wader-pants-max7\/#breadcrumb"},"inLanguage":"fr-FR","potentialAction":[{"@type":"ReadAction","target":["https:\/\/staging.lucky-hunter.com\/fr\/product\/banded-womens-white-river-wader-pants-max7\/"]}]},{"@type":"ImageObject","inLanguage":"fr-FR","@id":"https:\/\/staging.lucky-hunter.com\/fr\/product\/banded-womens-white-river-wader-pants-max7\/#primaryimage","url":"https:\/\/staging.lucky-hunter.com\/wp-content\/uploads\/2022\/12\/JB-0502.png","contentUrl":"https:\/\/staging.lucky-hunter.com\/wp-content\/uploads\/2022\/12\/JB-0502.png","width":1000,"height":1000},{"@type":"BreadcrumbList","@id":"https:\/\/staging.lucky-hunter.com\/fr\/product\/banded-womens-white-river-wader-pants-max7\/#breadcrumb","itemListElement":[{"@type":"ListItem","position":1,"name":"Home","item":"https:\/\/staging.lucky-hunter.com\/fr\/"},{"@type":"ListItem","position":2,"name":"Boutique","item":"https:\/\/staging.lucky-hunter.com\/fr\/shop\/"},{"@type":"ListItem","position":3,"name":"Pantalon Banded Women White River Waders &#8211; Max7"}]},{"@type":"WebSite","@id":"https:\/\/staging.lucky-hunter.com\/#website","url":"https:\/\/staging.lucky-hunter.com\/","name":"Lucky-Hunter","description":"Gear Up or Give Up","potentialAction":[{"@type":"SearchAction","target":{"@type":"EntryPoint","urlTemplate":"https:\/\/staging.lucky-hunter.com\/?s={search_term_string}"},"query-input":{"@type":"PropertyValueSpecification","valueRequired":true,"valueName":"search_term_string"}}],"inLanguage":"fr-FR"}]}},"_links":{"self":[{"href":"https:\/\/staging.lucky-hunter.com\/fr\/wp-json\/wp\/v2\/product\/54295"}],"collection":[{"href":"https:\/\/staging.lucky-hunter.com\/fr\/wp-json\/wp\/v2\/product"}],"about":[{"href":"https:\/\/staging.lucky-hunter.com\/fr\/wp-json\/wp\/v2\/types\/product"}],"wp:featuredmedia":[{"embeddable":true,"href":"https:\/\/staging.lucky-hunter.com\/fr\/wp-json\/wp\/v2\/media\/54898"}],"wp:attachment":[{"href":"https:\/\/staging.lucky-hunter.com\/fr\/wp-json\/wp\/v2\/media?parent=54295"}],"wp:term":[{"taxonomy":"product_brand","embeddable":true,"href":"https:\/\/staging.lucky-hunter.com\/fr\/wp-json\/wp\/v2\/product_brand?post=54295"},{"taxonomy":"product_cat","embeddable":true,"href":"https:\/\/staging.lucky-hunter.com\/fr\/wp-json\/wp\/v2\/product_cat?post=54295"},{"taxonomy":"product_tag","embeddable":true,"href":"https:\/\/staging.lucky-hunter.com\/fr\/wp-json\/wp\/v2\/product_tag?post=54295"}],"curies":[{"name":"wp","href":"https:\/\/api.w.org\/{rel}","templated":true}]}}