{"id":53516,"date":"2022-11-23T15:45:13","date_gmt":"2022-11-23T14:45:13","guid":{"rendered":"https:\/\/staging.lucky-hunter.com\/?post_type=product&#038;p=53516"},"modified":"2025-06-24T13:46:09","modified_gmt":"2025-06-24T11:46:09","slug":"bonnet-en-polaire-avery-max7","status":"publish","type":"product","link":"https:\/\/staging.lucky-hunter.com\/fr\/product\/bonnet-en-polaire-avery-max7\/","title":{"rendered":"Bonnet en Polaire Max7 &#8211; Avery"},"content":{"rendered":"<p>Comme vous le savez, la majeure partie de votre chaleur corporelle s\u2019\u00e9chappe par le haut de votre t\u00eate.<\/p>\n<p>Avec ce joli bonnet Avery en polaire, vous prot\u00e9gez votre t\u00eate et vos oreilles contre le froid tout au long de la journ\u00e9e.<\/p>\n<p>Parfait pour les chasseurs et pour tous ceux qui aiment le plein air m\u00eame pendant la saison froide.<\/p>\n<p>Taille unique.<\/p>\n<p>Camouflage Realtree Max7.<\/p>\n","protected":false},"excerpt":{"rendered":"<p>Avec ce joli bonnet Banded coupe-vent et en polaire, vous prot\u00e9gez votre t\u00eate et vos oreilles du froid tout au long de la journ\u00e9e.<\/p>\n","protected":false},"featured_media":56263,"template":"","meta":[],"product_brand":[8123],"product_cat":[9141],"product_tag":[],"yoast_head":"<!-- This site is optimized with the Yoast SEO plugin v24.3 - https:\/\/yoast.com\/wordpress\/plugins\/seo\/ -->\n<title>Bonnet en Polaire Avery - Max7. Super prix sur Lucky-Hunter.com<\/title>\n<meta name=\"description\" content=\"Avec ce joli bonnet Avery en polaire, vous prot\u00e9gez votre t\u00eate et vos oreilles contre le froid tout au long de la journ\u00e9e.\" \/>\n<meta name=\"robots\" content=\"noindex, follow, max-snippet:-1, max-image-preview:large, max-video-preview:-1\" \/>\n<meta property=\"og:locale\" content=\"fr_FR\" \/>\n<meta property=\"og:type\" content=\"article\" \/>\n<meta property=\"og:title\" content=\"Bonnet en Polaire Avery - Max7. Super prix sur Lucky-Hunter.com\" \/>\n<meta property=\"og:description\" content=\"Avec ce joli bonnet Avery en polaire, vous prot\u00e9gez votre t\u00eate et vos oreilles contre le froid tout au long de la journ\u00e9e.\" \/>\n<meta property=\"og:url\" content=\"https:\/\/staging.lucky-hunter.com\/product\/avery-fleece-skull-cap-realtree-max7\/\" \/>\n<meta property=\"og:site_name\" content=\"Lucky-Hunter\" \/>\n<meta property=\"article:modified_time\" content=\"2025-06-24T11:46:09+00:00\" \/>\n<meta property=\"og:image\" content=\"https:\/\/staging.lucky-hunter.com\/wp-content\/uploads\/2022\/11\/PU-30.png\" \/>\n\t<meta property=\"og:image:width\" content=\"1000\" \/>\n\t<meta property=\"og:image:height\" content=\"1000\" \/>\n\t<meta property=\"og:image:type\" content=\"image\/png\" \/>\n<meta name=\"twitter:card\" content=\"summary_large_image\" \/>\n<meta name=\"twitter:label1\" content=\"Dur\u00e9e de lecture estim\u00e9e\" \/>\n\t<meta name=\"twitter:data1\" content=\"1 minute\" \/>\n<script type=\"application\/ld+json\" class=\"yoast-schema-graph\">{\"@context\":\"https:\/\/schema.org\",\"@graph\":[{\"@type\":\"WebPage\",\"@id\":\"https:\/\/staging.lucky-hunter.com\/product\/avery-fleece-skull-cap-realtree-max7\/\",\"url\":\"https:\/\/staging.lucky-hunter.com\/product\/avery-fleece-skull-cap-realtree-max7\/\",\"name\":\"Bonnet en Polaire Avery - Max7. Super prix sur Lucky-Hunter.com\",\"isPartOf\":{\"@id\":\"https:\/\/staging.lucky-hunter.com\/#website\"},\"primaryImageOfPage\":{\"@id\":\"https:\/\/staging.lucky-hunter.com\/product\/avery-fleece-skull-cap-realtree-max7\/#primaryimage\"},\"image\":{\"@id\":\"https:\/\/staging.lucky-hunter.com\/product\/avery-fleece-skull-cap-realtree-max7\/#primaryimage\"},\"thumbnailUrl\":\"https:\/\/staging.lucky-hunter.com\/wp-content\/uploads\/2022\/11\/PU-30.png\",\"datePublished\":\"2022-11-23T14:45:13+00:00\",\"dateModified\":\"2025-06-24T11:46:09+00:00\",\"description\":\"Avec ce joli bonnet Avery en polaire, vous prot\u00e9gez votre t\u00eate et vos oreilles contre le froid tout au long de la journ\u00e9e.\",\"breadcrumb\":{\"@id\":\"https:\/\/staging.lucky-hunter.com\/product\/avery-fleece-skull-cap-realtree-max7\/#breadcrumb\"},\"inLanguage\":\"fr-FR\",\"potentialAction\":[{\"@type\":\"ReadAction\",\"target\":[\"https:\/\/staging.lucky-hunter.com\/product\/avery-fleece-skull-cap-realtree-max7\/\"]}]},{\"@type\":\"ImageObject\",\"inLanguage\":\"fr-FR\",\"@id\":\"https:\/\/staging.lucky-hunter.com\/product\/avery-fleece-skull-cap-realtree-max7\/#primaryimage\",\"url\":\"https:\/\/staging.lucky-hunter.com\/wp-content\/uploads\/2022\/11\/PU-30.png\",\"contentUrl\":\"https:\/\/staging.lucky-hunter.com\/wp-content\/uploads\/2022\/11\/PU-30.png\",\"width\":1000,\"height\":1000,\"caption\":\"Banded beanie\"},{\"@type\":\"BreadcrumbList\",\"@id\":\"https:\/\/staging.lucky-hunter.com\/product\/avery-fleece-skull-cap-realtree-max7\/#breadcrumb\",\"itemListElement\":[{\"@type\":\"ListItem\",\"position\":1,\"name\":\"Home\",\"item\":\"https:\/\/staging.lucky-hunter.com\/fr\/\"},{\"@type\":\"ListItem\",\"position\":2,\"name\":\"Boutique\",\"item\":\"https:\/\/staging.lucky-hunter.com\/fr\/shop\/\"},{\"@type\":\"ListItem\",\"position\":3,\"name\":\"Bonnet en Polaire Max7 &#8211; Avery\"}]},{\"@type\":\"WebSite\",\"@id\":\"https:\/\/staging.lucky-hunter.com\/#website\",\"url\":\"https:\/\/staging.lucky-hunter.com\/\",\"name\":\"Lucky-Hunter\",\"description\":\"Gear Up or Give Up\",\"potentialAction\":[{\"@type\":\"SearchAction\",\"target\":{\"@type\":\"EntryPoint\",\"urlTemplate\":\"https:\/\/staging.lucky-hunter.com\/?s={search_term_string}\"},\"query-input\":{\"@type\":\"PropertyValueSpecification\",\"valueRequired\":true,\"valueName\":\"search_term_string\"}}],\"inLanguage\":\"fr-FR\"}]}<\/script>\n<!-- \/ Yoast SEO plugin. -->","yoast_head_json":{"title":"Bonnet en Polaire Avery - Max7. Super prix sur Lucky-Hunter.com","description":"Avec ce joli bonnet Avery en polaire, vous prot\u00e9gez votre t\u00eate et vos oreilles contre le froid tout au long de la journ\u00e9e.","robots":{"index":"noindex","follow":"follow","max-snippet":"max-snippet:-1","max-image-preview":"max-image-preview:large","max-video-preview":"max-video-preview:-1"},"og_locale":"fr_FR","og_type":"article","og_title":"Bonnet en Polaire Avery - Max7. Super prix sur Lucky-Hunter.com","og_description":"Avec ce joli bonnet Avery en polaire, vous prot\u00e9gez votre t\u00eate et vos oreilles contre le froid tout au long de la journ\u00e9e.","og_url":"https:\/\/staging.lucky-hunter.com\/product\/avery-fleece-skull-cap-realtree-max7\/","og_site_name":"Lucky-Hunter","article_modified_time":"2025-06-24T11:46:09+00:00","og_image":[{"width":1000,"height":1000,"url":"https:\/\/staging.lucky-hunter.com\/wp-content\/uploads\/2022\/11\/PU-30.png","type":"image\/png"}],"twitter_card":"summary_large_image","twitter_misc":{"Dur\u00e9e de lecture estim\u00e9e":"1 minute"},"schema":{"@context":"https:\/\/schema.org","@graph":[{"@type":"WebPage","@id":"https:\/\/staging.lucky-hunter.com\/product\/avery-fleece-skull-cap-realtree-max7\/","url":"https:\/\/staging.lucky-hunter.com\/product\/avery-fleece-skull-cap-realtree-max7\/","name":"Bonnet en Polaire Avery - Max7. Super prix sur Lucky-Hunter.com","isPartOf":{"@id":"https:\/\/staging.lucky-hunter.com\/#website"},"primaryImageOfPage":{"@id":"https:\/\/staging.lucky-hunter.com\/product\/avery-fleece-skull-cap-realtree-max7\/#primaryimage"},"image":{"@id":"https:\/\/staging.lucky-hunter.com\/product\/avery-fleece-skull-cap-realtree-max7\/#primaryimage"},"thumbnailUrl":"https:\/\/staging.lucky-hunter.com\/wp-content\/uploads\/2022\/11\/PU-30.png","datePublished":"2022-11-23T14:45:13+00:00","dateModified":"2025-06-24T11:46:09+00:00","description":"Avec ce joli bonnet Avery en polaire, vous prot\u00e9gez votre t\u00eate et vos oreilles contre le froid tout au long de la journ\u00e9e.","breadcrumb":{"@id":"https:\/\/staging.lucky-hunter.com\/product\/avery-fleece-skull-cap-realtree-max7\/#breadcrumb"},"inLanguage":"fr-FR","potentialAction":[{"@type":"ReadAction","target":["https:\/\/staging.lucky-hunter.com\/product\/avery-fleece-skull-cap-realtree-max7\/"]}]},{"@type":"ImageObject","inLanguage":"fr-FR","@id":"https:\/\/staging.lucky-hunter.com\/product\/avery-fleece-skull-cap-realtree-max7\/#primaryimage","url":"https:\/\/staging.lucky-hunter.com\/wp-content\/uploads\/2022\/11\/PU-30.png","contentUrl":"https:\/\/staging.lucky-hunter.com\/wp-content\/uploads\/2022\/11\/PU-30.png","width":1000,"height":1000,"caption":"Banded beanie"},{"@type":"BreadcrumbList","@id":"https:\/\/staging.lucky-hunter.com\/product\/avery-fleece-skull-cap-realtree-max7\/#breadcrumb","itemListElement":[{"@type":"ListItem","position":1,"name":"Home","item":"https:\/\/staging.lucky-hunter.com\/fr\/"},{"@type":"ListItem","position":2,"name":"Boutique","item":"https:\/\/staging.lucky-hunter.com\/fr\/shop\/"},{"@type":"ListItem","position":3,"name":"Bonnet en Polaire Max7 &#8211; Avery"}]},{"@type":"WebSite","@id":"https:\/\/staging.lucky-hunter.com\/#website","url":"https:\/\/staging.lucky-hunter.com\/","name":"Lucky-Hunter","description":"Gear Up or Give Up","potentialAction":[{"@type":"SearchAction","target":{"@type":"EntryPoint","urlTemplate":"https:\/\/staging.lucky-hunter.com\/?s={search_term_string}"},"query-input":{"@type":"PropertyValueSpecification","valueRequired":true,"valueName":"search_term_string"}}],"inLanguage":"fr-FR"}]}},"_links":{"self":[{"href":"https:\/\/staging.lucky-hunter.com\/fr\/wp-json\/wp\/v2\/product\/53516"}],"collection":[{"href":"https:\/\/staging.lucky-hunter.com\/fr\/wp-json\/wp\/v2\/product"}],"about":[{"href":"https:\/\/staging.lucky-hunter.com\/fr\/wp-json\/wp\/v2\/types\/product"}],"wp:featuredmedia":[{"embeddable":true,"href":"https:\/\/staging.lucky-hunter.com\/fr\/wp-json\/wp\/v2\/media\/56263"}],"wp:attachment":[{"href":"https:\/\/staging.lucky-hunter.com\/fr\/wp-json\/wp\/v2\/media?parent=53516"}],"wp:term":[{"taxonomy":"product_brand","embeddable":true,"href":"https:\/\/staging.lucky-hunter.com\/fr\/wp-json\/wp\/v2\/product_brand?post=53516"},{"taxonomy":"product_cat","embeddable":true,"href":"https:\/\/staging.lucky-hunter.com\/fr\/wp-json\/wp\/v2\/product_cat?post=53516"},{"taxonomy":"product_tag","embeddable":true,"href":"https:\/\/staging.lucky-hunter.com\/fr\/wp-json\/wp\/v2\/product_tag?post=53516"}],"curies":[{"name":"wp","href":"https:\/\/api.w.org\/{rel}","templated":true}]}}