{"id":53106,"date":"2022-10-11T12:11:05","date_gmt":"2022-10-11T10:11:05","guid":{"rendered":"https:\/\/staging.lucky-hunter.com\/product\/ghg-foam-filled-goldeneyes-inkl-2-females\/"},"modified":"2022-11-15T14:26:10","modified_gmt":"2022-11-15T13:26:10","slug":"ghg-foam-filled-goldeneyes-inkl-2-females","status":"publish","type":"product","link":"https:\/\/staging.lucky-hunter.com\/fr\/product\/ghg-foam-filled-goldeneyes-inkl-2-females\/","title":{"rendered":"Formes de Garrots Remplies de Mousse GHG &#8211; avec 2 Canes"},"content":{"rendered":"<p><iframe title=\"GHG Foam Filled Goldeneyes | Realistic decoys for diverduck hunting\" width=\"1020\" height=\"574\" src=\"https:\/\/www.youtube.com\/embed\/pCJIbA6Gsxg?wmode=transparent&amp;rel=0&amp;feature=oembed&#038;enablejsapi=1&#038;origin=https:\/\/staging.lucky-hunter.com\" frameborder=\"0\" allow=\"accelerometer; autoplay; clipboard-write; encrypted-media; gyroscope; picture-in-picture\" allowfullscreen><\/iframe><\/p>\n<h2><strong>Formes GHG pour r\u00e9ussir votre chasse au canard plongeur<\/strong><\/h2>\n<p>Lorsque vous achetez des formes de chez Greenhead Gear (GHG), vous avez la garantie d&#8217;un produit avec une finition et une durabilit\u00e9 uniques.<\/p>\n<p>Avec ces nouvelles formes de garrots surdimensionn\u00e9es GHG, vous aurez plus de succ\u00e8s \u00e0 la chasse et plus de canards dans votre sac.<\/p>\n<p>Des postures r\u00e9alistes, des combinaisons de couleurs vives et une enveloppe durable con\u00e7ue pour une utilisation intensive.<\/p>\n<p>Le design de la quille 60\/40 Dura-Keel\u2122 garantit une conduite parfaite dans toutes les situations.<\/p>\n<p>Les versions surdimensionn\u00e9es augmentent la visibilit\u00e9, ce qui amplifie la puissance d&#8217;attraction pour attirer les canards au plus pr\u00e8s. Remplies de mousse pour r\u00e9sister aux balles perdues et autres contraintes.<\/p>\n<p><b>Caract\u00e9ristiques :<\/b><\/p>\n<ul>\n<li>4 canards<\/li>\n<li>2 canes<\/li>\n<li>Quille 60\/40 Dura-Keel<\/li>\n<li>Remplies de mousse pour rester \u00e0 flot m\u00eame apr\u00e8s avoir \u00e9t\u00e9 touch\u00e9es<\/li>\n<\/ul>\n","protected":false},"excerpt":{"rendered":"<p>Des formes GHG avec des postures r\u00e9alistes, des combinaisons de couleurs vives et une enveloppe durable con\u00e7ue pour une utilisation intensive.<\/p>\n","protected":false},"featured_media":28567,"template":"","meta":[],"product_brand":[8125],"product_cat":[8185],"product_tag":[9235],"yoast_head":"<!-- This site is optimized with the Yoast SEO plugin v24.3 - https:\/\/yoast.com\/wordpress\/plugins\/seo\/ -->\n<title>Formes de Garrots Remplies de Mousse GHG - avec 2 Canes<\/title>\n<meta name=\"description\" content=\"Des formes GHG avec des postures r\u00e9alistes, des combinaisons de couleurs vives et une enveloppe durable con\u00e7ue pour une utilisation intensive. Design de quille Dura-Keel\u2122 60\/40.\" \/>\n<meta name=\"robots\" content=\"noindex, follow, max-snippet:-1, max-image-preview:large, max-video-preview:-1\" \/>\n<meta property=\"og:locale\" content=\"fr_FR\" \/>\n<meta property=\"og:type\" content=\"article\" \/>\n<meta property=\"og:title\" content=\"Formes de Garrots Remplies de Mousse GHG - avec 2 Canes\" \/>\n<meta property=\"og:description\" content=\"Des formes GHG avec des postures r\u00e9alistes, des combinaisons de couleurs vives et une enveloppe durable con\u00e7ue pour une utilisation intensive. Design de quille Dura-Keel\u2122 60\/40.\" \/>\n<meta property=\"og:url\" content=\"https:\/\/staging.lucky-hunter.com\/fr\/product\/ghg-foam-filled-goldeneyes-inkl-2-females\/\" \/>\n<meta property=\"og:site_name\" content=\"Lucky-Hunter\" \/>\n<meta property=\"article:modified_time\" content=\"2022-11-15T13:26:10+00:00\" \/>\n<meta property=\"og:image\" content=\"https:\/\/staging.lucky-hunter.com\/wp-content\/uploads\/2017\/06\/73047_Over-Size_Goldeneyes_4.png\" \/>\n\t<meta property=\"og:image:width\" content=\"1500\" \/>\n\t<meta property=\"og:image:height\" content=\"1500\" \/>\n\t<meta property=\"og:image:type\" content=\"image\/png\" \/>\n<meta name=\"twitter:card\" content=\"summary_large_image\" \/>\n<meta name=\"twitter:label1\" content=\"Dur\u00e9e de lecture estim\u00e9e\" \/>\n\t<meta name=\"twitter:data1\" content=\"1 minute\" \/>\n<script type=\"application\/ld+json\" class=\"yoast-schema-graph\">{\"@context\":\"https:\/\/schema.org\",\"@graph\":[{\"@type\":\"WebPage\",\"@id\":\"https:\/\/staging.lucky-hunter.com\/fr\/product\/ghg-foam-filled-goldeneyes-inkl-2-females\/\",\"url\":\"https:\/\/staging.lucky-hunter.com\/fr\/product\/ghg-foam-filled-goldeneyes-inkl-2-females\/\",\"name\":\"Formes de Garrots Remplies de Mousse GHG - avec 2 Canes\",\"isPartOf\":{\"@id\":\"https:\/\/staging.lucky-hunter.com\/#website\"},\"primaryImageOfPage\":{\"@id\":\"https:\/\/staging.lucky-hunter.com\/fr\/product\/ghg-foam-filled-goldeneyes-inkl-2-females\/#primaryimage\"},\"image\":{\"@id\":\"https:\/\/staging.lucky-hunter.com\/fr\/product\/ghg-foam-filled-goldeneyes-inkl-2-females\/#primaryimage\"},\"thumbnailUrl\":\"https:\/\/staging.lucky-hunter.com\/wp-content\/uploads\/2017\/06\/73047_Over-Size_Goldeneyes_4.png\",\"datePublished\":\"2022-10-11T10:11:05+00:00\",\"dateModified\":\"2022-11-15T13:26:10+00:00\",\"description\":\"Des formes GHG avec des postures r\u00e9alistes, des combinaisons de couleurs vives et une enveloppe durable con\u00e7ue pour une utilisation intensive. Design de quille Dura-Keel\u2122 60\/40.\",\"breadcrumb\":{\"@id\":\"https:\/\/staging.lucky-hunter.com\/fr\/product\/ghg-foam-filled-goldeneyes-inkl-2-females\/#breadcrumb\"},\"inLanguage\":\"fr-FR\",\"potentialAction\":[{\"@type\":\"ReadAction\",\"target\":[\"https:\/\/staging.lucky-hunter.com\/fr\/product\/ghg-foam-filled-goldeneyes-inkl-2-females\/\"]}]},{\"@type\":\"ImageObject\",\"inLanguage\":\"fr-FR\",\"@id\":\"https:\/\/staging.lucky-hunter.com\/fr\/product\/ghg-foam-filled-goldeneyes-inkl-2-females\/#primaryimage\",\"url\":\"https:\/\/staging.lucky-hunter.com\/wp-content\/uploads\/2017\/06\/73047_Over-Size_Goldeneyes_4.png\",\"contentUrl\":\"https:\/\/staging.lucky-hunter.com\/wp-content\/uploads\/2017\/06\/73047_Over-Size_Goldeneyes_4.png\",\"width\":1500,\"height\":1500},{\"@type\":\"BreadcrumbList\",\"@id\":\"https:\/\/staging.lucky-hunter.com\/fr\/product\/ghg-foam-filled-goldeneyes-inkl-2-females\/#breadcrumb\",\"itemListElement\":[{\"@type\":\"ListItem\",\"position\":1,\"name\":\"Home\",\"item\":\"https:\/\/staging.lucky-hunter.com\/fr\/\"},{\"@type\":\"ListItem\",\"position\":2,\"name\":\"Boutique\",\"item\":\"https:\/\/staging.lucky-hunter.com\/fr\/shop\/\"},{\"@type\":\"ListItem\",\"position\":3,\"name\":\"Formes de Garrots Remplies de Mousse GHG &#8211; avec 2 Canes\"}]},{\"@type\":\"WebSite\",\"@id\":\"https:\/\/staging.lucky-hunter.com\/#website\",\"url\":\"https:\/\/staging.lucky-hunter.com\/\",\"name\":\"Lucky-Hunter\",\"description\":\"Gear Up or Give Up\",\"potentialAction\":[{\"@type\":\"SearchAction\",\"target\":{\"@type\":\"EntryPoint\",\"urlTemplate\":\"https:\/\/staging.lucky-hunter.com\/?s={search_term_string}\"},\"query-input\":{\"@type\":\"PropertyValueSpecification\",\"valueRequired\":true,\"valueName\":\"search_term_string\"}}],\"inLanguage\":\"fr-FR\"}]}<\/script>\n<!-- \/ Yoast SEO plugin. -->","yoast_head_json":{"title":"Formes de Garrots Remplies de Mousse GHG - avec 2 Canes","description":"Des formes GHG avec des postures r\u00e9alistes, des combinaisons de couleurs vives et une enveloppe durable con\u00e7ue pour une utilisation intensive. Design de quille Dura-Keel\u2122 60\/40.","robots":{"index":"noindex","follow":"follow","max-snippet":"max-snippet:-1","max-image-preview":"max-image-preview:large","max-video-preview":"max-video-preview:-1"},"og_locale":"fr_FR","og_type":"article","og_title":"Formes de Garrots Remplies de Mousse GHG - avec 2 Canes","og_description":"Des formes GHG avec des postures r\u00e9alistes, des combinaisons de couleurs vives et une enveloppe durable con\u00e7ue pour une utilisation intensive. Design de quille Dura-Keel\u2122 60\/40.","og_url":"https:\/\/staging.lucky-hunter.com\/fr\/product\/ghg-foam-filled-goldeneyes-inkl-2-females\/","og_site_name":"Lucky-Hunter","article_modified_time":"2022-11-15T13:26:10+00:00","og_image":[{"width":1500,"height":1500,"url":"https:\/\/staging.lucky-hunter.com\/wp-content\/uploads\/2017\/06\/73047_Over-Size_Goldeneyes_4.png","type":"image\/png"}],"twitter_card":"summary_large_image","twitter_misc":{"Dur\u00e9e de lecture estim\u00e9e":"1 minute"},"schema":{"@context":"https:\/\/schema.org","@graph":[{"@type":"WebPage","@id":"https:\/\/staging.lucky-hunter.com\/fr\/product\/ghg-foam-filled-goldeneyes-inkl-2-females\/","url":"https:\/\/staging.lucky-hunter.com\/fr\/product\/ghg-foam-filled-goldeneyes-inkl-2-females\/","name":"Formes de Garrots Remplies de Mousse GHG - avec 2 Canes","isPartOf":{"@id":"https:\/\/staging.lucky-hunter.com\/#website"},"primaryImageOfPage":{"@id":"https:\/\/staging.lucky-hunter.com\/fr\/product\/ghg-foam-filled-goldeneyes-inkl-2-females\/#primaryimage"},"image":{"@id":"https:\/\/staging.lucky-hunter.com\/fr\/product\/ghg-foam-filled-goldeneyes-inkl-2-females\/#primaryimage"},"thumbnailUrl":"https:\/\/staging.lucky-hunter.com\/wp-content\/uploads\/2017\/06\/73047_Over-Size_Goldeneyes_4.png","datePublished":"2022-10-11T10:11:05+00:00","dateModified":"2022-11-15T13:26:10+00:00","description":"Des formes GHG avec des postures r\u00e9alistes, des combinaisons de couleurs vives et une enveloppe durable con\u00e7ue pour une utilisation intensive. Design de quille Dura-Keel\u2122 60\/40.","breadcrumb":{"@id":"https:\/\/staging.lucky-hunter.com\/fr\/product\/ghg-foam-filled-goldeneyes-inkl-2-females\/#breadcrumb"},"inLanguage":"fr-FR","potentialAction":[{"@type":"ReadAction","target":["https:\/\/staging.lucky-hunter.com\/fr\/product\/ghg-foam-filled-goldeneyes-inkl-2-females\/"]}]},{"@type":"ImageObject","inLanguage":"fr-FR","@id":"https:\/\/staging.lucky-hunter.com\/fr\/product\/ghg-foam-filled-goldeneyes-inkl-2-females\/#primaryimage","url":"https:\/\/staging.lucky-hunter.com\/wp-content\/uploads\/2017\/06\/73047_Over-Size_Goldeneyes_4.png","contentUrl":"https:\/\/staging.lucky-hunter.com\/wp-content\/uploads\/2017\/06\/73047_Over-Size_Goldeneyes_4.png","width":1500,"height":1500},{"@type":"BreadcrumbList","@id":"https:\/\/staging.lucky-hunter.com\/fr\/product\/ghg-foam-filled-goldeneyes-inkl-2-females\/#breadcrumb","itemListElement":[{"@type":"ListItem","position":1,"name":"Home","item":"https:\/\/staging.lucky-hunter.com\/fr\/"},{"@type":"ListItem","position":2,"name":"Boutique","item":"https:\/\/staging.lucky-hunter.com\/fr\/shop\/"},{"@type":"ListItem","position":3,"name":"Formes de Garrots Remplies de Mousse GHG &#8211; avec 2 Canes"}]},{"@type":"WebSite","@id":"https:\/\/staging.lucky-hunter.com\/#website","url":"https:\/\/staging.lucky-hunter.com\/","name":"Lucky-Hunter","description":"Gear Up or Give Up","potentialAction":[{"@type":"SearchAction","target":{"@type":"EntryPoint","urlTemplate":"https:\/\/staging.lucky-hunter.com\/?s={search_term_string}"},"query-input":{"@type":"PropertyValueSpecification","valueRequired":true,"valueName":"search_term_string"}}],"inLanguage":"fr-FR"}]}},"_links":{"self":[{"href":"https:\/\/staging.lucky-hunter.com\/fr\/wp-json\/wp\/v2\/product\/53106"}],"collection":[{"href":"https:\/\/staging.lucky-hunter.com\/fr\/wp-json\/wp\/v2\/product"}],"about":[{"href":"https:\/\/staging.lucky-hunter.com\/fr\/wp-json\/wp\/v2\/types\/product"}],"wp:featuredmedia":[{"embeddable":true,"href":"https:\/\/staging.lucky-hunter.com\/fr\/wp-json\/wp\/v2\/media\/28567"}],"wp:attachment":[{"href":"https:\/\/staging.lucky-hunter.com\/fr\/wp-json\/wp\/v2\/media?parent=53106"}],"wp:term":[{"taxonomy":"product_brand","embeddable":true,"href":"https:\/\/staging.lucky-hunter.com\/fr\/wp-json\/wp\/v2\/product_brand?post=53106"},{"taxonomy":"product_cat","embeddable":true,"href":"https:\/\/staging.lucky-hunter.com\/fr\/wp-json\/wp\/v2\/product_cat?post=53106"},{"taxonomy":"product_tag","embeddable":true,"href":"https:\/\/staging.lucky-hunter.com\/fr\/wp-json\/wp\/v2\/product_tag?post=53106"}],"curies":[{"name":"wp","href":"https:\/\/api.w.org\/{rel}","templated":true}]}}