{"id":53098,"date":"2022-10-04T13:24:42","date_gmt":"2022-10-04T11:24:42","guid":{"rendered":"https:\/\/staging.lucky-hunter.com\/product\/banded-hunting-logo-cap\/"},"modified":"2023-03-14T15:27:45","modified_gmt":"2023-03-14T14:27:45","slug":"banded-hunting-logo-cap","status":"publish","type":"product","link":"https:\/\/staging.lucky-hunter.com\/fr\/product\/banded-hunting-logo-cap\/","title":{"rendered":"Casquette de Chasse avec Logo Banded"},"content":{"rendered":"<h2><strong>Une superbe casquette pour le chasseur passionn\u00e9<\/strong><\/h2>\n<div>Compl\u00e9tez votre tenue avec une casquette de chasse ing\u00e9nieuse et pratique, par le fabricant am\u00e9ricain Banded.<\/div>\n<div><\/div>\n<div><strong>Caract\u00e9ristiques\u00a0:<\/strong><\/div>\n<ul>\n<li>Coton<\/li>\n<li>R\u00e9glable<\/li>\n<li>Choisissez parmi plusieurs motifs de camouflage<\/li>\n<li>Logo Banded sur le devant<\/li>\n<li>Taille unique.<\/li>\n<\/ul>\n","protected":false},"excerpt":{"rendered":"<p>Compl\u00e9tez votre tenue avec une casquette de chasse ing\u00e9nieuse et pratique, par le fabricant am\u00e9ricain Banded. Choisissez parmi plusieurs motifs de camouflage.<\/p>\n","protected":false},"featured_media":54978,"template":"","meta":[],"product_brand":[8137],"product_cat":[9141],"product_tag":[],"yoast_head":"<!-- This site is optimized with the Yoast SEO plugin v24.3 - https:\/\/yoast.com\/wordpress\/plugins\/seo\/ -->\n<title>Casquette de Chasse avec Logo Banded, pour le chasseur passionn\u00e9<\/title>\n<meta name=\"description\" content=\"Compl\u00e9tez votre tenue avec une casquette de chasse ing\u00e9nieuse et pratique, par le fabricant am\u00e9ricain Banded. Choisissez parmi plusieurs motifs de camouflage.\" \/>\n<meta name=\"robots\" content=\"noindex, follow, max-snippet:-1, max-image-preview:large, max-video-preview:-1\" \/>\n<meta property=\"og:locale\" content=\"fr_FR\" \/>\n<meta property=\"og:type\" content=\"article\" \/>\n<meta property=\"og:title\" content=\"Casquette de Chasse avec Logo Banded, pour le chasseur passionn\u00e9\" \/>\n<meta property=\"og:description\" content=\"Compl\u00e9tez votre tenue avec une casquette de chasse ing\u00e9nieuse et pratique, par le fabricant am\u00e9ricain Banded. Choisissez parmi plusieurs motifs de camouflage.\" \/>\n<meta property=\"og:url\" content=\"https:\/\/staging.lucky-hunter.com\/product\/banded-hunting-logo-cap\/\" \/>\n<meta property=\"og:site_name\" content=\"Lucky-Hunter\" \/>\n<meta property=\"article:modified_time\" content=\"2023-03-14T14:27:45+00:00\" \/>\n<meta property=\"og:image\" content=\"https:\/\/staging.lucky-hunter.com\/wp-content\/uploads\/2022\/10\/JB-0322.png\" \/>\n\t<meta property=\"og:image:width\" content=\"1000\" \/>\n\t<meta property=\"og:image:height\" content=\"1000\" \/>\n\t<meta property=\"og:image:type\" content=\"image\/png\" \/>\n<meta name=\"twitter:card\" content=\"summary_large_image\" \/>\n<meta name=\"twitter:label1\" content=\"Dur\u00e9e de lecture estim\u00e9e\" \/>\n\t<meta name=\"twitter:data1\" content=\"1 minute\" \/>\n<script type=\"application\/ld+json\" class=\"yoast-schema-graph\">{\"@context\":\"https:\/\/schema.org\",\"@graph\":[{\"@type\":\"WebPage\",\"@id\":\"https:\/\/staging.lucky-hunter.com\/product\/banded-hunting-logo-cap\/\",\"url\":\"https:\/\/staging.lucky-hunter.com\/product\/banded-hunting-logo-cap\/\",\"name\":\"Casquette de Chasse avec Logo Banded, pour le chasseur passionn\u00e9\",\"isPartOf\":{\"@id\":\"https:\/\/staging.lucky-hunter.com\/#website\"},\"primaryImageOfPage\":{\"@id\":\"https:\/\/staging.lucky-hunter.com\/product\/banded-hunting-logo-cap\/#primaryimage\"},\"image\":{\"@id\":\"https:\/\/staging.lucky-hunter.com\/product\/banded-hunting-logo-cap\/#primaryimage\"},\"thumbnailUrl\":\"https:\/\/staging.lucky-hunter.com\/wp-content\/uploads\/2022\/10\/JB-0322.png\",\"datePublished\":\"2022-10-04T11:24:42+00:00\",\"dateModified\":\"2023-03-14T14:27:45+00:00\",\"description\":\"Compl\u00e9tez votre tenue avec une casquette de chasse ing\u00e9nieuse et pratique, par le fabricant am\u00e9ricain Banded. Choisissez parmi plusieurs motifs de camouflage.\",\"breadcrumb\":{\"@id\":\"https:\/\/staging.lucky-hunter.com\/product\/banded-hunting-logo-cap\/#breadcrumb\"},\"inLanguage\":\"fr-FR\",\"potentialAction\":[{\"@type\":\"ReadAction\",\"target\":[\"https:\/\/staging.lucky-hunter.com\/product\/banded-hunting-logo-cap\/\"]}]},{\"@type\":\"ImageObject\",\"inLanguage\":\"fr-FR\",\"@id\":\"https:\/\/staging.lucky-hunter.com\/product\/banded-hunting-logo-cap\/#primaryimage\",\"url\":\"https:\/\/staging.lucky-hunter.com\/wp-content\/uploads\/2022\/10\/JB-0322.png\",\"contentUrl\":\"https:\/\/staging.lucky-hunter.com\/wp-content\/uploads\/2022\/10\/JB-0322.png\",\"width\":1000,\"height\":1000},{\"@type\":\"BreadcrumbList\",\"@id\":\"https:\/\/staging.lucky-hunter.com\/product\/banded-hunting-logo-cap\/#breadcrumb\",\"itemListElement\":[{\"@type\":\"ListItem\",\"position\":1,\"name\":\"Home\",\"item\":\"https:\/\/staging.lucky-hunter.com\/fr\/\"},{\"@type\":\"ListItem\",\"position\":2,\"name\":\"Boutique\",\"item\":\"https:\/\/staging.lucky-hunter.com\/fr\/shop\/\"},{\"@type\":\"ListItem\",\"position\":3,\"name\":\"Casquette de Chasse avec Logo Banded\"}]},{\"@type\":\"WebSite\",\"@id\":\"https:\/\/staging.lucky-hunter.com\/#website\",\"url\":\"https:\/\/staging.lucky-hunter.com\/\",\"name\":\"Lucky-Hunter\",\"description\":\"Gear Up or Give Up\",\"potentialAction\":[{\"@type\":\"SearchAction\",\"target\":{\"@type\":\"EntryPoint\",\"urlTemplate\":\"https:\/\/staging.lucky-hunter.com\/?s={search_term_string}\"},\"query-input\":{\"@type\":\"PropertyValueSpecification\",\"valueRequired\":true,\"valueName\":\"search_term_string\"}}],\"inLanguage\":\"fr-FR\"}]}<\/script>\n<!-- \/ Yoast SEO plugin. -->","yoast_head_json":{"title":"Casquette de Chasse avec Logo Banded, pour le chasseur passionn\u00e9","description":"Compl\u00e9tez votre tenue avec une casquette de chasse ing\u00e9nieuse et pratique, par le fabricant am\u00e9ricain Banded. Choisissez parmi plusieurs motifs de camouflage.","robots":{"index":"noindex","follow":"follow","max-snippet":"max-snippet:-1","max-image-preview":"max-image-preview:large","max-video-preview":"max-video-preview:-1"},"og_locale":"fr_FR","og_type":"article","og_title":"Casquette de Chasse avec Logo Banded, pour le chasseur passionn\u00e9","og_description":"Compl\u00e9tez votre tenue avec une casquette de chasse ing\u00e9nieuse et pratique, par le fabricant am\u00e9ricain Banded. Choisissez parmi plusieurs motifs de camouflage.","og_url":"https:\/\/staging.lucky-hunter.com\/product\/banded-hunting-logo-cap\/","og_site_name":"Lucky-Hunter","article_modified_time":"2023-03-14T14:27:45+00:00","og_image":[{"width":1000,"height":1000,"url":"https:\/\/staging.lucky-hunter.com\/wp-content\/uploads\/2022\/10\/JB-0322.png","type":"image\/png"}],"twitter_card":"summary_large_image","twitter_misc":{"Dur\u00e9e de lecture estim\u00e9e":"1 minute"},"schema":{"@context":"https:\/\/schema.org","@graph":[{"@type":"WebPage","@id":"https:\/\/staging.lucky-hunter.com\/product\/banded-hunting-logo-cap\/","url":"https:\/\/staging.lucky-hunter.com\/product\/banded-hunting-logo-cap\/","name":"Casquette de Chasse avec Logo Banded, pour le chasseur passionn\u00e9","isPartOf":{"@id":"https:\/\/staging.lucky-hunter.com\/#website"},"primaryImageOfPage":{"@id":"https:\/\/staging.lucky-hunter.com\/product\/banded-hunting-logo-cap\/#primaryimage"},"image":{"@id":"https:\/\/staging.lucky-hunter.com\/product\/banded-hunting-logo-cap\/#primaryimage"},"thumbnailUrl":"https:\/\/staging.lucky-hunter.com\/wp-content\/uploads\/2022\/10\/JB-0322.png","datePublished":"2022-10-04T11:24:42+00:00","dateModified":"2023-03-14T14:27:45+00:00","description":"Compl\u00e9tez votre tenue avec une casquette de chasse ing\u00e9nieuse et pratique, par le fabricant am\u00e9ricain Banded. Choisissez parmi plusieurs motifs de camouflage.","breadcrumb":{"@id":"https:\/\/staging.lucky-hunter.com\/product\/banded-hunting-logo-cap\/#breadcrumb"},"inLanguage":"fr-FR","potentialAction":[{"@type":"ReadAction","target":["https:\/\/staging.lucky-hunter.com\/product\/banded-hunting-logo-cap\/"]}]},{"@type":"ImageObject","inLanguage":"fr-FR","@id":"https:\/\/staging.lucky-hunter.com\/product\/banded-hunting-logo-cap\/#primaryimage","url":"https:\/\/staging.lucky-hunter.com\/wp-content\/uploads\/2022\/10\/JB-0322.png","contentUrl":"https:\/\/staging.lucky-hunter.com\/wp-content\/uploads\/2022\/10\/JB-0322.png","width":1000,"height":1000},{"@type":"BreadcrumbList","@id":"https:\/\/staging.lucky-hunter.com\/product\/banded-hunting-logo-cap\/#breadcrumb","itemListElement":[{"@type":"ListItem","position":1,"name":"Home","item":"https:\/\/staging.lucky-hunter.com\/fr\/"},{"@type":"ListItem","position":2,"name":"Boutique","item":"https:\/\/staging.lucky-hunter.com\/fr\/shop\/"},{"@type":"ListItem","position":3,"name":"Casquette de Chasse avec Logo Banded"}]},{"@type":"WebSite","@id":"https:\/\/staging.lucky-hunter.com\/#website","url":"https:\/\/staging.lucky-hunter.com\/","name":"Lucky-Hunter","description":"Gear Up or Give Up","potentialAction":[{"@type":"SearchAction","target":{"@type":"EntryPoint","urlTemplate":"https:\/\/staging.lucky-hunter.com\/?s={search_term_string}"},"query-input":{"@type":"PropertyValueSpecification","valueRequired":true,"valueName":"search_term_string"}}],"inLanguage":"fr-FR"}]}},"_links":{"self":[{"href":"https:\/\/staging.lucky-hunter.com\/fr\/wp-json\/wp\/v2\/product\/53098"}],"collection":[{"href":"https:\/\/staging.lucky-hunter.com\/fr\/wp-json\/wp\/v2\/product"}],"about":[{"href":"https:\/\/staging.lucky-hunter.com\/fr\/wp-json\/wp\/v2\/types\/product"}],"wp:featuredmedia":[{"embeddable":true,"href":"https:\/\/staging.lucky-hunter.com\/fr\/wp-json\/wp\/v2\/media\/54978"}],"wp:attachment":[{"href":"https:\/\/staging.lucky-hunter.com\/fr\/wp-json\/wp\/v2\/media?parent=53098"}],"wp:term":[{"taxonomy":"product_brand","embeddable":true,"href":"https:\/\/staging.lucky-hunter.com\/fr\/wp-json\/wp\/v2\/product_brand?post=53098"},{"taxonomy":"product_cat","embeddable":true,"href":"https:\/\/staging.lucky-hunter.com\/fr\/wp-json\/wp\/v2\/product_cat?post=53098"},{"taxonomy":"product_tag","embeddable":true,"href":"https:\/\/staging.lucky-hunter.com\/fr\/wp-json\/wp\/v2\/product_tag?post=53098"}],"curies":[{"name":"wp","href":"https:\/\/api.w.org\/{rel}","templated":true}]}}