{"id":53017,"date":"2022-10-06T10:34:40","date_gmt":"2022-10-06T08:34:40","guid":{"rendered":"https:\/\/staging.lucky-hunter.com\/product\/rigem-right-lowdown-floating-backpack-optifade-timber\/"},"modified":"2022-11-15T14:28:34","modified_gmt":"2022-11-15T13:28:34","slug":"rigem-right-lowdown-floating-backpack-optifade-timber","status":"publish","type":"product","link":"https:\/\/staging.lucky-hunter.com\/fr\/product\/rigem-right-lowdown-floating-backpack-optifade-timber\/","title":{"rendered":"Sac \u00e0 Dos Flottant Rig&#8217;Em Right Lowdown &#8211; Optifade Timber"},"content":{"rendered":"<h1>Sac \u00e0 Dos Flottant Rig\u00b4Em Right Lowdown<\/h1>\n<p>Enfin un sac \u00e0 dos de luxe fait pour la campagne\u00a0! De haute qualit\u00e9, tr\u00e8s r\u00e9sistant et dot\u00e9 de toutes les fonctionnalit\u00e9s n\u00e9cessaires pour affronter la boue lorsque vous chassez le canard dans les marais. Le sac comporte un flotteur enti\u00e8rement en mousse sur toute la longueur, un fond grand luxe en EVA moul\u00e9, un \u00e9tui \u00e0 lunettes de soleil int\u00e9gr\u00e9, une poign\u00e9e unique en paracorde, un porte-thermos, des poign\u00e9es \u2013\u00a0sur le c\u00f4t\u00e9 et \u00e0 l\u2019avant\u00a0\u2013 dot\u00e9es de boucles pour attacher les syst\u00e8mes d\u2019attelage clips\u00e9s de Rig&#8217;Em Right, un dossier et des bretelles avec rembourrage en mousse ergonomique. et un grand compartiment interne permettant de transporter beaucoup de mat\u00e9riel. Il contient \u00e9galement une poche interne pour accueillir un ordinateur portable ou une tablette, ce qui permet de l\u2019utiliser comme sac de voyage. Il s\u2019agit vraiment du sac \u00e0 dos ultime pour les sauvaginiers.<\/p>\n<p>Dimensions approximatives de l&#8217;ext\u00e9rieur : 43 cm de haut x 20 cm de profondeur x 33 cm de large<\/p>\n<p><strong>Caract\u00e9ristiques\u00a0:<\/strong><\/p>\n<p>\u2022 Flotteur enti\u00e8rement en mousse<\/p>\n<p>\u2022 Fond grand luxe en EVA moul\u00e9<\/p>\n<p>\u2022 \u00c9tui \u00e0 lunettes de soleil int\u00e9gr\u00e9<\/p>\n<p>\u2022 Portes-gibiers int\u00e9gr\u00e9s de chaque c\u00f4t\u00e9<\/p>\n<p>\u2022 Poign\u00e9e unique en paracorde<\/p>\n<p>\u2022 Porte-thermos<\/p>\n<p>\u2022 Poign\u00e9e lat\u00e9rale avec boucles pour attacher les syst\u00e8mes d\u2019attelage clips\u00e9s de Rig&#8217;Em Right&#x2122;<\/p>\n<p>\u2022 Dossier rembourr\u00e9 en mousse ergonomique<\/p>\n<p>\u2022 Bretelles avec ceinture amovible<\/p>\n<p>\u2022 Grand compartiment interne pour transporter votre \u00e9quipement<\/p>\n<p>\u2022 Poche interne pour ordinateur portable ou tablette, ce qui permet de l\u2019utiliser comme sac de voyage<\/p>\n","protected":false},"excerpt":{"rendered":"<p>Ce sac \u00e0 dos flottant constitue la solution parfaite pour ceux qui chassent dans les zones humides, dans les marais et au bord de l&#8217;eau.<\/p>\n","protected":false},"featured_media":53717,"template":"","meta":[],"product_brand":[8127],"product_cat":[8174],"product_tag":[],"yoast_head":"<!-- This site is optimized with the Yoast SEO plugin v24.3 - https:\/\/yoast.com\/wordpress\/plugins\/seo\/ -->\n<title>Sac \u00e0 Dos Flottant Rig\u00b4Em Right Lowdown | Lucky-Hunter.com<\/title>\n<meta name=\"description\" content=\"Ce sac \u00e0 dos flottant de Rig&#039;Em Right constitue la solution parfaite pour ceux qui chassent dans les zones humides, dans les marais et au bord de l&#039;eau. D\u00e9sormais disponible avec le motif Optifade Timber\" \/>\n<meta name=\"robots\" content=\"noindex, follow, max-snippet:-1, max-image-preview:large, max-video-preview:-1\" \/>\n<meta property=\"og:locale\" content=\"fr_FR\" \/>\n<meta property=\"og:type\" content=\"article\" \/>\n<meta property=\"og:title\" content=\"Sac \u00e0 Dos Flottant Rig\u00b4Em Right Lowdown | Lucky-Hunter.com\" \/>\n<meta property=\"og:description\" content=\"Ce sac \u00e0 dos flottant de Rig&#039;Em Right constitue la solution parfaite pour ceux qui chassent dans les zones humides, dans les marais et au bord de l&#039;eau. D\u00e9sormais disponible avec le motif Optifade Timber\" \/>\n<meta property=\"og:url\" content=\"https:\/\/staging.lucky-hunter.com\/fr\/product\/rigem-right-lowdown-floating-backpack-optifade-timber\/\" \/>\n<meta property=\"og:site_name\" content=\"Lucky-Hunter\" \/>\n<meta property=\"article:modified_time\" content=\"2022-11-15T13:28:34+00:00\" \/>\n<meta property=\"og:image\" content=\"https:\/\/staging.lucky-hunter.com\/wp-content\/uploads\/2022\/10\/PU-263.png\" \/>\n\t<meta property=\"og:image:width\" content=\"1000\" \/>\n\t<meta property=\"og:image:height\" content=\"1000\" \/>\n\t<meta property=\"og:image:type\" content=\"image\/png\" \/>\n<meta name=\"twitter:card\" content=\"summary_large_image\" \/>\n<meta name=\"twitter:label1\" content=\"Dur\u00e9e de lecture estim\u00e9e\" \/>\n\t<meta name=\"twitter:data1\" content=\"2 minutes\" \/>\n<script type=\"application\/ld+json\" class=\"yoast-schema-graph\">{\"@context\":\"https:\/\/schema.org\",\"@graph\":[{\"@type\":\"WebPage\",\"@id\":\"https:\/\/staging.lucky-hunter.com\/fr\/product\/rigem-right-lowdown-floating-backpack-optifade-timber\/\",\"url\":\"https:\/\/staging.lucky-hunter.com\/fr\/product\/rigem-right-lowdown-floating-backpack-optifade-timber\/\",\"name\":\"Sac \u00e0 Dos Flottant Rig\u00b4Em Right Lowdown | Lucky-Hunter.com\",\"isPartOf\":{\"@id\":\"https:\/\/staging.lucky-hunter.com\/#website\"},\"primaryImageOfPage\":{\"@id\":\"https:\/\/staging.lucky-hunter.com\/fr\/product\/rigem-right-lowdown-floating-backpack-optifade-timber\/#primaryimage\"},\"image\":{\"@id\":\"https:\/\/staging.lucky-hunter.com\/fr\/product\/rigem-right-lowdown-floating-backpack-optifade-timber\/#primaryimage\"},\"thumbnailUrl\":\"https:\/\/staging.lucky-hunter.com\/wp-content\/uploads\/2022\/10\/PU-263.png\",\"datePublished\":\"2022-10-06T08:34:40+00:00\",\"dateModified\":\"2022-11-15T13:28:34+00:00\",\"description\":\"Ce sac \u00e0 dos flottant de Rig'Em Right constitue la solution parfaite pour ceux qui chassent dans les zones humides, dans les marais et au bord de l'eau. D\u00e9sormais disponible avec le motif Optifade Timber\",\"breadcrumb\":{\"@id\":\"https:\/\/staging.lucky-hunter.com\/fr\/product\/rigem-right-lowdown-floating-backpack-optifade-timber\/#breadcrumb\"},\"inLanguage\":\"fr-FR\",\"potentialAction\":[{\"@type\":\"ReadAction\",\"target\":[\"https:\/\/staging.lucky-hunter.com\/fr\/product\/rigem-right-lowdown-floating-backpack-optifade-timber\/\"]}]},{\"@type\":\"ImageObject\",\"inLanguage\":\"fr-FR\",\"@id\":\"https:\/\/staging.lucky-hunter.com\/fr\/product\/rigem-right-lowdown-floating-backpack-optifade-timber\/#primaryimage\",\"url\":\"https:\/\/staging.lucky-hunter.com\/wp-content\/uploads\/2022\/10\/PU-263.png\",\"contentUrl\":\"https:\/\/staging.lucky-hunter.com\/wp-content\/uploads\/2022\/10\/PU-263.png\",\"width\":1000,\"height\":1000},{\"@type\":\"BreadcrumbList\",\"@id\":\"https:\/\/staging.lucky-hunter.com\/fr\/product\/rigem-right-lowdown-floating-backpack-optifade-timber\/#breadcrumb\",\"itemListElement\":[{\"@type\":\"ListItem\",\"position\":1,\"name\":\"Home\",\"item\":\"https:\/\/staging.lucky-hunter.com\/fr\/\"},{\"@type\":\"ListItem\",\"position\":2,\"name\":\"Boutique\",\"item\":\"https:\/\/staging.lucky-hunter.com\/fr\/shop\/\"},{\"@type\":\"ListItem\",\"position\":3,\"name\":\"Sac \u00e0 Dos Flottant Rig&#8217;Em Right Lowdown &#8211; Optifade Timber\"}]},{\"@type\":\"WebSite\",\"@id\":\"https:\/\/staging.lucky-hunter.com\/#website\",\"url\":\"https:\/\/staging.lucky-hunter.com\/\",\"name\":\"Lucky-Hunter\",\"description\":\"Gear Up or Give Up\",\"potentialAction\":[{\"@type\":\"SearchAction\",\"target\":{\"@type\":\"EntryPoint\",\"urlTemplate\":\"https:\/\/staging.lucky-hunter.com\/?s={search_term_string}\"},\"query-input\":{\"@type\":\"PropertyValueSpecification\",\"valueRequired\":true,\"valueName\":\"search_term_string\"}}],\"inLanguage\":\"fr-FR\"}]}<\/script>\n<!-- \/ Yoast SEO plugin. -->","yoast_head_json":{"title":"Sac \u00e0 Dos Flottant Rig\u00b4Em Right Lowdown | Lucky-Hunter.com","description":"Ce sac \u00e0 dos flottant de Rig'Em Right constitue la solution parfaite pour ceux qui chassent dans les zones humides, dans les marais et au bord de l'eau. D\u00e9sormais disponible avec le motif Optifade Timber","robots":{"index":"noindex","follow":"follow","max-snippet":"max-snippet:-1","max-image-preview":"max-image-preview:large","max-video-preview":"max-video-preview:-1"},"og_locale":"fr_FR","og_type":"article","og_title":"Sac \u00e0 Dos Flottant Rig\u00b4Em Right Lowdown | Lucky-Hunter.com","og_description":"Ce sac \u00e0 dos flottant de Rig'Em Right constitue la solution parfaite pour ceux qui chassent dans les zones humides, dans les marais et au bord de l'eau. D\u00e9sormais disponible avec le motif Optifade Timber","og_url":"https:\/\/staging.lucky-hunter.com\/fr\/product\/rigem-right-lowdown-floating-backpack-optifade-timber\/","og_site_name":"Lucky-Hunter","article_modified_time":"2022-11-15T13:28:34+00:00","og_image":[{"width":1000,"height":1000,"url":"https:\/\/staging.lucky-hunter.com\/wp-content\/uploads\/2022\/10\/PU-263.png","type":"image\/png"}],"twitter_card":"summary_large_image","twitter_misc":{"Dur\u00e9e de lecture estim\u00e9e":"2 minutes"},"schema":{"@context":"https:\/\/schema.org","@graph":[{"@type":"WebPage","@id":"https:\/\/staging.lucky-hunter.com\/fr\/product\/rigem-right-lowdown-floating-backpack-optifade-timber\/","url":"https:\/\/staging.lucky-hunter.com\/fr\/product\/rigem-right-lowdown-floating-backpack-optifade-timber\/","name":"Sac \u00e0 Dos Flottant Rig\u00b4Em Right Lowdown | Lucky-Hunter.com","isPartOf":{"@id":"https:\/\/staging.lucky-hunter.com\/#website"},"primaryImageOfPage":{"@id":"https:\/\/staging.lucky-hunter.com\/fr\/product\/rigem-right-lowdown-floating-backpack-optifade-timber\/#primaryimage"},"image":{"@id":"https:\/\/staging.lucky-hunter.com\/fr\/product\/rigem-right-lowdown-floating-backpack-optifade-timber\/#primaryimage"},"thumbnailUrl":"https:\/\/staging.lucky-hunter.com\/wp-content\/uploads\/2022\/10\/PU-263.png","datePublished":"2022-10-06T08:34:40+00:00","dateModified":"2022-11-15T13:28:34+00:00","description":"Ce sac \u00e0 dos flottant de Rig'Em Right constitue la solution parfaite pour ceux qui chassent dans les zones humides, dans les marais et au bord de l'eau. D\u00e9sormais disponible avec le motif Optifade Timber","breadcrumb":{"@id":"https:\/\/staging.lucky-hunter.com\/fr\/product\/rigem-right-lowdown-floating-backpack-optifade-timber\/#breadcrumb"},"inLanguage":"fr-FR","potentialAction":[{"@type":"ReadAction","target":["https:\/\/staging.lucky-hunter.com\/fr\/product\/rigem-right-lowdown-floating-backpack-optifade-timber\/"]}]},{"@type":"ImageObject","inLanguage":"fr-FR","@id":"https:\/\/staging.lucky-hunter.com\/fr\/product\/rigem-right-lowdown-floating-backpack-optifade-timber\/#primaryimage","url":"https:\/\/staging.lucky-hunter.com\/wp-content\/uploads\/2022\/10\/PU-263.png","contentUrl":"https:\/\/staging.lucky-hunter.com\/wp-content\/uploads\/2022\/10\/PU-263.png","width":1000,"height":1000},{"@type":"BreadcrumbList","@id":"https:\/\/staging.lucky-hunter.com\/fr\/product\/rigem-right-lowdown-floating-backpack-optifade-timber\/#breadcrumb","itemListElement":[{"@type":"ListItem","position":1,"name":"Home","item":"https:\/\/staging.lucky-hunter.com\/fr\/"},{"@type":"ListItem","position":2,"name":"Boutique","item":"https:\/\/staging.lucky-hunter.com\/fr\/shop\/"},{"@type":"ListItem","position":3,"name":"Sac \u00e0 Dos Flottant Rig&#8217;Em Right Lowdown &#8211; Optifade Timber"}]},{"@type":"WebSite","@id":"https:\/\/staging.lucky-hunter.com\/#website","url":"https:\/\/staging.lucky-hunter.com\/","name":"Lucky-Hunter","description":"Gear Up or Give Up","potentialAction":[{"@type":"SearchAction","target":{"@type":"EntryPoint","urlTemplate":"https:\/\/staging.lucky-hunter.com\/?s={search_term_string}"},"query-input":{"@type":"PropertyValueSpecification","valueRequired":true,"valueName":"search_term_string"}}],"inLanguage":"fr-FR"}]}},"_links":{"self":[{"href":"https:\/\/staging.lucky-hunter.com\/fr\/wp-json\/wp\/v2\/product\/53017"}],"collection":[{"href":"https:\/\/staging.lucky-hunter.com\/fr\/wp-json\/wp\/v2\/product"}],"about":[{"href":"https:\/\/staging.lucky-hunter.com\/fr\/wp-json\/wp\/v2\/types\/product"}],"wp:featuredmedia":[{"embeddable":true,"href":"https:\/\/staging.lucky-hunter.com\/fr\/wp-json\/wp\/v2\/media\/53717"}],"wp:attachment":[{"href":"https:\/\/staging.lucky-hunter.com\/fr\/wp-json\/wp\/v2\/media?parent=53017"}],"wp:term":[{"taxonomy":"product_brand","embeddable":true,"href":"https:\/\/staging.lucky-hunter.com\/fr\/wp-json\/wp\/v2\/product_brand?post=53017"},{"taxonomy":"product_cat","embeddable":true,"href":"https:\/\/staging.lucky-hunter.com\/fr\/wp-json\/wp\/v2\/product_cat?post=53017"},{"taxonomy":"product_tag","embeddable":true,"href":"https:\/\/staging.lucky-hunter.com\/fr\/wp-json\/wp\/v2\/product_tag?post=53017"}],"curies":[{"name":"wp","href":"https:\/\/api.w.org\/{rel}","templated":true}]}}