{"id":52912,"date":"2022-10-06T11:53:16","date_gmt":"2022-10-06T09:53:16","guid":{"rendered":"https:\/\/staging.lucky-hunter.com\/product\/rigem-right-sure-shot-floating-gun-case\/"},"modified":"2023-03-14T15:05:03","modified_gmt":"2023-03-14T14:05:03","slug":"rigem-right-sure-shot-floating-gun-case","status":"publish","type":"product","link":"https:\/\/staging.lucky-hunter.com\/fr\/product\/rigem-right-sure-shot-floating-gun-case\/","title":{"rendered":"\u00c9tui Flottant pour Fusil Rig\u00b4Em Right Sure Shot"},"content":{"rendered":"<h1>\u00c9tui Flottant pour Fusil Rig\u00b4Em Right<\/h1>\n<p>L\u2019\u00e9tui flottant pour fusil Rig&#8217;Em Right Sure Shot est fabriqu\u00e9 \u00e0 partir des mat\u00e9riaux les plus r\u00e9sistants. Int\u00e9grant un flotteur haute densit\u00e9, une fermeture \u00e9clair sur toute la longueur avec tirettes surdimensionn\u00e9es, un rev\u00eatement int\u00e9rieur doux, une bandouli\u00e8re r\u00e9glable, une pointe renforc\u00e9e \u00e0 double couche et une poche de rangement extra-large, cet \u00e9tui \u00e0 fusil regorge de fonctionnalit\u00e9s pour prot\u00e9ger votre arme \u00e0 feu pendant des ann\u00e9es.<\/p>\n<p><strong>Caract\u00e9ristiques\u00a0:<\/strong><\/p>\n<p>\u2022 Flotteur haute densit\u00e9<\/p>\n<p>\u2022 Fermeture \u00e9clair sur toute la longueur<\/p>\n<p>\u2022 Tirettes de fermeture \u00e9clair surdimensionn\u00e9es<\/p>\n<p>\u2022 Rev\u00eatement int\u00e9rieur doux<\/p>\n<p>\u2022 Bandouli\u00e8re r\u00e9glable<\/p>\n<p>\u2022 Pointe renforc\u00e9e \u00e0 double couche<\/p>\n<p>\u2022 Poche de rangement extra-large<\/p>\n<p>\u2022 Camouflage RealTree Max7 et Mossy Oak\u00ae Bottomland\u00ae<\/p>\n","protected":false},"excerpt":{"rendered":"<p>Cet \u00e9tui flottant pour fusil est parfait pour chasser dans des environnements humides, tels que ceux que l\u2019on trouve lors de la chasse au canard dans les marais ou les zones inond\u00e9es.<\/p>\n","protected":false},"featured_media":53758,"template":"","meta":[],"product_brand":[8127],"product_cat":[9355],"product_tag":[],"yoast_head":"<!-- This site is optimized with the Yoast SEO plugin v24.3 - https:\/\/yoast.com\/wordpress\/plugins\/seo\/ -->\n<title>\u00c9tui Flottant pour Fusil Rig\u00b4Em Right Sure Shot | Lucky-Hunter.com<\/title>\n<meta name=\"description\" content=\"Cet \u00e9tui flottant pour fusil est parfait pour chasser dans des environnements humides, tels que ceux que l\u2019on trouve lors de la chasse au canard dans les marais ou les zones inond\u00e9es.\" \/>\n<meta name=\"robots\" content=\"noindex, follow, max-snippet:-1, max-image-preview:large, max-video-preview:-1\" \/>\n<meta property=\"og:locale\" content=\"fr_FR\" \/>\n<meta property=\"og:type\" content=\"article\" \/>\n<meta property=\"og:title\" content=\"\u00c9tui Flottant pour Fusil Rig\u00b4Em Right Sure Shot | Lucky-Hunter.com\" \/>\n<meta property=\"og:description\" content=\"Cet \u00e9tui flottant pour fusil est parfait pour chasser dans des environnements humides, tels que ceux que l\u2019on trouve lors de la chasse au canard dans les marais ou les zones inond\u00e9es.\" \/>\n<meta property=\"og:url\" content=\"https:\/\/staging.lucky-hunter.com\/fr\/product\/rigem-right-sure-shot-floating-gun-case\/\" \/>\n<meta property=\"og:site_name\" content=\"Lucky-Hunter\" \/>\n<meta property=\"article:modified_time\" content=\"2023-03-14T14:05:03+00:00\" \/>\n<meta property=\"og:image\" content=\"https:\/\/staging.lucky-hunter.com\/wp-content\/uploads\/2022\/10\/PU-206.png\" \/>\n\t<meta property=\"og:image:width\" content=\"1000\" \/>\n\t<meta property=\"og:image:height\" content=\"1000\" \/>\n\t<meta property=\"og:image:type\" content=\"image\/png\" \/>\n<meta name=\"twitter:card\" content=\"summary_large_image\" \/>\n<meta name=\"twitter:label1\" content=\"Dur\u00e9e de lecture estim\u00e9e\" \/>\n\t<meta name=\"twitter:data1\" content=\"1 minute\" \/>\n<script type=\"application\/ld+json\" class=\"yoast-schema-graph\">{\"@context\":\"https:\/\/schema.org\",\"@graph\":[{\"@type\":\"WebPage\",\"@id\":\"https:\/\/staging.lucky-hunter.com\/fr\/product\/rigem-right-sure-shot-floating-gun-case\/\",\"url\":\"https:\/\/staging.lucky-hunter.com\/fr\/product\/rigem-right-sure-shot-floating-gun-case\/\",\"name\":\"\u00c9tui Flottant pour Fusil Rig\u00b4Em Right Sure Shot | Lucky-Hunter.com\",\"isPartOf\":{\"@id\":\"https:\/\/staging.lucky-hunter.com\/#website\"},\"primaryImageOfPage\":{\"@id\":\"https:\/\/staging.lucky-hunter.com\/fr\/product\/rigem-right-sure-shot-floating-gun-case\/#primaryimage\"},\"image\":{\"@id\":\"https:\/\/staging.lucky-hunter.com\/fr\/product\/rigem-right-sure-shot-floating-gun-case\/#primaryimage\"},\"thumbnailUrl\":\"https:\/\/staging.lucky-hunter.com\/wp-content\/uploads\/2022\/10\/PU-206.png\",\"datePublished\":\"2022-10-06T09:53:16+00:00\",\"dateModified\":\"2023-03-14T14:05:03+00:00\",\"description\":\"Cet \u00e9tui flottant pour fusil est parfait pour chasser dans des environnements humides, tels que ceux que l\u2019on trouve lors de la chasse au canard dans les marais ou les zones inond\u00e9es.\",\"breadcrumb\":{\"@id\":\"https:\/\/staging.lucky-hunter.com\/fr\/product\/rigem-right-sure-shot-floating-gun-case\/#breadcrumb\"},\"inLanguage\":\"fr-FR\",\"potentialAction\":[{\"@type\":\"ReadAction\",\"target\":[\"https:\/\/staging.lucky-hunter.com\/fr\/product\/rigem-right-sure-shot-floating-gun-case\/\"]}]},{\"@type\":\"ImageObject\",\"inLanguage\":\"fr-FR\",\"@id\":\"https:\/\/staging.lucky-hunter.com\/fr\/product\/rigem-right-sure-shot-floating-gun-case\/#primaryimage\",\"url\":\"https:\/\/staging.lucky-hunter.com\/wp-content\/uploads\/2022\/10\/PU-206.png\",\"contentUrl\":\"https:\/\/staging.lucky-hunter.com\/wp-content\/uploads\/2022\/10\/PU-206.png\",\"width\":1000,\"height\":1000},{\"@type\":\"BreadcrumbList\",\"@id\":\"https:\/\/staging.lucky-hunter.com\/fr\/product\/rigem-right-sure-shot-floating-gun-case\/#breadcrumb\",\"itemListElement\":[{\"@type\":\"ListItem\",\"position\":1,\"name\":\"Home\",\"item\":\"https:\/\/staging.lucky-hunter.com\/fr\/\"},{\"@type\":\"ListItem\",\"position\":2,\"name\":\"Boutique\",\"item\":\"https:\/\/staging.lucky-hunter.com\/fr\/shop\/\"},{\"@type\":\"ListItem\",\"position\":3,\"name\":\"\u00c9tui Flottant pour Fusil Rig\u00b4Em Right Sure Shot\"}]},{\"@type\":\"WebSite\",\"@id\":\"https:\/\/staging.lucky-hunter.com\/#website\",\"url\":\"https:\/\/staging.lucky-hunter.com\/\",\"name\":\"Lucky-Hunter\",\"description\":\"Gear Up or Give Up\",\"potentialAction\":[{\"@type\":\"SearchAction\",\"target\":{\"@type\":\"EntryPoint\",\"urlTemplate\":\"https:\/\/staging.lucky-hunter.com\/?s={search_term_string}\"},\"query-input\":{\"@type\":\"PropertyValueSpecification\",\"valueRequired\":true,\"valueName\":\"search_term_string\"}}],\"inLanguage\":\"fr-FR\"}]}<\/script>\n<!-- \/ Yoast SEO plugin. -->","yoast_head_json":{"title":"\u00c9tui Flottant pour Fusil Rig\u00b4Em Right Sure Shot | Lucky-Hunter.com","description":"Cet \u00e9tui flottant pour fusil est parfait pour chasser dans des environnements humides, tels que ceux que l\u2019on trouve lors de la chasse au canard dans les marais ou les zones inond\u00e9es.","robots":{"index":"noindex","follow":"follow","max-snippet":"max-snippet:-1","max-image-preview":"max-image-preview:large","max-video-preview":"max-video-preview:-1"},"og_locale":"fr_FR","og_type":"article","og_title":"\u00c9tui Flottant pour Fusil Rig\u00b4Em Right Sure Shot | Lucky-Hunter.com","og_description":"Cet \u00e9tui flottant pour fusil est parfait pour chasser dans des environnements humides, tels que ceux que l\u2019on trouve lors de la chasse au canard dans les marais ou les zones inond\u00e9es.","og_url":"https:\/\/staging.lucky-hunter.com\/fr\/product\/rigem-right-sure-shot-floating-gun-case\/","og_site_name":"Lucky-Hunter","article_modified_time":"2023-03-14T14:05:03+00:00","og_image":[{"width":1000,"height":1000,"url":"https:\/\/staging.lucky-hunter.com\/wp-content\/uploads\/2022\/10\/PU-206.png","type":"image\/png"}],"twitter_card":"summary_large_image","twitter_misc":{"Dur\u00e9e de lecture estim\u00e9e":"1 minute"},"schema":{"@context":"https:\/\/schema.org","@graph":[{"@type":"WebPage","@id":"https:\/\/staging.lucky-hunter.com\/fr\/product\/rigem-right-sure-shot-floating-gun-case\/","url":"https:\/\/staging.lucky-hunter.com\/fr\/product\/rigem-right-sure-shot-floating-gun-case\/","name":"\u00c9tui Flottant pour Fusil Rig\u00b4Em Right Sure Shot | Lucky-Hunter.com","isPartOf":{"@id":"https:\/\/staging.lucky-hunter.com\/#website"},"primaryImageOfPage":{"@id":"https:\/\/staging.lucky-hunter.com\/fr\/product\/rigem-right-sure-shot-floating-gun-case\/#primaryimage"},"image":{"@id":"https:\/\/staging.lucky-hunter.com\/fr\/product\/rigem-right-sure-shot-floating-gun-case\/#primaryimage"},"thumbnailUrl":"https:\/\/staging.lucky-hunter.com\/wp-content\/uploads\/2022\/10\/PU-206.png","datePublished":"2022-10-06T09:53:16+00:00","dateModified":"2023-03-14T14:05:03+00:00","description":"Cet \u00e9tui flottant pour fusil est parfait pour chasser dans des environnements humides, tels que ceux que l\u2019on trouve lors de la chasse au canard dans les marais ou les zones inond\u00e9es.","breadcrumb":{"@id":"https:\/\/staging.lucky-hunter.com\/fr\/product\/rigem-right-sure-shot-floating-gun-case\/#breadcrumb"},"inLanguage":"fr-FR","potentialAction":[{"@type":"ReadAction","target":["https:\/\/staging.lucky-hunter.com\/fr\/product\/rigem-right-sure-shot-floating-gun-case\/"]}]},{"@type":"ImageObject","inLanguage":"fr-FR","@id":"https:\/\/staging.lucky-hunter.com\/fr\/product\/rigem-right-sure-shot-floating-gun-case\/#primaryimage","url":"https:\/\/staging.lucky-hunter.com\/wp-content\/uploads\/2022\/10\/PU-206.png","contentUrl":"https:\/\/staging.lucky-hunter.com\/wp-content\/uploads\/2022\/10\/PU-206.png","width":1000,"height":1000},{"@type":"BreadcrumbList","@id":"https:\/\/staging.lucky-hunter.com\/fr\/product\/rigem-right-sure-shot-floating-gun-case\/#breadcrumb","itemListElement":[{"@type":"ListItem","position":1,"name":"Home","item":"https:\/\/staging.lucky-hunter.com\/fr\/"},{"@type":"ListItem","position":2,"name":"Boutique","item":"https:\/\/staging.lucky-hunter.com\/fr\/shop\/"},{"@type":"ListItem","position":3,"name":"\u00c9tui Flottant pour Fusil Rig\u00b4Em Right Sure Shot"}]},{"@type":"WebSite","@id":"https:\/\/staging.lucky-hunter.com\/#website","url":"https:\/\/staging.lucky-hunter.com\/","name":"Lucky-Hunter","description":"Gear Up or Give Up","potentialAction":[{"@type":"SearchAction","target":{"@type":"EntryPoint","urlTemplate":"https:\/\/staging.lucky-hunter.com\/?s={search_term_string}"},"query-input":{"@type":"PropertyValueSpecification","valueRequired":true,"valueName":"search_term_string"}}],"inLanguage":"fr-FR"}]}},"_links":{"self":[{"href":"https:\/\/staging.lucky-hunter.com\/fr\/wp-json\/wp\/v2\/product\/52912"}],"collection":[{"href":"https:\/\/staging.lucky-hunter.com\/fr\/wp-json\/wp\/v2\/product"}],"about":[{"href":"https:\/\/staging.lucky-hunter.com\/fr\/wp-json\/wp\/v2\/types\/product"}],"wp:featuredmedia":[{"embeddable":true,"href":"https:\/\/staging.lucky-hunter.com\/fr\/wp-json\/wp\/v2\/media\/53758"}],"wp:attachment":[{"href":"https:\/\/staging.lucky-hunter.com\/fr\/wp-json\/wp\/v2\/media?parent=52912"}],"wp:term":[{"taxonomy":"product_brand","embeddable":true,"href":"https:\/\/staging.lucky-hunter.com\/fr\/wp-json\/wp\/v2\/product_brand?post=52912"},{"taxonomy":"product_cat","embeddable":true,"href":"https:\/\/staging.lucky-hunter.com\/fr\/wp-json\/wp\/v2\/product_cat?post=52912"},{"taxonomy":"product_tag","embeddable":true,"href":"https:\/\/staging.lucky-hunter.com\/fr\/wp-json\/wp\/v2\/product_tag?post=52912"}],"curies":[{"name":"wp","href":"https:\/\/api.w.org\/{rel}","templated":true}]}}