{"id":52843,"date":"2022-11-03T11:05:51","date_gmt":"2022-11-03T10:05:51","guid":{"rendered":"https:\/\/staging.lucky-hunter.com\/?post_type=product&#038;p=52843"},"modified":"2023-01-13T14:14:13","modified_gmt":"2023-01-13T13:14:13","slug":"banded-womens-midweight-hunting-pants-bottomland","status":"publish","type":"product","link":"https:\/\/staging.lucky-hunter.com\/fr\/product\/banded-womens-midweight-hunting-pants-bottomland\/","title":{"rendered":"Pantalon de chasse mi-lourd pour femmes \u00e0 bandes &#8211; Bottomland"},"content":{"rendered":"<h4><a href=\"https:\/\/staging.lucky-hunter.com\/wp-content\/uploads\/2022\/08\/Storrelsesguide-Herre-Engelsk.pdf\" target=\"_blank\" rel=\"noopener\"><strong>Voir le guide des tailles ici<\/strong><\/a><\/h4>\n<h2><strong>Pantalon de chasse \u00e0 bandes en tissu extensible dans les 4 sens<\/strong><\/h2>\n<div>Pantalon de chasse American Banded en tissu extensible dans les 4 sens avec une tr\u00e8s belle coupe sp\u00e9cialement con\u00e7u pour les femmes.<\/div>\n<ul>\n<li>Le tissu d&#8217;\u00e9paisseur moyenne extensible dans les quatre sens offre une libert\u00e9 de mouvement illimit\u00e9e<\/li>\n<li>Taille ajustable pour plus de confort<\/li>\n<li>Genoux et si\u00e8ge lamin\u00e9s imperm\u00e9ables<\/li>\n<li>Genoux articul\u00e9s pour une libert\u00e9 de mouvement totale<\/li>\n<li>Les poches horizontales et verticales \u00e0 glissi\u00e8re YKK maintiennent l&#8217;essentiel en place<\/li>\n<li>Zips d&#8217;a\u00e9ration \u00e0 l&#8217;arri\u00e8re des jambes<\/li>\n<li>Motif camouflage Bottomland.<\/li>\n<\/ul>\n","protected":false},"excerpt":{"rendered":"<p>C&#8217;est le genre de pantalon que vous enfilez et que vous n&#8217;enlevez plus jamais. S\u2019int\u00e8gre parfaitement aux waders Banded et peut aussi se porter s\u00e9par\u00e9ment pour allier confort et \u00e9l\u00e9gance.<\/p>\n","protected":false},"featured_media":54882,"template":"","meta":[],"product_brand":[8137],"product_cat":[8269],"product_tag":[],"yoast_head":"<!-- This site is optimized with the Yoast SEO plugin v24.3 - https:\/\/yoast.com\/wordpress\/plugins\/seo\/ -->\n<title>Pantalon de chasse mi-lourd pour femmes \u00e0 bandes - Bottomland<\/title>\n<meta name=\"description\" content=\"Pantalon de chasse American Banded en tissu extensible dans les 4 sens avec une tr\u00e8s belle coupe sp\u00e9cialement con\u00e7u pour les femmes.\" \/>\n<meta name=\"robots\" content=\"noindex, follow, max-snippet:-1, max-image-preview:large, max-video-preview:-1\" \/>\n<meta property=\"og:locale\" content=\"fr_FR\" \/>\n<meta property=\"og:type\" content=\"article\" \/>\n<meta property=\"og:title\" content=\"Pantalon de chasse mi-lourd pour femmes \u00e0 bandes - Bottomland\" \/>\n<meta property=\"og:description\" content=\"Pantalon de chasse American Banded en tissu extensible dans les 4 sens avec une tr\u00e8s belle coupe sp\u00e9cialement con\u00e7u pour les femmes.\" \/>\n<meta property=\"og:url\" content=\"https:\/\/staging.lucky-hunter.com\/fr\/product\/banded-womens-midweight-hunting-pants-bottomland\/\" \/>\n<meta property=\"og:site_name\" content=\"Lucky-Hunter\" \/>\n<meta property=\"article:modified_time\" content=\"2023-01-13T13:14:13+00:00\" \/>\n<meta property=\"og:image\" content=\"https:\/\/staging.lucky-hunter.com\/wp-content\/uploads\/2022\/11\/JB-0460.png\" \/>\n\t<meta property=\"og:image:width\" content=\"1000\" \/>\n\t<meta property=\"og:image:height\" content=\"1000\" \/>\n\t<meta property=\"og:image:type\" content=\"image\/png\" \/>\n<meta name=\"twitter:card\" content=\"summary_large_image\" \/>\n<meta name=\"twitter:label1\" content=\"Dur\u00e9e de lecture estim\u00e9e\" \/>\n\t<meta name=\"twitter:data1\" content=\"1 minute\" \/>\n<script type=\"application\/ld+json\" class=\"yoast-schema-graph\">{\"@context\":\"https:\/\/schema.org\",\"@graph\":[{\"@type\":\"WebPage\",\"@id\":\"https:\/\/staging.lucky-hunter.com\/fr\/product\/banded-womens-midweight-hunting-pants-bottomland\/\",\"url\":\"https:\/\/staging.lucky-hunter.com\/fr\/product\/banded-womens-midweight-hunting-pants-bottomland\/\",\"name\":\"Pantalon de chasse mi-lourd pour femmes \u00e0 bandes - Bottomland\",\"isPartOf\":{\"@id\":\"https:\/\/staging.lucky-hunter.com\/#website\"},\"primaryImageOfPage\":{\"@id\":\"https:\/\/staging.lucky-hunter.com\/fr\/product\/banded-womens-midweight-hunting-pants-bottomland\/#primaryimage\"},\"image\":{\"@id\":\"https:\/\/staging.lucky-hunter.com\/fr\/product\/banded-womens-midweight-hunting-pants-bottomland\/#primaryimage\"},\"thumbnailUrl\":\"https:\/\/staging.lucky-hunter.com\/wp-content\/uploads\/2022\/11\/JB-0460.png\",\"datePublished\":\"2022-11-03T10:05:51+00:00\",\"dateModified\":\"2023-01-13T13:14:13+00:00\",\"description\":\"Pantalon de chasse American Banded en tissu extensible dans les 4 sens avec une tr\u00e8s belle coupe sp\u00e9cialement con\u00e7u pour les femmes.\",\"breadcrumb\":{\"@id\":\"https:\/\/staging.lucky-hunter.com\/fr\/product\/banded-womens-midweight-hunting-pants-bottomland\/#breadcrumb\"},\"inLanguage\":\"fr-FR\",\"potentialAction\":[{\"@type\":\"ReadAction\",\"target\":[\"https:\/\/staging.lucky-hunter.com\/fr\/product\/banded-womens-midweight-hunting-pants-bottomland\/\"]}]},{\"@type\":\"ImageObject\",\"inLanguage\":\"fr-FR\",\"@id\":\"https:\/\/staging.lucky-hunter.com\/fr\/product\/banded-womens-midweight-hunting-pants-bottomland\/#primaryimage\",\"url\":\"https:\/\/staging.lucky-hunter.com\/wp-content\/uploads\/2022\/11\/JB-0460.png\",\"contentUrl\":\"https:\/\/staging.lucky-hunter.com\/wp-content\/uploads\/2022\/11\/JB-0460.png\",\"width\":1000,\"height\":1000},{\"@type\":\"BreadcrumbList\",\"@id\":\"https:\/\/staging.lucky-hunter.com\/fr\/product\/banded-womens-midweight-hunting-pants-bottomland\/#breadcrumb\",\"itemListElement\":[{\"@type\":\"ListItem\",\"position\":1,\"name\":\"Home\",\"item\":\"https:\/\/staging.lucky-hunter.com\/fr\/\"},{\"@type\":\"ListItem\",\"position\":2,\"name\":\"Boutique\",\"item\":\"https:\/\/staging.lucky-hunter.com\/fr\/shop\/\"},{\"@type\":\"ListItem\",\"position\":3,\"name\":\"Pantalon de chasse mi-lourd pour femmes \u00e0 bandes &#8211; Bottomland\"}]},{\"@type\":\"WebSite\",\"@id\":\"https:\/\/staging.lucky-hunter.com\/#website\",\"url\":\"https:\/\/staging.lucky-hunter.com\/\",\"name\":\"Lucky-Hunter\",\"description\":\"Gear Up or Give Up\",\"potentialAction\":[{\"@type\":\"SearchAction\",\"target\":{\"@type\":\"EntryPoint\",\"urlTemplate\":\"https:\/\/staging.lucky-hunter.com\/?s={search_term_string}\"},\"query-input\":{\"@type\":\"PropertyValueSpecification\",\"valueRequired\":true,\"valueName\":\"search_term_string\"}}],\"inLanguage\":\"fr-FR\"}]}<\/script>\n<!-- \/ Yoast SEO plugin. -->","yoast_head_json":{"title":"Pantalon de chasse mi-lourd pour femmes \u00e0 bandes - Bottomland","description":"Pantalon de chasse American Banded en tissu extensible dans les 4 sens avec une tr\u00e8s belle coupe sp\u00e9cialement con\u00e7u pour les femmes.","robots":{"index":"noindex","follow":"follow","max-snippet":"max-snippet:-1","max-image-preview":"max-image-preview:large","max-video-preview":"max-video-preview:-1"},"og_locale":"fr_FR","og_type":"article","og_title":"Pantalon de chasse mi-lourd pour femmes \u00e0 bandes - Bottomland","og_description":"Pantalon de chasse American Banded en tissu extensible dans les 4 sens avec une tr\u00e8s belle coupe sp\u00e9cialement con\u00e7u pour les femmes.","og_url":"https:\/\/staging.lucky-hunter.com\/fr\/product\/banded-womens-midweight-hunting-pants-bottomland\/","og_site_name":"Lucky-Hunter","article_modified_time":"2023-01-13T13:14:13+00:00","og_image":[{"width":1000,"height":1000,"url":"https:\/\/staging.lucky-hunter.com\/wp-content\/uploads\/2022\/11\/JB-0460.png","type":"image\/png"}],"twitter_card":"summary_large_image","twitter_misc":{"Dur\u00e9e de lecture estim\u00e9e":"1 minute"},"schema":{"@context":"https:\/\/schema.org","@graph":[{"@type":"WebPage","@id":"https:\/\/staging.lucky-hunter.com\/fr\/product\/banded-womens-midweight-hunting-pants-bottomland\/","url":"https:\/\/staging.lucky-hunter.com\/fr\/product\/banded-womens-midweight-hunting-pants-bottomland\/","name":"Pantalon de chasse mi-lourd pour femmes \u00e0 bandes - Bottomland","isPartOf":{"@id":"https:\/\/staging.lucky-hunter.com\/#website"},"primaryImageOfPage":{"@id":"https:\/\/staging.lucky-hunter.com\/fr\/product\/banded-womens-midweight-hunting-pants-bottomland\/#primaryimage"},"image":{"@id":"https:\/\/staging.lucky-hunter.com\/fr\/product\/banded-womens-midweight-hunting-pants-bottomland\/#primaryimage"},"thumbnailUrl":"https:\/\/staging.lucky-hunter.com\/wp-content\/uploads\/2022\/11\/JB-0460.png","datePublished":"2022-11-03T10:05:51+00:00","dateModified":"2023-01-13T13:14:13+00:00","description":"Pantalon de chasse American Banded en tissu extensible dans les 4 sens avec une tr\u00e8s belle coupe sp\u00e9cialement con\u00e7u pour les femmes.","breadcrumb":{"@id":"https:\/\/staging.lucky-hunter.com\/fr\/product\/banded-womens-midweight-hunting-pants-bottomland\/#breadcrumb"},"inLanguage":"fr-FR","potentialAction":[{"@type":"ReadAction","target":["https:\/\/staging.lucky-hunter.com\/fr\/product\/banded-womens-midweight-hunting-pants-bottomland\/"]}]},{"@type":"ImageObject","inLanguage":"fr-FR","@id":"https:\/\/staging.lucky-hunter.com\/fr\/product\/banded-womens-midweight-hunting-pants-bottomland\/#primaryimage","url":"https:\/\/staging.lucky-hunter.com\/wp-content\/uploads\/2022\/11\/JB-0460.png","contentUrl":"https:\/\/staging.lucky-hunter.com\/wp-content\/uploads\/2022\/11\/JB-0460.png","width":1000,"height":1000},{"@type":"BreadcrumbList","@id":"https:\/\/staging.lucky-hunter.com\/fr\/product\/banded-womens-midweight-hunting-pants-bottomland\/#breadcrumb","itemListElement":[{"@type":"ListItem","position":1,"name":"Home","item":"https:\/\/staging.lucky-hunter.com\/fr\/"},{"@type":"ListItem","position":2,"name":"Boutique","item":"https:\/\/staging.lucky-hunter.com\/fr\/shop\/"},{"@type":"ListItem","position":3,"name":"Pantalon de chasse mi-lourd pour femmes \u00e0 bandes &#8211; Bottomland"}]},{"@type":"WebSite","@id":"https:\/\/staging.lucky-hunter.com\/#website","url":"https:\/\/staging.lucky-hunter.com\/","name":"Lucky-Hunter","description":"Gear Up or Give Up","potentialAction":[{"@type":"SearchAction","target":{"@type":"EntryPoint","urlTemplate":"https:\/\/staging.lucky-hunter.com\/?s={search_term_string}"},"query-input":{"@type":"PropertyValueSpecification","valueRequired":true,"valueName":"search_term_string"}}],"inLanguage":"fr-FR"}]}},"_links":{"self":[{"href":"https:\/\/staging.lucky-hunter.com\/fr\/wp-json\/wp\/v2\/product\/52843"}],"collection":[{"href":"https:\/\/staging.lucky-hunter.com\/fr\/wp-json\/wp\/v2\/product"}],"about":[{"href":"https:\/\/staging.lucky-hunter.com\/fr\/wp-json\/wp\/v2\/types\/product"}],"wp:featuredmedia":[{"embeddable":true,"href":"https:\/\/staging.lucky-hunter.com\/fr\/wp-json\/wp\/v2\/media\/54882"}],"wp:attachment":[{"href":"https:\/\/staging.lucky-hunter.com\/fr\/wp-json\/wp\/v2\/media?parent=52843"}],"wp:term":[{"taxonomy":"product_brand","embeddable":true,"href":"https:\/\/staging.lucky-hunter.com\/fr\/wp-json\/wp\/v2\/product_brand?post=52843"},{"taxonomy":"product_cat","embeddable":true,"href":"https:\/\/staging.lucky-hunter.com\/fr\/wp-json\/wp\/v2\/product_cat?post=52843"},{"taxonomy":"product_tag","embeddable":true,"href":"https:\/\/staging.lucky-hunter.com\/fr\/wp-json\/wp\/v2\/product_tag?post=52843"}],"curies":[{"name":"wp","href":"https:\/\/api.w.org\/{rel}","templated":true}]}}