{"id":52712,"date":"2022-11-01T15:44:06","date_gmt":"2022-11-01T14:44:06","guid":{"rendered":"https:\/\/staging.lucky-hunter.com\/?post_type=product&#038;p=52712"},"modified":"2023-03-14T15:17:13","modified_gmt":"2023-03-14T14:17:13","slug":"banded-womens-kinetic-hybrid-hoodie-bottomland","status":"publish","type":"product","link":"https:\/\/staging.lucky-hunter.com\/fr\/product\/banded-womens-kinetic-hybrid-hoodie-bottomland\/","title":{"rendered":"Sweat \u00e0 capuche hybride Kinetic pour femmes \u00e0 bandes &#8211; Bottomland"},"content":{"rendered":"<h4><a href=\"https:\/\/staging.lucky-hunter.com\/wp-content\/uploads\/2022\/08\/Storrelsesguide-Herre-Engelsk.pdf\" target=\"_blank\" rel=\"noopener\"><strong>Voir le guide des tailles ici<\/strong><\/a><\/h4>\n<h2><strong>Sweat \u00e0 capuche \u00e9l\u00e9gant pour la chasseuse active<\/strong><\/h2>\n<div>Le sweat \u00e0 capuche Banded Woman&#8217;s Kinetic est \u00e0 la fois \u00e9l\u00e9gant et tr\u00e8s confortable \u00e0 porter par temps froid et humide.<\/div>\n<div><\/div>\n<div>Con\u00e7u et sp\u00e9cialement cousu pour s&#8217;adapter au corps f\u00e9minin avec 100 grammes d&#8217;isolation PrimaLoft\u00ae et un tissu hydrofuge qui vous gardera au chaud.<\/div>\n<div><\/div>\n<div>Les manches et la capuche sont en qualit\u00e9 tricot.<\/div>\n<div><\/div>\n<div>Motif camouflage Bottomland.<\/div>\n<div><\/div>\n<div>Choisissez la taille S, M, L, XL ou 2XL.<\/div>\n","protected":false},"excerpt":{"rendered":"<p>Sweat \u00e0 capuche \u00e9l\u00e9gant d&#8217;American Banded pour la chasseuse active. Vraiment agr\u00e9able \u00e0 porter quand il fait froid et humide.<\/p>\n","protected":false},"featured_media":54866,"template":"","meta":[],"product_brand":[8137],"product_cat":[9285],"product_tag":[],"yoast_head":"<!-- This site is optimized with the Yoast SEO plugin v24.3 - https:\/\/yoast.com\/wordpress\/plugins\/seo\/ -->\n<title>Sweat \u00e0 capuche hybride Kinetic pour femmes \u00e0 bandes - Bottomland<\/title>\n<meta name=\"description\" content=\"Sweat \u00e0 capuche \u00e9l\u00e9gant d&#039;American Banded pour la chasseuse active. Vraiment agr\u00e9able \u00e0 porter quand il fait froid et humide.\" \/>\n<meta name=\"robots\" content=\"noindex, follow, max-snippet:-1, max-image-preview:large, max-video-preview:-1\" \/>\n<meta property=\"og:locale\" content=\"fr_FR\" \/>\n<meta property=\"og:type\" content=\"article\" \/>\n<meta property=\"og:title\" content=\"Sweat \u00e0 capuche hybride Kinetic pour femmes \u00e0 bandes - Bottomland\" \/>\n<meta property=\"og:description\" content=\"Sweat \u00e0 capuche \u00e9l\u00e9gant d&#039;American Banded pour la chasseuse active. Vraiment agr\u00e9able \u00e0 porter quand il fait froid et humide.\" \/>\n<meta property=\"og:url\" content=\"https:\/\/staging.lucky-hunter.com\/fr\/product\/banded-womens-kinetic-hybrid-hoodie-bottomland\/\" \/>\n<meta property=\"og:site_name\" content=\"Lucky-Hunter\" \/>\n<meta property=\"article:modified_time\" content=\"2023-03-14T14:17:13+00:00\" \/>\n<meta property=\"og:image\" content=\"https:\/\/staging.lucky-hunter.com\/wp-content\/uploads\/2022\/11\/JB-0448.png\" \/>\n\t<meta property=\"og:image:width\" content=\"1000\" \/>\n\t<meta property=\"og:image:height\" content=\"1000\" \/>\n\t<meta property=\"og:image:type\" content=\"image\/png\" \/>\n<meta name=\"twitter:card\" content=\"summary_large_image\" \/>\n<meta name=\"twitter:label1\" content=\"Dur\u00e9e de lecture estim\u00e9e\" \/>\n\t<meta name=\"twitter:data1\" content=\"1 minute\" \/>\n<script type=\"application\/ld+json\" class=\"yoast-schema-graph\">{\"@context\":\"https:\/\/schema.org\",\"@graph\":[{\"@type\":\"WebPage\",\"@id\":\"https:\/\/staging.lucky-hunter.com\/fr\/product\/banded-womens-kinetic-hybrid-hoodie-bottomland\/\",\"url\":\"https:\/\/staging.lucky-hunter.com\/fr\/product\/banded-womens-kinetic-hybrid-hoodie-bottomland\/\",\"name\":\"Sweat \u00e0 capuche hybride Kinetic pour femmes \u00e0 bandes - Bottomland\",\"isPartOf\":{\"@id\":\"https:\/\/staging.lucky-hunter.com\/#website\"},\"primaryImageOfPage\":{\"@id\":\"https:\/\/staging.lucky-hunter.com\/fr\/product\/banded-womens-kinetic-hybrid-hoodie-bottomland\/#primaryimage\"},\"image\":{\"@id\":\"https:\/\/staging.lucky-hunter.com\/fr\/product\/banded-womens-kinetic-hybrid-hoodie-bottomland\/#primaryimage\"},\"thumbnailUrl\":\"https:\/\/staging.lucky-hunter.com\/wp-content\/uploads\/2022\/11\/JB-0448.png\",\"datePublished\":\"2022-11-01T14:44:06+00:00\",\"dateModified\":\"2023-03-14T14:17:13+00:00\",\"description\":\"Sweat \u00e0 capuche \u00e9l\u00e9gant d'American Banded pour la chasseuse active. Vraiment agr\u00e9able \u00e0 porter quand il fait froid et humide.\",\"breadcrumb\":{\"@id\":\"https:\/\/staging.lucky-hunter.com\/fr\/product\/banded-womens-kinetic-hybrid-hoodie-bottomland\/#breadcrumb\"},\"inLanguage\":\"fr-FR\",\"potentialAction\":[{\"@type\":\"ReadAction\",\"target\":[\"https:\/\/staging.lucky-hunter.com\/fr\/product\/banded-womens-kinetic-hybrid-hoodie-bottomland\/\"]}]},{\"@type\":\"ImageObject\",\"inLanguage\":\"fr-FR\",\"@id\":\"https:\/\/staging.lucky-hunter.com\/fr\/product\/banded-womens-kinetic-hybrid-hoodie-bottomland\/#primaryimage\",\"url\":\"https:\/\/staging.lucky-hunter.com\/wp-content\/uploads\/2022\/11\/JB-0448.png\",\"contentUrl\":\"https:\/\/staging.lucky-hunter.com\/wp-content\/uploads\/2022\/11\/JB-0448.png\",\"width\":1000,\"height\":1000},{\"@type\":\"BreadcrumbList\",\"@id\":\"https:\/\/staging.lucky-hunter.com\/fr\/product\/banded-womens-kinetic-hybrid-hoodie-bottomland\/#breadcrumb\",\"itemListElement\":[{\"@type\":\"ListItem\",\"position\":1,\"name\":\"Home\",\"item\":\"https:\/\/staging.lucky-hunter.com\/fr\/\"},{\"@type\":\"ListItem\",\"position\":2,\"name\":\"Boutique\",\"item\":\"https:\/\/staging.lucky-hunter.com\/fr\/shop\/\"},{\"@type\":\"ListItem\",\"position\":3,\"name\":\"Sweat \u00e0 capuche hybride Kinetic pour femmes \u00e0 bandes &#8211; Bottomland\"}]},{\"@type\":\"WebSite\",\"@id\":\"https:\/\/staging.lucky-hunter.com\/#website\",\"url\":\"https:\/\/staging.lucky-hunter.com\/\",\"name\":\"Lucky-Hunter\",\"description\":\"Gear Up or Give Up\",\"potentialAction\":[{\"@type\":\"SearchAction\",\"target\":{\"@type\":\"EntryPoint\",\"urlTemplate\":\"https:\/\/staging.lucky-hunter.com\/?s={search_term_string}\"},\"query-input\":{\"@type\":\"PropertyValueSpecification\",\"valueRequired\":true,\"valueName\":\"search_term_string\"}}],\"inLanguage\":\"fr-FR\"}]}<\/script>\n<!-- \/ Yoast SEO plugin. -->","yoast_head_json":{"title":"Sweat \u00e0 capuche hybride Kinetic pour femmes \u00e0 bandes - Bottomland","description":"Sweat \u00e0 capuche \u00e9l\u00e9gant d'American Banded pour la chasseuse active. Vraiment agr\u00e9able \u00e0 porter quand il fait froid et humide.","robots":{"index":"noindex","follow":"follow","max-snippet":"max-snippet:-1","max-image-preview":"max-image-preview:large","max-video-preview":"max-video-preview:-1"},"og_locale":"fr_FR","og_type":"article","og_title":"Sweat \u00e0 capuche hybride Kinetic pour femmes \u00e0 bandes - Bottomland","og_description":"Sweat \u00e0 capuche \u00e9l\u00e9gant d'American Banded pour la chasseuse active. Vraiment agr\u00e9able \u00e0 porter quand il fait froid et humide.","og_url":"https:\/\/staging.lucky-hunter.com\/fr\/product\/banded-womens-kinetic-hybrid-hoodie-bottomland\/","og_site_name":"Lucky-Hunter","article_modified_time":"2023-03-14T14:17:13+00:00","og_image":[{"width":1000,"height":1000,"url":"https:\/\/staging.lucky-hunter.com\/wp-content\/uploads\/2022\/11\/JB-0448.png","type":"image\/png"}],"twitter_card":"summary_large_image","twitter_misc":{"Dur\u00e9e de lecture estim\u00e9e":"1 minute"},"schema":{"@context":"https:\/\/schema.org","@graph":[{"@type":"WebPage","@id":"https:\/\/staging.lucky-hunter.com\/fr\/product\/banded-womens-kinetic-hybrid-hoodie-bottomland\/","url":"https:\/\/staging.lucky-hunter.com\/fr\/product\/banded-womens-kinetic-hybrid-hoodie-bottomland\/","name":"Sweat \u00e0 capuche hybride Kinetic pour femmes \u00e0 bandes - Bottomland","isPartOf":{"@id":"https:\/\/staging.lucky-hunter.com\/#website"},"primaryImageOfPage":{"@id":"https:\/\/staging.lucky-hunter.com\/fr\/product\/banded-womens-kinetic-hybrid-hoodie-bottomland\/#primaryimage"},"image":{"@id":"https:\/\/staging.lucky-hunter.com\/fr\/product\/banded-womens-kinetic-hybrid-hoodie-bottomland\/#primaryimage"},"thumbnailUrl":"https:\/\/staging.lucky-hunter.com\/wp-content\/uploads\/2022\/11\/JB-0448.png","datePublished":"2022-11-01T14:44:06+00:00","dateModified":"2023-03-14T14:17:13+00:00","description":"Sweat \u00e0 capuche \u00e9l\u00e9gant d'American Banded pour la chasseuse active. Vraiment agr\u00e9able \u00e0 porter quand il fait froid et humide.","breadcrumb":{"@id":"https:\/\/staging.lucky-hunter.com\/fr\/product\/banded-womens-kinetic-hybrid-hoodie-bottomland\/#breadcrumb"},"inLanguage":"fr-FR","potentialAction":[{"@type":"ReadAction","target":["https:\/\/staging.lucky-hunter.com\/fr\/product\/banded-womens-kinetic-hybrid-hoodie-bottomland\/"]}]},{"@type":"ImageObject","inLanguage":"fr-FR","@id":"https:\/\/staging.lucky-hunter.com\/fr\/product\/banded-womens-kinetic-hybrid-hoodie-bottomland\/#primaryimage","url":"https:\/\/staging.lucky-hunter.com\/wp-content\/uploads\/2022\/11\/JB-0448.png","contentUrl":"https:\/\/staging.lucky-hunter.com\/wp-content\/uploads\/2022\/11\/JB-0448.png","width":1000,"height":1000},{"@type":"BreadcrumbList","@id":"https:\/\/staging.lucky-hunter.com\/fr\/product\/banded-womens-kinetic-hybrid-hoodie-bottomland\/#breadcrumb","itemListElement":[{"@type":"ListItem","position":1,"name":"Home","item":"https:\/\/staging.lucky-hunter.com\/fr\/"},{"@type":"ListItem","position":2,"name":"Boutique","item":"https:\/\/staging.lucky-hunter.com\/fr\/shop\/"},{"@type":"ListItem","position":3,"name":"Sweat \u00e0 capuche hybride Kinetic pour femmes \u00e0 bandes &#8211; Bottomland"}]},{"@type":"WebSite","@id":"https:\/\/staging.lucky-hunter.com\/#website","url":"https:\/\/staging.lucky-hunter.com\/","name":"Lucky-Hunter","description":"Gear Up or Give Up","potentialAction":[{"@type":"SearchAction","target":{"@type":"EntryPoint","urlTemplate":"https:\/\/staging.lucky-hunter.com\/?s={search_term_string}"},"query-input":{"@type":"PropertyValueSpecification","valueRequired":true,"valueName":"search_term_string"}}],"inLanguage":"fr-FR"}]}},"_links":{"self":[{"href":"https:\/\/staging.lucky-hunter.com\/fr\/wp-json\/wp\/v2\/product\/52712"}],"collection":[{"href":"https:\/\/staging.lucky-hunter.com\/fr\/wp-json\/wp\/v2\/product"}],"about":[{"href":"https:\/\/staging.lucky-hunter.com\/fr\/wp-json\/wp\/v2\/types\/product"}],"wp:featuredmedia":[{"embeddable":true,"href":"https:\/\/staging.lucky-hunter.com\/fr\/wp-json\/wp\/v2\/media\/54866"}],"wp:attachment":[{"href":"https:\/\/staging.lucky-hunter.com\/fr\/wp-json\/wp\/v2\/media?parent=52712"}],"wp:term":[{"taxonomy":"product_brand","embeddable":true,"href":"https:\/\/staging.lucky-hunter.com\/fr\/wp-json\/wp\/v2\/product_brand?post=52712"},{"taxonomy":"product_cat","embeddable":true,"href":"https:\/\/staging.lucky-hunter.com\/fr\/wp-json\/wp\/v2\/product_cat?post=52712"},{"taxonomy":"product_tag","embeddable":true,"href":"https:\/\/staging.lucky-hunter.com\/fr\/wp-json\/wp\/v2\/product_tag?post=52712"}],"curies":[{"name":"wp","href":"https:\/\/api.w.org\/{rel}","templated":true}]}}