{"id":52382,"date":"2022-10-06T11:21:08","date_gmt":"2022-10-06T09:21:08","guid":{"rendered":"https:\/\/staging.lucky-hunter.com\/product\/rigem-right-x-factor-layout-blind-snow-cover\/"},"modified":"2022-11-15T14:28:03","modified_gmt":"2022-11-15T13:28:03","slug":"rigem-right-x-factor-layout-blind-snow-cover","status":"publish","type":"product","link":"https:\/\/staging.lucky-hunter.com\/fr\/product\/rigem-right-x-factor-layout-blind-snow-cover\/","title":{"rendered":"Camouflage Neige pour Aff\u00fbt Couch\u00e9 Rig\u00b4Em Right X-Factor"},"content":{"rendered":"<h1>Camouflage Neige pour Aff\u00fbt Couch\u00e9 Rig\u00b4Em Right X-Factor<\/h1>\n<p>Ce camouflage neige vous permet de rester cach\u00e9 dans votre aff\u00fbt couch\u00e9 m\u00eame lorsque la neige commence \u00e0 tomber. Il peut \u00eatre difficile de se camoufler correctement lorsque le sol est recouvert de neige. Contrairement aux mois les plus chauds, durant lesquels vous pouvez pr\u00e9lever des \u00e9l\u00e9ments de la v\u00e9g\u00e9tation environnante, les mois d\u2019hiver n\u2019offrent pas beaucoup d\u2019options pour se dissimuler.<\/p>\n<p>Le camouflage fonctionne aussi parfaitement lors des mois o\u00f9 les cygnes se reposent dans les champs avec les oies. Les oies penseront qu\u2019il s\u2019agit d\u2019un cygne et n&#8217;auront donc pas peur d&#8217;atterrir.<\/p>\n<p>Il ne deviendra pas bleu \u00e0 cause de la neige, il est \u00e9quip\u00e9 de nombreuses sangles \u00e0 v\u00e9g\u00e9tation pour vous aider \u00e0 vous cacher et il est con\u00e7u pour de longues utilisations durant de nombreuses ann\u00e9es.<\/p>\n<p>Il s\u2019enfile sur l\u2019aff\u00fbt et lui va comme un gant.<\/p>\n","protected":false},"excerpt":{"rendered":"<p>Ce camouflage neige fonctionne parfaitement lors des mois o\u00f9 les cygnes se reposent dans les champs avec les oies.<\/p>\n","protected":false},"featured_media":51400,"template":"","meta":[],"product_brand":[9577],"product_cat":[8164],"product_tag":[],"yoast_head":"<!-- This site is optimized with the Yoast SEO plugin v24.3 - https:\/\/yoast.com\/wordpress\/plugins\/seo\/ -->\n<title>Camouflage Neige pour Aff\u00fbt Couch\u00e9 X-Factor | Retrouvez tout l\u2019\u00e9quipement chez Lucky-Hunter<\/title>\n<meta name=\"description\" content=\"Le camouflage neige vous permet de rester cach\u00e9 en hiver et fonctionne aussi parfaitement lors des mois o\u00f9 les cygnes se reposent dans les champs avec les oies.\" \/>\n<meta name=\"robots\" content=\"noindex, follow, max-snippet:-1, max-image-preview:large, max-video-preview:-1\" \/>\n<meta property=\"og:locale\" content=\"fr_FR\" \/>\n<meta property=\"og:type\" content=\"article\" \/>\n<meta property=\"og:title\" content=\"Camouflage Neige pour Aff\u00fbt Couch\u00e9 X-Factor | Retrouvez tout l\u2019\u00e9quipement chez Lucky-Hunter\" \/>\n<meta property=\"og:description\" content=\"Le camouflage neige vous permet de rester cach\u00e9 en hiver et fonctionne aussi parfaitement lors des mois o\u00f9 les cygnes se reposent dans les champs avec les oies.\" \/>\n<meta property=\"og:url\" content=\"https:\/\/staging.lucky-hunter.com\/fr\/product\/rigem-right-x-factor-layout-blind-snow-cover\/\" \/>\n<meta property=\"og:site_name\" content=\"Lucky-Hunter\" \/>\n<meta property=\"article:modified_time\" content=\"2022-11-15T13:28:03+00:00\" \/>\n<meta property=\"og:image\" content=\"https:\/\/staging.lucky-hunter.com\/wp-content\/uploads\/2022\/10\/LS-205.png\" \/>\n\t<meta property=\"og:image:width\" content=\"1000\" \/>\n\t<meta property=\"og:image:height\" content=\"1000\" \/>\n\t<meta property=\"og:image:type\" content=\"image\/png\" \/>\n<meta name=\"twitter:card\" content=\"summary_large_image\" \/>\n<meta name=\"twitter:label1\" content=\"Dur\u00e9e de lecture estim\u00e9e\" \/>\n\t<meta name=\"twitter:data1\" content=\"1 minute\" \/>\n<script type=\"application\/ld+json\" class=\"yoast-schema-graph\">{\"@context\":\"https:\/\/schema.org\",\"@graph\":[{\"@type\":\"WebPage\",\"@id\":\"https:\/\/staging.lucky-hunter.com\/fr\/product\/rigem-right-x-factor-layout-blind-snow-cover\/\",\"url\":\"https:\/\/staging.lucky-hunter.com\/fr\/product\/rigem-right-x-factor-layout-blind-snow-cover\/\",\"name\":\"Camouflage Neige pour Aff\u00fbt Couch\u00e9 X-Factor | Retrouvez tout l\u2019\u00e9quipement chez Lucky-Hunter\",\"isPartOf\":{\"@id\":\"https:\/\/staging.lucky-hunter.com\/#website\"},\"primaryImageOfPage\":{\"@id\":\"https:\/\/staging.lucky-hunter.com\/fr\/product\/rigem-right-x-factor-layout-blind-snow-cover\/#primaryimage\"},\"image\":{\"@id\":\"https:\/\/staging.lucky-hunter.com\/fr\/product\/rigem-right-x-factor-layout-blind-snow-cover\/#primaryimage\"},\"thumbnailUrl\":\"https:\/\/staging.lucky-hunter.com\/wp-content\/uploads\/2022\/10\/LS-205.png\",\"datePublished\":\"2022-10-06T09:21:08+00:00\",\"dateModified\":\"2022-11-15T13:28:03+00:00\",\"description\":\"Le camouflage neige vous permet de rester cach\u00e9 en hiver et fonctionne aussi parfaitement lors des mois o\u00f9 les cygnes se reposent dans les champs avec les oies.\",\"breadcrumb\":{\"@id\":\"https:\/\/staging.lucky-hunter.com\/fr\/product\/rigem-right-x-factor-layout-blind-snow-cover\/#breadcrumb\"},\"inLanguage\":\"fr-FR\",\"potentialAction\":[{\"@type\":\"ReadAction\",\"target\":[\"https:\/\/staging.lucky-hunter.com\/fr\/product\/rigem-right-x-factor-layout-blind-snow-cover\/\"]}]},{\"@type\":\"ImageObject\",\"inLanguage\":\"fr-FR\",\"@id\":\"https:\/\/staging.lucky-hunter.com\/fr\/product\/rigem-right-x-factor-layout-blind-snow-cover\/#primaryimage\",\"url\":\"https:\/\/staging.lucky-hunter.com\/wp-content\/uploads\/2022\/10\/LS-205.png\",\"contentUrl\":\"https:\/\/staging.lucky-hunter.com\/wp-content\/uploads\/2022\/10\/LS-205.png\",\"width\":1000,\"height\":1000},{\"@type\":\"BreadcrumbList\",\"@id\":\"https:\/\/staging.lucky-hunter.com\/fr\/product\/rigem-right-x-factor-layout-blind-snow-cover\/#breadcrumb\",\"itemListElement\":[{\"@type\":\"ListItem\",\"position\":1,\"name\":\"Home\",\"item\":\"https:\/\/staging.lucky-hunter.com\/fr\/\"},{\"@type\":\"ListItem\",\"position\":2,\"name\":\"Boutique\",\"item\":\"https:\/\/staging.lucky-hunter.com\/fr\/shop\/\"},{\"@type\":\"ListItem\",\"position\":3,\"name\":\"Camouflage Neige pour Aff\u00fbt Couch\u00e9 Rig\u00b4Em Right X-Factor\"}]},{\"@type\":\"WebSite\",\"@id\":\"https:\/\/staging.lucky-hunter.com\/#website\",\"url\":\"https:\/\/staging.lucky-hunter.com\/\",\"name\":\"Lucky-Hunter\",\"description\":\"Gear Up or Give Up\",\"potentialAction\":[{\"@type\":\"SearchAction\",\"target\":{\"@type\":\"EntryPoint\",\"urlTemplate\":\"https:\/\/staging.lucky-hunter.com\/?s={search_term_string}\"},\"query-input\":{\"@type\":\"PropertyValueSpecification\",\"valueRequired\":true,\"valueName\":\"search_term_string\"}}],\"inLanguage\":\"fr-FR\"}]}<\/script>\n<!-- \/ Yoast SEO plugin. -->","yoast_head_json":{"title":"Camouflage Neige pour Aff\u00fbt Couch\u00e9 X-Factor | Retrouvez tout l\u2019\u00e9quipement chez Lucky-Hunter","description":"Le camouflage neige vous permet de rester cach\u00e9 en hiver et fonctionne aussi parfaitement lors des mois o\u00f9 les cygnes se reposent dans les champs avec les oies.","robots":{"index":"noindex","follow":"follow","max-snippet":"max-snippet:-1","max-image-preview":"max-image-preview:large","max-video-preview":"max-video-preview:-1"},"og_locale":"fr_FR","og_type":"article","og_title":"Camouflage Neige pour Aff\u00fbt Couch\u00e9 X-Factor | Retrouvez tout l\u2019\u00e9quipement chez Lucky-Hunter","og_description":"Le camouflage neige vous permet de rester cach\u00e9 en hiver et fonctionne aussi parfaitement lors des mois o\u00f9 les cygnes se reposent dans les champs avec les oies.","og_url":"https:\/\/staging.lucky-hunter.com\/fr\/product\/rigem-right-x-factor-layout-blind-snow-cover\/","og_site_name":"Lucky-Hunter","article_modified_time":"2022-11-15T13:28:03+00:00","og_image":[{"width":1000,"height":1000,"url":"https:\/\/staging.lucky-hunter.com\/wp-content\/uploads\/2022\/10\/LS-205.png","type":"image\/png"}],"twitter_card":"summary_large_image","twitter_misc":{"Dur\u00e9e de lecture estim\u00e9e":"1 minute"},"schema":{"@context":"https:\/\/schema.org","@graph":[{"@type":"WebPage","@id":"https:\/\/staging.lucky-hunter.com\/fr\/product\/rigem-right-x-factor-layout-blind-snow-cover\/","url":"https:\/\/staging.lucky-hunter.com\/fr\/product\/rigem-right-x-factor-layout-blind-snow-cover\/","name":"Camouflage Neige pour Aff\u00fbt Couch\u00e9 X-Factor | Retrouvez tout l\u2019\u00e9quipement chez Lucky-Hunter","isPartOf":{"@id":"https:\/\/staging.lucky-hunter.com\/#website"},"primaryImageOfPage":{"@id":"https:\/\/staging.lucky-hunter.com\/fr\/product\/rigem-right-x-factor-layout-blind-snow-cover\/#primaryimage"},"image":{"@id":"https:\/\/staging.lucky-hunter.com\/fr\/product\/rigem-right-x-factor-layout-blind-snow-cover\/#primaryimage"},"thumbnailUrl":"https:\/\/staging.lucky-hunter.com\/wp-content\/uploads\/2022\/10\/LS-205.png","datePublished":"2022-10-06T09:21:08+00:00","dateModified":"2022-11-15T13:28:03+00:00","description":"Le camouflage neige vous permet de rester cach\u00e9 en hiver et fonctionne aussi parfaitement lors des mois o\u00f9 les cygnes se reposent dans les champs avec les oies.","breadcrumb":{"@id":"https:\/\/staging.lucky-hunter.com\/fr\/product\/rigem-right-x-factor-layout-blind-snow-cover\/#breadcrumb"},"inLanguage":"fr-FR","potentialAction":[{"@type":"ReadAction","target":["https:\/\/staging.lucky-hunter.com\/fr\/product\/rigem-right-x-factor-layout-blind-snow-cover\/"]}]},{"@type":"ImageObject","inLanguage":"fr-FR","@id":"https:\/\/staging.lucky-hunter.com\/fr\/product\/rigem-right-x-factor-layout-blind-snow-cover\/#primaryimage","url":"https:\/\/staging.lucky-hunter.com\/wp-content\/uploads\/2022\/10\/LS-205.png","contentUrl":"https:\/\/staging.lucky-hunter.com\/wp-content\/uploads\/2022\/10\/LS-205.png","width":1000,"height":1000},{"@type":"BreadcrumbList","@id":"https:\/\/staging.lucky-hunter.com\/fr\/product\/rigem-right-x-factor-layout-blind-snow-cover\/#breadcrumb","itemListElement":[{"@type":"ListItem","position":1,"name":"Home","item":"https:\/\/staging.lucky-hunter.com\/fr\/"},{"@type":"ListItem","position":2,"name":"Boutique","item":"https:\/\/staging.lucky-hunter.com\/fr\/shop\/"},{"@type":"ListItem","position":3,"name":"Camouflage Neige pour Aff\u00fbt Couch\u00e9 Rig\u00b4Em Right X-Factor"}]},{"@type":"WebSite","@id":"https:\/\/staging.lucky-hunter.com\/#website","url":"https:\/\/staging.lucky-hunter.com\/","name":"Lucky-Hunter","description":"Gear Up or Give Up","potentialAction":[{"@type":"SearchAction","target":{"@type":"EntryPoint","urlTemplate":"https:\/\/staging.lucky-hunter.com\/?s={search_term_string}"},"query-input":{"@type":"PropertyValueSpecification","valueRequired":true,"valueName":"search_term_string"}}],"inLanguage":"fr-FR"}]}},"_links":{"self":[{"href":"https:\/\/staging.lucky-hunter.com\/fr\/wp-json\/wp\/v2\/product\/52382"}],"collection":[{"href":"https:\/\/staging.lucky-hunter.com\/fr\/wp-json\/wp\/v2\/product"}],"about":[{"href":"https:\/\/staging.lucky-hunter.com\/fr\/wp-json\/wp\/v2\/types\/product"}],"wp:featuredmedia":[{"embeddable":true,"href":"https:\/\/staging.lucky-hunter.com\/fr\/wp-json\/wp\/v2\/media\/51400"}],"wp:attachment":[{"href":"https:\/\/staging.lucky-hunter.com\/fr\/wp-json\/wp\/v2\/media?parent=52382"}],"wp:term":[{"taxonomy":"product_brand","embeddable":true,"href":"https:\/\/staging.lucky-hunter.com\/fr\/wp-json\/wp\/v2\/product_brand?post=52382"},{"taxonomy":"product_cat","embeddable":true,"href":"https:\/\/staging.lucky-hunter.com\/fr\/wp-json\/wp\/v2\/product_cat?post=52382"},{"taxonomy":"product_tag","embeddable":true,"href":"https:\/\/staging.lucky-hunter.com\/fr\/wp-json\/wp\/v2\/product_tag?post=52382"}],"curies":[{"name":"wp","href":"https:\/\/api.w.org\/{rel}","templated":true}]}}