{"id":52381,"date":"2022-10-05T12:34:00","date_gmt":"2022-10-05T10:34:00","guid":{"rendered":"https:\/\/staging.lucky-hunter.com\/product\/rigem-right-full-body-duck-decoy-bag-12-slots\/"},"modified":"2025-06-24T14:01:28","modified_gmt":"2025-06-24T12:01:28","slug":"sac-a-formes-de-canards-rigem-right-12-emplacements","status":"publish","type":"product","link":"https:\/\/staging.lucky-hunter.com\/fr\/product\/sac-a-formes-de-canards-rigem-right-12-emplacements\/","title":{"rendered":"Sac \u00e0 Formes de Canards Rig\u00b4Em Right &#8211; 12 emplacements"},"content":{"rendered":"<h2><strong>Sac \u00e0 Formes de Canards Full Body Rig\u00b4Em Right<\/strong><\/h2>\n<p>Dot\u00e9 de 12 emplacements, le Sac \u00e0 Formes de Canards Full Body Rig\u00b4Em Right est con\u00e7u pour les sauvaginiers exigeants. Fabriqu\u00e9 \u00e0 partir des mat\u00e9riaux les plus r\u00e9sistants, ce sac affiche le logo Rig&#8217;Em Right\u00ae, \u00e9ternel gage de qualit\u00e9.<\/p>\n<p>\u2022 Bandouli\u00e8re r\u00e9glable rembourr\u00e9e<\/p>\n<p>\u2022 Panneau lat\u00e9ral rembourr\u00e9 pour plus de confort<\/p>\n<p>\u2022 Poche lat\u00e9rale pour piquets de montage<\/p>\n<p>\u2022 Confection robuste et durable<\/p>\n<p>\u2022 Peut contenir 12 grandes formes de canards full body<\/p>\n<p>Dimensions du sac : 121 x 40 x 53 cm<\/p>\n","protected":false},"excerpt":{"rendered":"<p>Dot\u00e9 de 12 emplacements, le Sac \u00e0 Formes de Canards Full Body Rig\u00b4Em Right est con\u00e7u pour les sauvaginiers exigeants.<\/p>\n","protected":false},"featured_media":53903,"template":"","meta":[],"product_brand":[8127],"product_cat":[9321],"product_tag":[9235],"yoast_head":"<!-- This site is optimized with the Yoast SEO plugin v24.3 - https:\/\/yoast.com\/wordpress\/plugins\/seo\/ -->\n<title>Sac \u00e0 Formes de Canards Rig\u00b4Em Right - 12 emplacements<\/title>\n<meta name=\"description\" content=\"Ce sac Rig&#039;Em Right est parfait pour ceux d&#039;entre vous qui utilisent des formes full body pour chasser dans les zones inond\u00e9es.\" \/>\n<meta name=\"robots\" content=\"noindex, follow, max-snippet:-1, max-image-preview:large, max-video-preview:-1\" \/>\n<meta property=\"og:locale\" content=\"fr_FR\" \/>\n<meta property=\"og:type\" content=\"article\" \/>\n<meta property=\"og:title\" content=\"Sac \u00e0 Formes de Canards Rig\u00b4Em Right - 12 emplacements\" \/>\n<meta property=\"og:description\" content=\"Ce sac Rig&#039;Em Right est parfait pour ceux d&#039;entre vous qui utilisent des formes full body pour chasser dans les zones inond\u00e9es.\" \/>\n<meta property=\"og:url\" content=\"https:\/\/staging.lucky-hunter.com\/fr\/product\/sac-a-formes-de-canards-rigem-right-12-emplacements\/\" \/>\n<meta property=\"og:site_name\" content=\"Lucky-Hunter\" \/>\n<meta property=\"article:modified_time\" content=\"2025-06-24T12:01:28+00:00\" \/>\n<meta property=\"og:image\" content=\"https:\/\/staging.lucky-hunter.com\/wp-content\/uploads\/2022\/10\/PU-257.png\" \/>\n\t<meta property=\"og:image:width\" content=\"1000\" \/>\n\t<meta property=\"og:image:height\" content=\"1000\" \/>\n\t<meta property=\"og:image:type\" content=\"image\/png\" \/>\n<meta name=\"twitter:card\" content=\"summary_large_image\" \/>\n<meta name=\"twitter:label1\" content=\"Dur\u00e9e de lecture estim\u00e9e\" \/>\n\t<meta name=\"twitter:data1\" content=\"1 minute\" \/>\n<script type=\"application\/ld+json\" class=\"yoast-schema-graph\">{\"@context\":\"https:\/\/schema.org\",\"@graph\":[{\"@type\":\"WebPage\",\"@id\":\"https:\/\/staging.lucky-hunter.com\/fr\/product\/sac-a-formes-de-canards-rigem-right-12-emplacements\/\",\"url\":\"https:\/\/staging.lucky-hunter.com\/fr\/product\/sac-a-formes-de-canards-rigem-right-12-emplacements\/\",\"name\":\"Sac \u00e0 Formes de Canards Rig\u00b4Em Right - 12 emplacements\",\"isPartOf\":{\"@id\":\"https:\/\/staging.lucky-hunter.com\/#website\"},\"primaryImageOfPage\":{\"@id\":\"https:\/\/staging.lucky-hunter.com\/fr\/product\/sac-a-formes-de-canards-rigem-right-12-emplacements\/#primaryimage\"},\"image\":{\"@id\":\"https:\/\/staging.lucky-hunter.com\/fr\/product\/sac-a-formes-de-canards-rigem-right-12-emplacements\/#primaryimage\"},\"thumbnailUrl\":\"https:\/\/staging.lucky-hunter.com\/wp-content\/uploads\/2022\/10\/PU-257.png\",\"datePublished\":\"2022-10-05T10:34:00+00:00\",\"dateModified\":\"2025-06-24T12:01:28+00:00\",\"description\":\"Ce sac Rig'Em Right est parfait pour ceux d'entre vous qui utilisent des formes full body pour chasser dans les zones inond\u00e9es.\",\"breadcrumb\":{\"@id\":\"https:\/\/staging.lucky-hunter.com\/fr\/product\/sac-a-formes-de-canards-rigem-right-12-emplacements\/#breadcrumb\"},\"inLanguage\":\"fr-FR\",\"potentialAction\":[{\"@type\":\"ReadAction\",\"target\":[\"https:\/\/staging.lucky-hunter.com\/fr\/product\/sac-a-formes-de-canards-rigem-right-12-emplacements\/\"]}]},{\"@type\":\"ImageObject\",\"inLanguage\":\"fr-FR\",\"@id\":\"https:\/\/staging.lucky-hunter.com\/fr\/product\/sac-a-formes-de-canards-rigem-right-12-emplacements\/#primaryimage\",\"url\":\"https:\/\/staging.lucky-hunter.com\/wp-content\/uploads\/2022\/10\/PU-257.png\",\"contentUrl\":\"https:\/\/staging.lucky-hunter.com\/wp-content\/uploads\/2022\/10\/PU-257.png\",\"width\":1000,\"height\":1000},{\"@type\":\"BreadcrumbList\",\"@id\":\"https:\/\/staging.lucky-hunter.com\/fr\/product\/sac-a-formes-de-canards-rigem-right-12-emplacements\/#breadcrumb\",\"itemListElement\":[{\"@type\":\"ListItem\",\"position\":1,\"name\":\"Home\",\"item\":\"https:\/\/staging.lucky-hunter.com\/fr\/\"},{\"@type\":\"ListItem\",\"position\":2,\"name\":\"Boutique\",\"item\":\"https:\/\/staging.lucky-hunter.com\/fr\/shop\/\"},{\"@type\":\"ListItem\",\"position\":3,\"name\":\"Sac \u00e0 Formes de Canards Rig\u00b4Em Right &#8211; 12 emplacements\"}]},{\"@type\":\"WebSite\",\"@id\":\"https:\/\/staging.lucky-hunter.com\/#website\",\"url\":\"https:\/\/staging.lucky-hunter.com\/\",\"name\":\"Lucky-Hunter\",\"description\":\"Gear Up or Give Up\",\"potentialAction\":[{\"@type\":\"SearchAction\",\"target\":{\"@type\":\"EntryPoint\",\"urlTemplate\":\"https:\/\/staging.lucky-hunter.com\/?s={search_term_string}\"},\"query-input\":{\"@type\":\"PropertyValueSpecification\",\"valueRequired\":true,\"valueName\":\"search_term_string\"}}],\"inLanguage\":\"fr-FR\"}]}<\/script>\n<!-- \/ Yoast SEO plugin. -->","yoast_head_json":{"title":"Sac \u00e0 Formes de Canards Rig\u00b4Em Right - 12 emplacements","description":"Ce sac Rig'Em Right est parfait pour ceux d'entre vous qui utilisent des formes full body pour chasser dans les zones inond\u00e9es.","robots":{"index":"noindex","follow":"follow","max-snippet":"max-snippet:-1","max-image-preview":"max-image-preview:large","max-video-preview":"max-video-preview:-1"},"og_locale":"fr_FR","og_type":"article","og_title":"Sac \u00e0 Formes de Canards Rig\u00b4Em Right - 12 emplacements","og_description":"Ce sac Rig'Em Right est parfait pour ceux d'entre vous qui utilisent des formes full body pour chasser dans les zones inond\u00e9es.","og_url":"https:\/\/staging.lucky-hunter.com\/fr\/product\/sac-a-formes-de-canards-rigem-right-12-emplacements\/","og_site_name":"Lucky-Hunter","article_modified_time":"2025-06-24T12:01:28+00:00","og_image":[{"width":1000,"height":1000,"url":"https:\/\/staging.lucky-hunter.com\/wp-content\/uploads\/2022\/10\/PU-257.png","type":"image\/png"}],"twitter_card":"summary_large_image","twitter_misc":{"Dur\u00e9e de lecture estim\u00e9e":"1 minute"},"schema":{"@context":"https:\/\/schema.org","@graph":[{"@type":"WebPage","@id":"https:\/\/staging.lucky-hunter.com\/fr\/product\/sac-a-formes-de-canards-rigem-right-12-emplacements\/","url":"https:\/\/staging.lucky-hunter.com\/fr\/product\/sac-a-formes-de-canards-rigem-right-12-emplacements\/","name":"Sac \u00e0 Formes de Canards Rig\u00b4Em Right - 12 emplacements","isPartOf":{"@id":"https:\/\/staging.lucky-hunter.com\/#website"},"primaryImageOfPage":{"@id":"https:\/\/staging.lucky-hunter.com\/fr\/product\/sac-a-formes-de-canards-rigem-right-12-emplacements\/#primaryimage"},"image":{"@id":"https:\/\/staging.lucky-hunter.com\/fr\/product\/sac-a-formes-de-canards-rigem-right-12-emplacements\/#primaryimage"},"thumbnailUrl":"https:\/\/staging.lucky-hunter.com\/wp-content\/uploads\/2022\/10\/PU-257.png","datePublished":"2022-10-05T10:34:00+00:00","dateModified":"2025-06-24T12:01:28+00:00","description":"Ce sac Rig'Em Right est parfait pour ceux d'entre vous qui utilisent des formes full body pour chasser dans les zones inond\u00e9es.","breadcrumb":{"@id":"https:\/\/staging.lucky-hunter.com\/fr\/product\/sac-a-formes-de-canards-rigem-right-12-emplacements\/#breadcrumb"},"inLanguage":"fr-FR","potentialAction":[{"@type":"ReadAction","target":["https:\/\/staging.lucky-hunter.com\/fr\/product\/sac-a-formes-de-canards-rigem-right-12-emplacements\/"]}]},{"@type":"ImageObject","inLanguage":"fr-FR","@id":"https:\/\/staging.lucky-hunter.com\/fr\/product\/sac-a-formes-de-canards-rigem-right-12-emplacements\/#primaryimage","url":"https:\/\/staging.lucky-hunter.com\/wp-content\/uploads\/2022\/10\/PU-257.png","contentUrl":"https:\/\/staging.lucky-hunter.com\/wp-content\/uploads\/2022\/10\/PU-257.png","width":1000,"height":1000},{"@type":"BreadcrumbList","@id":"https:\/\/staging.lucky-hunter.com\/fr\/product\/sac-a-formes-de-canards-rigem-right-12-emplacements\/#breadcrumb","itemListElement":[{"@type":"ListItem","position":1,"name":"Home","item":"https:\/\/staging.lucky-hunter.com\/fr\/"},{"@type":"ListItem","position":2,"name":"Boutique","item":"https:\/\/staging.lucky-hunter.com\/fr\/shop\/"},{"@type":"ListItem","position":3,"name":"Sac \u00e0 Formes de Canards Rig\u00b4Em Right &#8211; 12 emplacements"}]},{"@type":"WebSite","@id":"https:\/\/staging.lucky-hunter.com\/#website","url":"https:\/\/staging.lucky-hunter.com\/","name":"Lucky-Hunter","description":"Gear Up or Give Up","potentialAction":[{"@type":"SearchAction","target":{"@type":"EntryPoint","urlTemplate":"https:\/\/staging.lucky-hunter.com\/?s={search_term_string}"},"query-input":{"@type":"PropertyValueSpecification","valueRequired":true,"valueName":"search_term_string"}}],"inLanguage":"fr-FR"}]}},"_links":{"self":[{"href":"https:\/\/staging.lucky-hunter.com\/fr\/wp-json\/wp\/v2\/product\/52381"}],"collection":[{"href":"https:\/\/staging.lucky-hunter.com\/fr\/wp-json\/wp\/v2\/product"}],"about":[{"href":"https:\/\/staging.lucky-hunter.com\/fr\/wp-json\/wp\/v2\/types\/product"}],"wp:featuredmedia":[{"embeddable":true,"href":"https:\/\/staging.lucky-hunter.com\/fr\/wp-json\/wp\/v2\/media\/53903"}],"wp:attachment":[{"href":"https:\/\/staging.lucky-hunter.com\/fr\/wp-json\/wp\/v2\/media?parent=52381"}],"wp:term":[{"taxonomy":"product_brand","embeddable":true,"href":"https:\/\/staging.lucky-hunter.com\/fr\/wp-json\/wp\/v2\/product_brand?post=52381"},{"taxonomy":"product_cat","embeddable":true,"href":"https:\/\/staging.lucky-hunter.com\/fr\/wp-json\/wp\/v2\/product_cat?post=52381"},{"taxonomy":"product_tag","embeddable":true,"href":"https:\/\/staging.lucky-hunter.com\/fr\/wp-json\/wp\/v2\/product_tag?post=52381"}],"curies":[{"name":"wp","href":"https:\/\/api.w.org\/{rel}","templated":true}]}}