{"id":52233,"date":"2022-10-06T13:11:13","date_gmt":"2022-10-06T11:11:13","guid":{"rendered":"https:\/\/staging.lucky-hunter.com\/product\/rigem-right-flashpoint-floating-gun-case\/"},"modified":"2023-03-14T15:04:19","modified_gmt":"2023-03-14T14:04:19","slug":"rigem-right-flashpoint-floating-gun-case","status":"publish","type":"product","link":"https:\/\/staging.lucky-hunter.com\/fr\/product\/rigem-right-flashpoint-floating-gun-case\/","title":{"rendered":"\u00c9tui Flottant pour Fusil Rig\u00b4Em Right Flashpoint"},"content":{"rendered":"<h1>\u00c9tui Flottant pour Fusil Rig\u00b4Em Right Flashpoint<\/h1>\n<p>L&#8217;\u00c9tui Flottant pour Fusil Rig\u00b4Em Right Flashpoint est destin\u00e9 aux sauvaginiers exigeants qui n&#8217;ont pas le temps de choyer leur \u00e9quipement. Durable et r\u00e9sistant, cet \u00e9tui \u00e0 fusil comprend une \u00e9paisse couche ext\u00e9rieure hydrofuge, des accessoires en m\u00e9tal, un flotteur \u00e9pais, une pointe rigide en EVA pour emp\u00eacher l&#8217;extr\u00e9mit\u00e9 du canon de se briser, et une ouverture velcro sur toute la longueur pour faciliter le s\u00e9chage.<\/p>\n<p><strong>Caract\u00e9ristiques\u00a0:<\/strong><\/p>\n<p>\u2022 Couche ext\u00e9rieure \u00e9paisse et hydrofuge<\/p>\n<p>\u2022 Accessoires en m\u00e9tal<\/p>\n<p>\u2022 Flotteur \u00e9pais<\/p>\n<p>\u2022 Bandouli\u00e8re r\u00e9glable rembourr\u00e9e<\/p>\n<p>\u2022 Pointe rigide en EVA<\/p>\n<p>\u2022 135 cm de long (dimensions int\u00e9rieures)<\/p>\n<p>\u2022 Ouverture velcro sur toute la longueur pour faciliter le s\u00e9chage<\/p>\n<p>Motifs disponibles : OPTIFADE Marsh, OPTIFADE Timber, Mossy Oak Habitat, Mossy Oak Bottomland<\/p>\n","protected":false},"excerpt":{"rendered":"<p>Cet \u00c9tui Flottant pour Fusil est destin\u00e9 aux sauvaginiers exigeants.\u00a0La chasse \u00e0 la sauvagine est plus rude pour l&#8217;\u00e9quipement que n\u2019importe quel sport, c\u2019est pourquoi Rig&#8217;Em Right fabrique de l\u2019\u00e9quipement sans fioritures.<\/p>\n","protected":false},"featured_media":53685,"template":"","meta":[],"product_brand":[8127],"product_cat":[9355],"product_tag":[],"yoast_head":"<!-- This site is optimized with the Yoast SEO plugin v24.3 - https:\/\/yoast.com\/wordpress\/plugins\/seo\/ -->\n<title>\u00c9tui Flottant pour Fusil Rig\u00b4Em Right Flashpoint - Lucky-Hunter<\/title>\n<meta name=\"description\" content=\"Cet \u00c9tui Flottant pour Fusil est destin\u00e9 aux sauvaginiers exigeants.\u00a0La chasse \u00e0 la sauvagine est plus rude pour l&#039;\u00e9quipement que n\u2019importe quel sport.\" \/>\n<meta name=\"robots\" content=\"noindex, follow, max-snippet:-1, max-image-preview:large, max-video-preview:-1\" \/>\n<meta property=\"og:locale\" content=\"fr_FR\" \/>\n<meta property=\"og:type\" content=\"article\" \/>\n<meta property=\"og:title\" content=\"\u00c9tui Flottant pour Fusil Rig\u00b4Em Right Flashpoint - Lucky-Hunter\" \/>\n<meta property=\"og:description\" content=\"Cet \u00c9tui Flottant pour Fusil est destin\u00e9 aux sauvaginiers exigeants.\u00a0La chasse \u00e0 la sauvagine est plus rude pour l&#039;\u00e9quipement que n\u2019importe quel sport.\" \/>\n<meta property=\"og:url\" content=\"https:\/\/staging.lucky-hunter.com\/fr\/product\/rigem-right-flashpoint-floating-gun-case\/\" \/>\n<meta property=\"og:site_name\" content=\"Lucky-Hunter\" \/>\n<meta property=\"article:modified_time\" content=\"2023-03-14T14:04:19+00:00\" \/>\n<meta property=\"og:image\" content=\"https:\/\/staging.lucky-hunter.com\/wp-content\/uploads\/2022\/10\/PU-209.png\" \/>\n\t<meta property=\"og:image:width\" content=\"1000\" \/>\n\t<meta property=\"og:image:height\" content=\"1000\" \/>\n\t<meta property=\"og:image:type\" content=\"image\/png\" \/>\n<meta name=\"twitter:card\" content=\"summary_large_image\" \/>\n<meta name=\"twitter:label1\" content=\"Dur\u00e9e de lecture estim\u00e9e\" \/>\n\t<meta name=\"twitter:data1\" content=\"1 minute\" \/>\n<script type=\"application\/ld+json\" class=\"yoast-schema-graph\">{\"@context\":\"https:\/\/schema.org\",\"@graph\":[{\"@type\":\"WebPage\",\"@id\":\"https:\/\/staging.lucky-hunter.com\/fr\/product\/rigem-right-flashpoint-floating-gun-case\/\",\"url\":\"https:\/\/staging.lucky-hunter.com\/fr\/product\/rigem-right-flashpoint-floating-gun-case\/\",\"name\":\"\u00c9tui Flottant pour Fusil Rig\u00b4Em Right Flashpoint - Lucky-Hunter\",\"isPartOf\":{\"@id\":\"https:\/\/staging.lucky-hunter.com\/#website\"},\"primaryImageOfPage\":{\"@id\":\"https:\/\/staging.lucky-hunter.com\/fr\/product\/rigem-right-flashpoint-floating-gun-case\/#primaryimage\"},\"image\":{\"@id\":\"https:\/\/staging.lucky-hunter.com\/fr\/product\/rigem-right-flashpoint-floating-gun-case\/#primaryimage\"},\"thumbnailUrl\":\"https:\/\/staging.lucky-hunter.com\/wp-content\/uploads\/2022\/10\/PU-209.png\",\"datePublished\":\"2022-10-06T11:11:13+00:00\",\"dateModified\":\"2023-03-14T14:04:19+00:00\",\"description\":\"Cet \u00c9tui Flottant pour Fusil est destin\u00e9 aux sauvaginiers exigeants.\u00a0La chasse \u00e0 la sauvagine est plus rude pour l'\u00e9quipement que n\u2019importe quel sport.\",\"breadcrumb\":{\"@id\":\"https:\/\/staging.lucky-hunter.com\/fr\/product\/rigem-right-flashpoint-floating-gun-case\/#breadcrumb\"},\"inLanguage\":\"fr-FR\",\"potentialAction\":[{\"@type\":\"ReadAction\",\"target\":[\"https:\/\/staging.lucky-hunter.com\/fr\/product\/rigem-right-flashpoint-floating-gun-case\/\"]}]},{\"@type\":\"ImageObject\",\"inLanguage\":\"fr-FR\",\"@id\":\"https:\/\/staging.lucky-hunter.com\/fr\/product\/rigem-right-flashpoint-floating-gun-case\/#primaryimage\",\"url\":\"https:\/\/staging.lucky-hunter.com\/wp-content\/uploads\/2022\/10\/PU-209.png\",\"contentUrl\":\"https:\/\/staging.lucky-hunter.com\/wp-content\/uploads\/2022\/10\/PU-209.png\",\"width\":1000,\"height\":1000},{\"@type\":\"BreadcrumbList\",\"@id\":\"https:\/\/staging.lucky-hunter.com\/fr\/product\/rigem-right-flashpoint-floating-gun-case\/#breadcrumb\",\"itemListElement\":[{\"@type\":\"ListItem\",\"position\":1,\"name\":\"Home\",\"item\":\"https:\/\/staging.lucky-hunter.com\/fr\/\"},{\"@type\":\"ListItem\",\"position\":2,\"name\":\"Boutique\",\"item\":\"https:\/\/staging.lucky-hunter.com\/fr\/shop\/\"},{\"@type\":\"ListItem\",\"position\":3,\"name\":\"\u00c9tui Flottant pour Fusil Rig\u00b4Em Right Flashpoint\"}]},{\"@type\":\"WebSite\",\"@id\":\"https:\/\/staging.lucky-hunter.com\/#website\",\"url\":\"https:\/\/staging.lucky-hunter.com\/\",\"name\":\"Lucky-Hunter\",\"description\":\"Gear Up or Give Up\",\"potentialAction\":[{\"@type\":\"SearchAction\",\"target\":{\"@type\":\"EntryPoint\",\"urlTemplate\":\"https:\/\/staging.lucky-hunter.com\/?s={search_term_string}\"},\"query-input\":{\"@type\":\"PropertyValueSpecification\",\"valueRequired\":true,\"valueName\":\"search_term_string\"}}],\"inLanguage\":\"fr-FR\"}]}<\/script>\n<!-- \/ Yoast SEO plugin. -->","yoast_head_json":{"title":"\u00c9tui Flottant pour Fusil Rig\u00b4Em Right Flashpoint - Lucky-Hunter","description":"Cet \u00c9tui Flottant pour Fusil est destin\u00e9 aux sauvaginiers exigeants.\u00a0La chasse \u00e0 la sauvagine est plus rude pour l'\u00e9quipement que n\u2019importe quel sport.","robots":{"index":"noindex","follow":"follow","max-snippet":"max-snippet:-1","max-image-preview":"max-image-preview:large","max-video-preview":"max-video-preview:-1"},"og_locale":"fr_FR","og_type":"article","og_title":"\u00c9tui Flottant pour Fusil Rig\u00b4Em Right Flashpoint - Lucky-Hunter","og_description":"Cet \u00c9tui Flottant pour Fusil est destin\u00e9 aux sauvaginiers exigeants.\u00a0La chasse \u00e0 la sauvagine est plus rude pour l'\u00e9quipement que n\u2019importe quel sport.","og_url":"https:\/\/staging.lucky-hunter.com\/fr\/product\/rigem-right-flashpoint-floating-gun-case\/","og_site_name":"Lucky-Hunter","article_modified_time":"2023-03-14T14:04:19+00:00","og_image":[{"width":1000,"height":1000,"url":"https:\/\/staging.lucky-hunter.com\/wp-content\/uploads\/2022\/10\/PU-209.png","type":"image\/png"}],"twitter_card":"summary_large_image","twitter_misc":{"Dur\u00e9e de lecture estim\u00e9e":"1 minute"},"schema":{"@context":"https:\/\/schema.org","@graph":[{"@type":"WebPage","@id":"https:\/\/staging.lucky-hunter.com\/fr\/product\/rigem-right-flashpoint-floating-gun-case\/","url":"https:\/\/staging.lucky-hunter.com\/fr\/product\/rigem-right-flashpoint-floating-gun-case\/","name":"\u00c9tui Flottant pour Fusil Rig\u00b4Em Right Flashpoint - Lucky-Hunter","isPartOf":{"@id":"https:\/\/staging.lucky-hunter.com\/#website"},"primaryImageOfPage":{"@id":"https:\/\/staging.lucky-hunter.com\/fr\/product\/rigem-right-flashpoint-floating-gun-case\/#primaryimage"},"image":{"@id":"https:\/\/staging.lucky-hunter.com\/fr\/product\/rigem-right-flashpoint-floating-gun-case\/#primaryimage"},"thumbnailUrl":"https:\/\/staging.lucky-hunter.com\/wp-content\/uploads\/2022\/10\/PU-209.png","datePublished":"2022-10-06T11:11:13+00:00","dateModified":"2023-03-14T14:04:19+00:00","description":"Cet \u00c9tui Flottant pour Fusil est destin\u00e9 aux sauvaginiers exigeants.\u00a0La chasse \u00e0 la sauvagine est plus rude pour l'\u00e9quipement que n\u2019importe quel sport.","breadcrumb":{"@id":"https:\/\/staging.lucky-hunter.com\/fr\/product\/rigem-right-flashpoint-floating-gun-case\/#breadcrumb"},"inLanguage":"fr-FR","potentialAction":[{"@type":"ReadAction","target":["https:\/\/staging.lucky-hunter.com\/fr\/product\/rigem-right-flashpoint-floating-gun-case\/"]}]},{"@type":"ImageObject","inLanguage":"fr-FR","@id":"https:\/\/staging.lucky-hunter.com\/fr\/product\/rigem-right-flashpoint-floating-gun-case\/#primaryimage","url":"https:\/\/staging.lucky-hunter.com\/wp-content\/uploads\/2022\/10\/PU-209.png","contentUrl":"https:\/\/staging.lucky-hunter.com\/wp-content\/uploads\/2022\/10\/PU-209.png","width":1000,"height":1000},{"@type":"BreadcrumbList","@id":"https:\/\/staging.lucky-hunter.com\/fr\/product\/rigem-right-flashpoint-floating-gun-case\/#breadcrumb","itemListElement":[{"@type":"ListItem","position":1,"name":"Home","item":"https:\/\/staging.lucky-hunter.com\/fr\/"},{"@type":"ListItem","position":2,"name":"Boutique","item":"https:\/\/staging.lucky-hunter.com\/fr\/shop\/"},{"@type":"ListItem","position":3,"name":"\u00c9tui Flottant pour Fusil Rig\u00b4Em Right Flashpoint"}]},{"@type":"WebSite","@id":"https:\/\/staging.lucky-hunter.com\/#website","url":"https:\/\/staging.lucky-hunter.com\/","name":"Lucky-Hunter","description":"Gear Up or Give Up","potentialAction":[{"@type":"SearchAction","target":{"@type":"EntryPoint","urlTemplate":"https:\/\/staging.lucky-hunter.com\/?s={search_term_string}"},"query-input":{"@type":"PropertyValueSpecification","valueRequired":true,"valueName":"search_term_string"}}],"inLanguage":"fr-FR"}]}},"_links":{"self":[{"href":"https:\/\/staging.lucky-hunter.com\/fr\/wp-json\/wp\/v2\/product\/52233"}],"collection":[{"href":"https:\/\/staging.lucky-hunter.com\/fr\/wp-json\/wp\/v2\/product"}],"about":[{"href":"https:\/\/staging.lucky-hunter.com\/fr\/wp-json\/wp\/v2\/types\/product"}],"wp:featuredmedia":[{"embeddable":true,"href":"https:\/\/staging.lucky-hunter.com\/fr\/wp-json\/wp\/v2\/media\/53685"}],"wp:attachment":[{"href":"https:\/\/staging.lucky-hunter.com\/fr\/wp-json\/wp\/v2\/media?parent=52233"}],"wp:term":[{"taxonomy":"product_brand","embeddable":true,"href":"https:\/\/staging.lucky-hunter.com\/fr\/wp-json\/wp\/v2\/product_brand?post=52233"},{"taxonomy":"product_cat","embeddable":true,"href":"https:\/\/staging.lucky-hunter.com\/fr\/wp-json\/wp\/v2\/product_cat?post=52233"},{"taxonomy":"product_tag","embeddable":true,"href":"https:\/\/staging.lucky-hunter.com\/fr\/wp-json\/wp\/v2\/product_tag?post=52233"}],"curies":[{"name":"wp","href":"https:\/\/api.w.org\/{rel}","templated":true}]}}