{"id":52212,"date":"2022-10-12T15:55:11","date_gmt":"2022-10-12T13:55:11","guid":{"rendered":"https:\/\/staging.lucky-hunter.com\/product\/doa-full-body-oversized-honkers-4-pack\/"},"modified":"2022-10-27T09:00:00","modified_gmt":"2022-10-27T07:00:00","slug":"doa-full-body-oversized-honkers-4-pack","status":"publish","type":"product","link":"https:\/\/staging.lucky-hunter.com\/fr\/product\/doa-full-body-oversized-honkers-4-pack\/","title":{"rendered":"Bernaches du Canada Full Body \u00ab\u00a0Surdimensionn\u00e9es \u00bb DOA &#8211; Pack de 4"},"content":{"rendered":"<h1>Formes de Bernaches du Canada Full Body \u00ab\u00a0Dead On Arrival\u00a0\u00bb<\/h1>\n<p>La gamme \u00ab\u00a0Dominator Series\u00a0\u00bb de Beavertail\/DOA est le nec plus ultra en mati\u00e8re de formes d&#8217;oies. Ces formes d\u2019oies sont cr\u00e9\u00e9es par deux des meilleurs sculpteurs de blettes au monde, et \u00e7a se voit ! Vous pouvez admirer le r\u00e9alisme de leur anatomie.<\/p>\n<p>Les formes sont surdimensionn\u00e9es, ce qui permet d\u2019attirer l\u2019attention efficacement tout en utilisant un troupeau plus r\u00e9duit. Nous sommes convaincus que quelques gros oiseaux donnent de meilleurs r\u00e9sultats qu\u2019une ribambelle de petits.<\/p>\n<p>Les formes sont fabriqu\u00e9es dans un plastique vulcanis\u00e9 m\u00e9lang\u00e9 \u00e0 du caoutchouc. Le mat\u00e9riau est donc r\u00e9sistant mais flexible et capable de r\u00e9sister \u00e0 de nombreux \u00ab\u00a0mauvais traitements\u00a0\u00bb. De plus, cette technique permet d\u2019obtenir une peinture dont la r\u00e9sistance aux fissures est in\u00e9gal\u00e9e.<\/p>\n<p>Chaque forme est \u00e9galement \u00e9quip\u00e9e des technologies dernier cri de DOA Decoy : leur base r\u00e9volutionnaire \u00ab\u00a0HEX\u00a0\u00bb et leur syst\u00e8me de mouvement. La base HEX est constitu\u00e9e d\u2019un hexagone surdimensionn\u00e9 et d\u2019une barre transversale stabilisatrice pour maintenir les formes droites m\u00eame en cas de vent fort. Le c\u00f4ne moul\u00e9 assure un mouvement fluide et vif m\u00eame avec tr\u00e8s peu de vent.<\/p>\n<p>Avec toutes ces fonctions et ces avantages, il s\u2019agit d\u2019une forme d&#8217;oie absolument fantastique qui n&#8217;a jamais \u00e9t\u00e9 vu sur le march\u00e9 europ\u00e9en auparavant.<\/p>\n","protected":false},"excerpt":{"rendered":"<p>La taille imposante de ces Bernaches du Canada Full Body permet d\u2019attirer les bernaches sur de plus longues distances qu&#8217;auparavant.<\/p>\n","protected":false},"featured_media":53935,"template":"","meta":[],"product_brand":[8133],"product_cat":[8178],"product_tag":[],"yoast_head":"<!-- This site is optimized with the Yoast SEO plugin v24.3 - https:\/\/yoast.com\/wordpress\/plugins\/seo\/ -->\n<title>Bernaches du Canada Full Body \u00ab\u00a0Surdimensionn\u00e9es \u00bb DOA | Formes Lucky-Hunter<\/title>\n<meta name=\"description\" content=\"Ces formes d\u2019oies sont surdimensionn\u00e9es, ce qui permet d\u2019attirer l\u2019attention efficacement tout en utilisant un nombre de formes plus r\u00e9duit.\" \/>\n<meta name=\"robots\" content=\"noindex, follow, max-snippet:-1, max-image-preview:large, max-video-preview:-1\" \/>\n<meta property=\"og:locale\" content=\"fr_FR\" \/>\n<meta property=\"og:type\" content=\"article\" \/>\n<meta property=\"og:title\" content=\"Bernaches du Canada Full Body \u00ab\u00a0Surdimensionn\u00e9es \u00bb DOA | Formes Lucky-Hunter\" \/>\n<meta property=\"og:description\" content=\"Ces formes d\u2019oies sont surdimensionn\u00e9es, ce qui permet d\u2019attirer l\u2019attention efficacement tout en utilisant un nombre de formes plus r\u00e9duit.\" \/>\n<meta property=\"og:url\" content=\"https:\/\/staging.lucky-hunter.com\/product\/doa-full-body-oversized-honkers-4-pack\/\" \/>\n<meta property=\"og:site_name\" content=\"Lucky-Hunter\" \/>\n<meta property=\"article:modified_time\" content=\"2022-10-27T07:00:00+00:00\" \/>\n<meta property=\"og:image\" content=\"https:\/\/staging.lucky-hunter.com\/wp-content\/uploads\/2022\/10\/IMG_7204_clipped-removebg.png\" \/>\n\t<meta property=\"og:image:width\" content=\"1000\" \/>\n\t<meta property=\"og:image:height\" content=\"1000\" \/>\n\t<meta property=\"og:image:type\" content=\"image\/png\" \/>\n<meta name=\"twitter:card\" content=\"summary_large_image\" \/>\n<meta name=\"twitter:label1\" content=\"Dur\u00e9e de lecture estim\u00e9e\" \/>\n\t<meta name=\"twitter:data1\" content=\"1 minute\" \/>\n<script type=\"application\/ld+json\" class=\"yoast-schema-graph\">{\"@context\":\"https:\/\/schema.org\",\"@graph\":[{\"@type\":\"WebPage\",\"@id\":\"https:\/\/staging.lucky-hunter.com\/product\/doa-full-body-oversized-honkers-4-pack\/\",\"url\":\"https:\/\/staging.lucky-hunter.com\/product\/doa-full-body-oversized-honkers-4-pack\/\",\"name\":\"Bernaches du Canada Full Body \u00ab\u00a0Surdimensionn\u00e9es \u00bb DOA | Formes Lucky-Hunter\",\"isPartOf\":{\"@id\":\"https:\/\/staging.lucky-hunter.com\/#website\"},\"primaryImageOfPage\":{\"@id\":\"https:\/\/staging.lucky-hunter.com\/product\/doa-full-body-oversized-honkers-4-pack\/#primaryimage\"},\"image\":{\"@id\":\"https:\/\/staging.lucky-hunter.com\/product\/doa-full-body-oversized-honkers-4-pack\/#primaryimage\"},\"thumbnailUrl\":\"https:\/\/staging.lucky-hunter.com\/wp-content\/uploads\/2022\/10\/IMG_7204_clipped-removebg.png\",\"datePublished\":\"2022-10-12T13:55:11+00:00\",\"dateModified\":\"2022-10-27T07:00:00+00:00\",\"description\":\"Ces formes d\u2019oies sont surdimensionn\u00e9es, ce qui permet d\u2019attirer l\u2019attention efficacement tout en utilisant un nombre de formes plus r\u00e9duit.\",\"breadcrumb\":{\"@id\":\"https:\/\/staging.lucky-hunter.com\/product\/doa-full-body-oversized-honkers-4-pack\/#breadcrumb\"},\"inLanguage\":\"fr-FR\",\"potentialAction\":[{\"@type\":\"ReadAction\",\"target\":[\"https:\/\/staging.lucky-hunter.com\/product\/doa-full-body-oversized-honkers-4-pack\/\"]}]},{\"@type\":\"ImageObject\",\"inLanguage\":\"fr-FR\",\"@id\":\"https:\/\/staging.lucky-hunter.com\/product\/doa-full-body-oversized-honkers-4-pack\/#primaryimage\",\"url\":\"https:\/\/staging.lucky-hunter.com\/wp-content\/uploads\/2022\/10\/IMG_7204_clipped-removebg.png\",\"contentUrl\":\"https:\/\/staging.lucky-hunter.com\/wp-content\/uploads\/2022\/10\/IMG_7204_clipped-removebg.png\",\"width\":1000,\"height\":1000},{\"@type\":\"BreadcrumbList\",\"@id\":\"https:\/\/staging.lucky-hunter.com\/product\/doa-full-body-oversized-honkers-4-pack\/#breadcrumb\",\"itemListElement\":[{\"@type\":\"ListItem\",\"position\":1,\"name\":\"Home\",\"item\":\"https:\/\/staging.lucky-hunter.com\/fr\/\"},{\"@type\":\"ListItem\",\"position\":2,\"name\":\"Boutique\",\"item\":\"https:\/\/staging.lucky-hunter.com\/fr\/shop\/\"},{\"@type\":\"ListItem\",\"position\":3,\"name\":\"Bernaches du Canada Full Body \u00ab\u00a0Surdimensionn\u00e9es \u00bb DOA &#8211; Pack de 4\"}]},{\"@type\":\"WebSite\",\"@id\":\"https:\/\/staging.lucky-hunter.com\/#website\",\"url\":\"https:\/\/staging.lucky-hunter.com\/\",\"name\":\"Lucky-Hunter\",\"description\":\"Gear Up or Give Up\",\"potentialAction\":[{\"@type\":\"SearchAction\",\"target\":{\"@type\":\"EntryPoint\",\"urlTemplate\":\"https:\/\/staging.lucky-hunter.com\/?s={search_term_string}\"},\"query-input\":{\"@type\":\"PropertyValueSpecification\",\"valueRequired\":true,\"valueName\":\"search_term_string\"}}],\"inLanguage\":\"fr-FR\"}]}<\/script>\n<!-- \/ Yoast SEO plugin. -->","yoast_head_json":{"title":"Bernaches du Canada Full Body \u00ab\u00a0Surdimensionn\u00e9es \u00bb DOA | Formes Lucky-Hunter","description":"Ces formes d\u2019oies sont surdimensionn\u00e9es, ce qui permet d\u2019attirer l\u2019attention efficacement tout en utilisant un nombre de formes plus r\u00e9duit.","robots":{"index":"noindex","follow":"follow","max-snippet":"max-snippet:-1","max-image-preview":"max-image-preview:large","max-video-preview":"max-video-preview:-1"},"og_locale":"fr_FR","og_type":"article","og_title":"Bernaches du Canada Full Body \u00ab\u00a0Surdimensionn\u00e9es \u00bb DOA | Formes Lucky-Hunter","og_description":"Ces formes d\u2019oies sont surdimensionn\u00e9es, ce qui permet d\u2019attirer l\u2019attention efficacement tout en utilisant un nombre de formes plus r\u00e9duit.","og_url":"https:\/\/staging.lucky-hunter.com\/product\/doa-full-body-oversized-honkers-4-pack\/","og_site_name":"Lucky-Hunter","article_modified_time":"2022-10-27T07:00:00+00:00","og_image":[{"width":1000,"height":1000,"url":"https:\/\/staging.lucky-hunter.com\/wp-content\/uploads\/2022\/10\/IMG_7204_clipped-removebg.png","type":"image\/png"}],"twitter_card":"summary_large_image","twitter_misc":{"Dur\u00e9e de lecture estim\u00e9e":"1 minute"},"schema":{"@context":"https:\/\/schema.org","@graph":[{"@type":"WebPage","@id":"https:\/\/staging.lucky-hunter.com\/product\/doa-full-body-oversized-honkers-4-pack\/","url":"https:\/\/staging.lucky-hunter.com\/product\/doa-full-body-oversized-honkers-4-pack\/","name":"Bernaches du Canada Full Body \u00ab\u00a0Surdimensionn\u00e9es \u00bb DOA | Formes Lucky-Hunter","isPartOf":{"@id":"https:\/\/staging.lucky-hunter.com\/#website"},"primaryImageOfPage":{"@id":"https:\/\/staging.lucky-hunter.com\/product\/doa-full-body-oversized-honkers-4-pack\/#primaryimage"},"image":{"@id":"https:\/\/staging.lucky-hunter.com\/product\/doa-full-body-oversized-honkers-4-pack\/#primaryimage"},"thumbnailUrl":"https:\/\/staging.lucky-hunter.com\/wp-content\/uploads\/2022\/10\/IMG_7204_clipped-removebg.png","datePublished":"2022-10-12T13:55:11+00:00","dateModified":"2022-10-27T07:00:00+00:00","description":"Ces formes d\u2019oies sont surdimensionn\u00e9es, ce qui permet d\u2019attirer l\u2019attention efficacement tout en utilisant un nombre de formes plus r\u00e9duit.","breadcrumb":{"@id":"https:\/\/staging.lucky-hunter.com\/product\/doa-full-body-oversized-honkers-4-pack\/#breadcrumb"},"inLanguage":"fr-FR","potentialAction":[{"@type":"ReadAction","target":["https:\/\/staging.lucky-hunter.com\/product\/doa-full-body-oversized-honkers-4-pack\/"]}]},{"@type":"ImageObject","inLanguage":"fr-FR","@id":"https:\/\/staging.lucky-hunter.com\/product\/doa-full-body-oversized-honkers-4-pack\/#primaryimage","url":"https:\/\/staging.lucky-hunter.com\/wp-content\/uploads\/2022\/10\/IMG_7204_clipped-removebg.png","contentUrl":"https:\/\/staging.lucky-hunter.com\/wp-content\/uploads\/2022\/10\/IMG_7204_clipped-removebg.png","width":1000,"height":1000},{"@type":"BreadcrumbList","@id":"https:\/\/staging.lucky-hunter.com\/product\/doa-full-body-oversized-honkers-4-pack\/#breadcrumb","itemListElement":[{"@type":"ListItem","position":1,"name":"Home","item":"https:\/\/staging.lucky-hunter.com\/fr\/"},{"@type":"ListItem","position":2,"name":"Boutique","item":"https:\/\/staging.lucky-hunter.com\/fr\/shop\/"},{"@type":"ListItem","position":3,"name":"Bernaches du Canada Full Body \u00ab\u00a0Surdimensionn\u00e9es \u00bb DOA &#8211; Pack de 4"}]},{"@type":"WebSite","@id":"https:\/\/staging.lucky-hunter.com\/#website","url":"https:\/\/staging.lucky-hunter.com\/","name":"Lucky-Hunter","description":"Gear Up or Give Up","potentialAction":[{"@type":"SearchAction","target":{"@type":"EntryPoint","urlTemplate":"https:\/\/staging.lucky-hunter.com\/?s={search_term_string}"},"query-input":{"@type":"PropertyValueSpecification","valueRequired":true,"valueName":"search_term_string"}}],"inLanguage":"fr-FR"}]}},"_links":{"self":[{"href":"https:\/\/staging.lucky-hunter.com\/fr\/wp-json\/wp\/v2\/product\/52212"}],"collection":[{"href":"https:\/\/staging.lucky-hunter.com\/fr\/wp-json\/wp\/v2\/product"}],"about":[{"href":"https:\/\/staging.lucky-hunter.com\/fr\/wp-json\/wp\/v2\/types\/product"}],"wp:featuredmedia":[{"embeddable":true,"href":"https:\/\/staging.lucky-hunter.com\/fr\/wp-json\/wp\/v2\/media\/53935"}],"wp:attachment":[{"href":"https:\/\/staging.lucky-hunter.com\/fr\/wp-json\/wp\/v2\/media?parent=52212"}],"wp:term":[{"taxonomy":"product_brand","embeddable":true,"href":"https:\/\/staging.lucky-hunter.com\/fr\/wp-json\/wp\/v2\/product_brand?post=52212"},{"taxonomy":"product_cat","embeddable":true,"href":"https:\/\/staging.lucky-hunter.com\/fr\/wp-json\/wp\/v2\/product_cat?post=52212"},{"taxonomy":"product_tag","embeddable":true,"href":"https:\/\/staging.lucky-hunter.com\/fr\/wp-json\/wp\/v2\/product_tag?post=52212"}],"curies":[{"name":"wp","href":"https:\/\/api.w.org\/{rel}","templated":true}]}}