{"id":51525,"date":"2022-09-19T15:15:02","date_gmt":"2022-09-19T13:15:02","guid":{"rendered":"https:\/\/staging.lucky-hunter.com\/product\/banded-tec-fleece-1-4-zip-pullover-max7\/"},"modified":"2024-08-07T14:38:22","modified_gmt":"2024-08-07T12:38:22","slug":"banded-tec-fleece-1-4-zip-pullover-max7","status":"publish","type":"product","link":"https:\/\/staging.lucky-hunter.com\/fr\/product\/banded-tec-fleece-1-4-zip-pullover-max7\/","title":{"rendered":"Pull en Polaire avec Zip 1\/4 Banded TEC &#8211; Max7"},"content":{"rendered":"<h4><a href=\"https:\/\/staging.lucky-hunter.com\/wp-content\/uploads\/2022\/08\/Storrelsesguide-Herre-Engelsk.pdf\" target=\"_blank\" rel=\"noopener\"><strong>Voir le guide des tailles ici<\/strong><\/a><\/h4>\n<h2><strong>Pull en polaire l\u00e9ger mais chaud par Banded, la c\u00e9l\u00e8bre marque am\u00e9ricaine sp\u00e9cialis\u00e9e dans la chasse au gibier d\u2019eau<\/strong><\/h2>\n<div>Le pull en polaire Banded TEC est tr\u00e8s confortable. Sa polaire douce en polyester est respirante et elle s\u00e8che rapidement.<\/div>\n<div><\/div>\n<div>Elle est \u00e9galement solide et r\u00e9sistante \u00e0 la d\u00e9coloration, ce qui prolonge \u00e9norm\u00e9ment la dur\u00e9e de vie du v\u00eatement.<\/div>\n<div><\/div>\n<div>Parfait pour la chasse, la p\u00eache, le rep\u00e9rage ou tout simplement pour profiter du plein air.<\/div>\n<div><\/div>\n<div><strong>Caract\u00e9ristiques\u00a0:<\/strong><\/div>\n<ul>\n<li>\n<div>Fabriqu\u00e9 en polyester r\u00e9sistant et confortable<\/div>\n<div><\/div>\n<\/li>\n<li>\n<div>Polaire chaude et r\u00e9sistante aux intemp\u00e9ries<\/div>\n<div><\/div>\n<\/li>\n<li>\n<div>Poche de poitrine<\/div>\n<div><\/div>\n<\/li>\n<li>\n<div>Motif camouflage Max7.<\/div>\n<div><\/div>\n<\/li>\n<\/ul>\n","protected":false},"excerpt":{"rendered":"<div>C\u00e9l\u00e8bre marque am\u00e9ricaine d\u2019\u00e9quipement de chasse, Banded voulait donner une touche urbaine et d\u00e9contract\u00e9e aux v\u00eatements des passionn\u00e9s de plein air.<\/div>\n<div><\/div>\n","protected":false},"featured_media":54483,"template":"","meta":[],"product_brand":[8137],"product_cat":[9236],"product_tag":[],"yoast_head":"<!-- This site is optimized with the Yoast SEO plugin v24.3 - https:\/\/yoast.com\/wordpress\/plugins\/seo\/ -->\n<title>Pull en Polaire avec Zip 1\/4 Banded TEC - Max7<\/title>\n<meta name=\"description\" content=\"Le pull en polaire Banded TEC est tr\u00e8s confortable. Sa polaire douce en polyester est respirante et elle s\u00e8che rapidement.\" \/>\n<meta name=\"robots\" content=\"noindex, follow, max-snippet:-1, max-image-preview:large, max-video-preview:-1\" \/>\n<meta property=\"og:locale\" content=\"fr_FR\" \/>\n<meta property=\"og:type\" content=\"article\" \/>\n<meta property=\"og:title\" content=\"Pull en Polaire avec Zip 1\/4 Banded TEC - Max7\" \/>\n<meta property=\"og:description\" content=\"Le pull en polaire Banded TEC est tr\u00e8s confortable. Sa polaire douce en polyester est respirante et elle s\u00e8che rapidement.\" \/>\n<meta property=\"og:url\" content=\"https:\/\/staging.lucky-hunter.com\/fr\/product\/banded-tec-fleece-1-4-zip-pullover-max7\/\" \/>\n<meta property=\"og:site_name\" content=\"Lucky-Hunter\" \/>\n<meta property=\"article:modified_time\" content=\"2024-08-07T12:38:22+00:00\" \/>\n<meta property=\"og:image\" content=\"https:\/\/staging.lucky-hunter.com\/wp-content\/uploads\/2022\/09\/JB-0612.png\" \/>\n\t<meta property=\"og:image:width\" content=\"1000\" \/>\n\t<meta property=\"og:image:height\" content=\"1000\" \/>\n\t<meta property=\"og:image:type\" content=\"image\/png\" \/>\n<meta name=\"twitter:card\" content=\"summary_large_image\" \/>\n<meta name=\"twitter:label1\" content=\"Dur\u00e9e de lecture estim\u00e9e\" \/>\n\t<meta name=\"twitter:data1\" content=\"1 minute\" \/>\n<script type=\"application\/ld+json\" class=\"yoast-schema-graph\">{\"@context\":\"https:\/\/schema.org\",\"@graph\":[{\"@type\":\"WebPage\",\"@id\":\"https:\/\/staging.lucky-hunter.com\/fr\/product\/banded-tec-fleece-1-4-zip-pullover-max7\/\",\"url\":\"https:\/\/staging.lucky-hunter.com\/fr\/product\/banded-tec-fleece-1-4-zip-pullover-max7\/\",\"name\":\"Pull en Polaire avec Zip 1\/4 Banded TEC - Max7\",\"isPartOf\":{\"@id\":\"https:\/\/staging.lucky-hunter.com\/#website\"},\"primaryImageOfPage\":{\"@id\":\"https:\/\/staging.lucky-hunter.com\/fr\/product\/banded-tec-fleece-1-4-zip-pullover-max7\/#primaryimage\"},\"image\":{\"@id\":\"https:\/\/staging.lucky-hunter.com\/fr\/product\/banded-tec-fleece-1-4-zip-pullover-max7\/#primaryimage\"},\"thumbnailUrl\":\"https:\/\/staging.lucky-hunter.com\/wp-content\/uploads\/2022\/09\/JB-0612.png\",\"datePublished\":\"2022-09-19T13:15:02+00:00\",\"dateModified\":\"2024-08-07T12:38:22+00:00\",\"description\":\"Le pull en polaire Banded TEC est tr\u00e8s confortable. Sa polaire douce en polyester est respirante et elle s\u00e8che rapidement.\",\"breadcrumb\":{\"@id\":\"https:\/\/staging.lucky-hunter.com\/fr\/product\/banded-tec-fleece-1-4-zip-pullover-max7\/#breadcrumb\"},\"inLanguage\":\"fr-FR\",\"potentialAction\":[{\"@type\":\"ReadAction\",\"target\":[\"https:\/\/staging.lucky-hunter.com\/fr\/product\/banded-tec-fleece-1-4-zip-pullover-max7\/\"]}]},{\"@type\":\"ImageObject\",\"inLanguage\":\"fr-FR\",\"@id\":\"https:\/\/staging.lucky-hunter.com\/fr\/product\/banded-tec-fleece-1-4-zip-pullover-max7\/#primaryimage\",\"url\":\"https:\/\/staging.lucky-hunter.com\/wp-content\/uploads\/2022\/09\/JB-0612.png\",\"contentUrl\":\"https:\/\/staging.lucky-hunter.com\/wp-content\/uploads\/2022\/09\/JB-0612.png\",\"width\":1000,\"height\":1000},{\"@type\":\"BreadcrumbList\",\"@id\":\"https:\/\/staging.lucky-hunter.com\/fr\/product\/banded-tec-fleece-1-4-zip-pullover-max7\/#breadcrumb\",\"itemListElement\":[{\"@type\":\"ListItem\",\"position\":1,\"name\":\"Home\",\"item\":\"https:\/\/staging.lucky-hunter.com\/fr\/\"},{\"@type\":\"ListItem\",\"position\":2,\"name\":\"Boutique\",\"item\":\"https:\/\/staging.lucky-hunter.com\/fr\/shop\/\"},{\"@type\":\"ListItem\",\"position\":3,\"name\":\"Pull en Polaire avec Zip 1\/4 Banded TEC &#8211; Max7\"}]},{\"@type\":\"WebSite\",\"@id\":\"https:\/\/staging.lucky-hunter.com\/#website\",\"url\":\"https:\/\/staging.lucky-hunter.com\/\",\"name\":\"Lucky-Hunter\",\"description\":\"Gear Up or Give Up\",\"potentialAction\":[{\"@type\":\"SearchAction\",\"target\":{\"@type\":\"EntryPoint\",\"urlTemplate\":\"https:\/\/staging.lucky-hunter.com\/?s={search_term_string}\"},\"query-input\":{\"@type\":\"PropertyValueSpecification\",\"valueRequired\":true,\"valueName\":\"search_term_string\"}}],\"inLanguage\":\"fr-FR\"}]}<\/script>\n<!-- \/ Yoast SEO plugin. -->","yoast_head_json":{"title":"Pull en Polaire avec Zip 1\/4 Banded TEC - Max7","description":"Le pull en polaire Banded TEC est tr\u00e8s confortable. Sa polaire douce en polyester est respirante et elle s\u00e8che rapidement.","robots":{"index":"noindex","follow":"follow","max-snippet":"max-snippet:-1","max-image-preview":"max-image-preview:large","max-video-preview":"max-video-preview:-1"},"og_locale":"fr_FR","og_type":"article","og_title":"Pull en Polaire avec Zip 1\/4 Banded TEC - Max7","og_description":"Le pull en polaire Banded TEC est tr\u00e8s confortable. Sa polaire douce en polyester est respirante et elle s\u00e8che rapidement.","og_url":"https:\/\/staging.lucky-hunter.com\/fr\/product\/banded-tec-fleece-1-4-zip-pullover-max7\/","og_site_name":"Lucky-Hunter","article_modified_time":"2024-08-07T12:38:22+00:00","og_image":[{"width":1000,"height":1000,"url":"https:\/\/staging.lucky-hunter.com\/wp-content\/uploads\/2022\/09\/JB-0612.png","type":"image\/png"}],"twitter_card":"summary_large_image","twitter_misc":{"Dur\u00e9e de lecture estim\u00e9e":"1 minute"},"schema":{"@context":"https:\/\/schema.org","@graph":[{"@type":"WebPage","@id":"https:\/\/staging.lucky-hunter.com\/fr\/product\/banded-tec-fleece-1-4-zip-pullover-max7\/","url":"https:\/\/staging.lucky-hunter.com\/fr\/product\/banded-tec-fleece-1-4-zip-pullover-max7\/","name":"Pull en Polaire avec Zip 1\/4 Banded TEC - Max7","isPartOf":{"@id":"https:\/\/staging.lucky-hunter.com\/#website"},"primaryImageOfPage":{"@id":"https:\/\/staging.lucky-hunter.com\/fr\/product\/banded-tec-fleece-1-4-zip-pullover-max7\/#primaryimage"},"image":{"@id":"https:\/\/staging.lucky-hunter.com\/fr\/product\/banded-tec-fleece-1-4-zip-pullover-max7\/#primaryimage"},"thumbnailUrl":"https:\/\/staging.lucky-hunter.com\/wp-content\/uploads\/2022\/09\/JB-0612.png","datePublished":"2022-09-19T13:15:02+00:00","dateModified":"2024-08-07T12:38:22+00:00","description":"Le pull en polaire Banded TEC est tr\u00e8s confortable. Sa polaire douce en polyester est respirante et elle s\u00e8che rapidement.","breadcrumb":{"@id":"https:\/\/staging.lucky-hunter.com\/fr\/product\/banded-tec-fleece-1-4-zip-pullover-max7\/#breadcrumb"},"inLanguage":"fr-FR","potentialAction":[{"@type":"ReadAction","target":["https:\/\/staging.lucky-hunter.com\/fr\/product\/banded-tec-fleece-1-4-zip-pullover-max7\/"]}]},{"@type":"ImageObject","inLanguage":"fr-FR","@id":"https:\/\/staging.lucky-hunter.com\/fr\/product\/banded-tec-fleece-1-4-zip-pullover-max7\/#primaryimage","url":"https:\/\/staging.lucky-hunter.com\/wp-content\/uploads\/2022\/09\/JB-0612.png","contentUrl":"https:\/\/staging.lucky-hunter.com\/wp-content\/uploads\/2022\/09\/JB-0612.png","width":1000,"height":1000},{"@type":"BreadcrumbList","@id":"https:\/\/staging.lucky-hunter.com\/fr\/product\/banded-tec-fleece-1-4-zip-pullover-max7\/#breadcrumb","itemListElement":[{"@type":"ListItem","position":1,"name":"Home","item":"https:\/\/staging.lucky-hunter.com\/fr\/"},{"@type":"ListItem","position":2,"name":"Boutique","item":"https:\/\/staging.lucky-hunter.com\/fr\/shop\/"},{"@type":"ListItem","position":3,"name":"Pull en Polaire avec Zip 1\/4 Banded TEC &#8211; Max7"}]},{"@type":"WebSite","@id":"https:\/\/staging.lucky-hunter.com\/#website","url":"https:\/\/staging.lucky-hunter.com\/","name":"Lucky-Hunter","description":"Gear Up or Give Up","potentialAction":[{"@type":"SearchAction","target":{"@type":"EntryPoint","urlTemplate":"https:\/\/staging.lucky-hunter.com\/?s={search_term_string}"},"query-input":{"@type":"PropertyValueSpecification","valueRequired":true,"valueName":"search_term_string"}}],"inLanguage":"fr-FR"}]}},"_links":{"self":[{"href":"https:\/\/staging.lucky-hunter.com\/fr\/wp-json\/wp\/v2\/product\/51525"}],"collection":[{"href":"https:\/\/staging.lucky-hunter.com\/fr\/wp-json\/wp\/v2\/product"}],"about":[{"href":"https:\/\/staging.lucky-hunter.com\/fr\/wp-json\/wp\/v2\/types\/product"}],"wp:featuredmedia":[{"embeddable":true,"href":"https:\/\/staging.lucky-hunter.com\/fr\/wp-json\/wp\/v2\/media\/54483"}],"wp:attachment":[{"href":"https:\/\/staging.lucky-hunter.com\/fr\/wp-json\/wp\/v2\/media?parent=51525"}],"wp:term":[{"taxonomy":"product_brand","embeddable":true,"href":"https:\/\/staging.lucky-hunter.com\/fr\/wp-json\/wp\/v2\/product_brand?post=51525"},{"taxonomy":"product_cat","embeddable":true,"href":"https:\/\/staging.lucky-hunter.com\/fr\/wp-json\/wp\/v2\/product_cat?post=51525"},{"taxonomy":"product_tag","embeddable":true,"href":"https:\/\/staging.lucky-hunter.com\/fr\/wp-json\/wp\/v2\/product_tag?post=51525"}],"curies":[{"name":"wp","href":"https:\/\/api.w.org\/{rel}","templated":true}]}}