{"id":51524,"date":"2022-09-01T12:54:57","date_gmt":"2022-09-01T10:54:57","guid":{"rendered":"https:\/\/staging.lucky-hunter.com\/product\/banded-calefaction-3-n-1-insulated-wader-jacket-bottomland\/"},"modified":"2022-11-22T15:17:16","modified_gmt":"2022-11-22T14:17:16","slug":"banded-calefaction-3-n-1-insulated-wader-jacket-bottomland","status":"publish","type":"product","link":"https:\/\/staging.lucky-hunter.com\/fr\/product\/banded-calefaction-3-n-1-insulated-wader-jacket-bottomland\/","title":{"rendered":"Veste Wader Isolante Banded Calefaction 3-N-1 &#8211; Bottomland"},"content":{"rendered":"<p><iframe title=\"Banded Calefaction 3in1 WaderJacket\" width=\"1020\" height=\"765\" src=\"https:\/\/www.youtube.com\/embed\/1gmevsDcDyE?wmode=transparent&amp;rel=0&amp;feature=oembed&#038;enablejsapi=1&#038;origin=https:\/\/staging.lucky-hunter.com\" frameborder=\"0\" allow=\"accelerometer; autoplay; clipboard-write; encrypted-media; gyroscope; picture-in-picture\" allowfullscreen><\/iframe><\/p>\n<h4><a href=\"https:\/\/staging.lucky-hunter.com\/wp-content\/uploads\/2022\/08\/Storrelsesguide-Herre-Engelsk.pdf\" target=\"_blank\" rel=\"noopener\"><strong>Voir le guide des tailles ici<\/strong><\/a><\/h4>\n<h2><strong>Avec cette veste wader tout en un, l\u2019objectif est simple : pouvoir tout faire et chasser n\u2019importe o\u00f9<\/strong><\/h2>\n<div>Veste Wader de Banded, avec une doublure amovible et isolante PrimaLoft qui peut aussi se porter s\u00e9par\u00e9ment.<\/div>\n<div><\/div>\n<div>La Veste Wader Calefaction, de Banded, est sp\u00e9cialement con\u00e7ue pour vous tenir chaud.<\/div>\n<div><\/div>\n<div>Pour faire face aux variations m\u00e9t\u00e9orologiques extr\u00eames, il faut de l\u2019\u00e9quipement polyvalent. Les \u00e9l\u00e9ments cl\u00e9s pour la cr\u00e9ation de cet \u00e9quipement polyvalent sont l&#8217;innovation, la performance et les meilleurs mat\u00e9riaux connus de l&#8217;homme.<\/div>\n<div><\/div>\n<div><strong>La Veste :<\/strong><\/div>\n<div>La veste 100 % imperm\u00e9able dispose de la technologie exclusive SHEDS\u2122 \u2013 \u00e0 la fois imperm\u00e9able et respirante \u2013 int\u00e9gr\u00e9e \u00e0 l&#8217;int\u00e9rieur de la confection robuste en tissu GO3-LAYER\u2122. Finition de luxe avec des poches hautes chauffe-mains doubl\u00e9es de polaire, des poches de poitrine zipp\u00e9es et aimant\u00e9es, des poches basses \u00e0 soufflet, des fermetures \u00e9clair \u00e9tanches YKK et une capuche \u00e0 trois r\u00e9glages.<\/div>\n<div><\/div>\n<div><strong>La Doublure :<\/strong><\/div>\n<div>La doublure zipp\u00e9e amovible comporte 100 grammes de PrimaLoft\u00ae (l&#8217;isolant le plus avanc\u00e9 au monde).<\/div>\n<div><\/div>\n<div>3 options de veste pour couvrir n&#8217;importe quel sc\u00e9nario, un seul prix. C&#8217;est \u00e7a la polyvalence !<\/div>\n<div><\/div>\n<div><strong>Caract\u00e9ristiques\u00a0:<\/strong><\/div>\n<ul>\n<li>Veste 100 % imperm\u00e9able et extensible dans les 4 sens, pour un maximum d\u2019agilit\u00e9 et de confort<\/li>\n<li>La confection en tissu GO3-LAYER offre une durabilit\u00e9 in\u00e9galable et des performances sup\u00e9rieures<\/li>\n<li>Technologie imperm\u00e9able et respirante SHEDS\u2122<\/li>\n<li>Doublure isolante amovible comportant 100 g de PrimaLoft\u00ae (mousse d&#8217;Espagne) et pouvant \u00eatre port\u00e9e s\u00e9par\u00e9ment.<\/li>\n<li>Deux poches hautes chauffe-mains doubl\u00e9es de polaire<\/li>\n<li>Une poche de poitrine zipp\u00e9e<\/li>\n<li>Une poche de poitrine aimant\u00e9e<\/li>\n<li>Deux poches basses \u00e0 soufflet avec rabats aimant\u00e9s anti-temp\u00eate<\/li>\n<li>Poignets ajustables en fonction des conditions<\/li>\n<li>Capuche anatomique \u00e0 trois r\u00e9glages pour une protection compl\u00e8te de la t\u00eate<\/li>\n<li>Deux poches zipp\u00e9es pour les mains<\/li>\n<li>Fermetures \u00e9clair \u00e9tanches et r\u00e9sistantes YKK<\/li>\n<\/ul>\n","protected":false},"excerpt":{"rendered":"<div>Avec cette veste wader tout en un, l\u2019objectif est simple : pouvoir tout faire et chasser n\u2019importe o\u00f9\u00a0! La Veste Wader Calefaction, de Banded, est sp\u00e9cialement con\u00e7ue pour vous tenir chaud.<\/div>\n<div><\/div>\n","protected":false},"featured_media":51014,"template":"","meta":[],"product_brand":[8137],"product_cat":[8190],"product_tag":[],"yoast_head":"<!-- This site is optimized with the Yoast SEO plugin v24.3 - https:\/\/yoast.com\/wordpress\/plugins\/seo\/ -->\n<title>Veste Wader Isolante Banded Calefaction 3-N-1 - Bottomland<\/title>\n<meta name=\"description\" content=\"Avec cette veste wader tout en un, l\u2019objectif est simple : pouvoir tout faire et chasser n\u2019importe o\u00f9\u00a0! La Veste Wader Calefaction, de Banded, est sp\u00e9cialement con\u00e7ue pour vous tenir chaud.\" \/>\n<meta name=\"robots\" content=\"noindex, follow, max-snippet:-1, max-image-preview:large, max-video-preview:-1\" \/>\n<meta property=\"og:locale\" content=\"fr_FR\" \/>\n<meta property=\"og:type\" content=\"article\" \/>\n<meta property=\"og:title\" content=\"Veste Wader Isolante Banded Calefaction 3-N-1 - Bottomland\" \/>\n<meta property=\"og:description\" content=\"Avec cette veste wader tout en un, l\u2019objectif est simple : pouvoir tout faire et chasser n\u2019importe o\u00f9\u00a0! La Veste Wader Calefaction, de Banded, est sp\u00e9cialement con\u00e7ue pour vous tenir chaud.\" \/>\n<meta property=\"og:url\" content=\"https:\/\/staging.lucky-hunter.com\/fr\/product\/banded-calefaction-3-n-1-insulated-wader-jacket-bottomland\/\" \/>\n<meta property=\"og:site_name\" content=\"Lucky-Hunter\" \/>\n<meta property=\"article:modified_time\" content=\"2022-11-22T14:17:16+00:00\" \/>\n<meta property=\"og:image\" content=\"https:\/\/staging.lucky-hunter.com\/wp-content\/uploads\/2022\/09\/JB-0244.png\" \/>\n\t<meta property=\"og:image:width\" content=\"1000\" \/>\n\t<meta property=\"og:image:height\" content=\"1000\" \/>\n\t<meta property=\"og:image:type\" content=\"image\/png\" \/>\n<meta name=\"twitter:card\" content=\"summary_large_image\" \/>\n<meta name=\"twitter:label1\" content=\"Dur\u00e9e de lecture estim\u00e9e\" \/>\n\t<meta name=\"twitter:data1\" content=\"1 minute\" \/>\n<script type=\"application\/ld+json\" class=\"yoast-schema-graph\">{\"@context\":\"https:\/\/schema.org\",\"@graph\":[{\"@type\":\"WebPage\",\"@id\":\"https:\/\/staging.lucky-hunter.com\/fr\/product\/banded-calefaction-3-n-1-insulated-wader-jacket-bottomland\/\",\"url\":\"https:\/\/staging.lucky-hunter.com\/fr\/product\/banded-calefaction-3-n-1-insulated-wader-jacket-bottomland\/\",\"name\":\"Veste Wader Isolante Banded Calefaction 3-N-1 - Bottomland\",\"isPartOf\":{\"@id\":\"https:\/\/staging.lucky-hunter.com\/#website\"},\"primaryImageOfPage\":{\"@id\":\"https:\/\/staging.lucky-hunter.com\/fr\/product\/banded-calefaction-3-n-1-insulated-wader-jacket-bottomland\/#primaryimage\"},\"image\":{\"@id\":\"https:\/\/staging.lucky-hunter.com\/fr\/product\/banded-calefaction-3-n-1-insulated-wader-jacket-bottomland\/#primaryimage\"},\"thumbnailUrl\":\"https:\/\/staging.lucky-hunter.com\/wp-content\/uploads\/2022\/09\/JB-0244.png\",\"datePublished\":\"2022-09-01T10:54:57+00:00\",\"dateModified\":\"2022-11-22T14:17:16+00:00\",\"description\":\"Avec cette veste wader tout en un, l\u2019objectif est simple : pouvoir tout faire et chasser n\u2019importe o\u00f9\u00a0! La Veste Wader Calefaction, de Banded, est sp\u00e9cialement con\u00e7ue pour vous tenir chaud.\",\"breadcrumb\":{\"@id\":\"https:\/\/staging.lucky-hunter.com\/fr\/product\/banded-calefaction-3-n-1-insulated-wader-jacket-bottomland\/#breadcrumb\"},\"inLanguage\":\"fr-FR\",\"potentialAction\":[{\"@type\":\"ReadAction\",\"target\":[\"https:\/\/staging.lucky-hunter.com\/fr\/product\/banded-calefaction-3-n-1-insulated-wader-jacket-bottomland\/\"]}]},{\"@type\":\"ImageObject\",\"inLanguage\":\"fr-FR\",\"@id\":\"https:\/\/staging.lucky-hunter.com\/fr\/product\/banded-calefaction-3-n-1-insulated-wader-jacket-bottomland\/#primaryimage\",\"url\":\"https:\/\/staging.lucky-hunter.com\/wp-content\/uploads\/2022\/09\/JB-0244.png\",\"contentUrl\":\"https:\/\/staging.lucky-hunter.com\/wp-content\/uploads\/2022\/09\/JB-0244.png\",\"width\":1000,\"height\":1000},{\"@type\":\"BreadcrumbList\",\"@id\":\"https:\/\/staging.lucky-hunter.com\/fr\/product\/banded-calefaction-3-n-1-insulated-wader-jacket-bottomland\/#breadcrumb\",\"itemListElement\":[{\"@type\":\"ListItem\",\"position\":1,\"name\":\"Home\",\"item\":\"https:\/\/staging.lucky-hunter.com\/fr\/\"},{\"@type\":\"ListItem\",\"position\":2,\"name\":\"Boutique\",\"item\":\"https:\/\/staging.lucky-hunter.com\/fr\/shop\/\"},{\"@type\":\"ListItem\",\"position\":3,\"name\":\"Veste Wader Isolante Banded Calefaction 3-N-1 &#8211; Bottomland\"}]},{\"@type\":\"WebSite\",\"@id\":\"https:\/\/staging.lucky-hunter.com\/#website\",\"url\":\"https:\/\/staging.lucky-hunter.com\/\",\"name\":\"Lucky-Hunter\",\"description\":\"Gear Up or Give Up\",\"potentialAction\":[{\"@type\":\"SearchAction\",\"target\":{\"@type\":\"EntryPoint\",\"urlTemplate\":\"https:\/\/staging.lucky-hunter.com\/?s={search_term_string}\"},\"query-input\":{\"@type\":\"PropertyValueSpecification\",\"valueRequired\":true,\"valueName\":\"search_term_string\"}}],\"inLanguage\":\"fr-FR\"}]}<\/script>\n<!-- \/ Yoast SEO plugin. -->","yoast_head_json":{"title":"Veste Wader Isolante Banded Calefaction 3-N-1 - Bottomland","description":"Avec cette veste wader tout en un, l\u2019objectif est simple : pouvoir tout faire et chasser n\u2019importe o\u00f9\u00a0! La Veste Wader Calefaction, de Banded, est sp\u00e9cialement con\u00e7ue pour vous tenir chaud.","robots":{"index":"noindex","follow":"follow","max-snippet":"max-snippet:-1","max-image-preview":"max-image-preview:large","max-video-preview":"max-video-preview:-1"},"og_locale":"fr_FR","og_type":"article","og_title":"Veste Wader Isolante Banded Calefaction 3-N-1 - Bottomland","og_description":"Avec cette veste wader tout en un, l\u2019objectif est simple : pouvoir tout faire et chasser n\u2019importe o\u00f9\u00a0! La Veste Wader Calefaction, de Banded, est sp\u00e9cialement con\u00e7ue pour vous tenir chaud.","og_url":"https:\/\/staging.lucky-hunter.com\/fr\/product\/banded-calefaction-3-n-1-insulated-wader-jacket-bottomland\/","og_site_name":"Lucky-Hunter","article_modified_time":"2022-11-22T14:17:16+00:00","og_image":[{"width":1000,"height":1000,"url":"https:\/\/staging.lucky-hunter.com\/wp-content\/uploads\/2022\/09\/JB-0244.png","type":"image\/png"}],"twitter_card":"summary_large_image","twitter_misc":{"Dur\u00e9e de lecture estim\u00e9e":"1 minute"},"schema":{"@context":"https:\/\/schema.org","@graph":[{"@type":"WebPage","@id":"https:\/\/staging.lucky-hunter.com\/fr\/product\/banded-calefaction-3-n-1-insulated-wader-jacket-bottomland\/","url":"https:\/\/staging.lucky-hunter.com\/fr\/product\/banded-calefaction-3-n-1-insulated-wader-jacket-bottomland\/","name":"Veste Wader Isolante Banded Calefaction 3-N-1 - Bottomland","isPartOf":{"@id":"https:\/\/staging.lucky-hunter.com\/#website"},"primaryImageOfPage":{"@id":"https:\/\/staging.lucky-hunter.com\/fr\/product\/banded-calefaction-3-n-1-insulated-wader-jacket-bottomland\/#primaryimage"},"image":{"@id":"https:\/\/staging.lucky-hunter.com\/fr\/product\/banded-calefaction-3-n-1-insulated-wader-jacket-bottomland\/#primaryimage"},"thumbnailUrl":"https:\/\/staging.lucky-hunter.com\/wp-content\/uploads\/2022\/09\/JB-0244.png","datePublished":"2022-09-01T10:54:57+00:00","dateModified":"2022-11-22T14:17:16+00:00","description":"Avec cette veste wader tout en un, l\u2019objectif est simple : pouvoir tout faire et chasser n\u2019importe o\u00f9\u00a0! La Veste Wader Calefaction, de Banded, est sp\u00e9cialement con\u00e7ue pour vous tenir chaud.","breadcrumb":{"@id":"https:\/\/staging.lucky-hunter.com\/fr\/product\/banded-calefaction-3-n-1-insulated-wader-jacket-bottomland\/#breadcrumb"},"inLanguage":"fr-FR","potentialAction":[{"@type":"ReadAction","target":["https:\/\/staging.lucky-hunter.com\/fr\/product\/banded-calefaction-3-n-1-insulated-wader-jacket-bottomland\/"]}]},{"@type":"ImageObject","inLanguage":"fr-FR","@id":"https:\/\/staging.lucky-hunter.com\/fr\/product\/banded-calefaction-3-n-1-insulated-wader-jacket-bottomland\/#primaryimage","url":"https:\/\/staging.lucky-hunter.com\/wp-content\/uploads\/2022\/09\/JB-0244.png","contentUrl":"https:\/\/staging.lucky-hunter.com\/wp-content\/uploads\/2022\/09\/JB-0244.png","width":1000,"height":1000},{"@type":"BreadcrumbList","@id":"https:\/\/staging.lucky-hunter.com\/fr\/product\/banded-calefaction-3-n-1-insulated-wader-jacket-bottomland\/#breadcrumb","itemListElement":[{"@type":"ListItem","position":1,"name":"Home","item":"https:\/\/staging.lucky-hunter.com\/fr\/"},{"@type":"ListItem","position":2,"name":"Boutique","item":"https:\/\/staging.lucky-hunter.com\/fr\/shop\/"},{"@type":"ListItem","position":3,"name":"Veste Wader Isolante Banded Calefaction 3-N-1 &#8211; Bottomland"}]},{"@type":"WebSite","@id":"https:\/\/staging.lucky-hunter.com\/#website","url":"https:\/\/staging.lucky-hunter.com\/","name":"Lucky-Hunter","description":"Gear Up or Give Up","potentialAction":[{"@type":"SearchAction","target":{"@type":"EntryPoint","urlTemplate":"https:\/\/staging.lucky-hunter.com\/?s={search_term_string}"},"query-input":{"@type":"PropertyValueSpecification","valueRequired":true,"valueName":"search_term_string"}}],"inLanguage":"fr-FR"}]}},"_links":{"self":[{"href":"https:\/\/staging.lucky-hunter.com\/fr\/wp-json\/wp\/v2\/product\/51524"}],"collection":[{"href":"https:\/\/staging.lucky-hunter.com\/fr\/wp-json\/wp\/v2\/product"}],"about":[{"href":"https:\/\/staging.lucky-hunter.com\/fr\/wp-json\/wp\/v2\/types\/product"}],"wp:featuredmedia":[{"embeddable":true,"href":"https:\/\/staging.lucky-hunter.com\/fr\/wp-json\/wp\/v2\/media\/51014"}],"wp:attachment":[{"href":"https:\/\/staging.lucky-hunter.com\/fr\/wp-json\/wp\/v2\/media?parent=51524"}],"wp:term":[{"taxonomy":"product_brand","embeddable":true,"href":"https:\/\/staging.lucky-hunter.com\/fr\/wp-json\/wp\/v2\/product_brand?post=51524"},{"taxonomy":"product_cat","embeddable":true,"href":"https:\/\/staging.lucky-hunter.com\/fr\/wp-json\/wp\/v2\/product_cat?post=51524"},{"taxonomy":"product_tag","embeddable":true,"href":"https:\/\/staging.lucky-hunter.com\/fr\/wp-json\/wp\/v2\/product_tag?post=51524"}],"curies":[{"name":"wp","href":"https:\/\/api.w.org\/{rel}","templated":true}]}}